{"id":9209,"date":"2025-09-13T06:21:09","date_gmt":"2025-09-13T06:21:09","guid":{"rendered":"https:\/\/wxnuohui.com\/product\/enyen-summer-spring-casual-bodycon-plaid-print-playsuit-women-slip-one-piece-sleeveless-square-collar-sexy-jumpsuit-for-women\/"},"modified":"2025-09-13T06:21:09","modified_gmt":"2025-09-13T06:21:09","slug":"enyen-summer-spring-casual-bodycon-plaid-print-playsuit-women-slip-one-piece-sleeveless-square-collar-sexy-jumpsuit-for-women","status":"publish","type":"product","link":"https:\/\/wxnuohui.com\/sl\/product\/enyen-summer-spring-casual-bodycon-plaid-print-playsuit-women-slip-one-piece-sleeveless-square-collar-sexy-jumpsuit-for-women\/","title":{"rendered":"Enyen Poletje spomladi prilo\u017enostni Bodycon karirast tisk Playsuit \u017eenske Slip enodelno brez rokavov kvadratni ovratnik Sexy Jumpsuit za \u017eenske"},"content":{"rendered":"<p>Tip kroja: Redni<br \/>\nSlog: Prilo\u017enostno<br \/>\nSezona: poletje<br \/>\nOvratnik: O-Neck<br \/>\nMaterial: Spandex \/ poliester<br \/>\nMetode tiskanja: sitotisk<br \/>\nVrsta:joga kombinezon<br \/>\nPrilo\u017enost: ClubWear<br \/>\nDol\u017eina rokava (cm): brez rokavov<br \/>\nPasna linija: visok pas<br \/>\nZaznavanje igle: Da<br \/>\nVrsta dobave: Oem storitev<br \/>\nZna\u010dilnosti: Anti-Pilling, dihanje, okolju prijazno<br \/>\nVzorec: tiskanje<br \/>\nMetoda tkanja: pletena<br \/>\nSpol: \u017eenske<br \/>\nDol\u017eina: Midi<br \/>\nTehnike: natisnjene<br \/>\nOkras: stranski trak, natisnjen<br \/>\nVrsta tkanine: poliester<br \/>\nTe\u017ea tkanine: 260 gramov<br \/>\nSlog rokavov: ne<br \/>\nKraj izvora: Jiangsu, Kitajska<br \/>\n\u0160tevilka modela:Jumpsuit za \u017eenske-664289389257<br \/>\nIme blagovne znamke: NH-669831915287<br \/>\nProdajne enote: en kos<br \/>\nVelikost posameznega paketa: 18X13X14 cm<br \/>\nEnotna bruto te\u017ea: 0,400 kg<\/p>\n<p><img decoding=\"async\" class=\"alignnone size-full\" src=\"http:\/\/wxnuohui.com\/wp-content\/uploads\/2025\/09\/detail_pic_0-138.jpg\" width=\"790\" alt=\"\"\/><\/p>\n<p><img decoding=\"async\" class=\"alignnone size-full\" src=\"http:\/\/wxnuohui.com\/wp-content\/uploads\/2025\/09\/detail_pic_1-157.jpg\" width=\"790\" alt=\"\"\/><\/p>\n<p><img decoding=\"async\" class=\"alignnone size-full\" src=\"http:\/\/wxnuohui.com\/wp-content\/uploads\/2025\/09\/detail_pic_2-163.jpg\" width=\"790\" alt=\"\"\/><\/p>\n<p><img decoding=\"async\" class=\"alignnone size-full\" src=\"http:\/\/wxnuohui.com\/wp-content\/uploads\/2025\/09\/detail_pic_3-198.jpg\" width=\"790\" alt=\"\"\/><\/p>\n<p><img decoding=\"async\" class=\"alignnone size-full\" src=\"http:\/\/wxnuohui.com\/wp-content\/uploads\/2025\/09\/detail_pic_4-189.jpg\" width=\"790\" alt=\"\"\/><\/p>\n<p><img decoding=\"async\" class=\"alignnone size-full\" src=\"http:\/\/wxnuohui.com\/wp-content\/uploads\/2025\/09\/detail_pic_5-232.jpg\" width=\"790\" alt=\"\"\/><\/p>\n<p><img decoding=\"async\" class=\"alignnone size-full\" src=\"http:\/\/wxnuohui.com\/wp-content\/uploads\/2025\/09\/detail_pic_6-154.jpg\" width=\"790\" alt=\"\"\/><\/p>\n<p><img decoding=\"async\" class=\"alignnone size-full\" src=\"http:\/\/wxnuohui.com\/wp-content\/uploads\/2025\/09\/detail_pic_7-124.jpg\" width=\"790\" alt=\"\"\/><\/p>\n<p><img decoding=\"async\" class=\"alignnone size-full\" src=\"http:\/\/wxnuohui.com\/wp-content\/uploads\/2025\/09\/detail_pic_8-136.jpg\" width=\"790\" alt=\"\"\/><\/p>\n<p><img decoding=\"async\" class=\"alignnone size-full\" src=\"http:\/\/wxnuohui.com\/wp-content\/uploads\/2025\/09\/detail_pic_9-105.png\" width=\"790\" alt=\"\"\/><\/p>\n<p><img decoding=\"async\" class=\"alignnone size-full\" src=\"http:\/\/wxnuohui.com\/wp-content\/uploads\/2025\/09\/detail_pic_10-259.jpg\" width=\"790\" alt=\"\"\/><\/p>\n<p><img decoding=\"async\" class=\"alignnone size-full\" src=\"http:\/\/wxnuohui.com\/wp-content\/uploads\/2025\/09\/detail_pic_11-254.jpg\" width=\"790\" alt=\"\"\/><\/p>\n<p><img decoding=\"async\" class=\"alignnone size-full\" src=\"http:\/\/wxnuohui.com\/wp-content\/uploads\/2025\/09\/detail_pic_12-252.jpg\" width=\"790\" alt=\"\"\/><\/p>\n<p><img decoding=\"async\" class=\"alignnone size-full\" src=\"http:\/\/wxnuohui.com\/wp-content\/uploads\/2025\/09\/detail_pic_13-239.jpg\" width=\"790\" alt=\"\"\/><\/p>\n<p><img decoding=\"async\" class=\"alignnone size-full\" src=\"http:\/\/wxnuohui.com\/wp-content\/uploads\/2025\/09\/detail_pic_14-69.png\" width=\"790\" alt=\"\"\/><\/p>\n<p><img decoding=\"async\" class=\"alignnone size-full\" src=\"http:\/\/wxnuohui.com\/wp-content\/uploads\/2025\/09\/detail_pic_15-242.jpg\" width=\"790\" alt=\"\"\/><\/p>\n<p><img decoding=\"async\" class=\"alignnone size-full\" src=\"http:\/\/wxnuohui.com\/wp-content\/uploads\/2025\/09\/detail_pic_16-195.jpg\" width=\"790\" alt=\"\"\/><\/p>\n<p><img decoding=\"async\" class=\"alignnone size-full\" src=\"http:\/\/wxnuohui.com\/wp-content\/uploads\/2025\/09\/detail_pic_17-194.jpg\" width=\"790\" alt=\"\"\/><\/p>","protected":false},"excerpt":{"rendered":"<p>Enyen Poletje spomladi prilo\u017enostni Bodycon karirast tisk Playsuit \u017eenske Slip enodelno brez rokavov kvadratni ovratnik Sexy Jumpsuit za \u017eenske<\/p>","protected":false},"featured_media":8689,"template":"","meta":[],"product_brand":[],"product_cat":[22],"product_tag":[],"class_list":{"0":"post-9209","1":"product","2":"type-product","3":"status-publish","4":"has-post-thumbnail","6":"product_cat-women-set","8":"first","9":"outofstock","10":"shipping-taxable","11":"product-type-variable"},"_links":{"self":[{"href":"https:\/\/wxnuohui.com\/sl\/wp-json\/wp\/v2\/product\/9209","targetHints":{"allow":["GET"]}}],"collection":[{"href":"https:\/\/wxnuohui.com\/sl\/wp-json\/wp\/v2\/product"}],"about":[{"href":"https:\/\/wxnuohui.com\/sl\/wp-json\/wp\/v2\/types\/product"}],"wp:featuredmedia":[{"embeddable":true,"href":"https:\/\/wxnuohui.com\/sl\/wp-json\/wp\/v2\/media\/8689"}],"wp:attachment":[{"href":"https:\/\/wxnuohui.com\/sl\/wp-json\/wp\/v2\/media?parent=9209"}],"wp:term":[{"taxonomy":"product_brand","embeddable":true,"href":"https:\/\/wxnuohui.com\/sl\/wp-json\/wp\/v2\/product_brand?post=9209"},{"taxonomy":"product_cat","embeddable":true,"href":"https:\/\/wxnuohui.com\/sl\/wp-json\/wp\/v2\/product_cat?post=9209"},{"taxonomy":"product_tag","embeddable":true,"href":"https:\/\/wxnuohui.com\/sl\/wp-json\/wp\/v2\/product_tag?post=9209"}],"curies":[{"name":"wp","href":"https:\/\/api.w.org\/{rel}","templated":true}]}}