{"id":9182,"date":"2025-09-13T06:20:52","date_gmt":"2025-09-13T06:20:52","guid":{"rendered":"https:\/\/wxnuohui.com\/product\/wholesale-high-quality-no-string-fashion-women-hoodie-and-jogging-pants-set-for-women\/"},"modified":"2025-09-13T06:20:53","modified_gmt":"2025-09-13T06:20:53","slug":"wholesale-high-quality-no-string-fashion-women-hoodie-and-jogging-pants-set-for-women","status":"publish","type":"product","link":"https:\/\/wxnuohui.com\/sl\/product\/wholesale-high-quality-no-string-fashion-women-hoodie-and-jogging-pants-set-for-women\/","title":{"rendered":"Trgovina na debelo visoke kakovosti brez vrvice moda \u017eenske Hoodie in Jogging hla\u010de Set za \u017eenske"},"content":{"rendered":"<p>Vrsta tkanine: Jersey<br \/>\nMaterial: 351TP3Bomba\u017e\/65%poliester<br \/>\nTe\u017ea tkanine: 280 gramov<br \/>\nVrsta vzorca: Solid<br \/>\nDol\u017eina rokava: polno<br \/>\nOvratnik: s kapuco<br \/>\nSlog: Prilo\u017enostno<br \/>\nOblikovanje: brez podloge<br \/>\nSezona: Jesen<br \/>\nSlog rokavov: Redno<br \/>\nDol\u017eina obla\u010dil: Redna<br \/>\nZna\u010dilnosti: proti gubam, hitro suho, proti polzenju, dihanje, okolju prijazno<br \/>\nSpol: \u017eenske<br \/>\nPolo\u017eaj logotipa: spredaj, zadaj, levi rokav, desni rokav, zadnji vrat<br \/>\nLogotip\/grafi\u010dno oblikovanje: sitotisk, digitalno tiskanje, tiskanje s toplotnim prenosom, vezenje, tiskanje s puhom<br \/>\nDekoracija: \u017eepi<br \/>\nVrsta dobave: Oem storitev<br \/>\n7 dni \u010dasa za izvedbo naro\u010dila vzorca: Podpora<br \/>\nTehnike: drugo, navadno obarvano<br \/>\nMetoda tkanja: pletena<br \/>\n\u0160tevilka modela: Hoodie Set za \u017eenske<br \/>\nKraj izvora: Jiangsu, Kitajska<br \/>\nIme blagovne znamke: NH-656207400914<br \/>\nTe\u017ea tkanine: 280 gramov<br \/>\nIme izdelka:Jogger obrezane jopice s kapuco kompleti<br \/>\nKlju\u010dne besede:\u017eenske Hoodies kompleti<br \/>\nStoritev: 24 ur na spletu<br \/>\nPla\u010dilo: zagotovilo o trgovini<br \/>\nTiskanje: tiskanje po meri<br \/>\nVzorec: 3-5 dni<br \/>\nPakiranje: 1pc\/polybag<br \/>\n\u010cas dostave: 7 ~ 15 dni<br \/>\nOznaka in logotip: Accpet po meri<br \/>\nDostava: DHLEMSUPSFEDEXs Seaby Air<br \/>\nProdajne enote: en kos<br \/>\nVelikost posameznega paketa: 26X15X18 cm<br \/>\nEnotna bruto te\u017ea: 0,800 kg<\/p>\n<p><img decoding=\"async\" class=\"alignnone size-full\" src=\"http:\/\/wxnuohui.com\/wp-content\/uploads\/2025\/09\/detail_pic_0-112.jpg\" width=\"790\" alt=\"\"\/><\/p>\n<p><img decoding=\"async\" class=\"alignnone size-full\" src=\"http:\/\/wxnuohui.com\/wp-content\/uploads\/2025\/09\/detail_pic_1-132.jpg\" width=\"790\" alt=\"\"\/><\/p>\n<p><img decoding=\"async\" class=\"alignnone size-full\" src=\"http:\/\/wxnuohui.com\/wp-content\/uploads\/2025\/09\/detail_pic_2-138.jpg\" width=\"790\" alt=\"\"\/><\/p>\n<p><img decoding=\"async\" class=\"alignnone size-full\" src=\"http:\/\/wxnuohui.com\/wp-content\/uploads\/2025\/09\/detail_pic_3-173.jpg\" width=\"790\" alt=\"\"\/><\/p>\n<p><img decoding=\"async\" class=\"alignnone size-full\" src=\"http:\/\/wxnuohui.com\/wp-content\/uploads\/2025\/09\/detail_pic_4-164.jpg\" width=\"790\" alt=\"\"\/><\/p>\n<p><img decoding=\"async\" class=\"alignnone size-full\" src=\"http:\/\/wxnuohui.com\/wp-content\/uploads\/2025\/09\/detail_pic_5-206.jpg\" width=\"790\" alt=\"\"\/><\/p>\n<p><img decoding=\"async\" class=\"alignnone size-full\" src=\"http:\/\/wxnuohui.com\/wp-content\/uploads\/2025\/09\/detail_pic_6-96.png\" width=\"790\" alt=\"\"\/><\/p>\n<p><img decoding=\"async\" class=\"alignnone size-full\" src=\"http:\/\/wxnuohui.com\/wp-content\/uploads\/2025\/09\/detail_pic_7-123.png\" width=\"790\" alt=\"\"\/><\/p>\n<p><img decoding=\"async\" class=\"alignnone size-full\" src=\"http:\/\/wxnuohui.com\/wp-content\/uploads\/2025\/09\/detail_pic_8-105.png\" width=\"790\" alt=\"\"\/><\/p>\n<p><img decoding=\"async\" class=\"alignnone size-full\" src=\"http:\/\/wxnuohui.com\/wp-content\/uploads\/2025\/09\/detail_pic_9-146.jpg\" width=\"790\" alt=\"\"\/><\/p>\n<p><img decoding=\"async\" class=\"alignnone size-full\" src=\"http:\/\/wxnuohui.com\/wp-content\/uploads\/2025\/09\/detail_pic_10-232.jpg\" width=\"790\" alt=\"\"\/><\/p>\n<p><img decoding=\"async\" class=\"alignnone size-full\" src=\"http:\/\/wxnuohui.com\/wp-content\/uploads\/2025\/09\/detail_pic_11-227.jpg\" width=\"790\" alt=\"\"\/><\/p>\n<p><img decoding=\"async\" class=\"alignnone size-full\" src=\"http:\/\/wxnuohui.com\/wp-content\/uploads\/2025\/09\/detail_pic_12-225.jpg\" width=\"790\" alt=\"\"\/><\/p>\n<p><img decoding=\"async\" class=\"alignnone size-full\" src=\"http:\/\/wxnuohui.com\/wp-content\/uploads\/2025\/09\/detail_pic_13-10.png\" width=\"790\" alt=\"\"\/><\/p>\n<p><img decoding=\"async\" class=\"alignnone size-full\" src=\"http:\/\/wxnuohui.com\/wp-content\/uploads\/2025\/09\/detail_pic_14-177.jpg\" width=\"790\" alt=\"\"\/><\/p>\n<p><img decoding=\"async\" class=\"alignnone size-full\" src=\"http:\/\/wxnuohui.com\/wp-content\/uploads\/2025\/09\/detail_pic_15-216.jpg\" width=\"790\" alt=\"\"\/><\/p>\n<p><img decoding=\"async\" class=\"alignnone size-full\" src=\"http:\/\/wxnuohui.com\/wp-content\/uploads\/2025\/09\/detail_pic_16-169.jpg\" width=\"790\" alt=\"\"\/><\/p>","protected":false},"excerpt":{"rendered":"<p>Trgovina na debelo visoke kakovosti brez vrvice moda \u017eenske Hoodie in Jogging hla\u010de Set za \u017eenske<\/p>","protected":false},"featured_media":8027,"template":"","meta":[],"product_brand":[],"product_cat":[22],"product_tag":[],"class_list":{"0":"post-9182","1":"product","2":"type-product","3":"status-publish","4":"has-post-thumbnail","6":"product_cat-women-set","8":"first","9":"outofstock","10":"shipping-taxable","11":"product-type-variable"},"_links":{"self":[{"href":"https:\/\/wxnuohui.com\/sl\/wp-json\/wp\/v2\/product\/9182","targetHints":{"allow":["GET"]}}],"collection":[{"href":"https:\/\/wxnuohui.com\/sl\/wp-json\/wp\/v2\/product"}],"about":[{"href":"https:\/\/wxnuohui.com\/sl\/wp-json\/wp\/v2\/types\/product"}],"wp:featuredmedia":[{"embeddable":true,"href":"https:\/\/wxnuohui.com\/sl\/wp-json\/wp\/v2\/media\/8027"}],"wp:attachment":[{"href":"https:\/\/wxnuohui.com\/sl\/wp-json\/wp\/v2\/media?parent=9182"}],"wp:term":[{"taxonomy":"product_brand","embeddable":true,"href":"https:\/\/wxnuohui.com\/sl\/wp-json\/wp\/v2\/product_brand?post=9182"},{"taxonomy":"product_cat","embeddable":true,"href":"https:\/\/wxnuohui.com\/sl\/wp-json\/wp\/v2\/product_cat?post=9182"},{"taxonomy":"product_tag","embeddable":true,"href":"https:\/\/wxnuohui.com\/sl\/wp-json\/wp\/v2\/product_tag?post=9182"}],"curies":[{"name":"wp","href":"https:\/\/api.w.org\/{rel}","templated":true}]}}