{"id":9169,"date":"2025-09-13T06:20:38","date_gmt":"2025-09-13T06:20:38","guid":{"rendered":"https:\/\/wxnuohui.com\/product\/thick-fleece-2-piece-women-fall-winter-clothes-jogging-sweatpants-suit-cardigan-hoodie-women-sweatsuit-set-tracksuit-jogger-set\/"},"modified":"2025-09-13T06:20:38","modified_gmt":"2025-09-13T06:20:38","slug":"thick-fleece-2-piece-women-fall-winter-clothes-jogging-sweatpants-suit-cardigan-hoodie-women-sweatsuit-set-tracksuit-jogger-set","status":"publish","type":"product","link":"https:\/\/wxnuohui.com\/sl\/product\/thick-fleece-2-piece-women-fall-winter-clothes-jogging-sweatpants-suit-cardigan-hoodie-women-sweatsuit-set-tracksuit-jogger-set\/","title":{"rendered":"Debela flis 2 kosa \u017eenske padec zimska obla\u010dila Jogging Sweatpants obleko Cardigan Hoodie \u017eenske Sweatsuit Set Tracksuit Jogger Set"},"content":{"rendered":"<p>Spol: \u017eenske<br \/>\nSezona: Jesen<br \/>\nDekoracija: ni<br \/>\nVrsta tkanine: pletenje<br \/>\nMaterial: Poliester \/ bomba\u017e<br \/>\nVrsta: 2 kosa dolgega kompleta<br \/>\nVrhovi Dol\u017eina: Regular<br \/>\nMetode tiskanja: ni<br \/>\nVrsta vzorca: Solid<br \/>\nDol\u017eina rokava: polno<br \/>\nVrsta vrha: Top<br \/>\n7 dni \u010dasa za izvedbo naro\u010dila vzorca: Podpora<br \/>\nZna\u010dilnost: dihanje, okolju prijazno<br \/>\nDol\u017eina: nad kolenom<br \/>\nVrsta dobave: Oem storitev<br \/>\nTip kroja: Redni<br \/>\nTehnike: navadno obarvane<br \/>\nMetoda tkanja: pletena<br \/>\nOvratnik: O-Neck<br \/>\nSlog: Prilo\u017enostno<br \/>\nTe\u017ea tkanine: 280 gramov<br \/>\nZaznavanje igle: Da<br \/>\n\u0160tevilka modela: Tracksuit Jogger Set<br \/>\nKraj izvora: Jiangsu, Kitajska<br \/>\nIme blagovne znamke: NH<br \/>\nProdajne enote: en kos<br \/>\nVelikost posameznega paketa: 23X13X16 cm<br \/>\nEnotna bruto te\u017ea: 0,800 kg<\/p>\n<p><img decoding=\"async\" class=\"alignnone size-full\" src=\"http:\/\/wxnuohui.com\/wp-content\/uploads\/2025\/09\/detail_pic_0-112.png\" width=\"790\" alt=\"\"\/><\/p>\n<p><img decoding=\"async\" class=\"alignnone size-full\" src=\"http:\/\/wxnuohui.com\/wp-content\/uploads\/2025\/09\/detail_pic_1-123.jpg\" width=\"790\" alt=\"\"\/><\/p>\n<p><img decoding=\"async\" class=\"alignnone size-full\" src=\"http:\/\/wxnuohui.com\/wp-content\/uploads\/2025\/09\/detail_pic_2-129.jpg\" width=\"790\" alt=\"\"\/><\/p>\n<p><img decoding=\"async\" class=\"alignnone size-full\" src=\"http:\/\/wxnuohui.com\/wp-content\/uploads\/2025\/09\/detail_pic_3-164.jpg\" width=\"790\" alt=\"\"\/><\/p>\n<p><img decoding=\"async\" class=\"alignnone size-full\" src=\"http:\/\/wxnuohui.com\/wp-content\/uploads\/2025\/09\/detail_pic_4-155.jpg\" width=\"790\" alt=\"\"\/><\/p>\n<p><img decoding=\"async\" class=\"alignnone size-full\" src=\"http:\/\/wxnuohui.com\/wp-content\/uploads\/2025\/09\/detail_pic_5-198.jpg\" width=\"790\" alt=\"\"\/><\/p>\n<p><img decoding=\"async\" class=\"alignnone size-full\" src=\"http:\/\/wxnuohui.com\/wp-content\/uploads\/2025\/09\/detail_pic_6-93.png\" width=\"790\" alt=\"\"\/><\/p>\n<p><img decoding=\"async\" class=\"alignnone size-full\" src=\"http:\/\/wxnuohui.com\/wp-content\/uploads\/2025\/09\/detail_pic_7-114.png\" width=\"790\" alt=\"\"\/><\/p>\n<p><img decoding=\"async\" class=\"alignnone size-full\" src=\"http:\/\/wxnuohui.com\/wp-content\/uploads\/2025\/09\/detail_pic_8-97.png\" width=\"790\" alt=\"\"\/><\/p>\n<p><img decoding=\"async\" class=\"alignnone size-full\" src=\"http:\/\/wxnuohui.com\/wp-content\/uploads\/2025\/09\/detail_pic_9-144.jpg\" width=\"790\" alt=\"\"\/><\/p>\n<p><img decoding=\"async\" class=\"alignnone size-full\" src=\"http:\/\/wxnuohui.com\/wp-content\/uploads\/2025\/09\/detail_pic_10-222.jpg\" width=\"790\" alt=\"\"\/><\/p>\n<p><img decoding=\"async\" class=\"alignnone size-full\" src=\"http:\/\/wxnuohui.com\/wp-content\/uploads\/2025\/09\/detail_pic_11-217.jpg\" width=\"790\" alt=\"\"\/><\/p>\n<p><img decoding=\"async\" class=\"alignnone size-full\" src=\"http:\/\/wxnuohui.com\/wp-content\/uploads\/2025\/09\/detail_pic_12-216.jpg\" width=\"790\" alt=\"\"\/><\/p>\n<p><img decoding=\"async\" class=\"alignnone size-full\" src=\"http:\/\/wxnuohui.com\/wp-content\/uploads\/2025\/09\/detail_pic_13-9.png\" width=\"790\" alt=\"\"\/><\/p>\n<p><img decoding=\"async\" class=\"alignnone size-full\" src=\"http:\/\/wxnuohui.com\/wp-content\/uploads\/2025\/09\/detail_pic_14-175.jpg\" width=\"790\" alt=\"\"\/><\/p>\n<p><img decoding=\"async\" class=\"alignnone size-full\" src=\"http:\/\/wxnuohui.com\/wp-content\/uploads\/2025\/09\/detail_pic_15-206.jpg\" width=\"790\" alt=\"\"\/><\/p>\n<p><img decoding=\"async\" class=\"alignnone size-full\" src=\"http:\/\/wxnuohui.com\/wp-content\/uploads\/2025\/09\/detail_pic_16-160.jpg\" width=\"790\" alt=\"\"\/><\/p>","protected":false},"excerpt":{"rendered":"<p>Debela flis 2 kosa \u017eenske padec zimska obla\u010dila Jogging Sweatpants obleko Cardigan Hoodie \u017eenske Sweatsuit Set Tracksuit Jogger Set<\/p>","protected":false},"featured_media":7780,"template":"","meta":[],"product_brand":[],"product_cat":[22],"product_tag":[],"class_list":{"0":"post-9169","1":"product","2":"type-product","3":"status-publish","4":"has-post-thumbnail","6":"product_cat-women-set","8":"first","9":"outofstock","10":"shipping-taxable","11":"product-type-variable"},"_links":{"self":[{"href":"https:\/\/wxnuohui.com\/sl\/wp-json\/wp\/v2\/product\/9169","targetHints":{"allow":["GET"]}}],"collection":[{"href":"https:\/\/wxnuohui.com\/sl\/wp-json\/wp\/v2\/product"}],"about":[{"href":"https:\/\/wxnuohui.com\/sl\/wp-json\/wp\/v2\/types\/product"}],"wp:featuredmedia":[{"embeddable":true,"href":"https:\/\/wxnuohui.com\/sl\/wp-json\/wp\/v2\/media\/7780"}],"wp:attachment":[{"href":"https:\/\/wxnuohui.com\/sl\/wp-json\/wp\/v2\/media?parent=9169"}],"wp:term":[{"taxonomy":"product_brand","embeddable":true,"href":"https:\/\/wxnuohui.com\/sl\/wp-json\/wp\/v2\/product_brand?post=9169"},{"taxonomy":"product_cat","embeddable":true,"href":"https:\/\/wxnuohui.com\/sl\/wp-json\/wp\/v2\/product_cat?post=9169"},{"taxonomy":"product_tag","embeddable":true,"href":"https:\/\/wxnuohui.com\/sl\/wp-json\/wp\/v2\/product_tag?post=9169"}],"curies":[{"name":"wp","href":"https:\/\/api.w.org\/{rel}","templated":true}]}}