{"id":9167,"date":"2025-09-13T06:20:36","date_gmt":"2025-09-13T06:20:36","guid":{"rendered":"https:\/\/wxnuohui.com\/product\/sexy-lace-sleeveless-v-neck-satin-sling-vest-top-and-shorts-sleepwear-nightwear-two-piece-pajama-sets-for-women\/"},"modified":"2025-09-13T06:20:37","modified_gmt":"2025-09-13T06:20:37","slug":"sexy-lace-sleeveless-v-neck-satin-sling-vest-top-and-shorts-sleepwear-nightwear-two-piece-pajama-sets-for-women","status":"publish","type":"product","link":"https:\/\/wxnuohui.com\/sl\/product\/sexy-lace-sleeveless-v-neck-satin-sling-vest-top-and-shorts-sleepwear-nightwear-two-piece-pajama-sets-for-women\/","title":{"rendered":"Seksi \u010dipke brez rokavov V-Neck Saten Sling Vest Top in kratke hla\u010de Sleepwear Nightwear dva kosa pi\u017eama kompleti za \u017eenske"},"content":{"rendered":"<p>Material: 100% poliester<br \/>\nVrsta tkanine: poliester<br \/>\nVrsta izdelka: pi\u017eama<br \/>\nIzrez: O-vrat<br \/>\nVzorec: Solid<br \/>\nSezona: poletje, pomlad, jesen<br \/>\nDol\u017eina: kratke hla\u010de<br \/>\nVrsta zaprtja: vrvica<br \/>\nZna\u010dilnost: dihanje, hitro suho, toplotno<br \/>\nMetoda tkanja: pletena<br \/>\nTehnika: natisnjena<br \/>\nVrsta dobave: ODM, Oem storitev, v zalogi predmetov<br \/>\nDol\u017eina rokava: brez rokavov<br \/>\n\u0160tevilka modela: zimska topla pi\u017eama<br \/>\n7 dni \u010dasa za izvedbo naro\u010dila vzorca: Podpora<br \/>\nSpol: \u017eenske<br \/>\nKraj izvora: Jiangsu, Kitajska<br \/>\nIme blagovne znamke: NH<br \/>\nIme izdelka: No\u010dna obla\u010dila No\u010dna obla\u010dila dva kosa<br \/>\nKlju\u010dne besede:Pi\u017eama za \u017eenske<br \/>\nStoritev: 24 ur na spletu<br \/>\nPla\u010dilo: zagotovilo o trgovini<br \/>\nTiskanje: tiskanje po meri<br \/>\nVzorec: 3-5 dni<br \/>\nPakiranje: 1pc\/polybag<br \/>\n\u010cas dostave: 7 ~ 15 dni<br \/>\nOznaka in logotip: Accpet po meri<br \/>\nDostava: DHLEMSUPSFEDEXs Seaby Air<br \/>\nPodrobnosti o pakiranju: 1.Za vzorec, ena kosa na poli vre\u010dko. 2.Za mno\u017ei\u010dno proizvodnjo je na\u0161a redna embala\u017ea karton. 3.<br \/>\nProdajne enote: en kos<br \/>\nVelikost posameznega paketa: 18X13X14 cm<br \/>\nEnotna bruto te\u017ea: 0,400 kg<br \/>\nPrimeri pakiranja:<\/p>\n<p><img decoding=\"async\" class=\"alignnone size-full\" src=\"http:\/\/wxnuohui.com\/wp-content\/uploads\/2025\/09\/detail_pic_0-105.jpg\" width=\"790\" alt=\"\"\/><\/p>\n<p><img decoding=\"async\" class=\"alignnone size-full\" src=\"http:\/\/wxnuohui.com\/wp-content\/uploads\/2025\/09\/detail_pic_1-121.jpg\" width=\"790\" alt=\"\"\/><\/p>\n<p><img decoding=\"async\" class=\"alignnone size-full\" src=\"http:\/\/wxnuohui.com\/wp-content\/uploads\/2025\/09\/detail_pic_2-127.jpg\" width=\"790\" alt=\"\"\/><\/p>\n<p><img decoding=\"async\" class=\"alignnone size-full\" src=\"http:\/\/wxnuohui.com\/wp-content\/uploads\/2025\/09\/detail_pic_3-162.jpg\" width=\"790\" alt=\"\"\/><\/p>\n<p><img decoding=\"async\" class=\"alignnone size-full\" src=\"http:\/\/wxnuohui.com\/wp-content\/uploads\/2025\/09\/detail_pic_4-153.jpg\" width=\"790\" alt=\"\"\/><\/p>\n<p><img decoding=\"async\" class=\"alignnone size-full\" src=\"http:\/\/wxnuohui.com\/wp-content\/uploads\/2025\/09\/detail_pic_5-196.jpg\" width=\"790\" alt=\"\"\/><\/p>\n<p><img decoding=\"async\" class=\"alignnone size-full\" src=\"http:\/\/wxnuohui.com\/wp-content\/uploads\/2025\/09\/detail_pic_6-128.jpg\" width=\"790\" alt=\"\"\/><\/p>\n<p><img decoding=\"async\" class=\"alignnone size-full\" src=\"http:\/\/wxnuohui.com\/wp-content\/uploads\/2025\/09\/detail_pic_7-107.jpg\" width=\"790\" alt=\"\"\/><\/p>\n<p><img decoding=\"async\" class=\"alignnone size-full\" src=\"http:\/\/wxnuohui.com\/wp-content\/uploads\/2025\/09\/detail_pic_8-124.jpg\" width=\"790\" alt=\"\"\/><\/p>\n<p><img decoding=\"async\" class=\"alignnone size-full\" src=\"http:\/\/wxnuohui.com\/wp-content\/uploads\/2025\/09\/detail_pic_9-142.jpg\" width=\"790\" alt=\"\"\/><\/p>\n<p><img decoding=\"async\" class=\"alignnone size-full\" src=\"http:\/\/wxnuohui.com\/wp-content\/uploads\/2025\/09\/detail_pic_10-220.jpg\" width=\"790\" alt=\"\"\/><\/p>\n<p><img decoding=\"async\" class=\"alignnone size-full\" src=\"http:\/\/wxnuohui.com\/wp-content\/uploads\/2025\/09\/detail_pic_11-216.jpg\" width=\"790\" alt=\"\"\/><\/p>\n<p><img decoding=\"async\" class=\"alignnone size-full\" src=\"http:\/\/wxnuohui.com\/wp-content\/uploads\/2025\/09\/detail_pic_12-214.jpg\" width=\"790\" alt=\"\"\/><\/p>\n<p><img decoding=\"async\" class=\"alignnone size-full\" src=\"http:\/\/wxnuohui.com\/wp-content\/uploads\/2025\/09\/detail_pic_13-210.jpg\" width=\"790\" alt=\"\"\/><\/p>\n<p><img decoding=\"async\" class=\"alignnone size-full\" src=\"http:\/\/wxnuohui.com\/wp-content\/uploads\/2025\/09\/detail_pic_14-42.png\" width=\"790\" alt=\"\"\/><\/p>\n<p><img decoding=\"async\" class=\"alignnone size-full\" src=\"http:\/\/wxnuohui.com\/wp-content\/uploads\/2025\/09\/detail_pic_15-205.jpg\" width=\"790\" alt=\"\"\/><\/p>\n<p><img decoding=\"async\" class=\"alignnone size-full\" src=\"http:\/\/wxnuohui.com\/wp-content\/uploads\/2025\/09\/detail_pic_16-159.jpg\" width=\"790\" alt=\"\"\/><\/p>\n<p><img decoding=\"async\" class=\"alignnone size-full\" src=\"http:\/\/wxnuohui.com\/wp-content\/uploads\/2025\/09\/detail_pic_17-167.jpg\" width=\"790\" alt=\"\"\/><\/p>","protected":false},"excerpt":{"rendered":"<p>Seksi \u010dipke brez rokavov V-Neck Saten Sling Vest Top in kratke hla\u010de Sleepwear Nightwear dva kosa pi\u017eama kompleti za \u017eenske<\/p>","protected":false},"featured_media":7733,"template":"","meta":[],"product_brand":[],"product_cat":[22],"product_tag":[],"class_list":{"0":"post-9167","1":"product","2":"type-product","3":"status-publish","4":"has-post-thumbnail","6":"product_cat-women-set","8":"first","9":"outofstock","10":"shipping-taxable","11":"product-type-variable"},"_links":{"self":[{"href":"https:\/\/wxnuohui.com\/sl\/wp-json\/wp\/v2\/product\/9167","targetHints":{"allow":["GET"]}}],"collection":[{"href":"https:\/\/wxnuohui.com\/sl\/wp-json\/wp\/v2\/product"}],"about":[{"href":"https:\/\/wxnuohui.com\/sl\/wp-json\/wp\/v2\/types\/product"}],"wp:featuredmedia":[{"embeddable":true,"href":"https:\/\/wxnuohui.com\/sl\/wp-json\/wp\/v2\/media\/7733"}],"wp:attachment":[{"href":"https:\/\/wxnuohui.com\/sl\/wp-json\/wp\/v2\/media?parent=9167"}],"wp:term":[{"taxonomy":"product_brand","embeddable":true,"href":"https:\/\/wxnuohui.com\/sl\/wp-json\/wp\/v2\/product_brand?post=9167"},{"taxonomy":"product_cat","embeddable":true,"href":"https:\/\/wxnuohui.com\/sl\/wp-json\/wp\/v2\/product_cat?post=9167"},{"taxonomy":"product_tag","embeddable":true,"href":"https:\/\/wxnuohui.com\/sl\/wp-json\/wp\/v2\/product_tag?post=9167"}],"curies":[{"name":"wp","href":"https:\/\/api.w.org\/{rel}","templated":true}]}}