{"id":15496,"date":"2025-09-14T03:12:21","date_gmt":"2025-09-14T03:12:21","guid":{"rendered":"https:\/\/wxnuohui.com\/product\/cotton-polo-shirt-custom-logo-embroidery-logo-printed-golf-polo-wholesale-plain-polyester-polo-t-shirts-men-cotton\/"},"modified":"2025-09-14T03:12:22","modified_gmt":"2025-09-14T03:12:22","slug":"cotton-polo-shirt-custom-logo-embroidery-logo-printed-golf-polo-wholesale-plain-polyester-polo-t-shirts-men-cotton","status":"publish","type":"product","link":"https:\/\/wxnuohui.com\/sl\/product\/cotton-polo-shirt-custom-logo-embroidery-logo-printed-golf-polo-wholesale-plain-polyester-polo-t-shirts-men-cotton\/","title":{"rendered":"Bomba\u017ena polo majica po meri Logo Vezenine Logo Natisnjeno Golf Polo na debelo Navaden poliester Polo T majice Mo\u0161ki bomba\u017e"},"content":{"rendered":"<p>Vrsta tkanine: Jersey<br \/>\nSlog rokavov: kratek rokav<br \/>\nVrsta dobave: Oem storitev<br \/>\nFunkcija: proti gubam<br \/>\nSlog: Prilo\u017enostno<br \/>\nMetoda tkanja: pletena<br \/>\nZaznavanje igle: Da<br \/>\nDol\u017eina: redna<br \/>\nOblikovanje: gumb<br \/>\n7 dni \u010dasa za izvedbo naro\u010dila vzorca: Podpora<br \/>\nTehnike: natisnjene<br \/>\nMaterial: Poliester \/ bomba\u017e<br \/>\nLogotip \/ grafi\u010dno oblikovanje: sitotisk<br \/>\nPolo\u017eaj logotipa: spredaj<br \/>\nVrsta vzorca: Solid<br \/>\nTe\u017ea tkanine: 180 gramov<br \/>\nSpol: mo\u0161ki<br \/>\n\u0160tevilka modela: polo majice mo\u0161ki bomba\u017e<br \/>\nKraj izvora: Jiangsu, Kitajska<br \/>\nIme blagovne znamke: NH<br \/>\nProdajne enote: en kos<br \/>\nVelikost posameznega paketa: 18X10X11 cm<br \/>\nEnotna bruto te\u017ea: 0,300 kg<\/p>\n<p><img decoding=\"async\" class=\"alignnone size-full\" src=\"http:\/\/wxnuohui.com\/wp-content\/uploads\/2025\/09\/detail_pic_0-132.png\" width=\"790\" alt=\"\"\/><\/p>\n<p><img decoding=\"async\" class=\"alignnone size-full\" src=\"http:\/\/wxnuohui.com\/wp-content\/uploads\/2025\/09\/detail_pic_1-329.jpg\" width=\"790\" alt=\"\"\/><\/p>\n<p><img decoding=\"async\" class=\"alignnone size-full\" src=\"http:\/\/wxnuohui.com\/wp-content\/uploads\/2025\/09\/detail_pic_2-123.png\" width=\"790\" alt=\"\"\/><\/p>\n<p><img decoding=\"async\" class=\"alignnone size-full\" src=\"http:\/\/wxnuohui.com\/wp-content\/uploads\/2025\/09\/detail_pic_3-86.png\" width=\"790\" alt=\"\"\/><\/p>\n<p><img decoding=\"async\" class=\"alignnone size-full\" src=\"http:\/\/wxnuohui.com\/wp-content\/uploads\/2025\/09\/detail_pic_4-82.png\" width=\"790\" alt=\"\"\/><\/p>\n<p><img decoding=\"async\" class=\"alignnone size-full\" src=\"http:\/\/wxnuohui.com\/wp-content\/uploads\/2025\/09\/detail_pic_5-422.jpg\" width=\"790\" alt=\"\"\/><\/p>\n<p><img decoding=\"async\" class=\"alignnone size-full\" src=\"http:\/\/wxnuohui.com\/wp-content\/uploads\/2025\/09\/detail_pic_6-334.jpg\" width=\"790\" alt=\"\"\/><\/p>\n<p><img decoding=\"async\" class=\"alignnone size-full\" src=\"http:\/\/wxnuohui.com\/wp-content\/uploads\/2025\/09\/detail_pic_7-256.jpg\" width=\"790\" alt=\"\"\/><\/p>\n<p><img decoding=\"async\" class=\"alignnone size-full\" src=\"http:\/\/wxnuohui.com\/wp-content\/uploads\/2025\/09\/detail_pic_8-236.jpg\" width=\"790\" alt=\"\"\/><\/p>\n<p><img decoding=\"async\" class=\"alignnone size-full\" src=\"http:\/\/wxnuohui.com\/wp-content\/uploads\/2025\/09\/detail_pic_9-223.png\" width=\"790\" alt=\"\"\/><\/p>\n<p><img decoding=\"async\" class=\"alignnone size-full\" src=\"http:\/\/wxnuohui.com\/wp-content\/uploads\/2025\/09\/detail_pic_10-452.jpg\" width=\"790\" alt=\"\"\/><\/p>\n<p><img decoding=\"async\" class=\"alignnone size-full\" src=\"http:\/\/wxnuohui.com\/wp-content\/uploads\/2025\/09\/detail_pic_11-446.jpg\" width=\"790\" alt=\"\"\/><\/p>\n<p><img decoding=\"async\" class=\"alignnone size-full\" src=\"http:\/\/wxnuohui.com\/wp-content\/uploads\/2025\/09\/detail_pic_12-432.jpg\" width=\"790\" alt=\"\"\/><\/p>","protected":false},"excerpt":{"rendered":"<p>Bomba\u017ena polo majica po meri Logo Vezenine Logo Natisnjeno Golf Polo na debelo Navaden poliester Polo T majice Mo\u0161ki bomba\u017e<\/p>","protected":false},"featured_media":13910,"template":"","meta":[],"product_brand":[],"product_cat":[26],"product_tag":[],"class_list":{"0":"post-15496","1":"product","2":"type-product","3":"status-publish","4":"has-post-thumbnail","6":"product_cat-polo-t-shirt","8":"first","9":"outofstock","10":"shipping-taxable","11":"product-type-variable"},"_links":{"self":[{"href":"https:\/\/wxnuohui.com\/sl\/wp-json\/wp\/v2\/product\/15496","targetHints":{"allow":["GET"]}}],"collection":[{"href":"https:\/\/wxnuohui.com\/sl\/wp-json\/wp\/v2\/product"}],"about":[{"href":"https:\/\/wxnuohui.com\/sl\/wp-json\/wp\/v2\/types\/product"}],"wp:featuredmedia":[{"embeddable":true,"href":"https:\/\/wxnuohui.com\/sl\/wp-json\/wp\/v2\/media\/13910"}],"wp:attachment":[{"href":"https:\/\/wxnuohui.com\/sl\/wp-json\/wp\/v2\/media?parent=15496"}],"wp:term":[{"taxonomy":"product_brand","embeddable":true,"href":"https:\/\/wxnuohui.com\/sl\/wp-json\/wp\/v2\/product_brand?post=15496"},{"taxonomy":"product_cat","embeddable":true,"href":"https:\/\/wxnuohui.com\/sl\/wp-json\/wp\/v2\/product_cat?post=15496"},{"taxonomy":"product_tag","embeddable":true,"href":"https:\/\/wxnuohui.com\/sl\/wp-json\/wp\/v2\/product_tag?post=15496"}],"curies":[{"name":"wp","href":"https:\/\/api.w.org\/{rel}","templated":true}]}}