{"id":13883,"date":"2025-09-13T13:50:37","date_gmt":"2025-09-13T13:50:37","guid":{"rendered":"https:\/\/wxnuohui.com\/product\/custom-cotton-sports-mens-jogger-sweatsuit-gym-plain-fleece-jogging-hoodies-tracksuits-apparel-set\/"},"modified":"2025-09-13T13:50:37","modified_gmt":"2025-09-13T13:50:37","slug":"custom-cotton-sports-mens-jogger-sweatsuit-gym-plain-fleece-jogging-hoodies-tracksuits-apparel-set","status":"publish","type":"product","link":"https:\/\/wxnuohui.com\/sl\/product\/custom-cotton-sports-mens-jogger-sweatsuit-gym-plain-fleece-jogging-hoodies-tracksuits-apparel-set\/","title":{"rendered":"Po meri Bomba\u017e \u0160portni mo\u0161ki Jogger Sweatsuit Gym Plain Fleece Jogging Hoodies Tracksuits obla\u010dila Set"},"content":{"rendered":"<p>Zna\u010dilnost: dihanje, okolju prijazno, antistati\u010dno, odvajanje znoja<br \/>\nStarostna skupina: odrasli<br \/>\nSezona: Jesen<br \/>\nDol\u017eina: celotna dol\u017eina<br \/>\nDol\u017eina rokavov (cm): polno<br \/>\nMetode tiskanja: sitotisk<br \/>\nTip kroja: Redni<br \/>\nVrsta zaprtja: vrvica<br \/>\nDebelina: srednja te\u017ea<br \/>\nVrsta vzorca: Solid<br \/>\nSlog: kompleti<br \/>\nVrsta dobave: Oem storitev<br \/>\nMaterial: Poliester \/ bomba\u017e<br \/>\n7 dni \u010dasa za izvedbo naro\u010dila vzorca: Podpora<br \/>\nSpol: mo\u0161ki<br \/>\nTehnike: ni<br \/>\nTe\u017ea tkanine: 320 gramov<br \/>\nRazpolo\u017eljiva koli\u010dina: 50000<br \/>\nZaznavanje igle: Da<br \/>\n\u0160tevilka modela: Tracksuits obla\u010dila Set-626874751571<br \/>\nKraj izvora: Jiangsu, Kitajska<br \/>\nIme blagovne znamke: NH-719463151660<br \/>\nOvratnik: posadka vratu<br \/>\n\u017depi: stranski \u017eepi<br \/>\nPolo\u017eaj logotipa: spredaj<br \/>\nProdajne enote: en kos<br \/>\nVelikost posameznega paketa: 26X15X18 cm<br \/>\nEnotna bruto te\u017ea: 1.200 kg<\/p>\n<p><img decoding=\"async\" class=\"alignnone size-full\" src=\"http:\/\/wxnuohui.com\/wp-content\/uploads\/2025\/09\/detail_pic_0-314.jpg\" width=\"790\" alt=\"\"\/><\/p>\n<p><img decoding=\"async\" class=\"alignnone size-full\" src=\"http:\/\/wxnuohui.com\/wp-content\/uploads\/2025\/09\/detail_pic_1-320.jpg\" width=\"790\" alt=\"\"\/><\/p>\n<p><img decoding=\"async\" class=\"alignnone size-full\" src=\"http:\/\/wxnuohui.com\/wp-content\/uploads\/2025\/09\/detail_pic_2-327.jpg\" width=\"790\" alt=\"\"\/><\/p>\n<p><img decoding=\"async\" class=\"alignnone size-full\" src=\"http:\/\/wxnuohui.com\/wp-content\/uploads\/2025\/09\/detail_pic_3-360.jpg\" width=\"790\" alt=\"\"\/><\/p>\n<p><img decoding=\"async\" class=\"alignnone size-full\" src=\"http:\/\/wxnuohui.com\/wp-content\/uploads\/2025\/09\/detail_pic_4-363.jpg\" width=\"790\" alt=\"\"\/><\/p>\n<p><img decoding=\"async\" class=\"alignnone size-full\" src=\"http:\/\/wxnuohui.com\/wp-content\/uploads\/2025\/09\/detail_pic_5-38.png\" width=\"790\" alt=\"\"\/><\/p>\n<p><img decoding=\"async\" class=\"alignnone size-full\" src=\"http:\/\/wxnuohui.com\/wp-content\/uploads\/2025\/09\/detail_pic_6-326.jpg\" width=\"790\" alt=\"\"\/><\/p>\n<p><img decoding=\"async\" class=\"alignnone size-full\" src=\"http:\/\/wxnuohui.com\/wp-content\/uploads\/2025\/09\/detail_pic_7-250.jpg\" width=\"790\" alt=\"\"\/><\/p>\n<p><img decoding=\"async\" class=\"alignnone size-full\" src=\"http:\/\/wxnuohui.com\/wp-content\/uploads\/2025\/09\/detail_pic_8-230.jpg\" width=\"790\" alt=\"\"\/><\/p>\n<p><img decoding=\"async\" class=\"alignnone size-full\" src=\"http:\/\/wxnuohui.com\/wp-content\/uploads\/2025\/09\/detail_pic_9-218.png\" width=\"790\" alt=\"\"\/><\/p>\n<p><img decoding=\"async\" class=\"alignnone size-full\" src=\"http:\/\/wxnuohui.com\/wp-content\/uploads\/2025\/09\/detail_pic_10-443.jpg\" width=\"790\" alt=\"\"\/><\/p>\n<p><img decoding=\"async\" class=\"alignnone size-full\" src=\"http:\/\/wxnuohui.com\/wp-content\/uploads\/2025\/09\/detail_pic_11-436.jpg\" width=\"790\" alt=\"\"\/><\/p>\n<p><img decoding=\"async\" class=\"alignnone size-full\" src=\"http:\/\/wxnuohui.com\/wp-content\/uploads\/2025\/09\/detail_pic_12-424.jpg\" width=\"790\" alt=\"\"\/><\/p>\n<p><img decoding=\"async\" class=\"alignnone size-full\" src=\"http:\/\/wxnuohui.com\/wp-content\/uploads\/2025\/09\/detail_pic_13-399.jpg\" width=\"790\" alt=\"\"\/><\/p>\n<p><img decoding=\"async\" class=\"alignnone size-full\" src=\"http:\/\/wxnuohui.com\/wp-content\/uploads\/2025\/09\/detail_pic_14-197.png\" width=\"790\" alt=\"\"\/><\/p>\n<p><img decoding=\"async\" class=\"alignnone size-full\" src=\"http:\/\/wxnuohui.com\/wp-content\/uploads\/2025\/09\/detail_pic_15-393.jpg\" width=\"790\" alt=\"\"\/><\/p>\n<p><img decoding=\"async\" class=\"alignnone size-full\" src=\"http:\/\/wxnuohui.com\/wp-content\/uploads\/2025\/09\/detail_pic_16-338.jpg\" width=\"790\" alt=\"\"\/><\/p>\n<p><img decoding=\"async\" class=\"alignnone size-full\" src=\"http:\/\/wxnuohui.com\/wp-content\/uploads\/2025\/09\/detail_pic_17-322.jpg\" width=\"790\" alt=\"\"\/><\/p>","protected":false},"excerpt":{"rendered":"<p>Po meri Bomba\u017e \u0160portni mo\u0161ki Jogger Sweatsuit Gym Plain Fleece Jogging Hoodies Tracksuits obla\u010dila Set<\/p>","protected":false},"featured_media":13628,"template":"","meta":[],"product_brand":[],"product_cat":[25],"product_tag":[],"class_list":{"0":"post-13883","1":"product","2":"type-product","3":"status-publish","4":"has-post-thumbnail","6":"product_cat-jogging-suits-tracksuits","8":"first","9":"outofstock","10":"shipping-taxable","11":"product-type-variable"},"_links":{"self":[{"href":"https:\/\/wxnuohui.com\/sl\/wp-json\/wp\/v2\/product\/13883","targetHints":{"allow":["GET"]}}],"collection":[{"href":"https:\/\/wxnuohui.com\/sl\/wp-json\/wp\/v2\/product"}],"about":[{"href":"https:\/\/wxnuohui.com\/sl\/wp-json\/wp\/v2\/types\/product"}],"wp:featuredmedia":[{"embeddable":true,"href":"https:\/\/wxnuohui.com\/sl\/wp-json\/wp\/v2\/media\/13628"}],"wp:attachment":[{"href":"https:\/\/wxnuohui.com\/sl\/wp-json\/wp\/v2\/media?parent=13883"}],"wp:term":[{"taxonomy":"product_brand","embeddable":true,"href":"https:\/\/wxnuohui.com\/sl\/wp-json\/wp\/v2\/product_brand?post=13883"},{"taxonomy":"product_cat","embeddable":true,"href":"https:\/\/wxnuohui.com\/sl\/wp-json\/wp\/v2\/product_cat?post=13883"},{"taxonomy":"product_tag","embeddable":true,"href":"https:\/\/wxnuohui.com\/sl\/wp-json\/wp\/v2\/product_tag?post=13883"}],"curies":[{"name":"wp","href":"https:\/\/api.w.org\/{rel}","templated":true}]}}