{"id":12886,"date":"2025-09-13T11:42:03","date_gmt":"2025-09-13T11:42:03","guid":{"rendered":"https:\/\/wxnuohui.com\/product\/new-fashion-womens-fashion-one-line-shoulder-strap-sexy-blue-jean-jumpsuit\/"},"modified":"2025-09-13T11:42:03","modified_gmt":"2025-09-13T11:42:03","slug":"new-fashion-womens-fashion-one-line-shoulder-strap-sexy-blue-jean-jumpsuit","status":"publish","type":"product","link":"https:\/\/wxnuohui.com\/sl\/product\/new-fashion-womens-fashion-one-line-shoulder-strap-sexy-blue-jean-jumpsuit\/","title":{"rendered":"Nova moda \u017denske moda eno linijo ramenski trak seksi modra Jean Jumpsuit"},"content":{"rendered":"<p>Tip kroja: Redni<br \/>\nSlog: Prilo\u017enostno<br \/>\nSezona: Jesen<br \/>\nOvratnik: O-Neck<br \/>\nMaterial: Poliester \/ bomba\u017e<br \/>\nVrsta dobave: Na zalogi<br \/>\nZna\u010dilnost: hitro suho, zra\u010dno, okolju prijazno<br \/>\nVzorec: \u010drtasto<br \/>\nMetoda tkanja: pletena<br \/>\nSpol: \u017eenske<br \/>\nDol\u017eina: nad kolenom<br \/>\nTehnike: navadno obarvane<br \/>\nDekoracija: \u017eepi, vdolbina<br \/>\nVrsta tkanine: \u0160ifon<br \/>\nKraj izvora: Jiangsu, Kitajska<br \/>\n\u0160tevilka modela: Denim Jumpsuit<br \/>\nIme blagovne znamke: NH<br \/>\nIme izdelka:\u017denske Jeans Bodysuit<br \/>\nKlju\u010dne besede:D\u017eins Jumpsuit<br \/>\nStoritev: 24 ur na spletu<br \/>\nPla\u010dilo: zagotovilo o trgovini<br \/>\nTiskanje: tiskanje po meri<br \/>\nVzorec: 3-5 dni<br \/>\nPakiranje: 1pc\/polybag<br \/>\n\u010cas dostave: 7 ~ 15 dni<br \/>\nOznaka in logotip: Accpet po meri<br \/>\nDostava: DHLEMSUPSFEDEXs Seaby Air<br \/>\nPodrobnosti o pakiranju: 1.Za vzorec, ena kosa na poli vre\u010dko. 2.Za mno\u017ei\u010dno proizvodnjo je na\u0161a redna embala\u017ea karton. 3.<br \/>\nPristani\u0161\u010de odpreme: Shanghai<br \/>\nProdajne enote: en kos<br \/>\nVelikost posameznega paketa: 23X14X17 cm<br \/>\nEnotna bruto te\u017ea: 0,600 kg<br \/>\nPrimeri pakiranja:<br \/>\nDobava Sposobnost: 5000 kompletov na mesec Jumpsuits Playsuits<\/p>\n<p><img decoding=\"async\" class=\"alignnone size-full\" src=\"http:\/\/wxnuohui.com\/wp-content\/uploads\/2025\/09\/detail_pic_0-281.jpg\" width=\"790\" alt=\"\"\/><\/p>\n<p><img decoding=\"async\" class=\"alignnone size-full\" src=\"http:\/\/wxnuohui.com\/wp-content\/uploads\/2025\/09\/detail_pic_1-287.jpg\" width=\"790\" alt=\"\"\/><\/p>\n<p><img decoding=\"async\" class=\"alignnone size-full\" src=\"http:\/\/wxnuohui.com\/wp-content\/uploads\/2025\/09\/detail_pic_2-294.jpg\" width=\"790\" alt=\"\"\/><\/p>\n<p><img decoding=\"async\" class=\"alignnone size-full\" src=\"http:\/\/wxnuohui.com\/wp-content\/uploads\/2025\/09\/detail_pic_3-329.jpg\" width=\"790\" alt=\"\"\/><\/p>\n<p><img decoding=\"async\" class=\"alignnone size-full\" src=\"http:\/\/wxnuohui.com\/wp-content\/uploads\/2025\/09\/detail_pic_4-332.jpg\" width=\"790\" alt=\"\"\/><\/p>\n<p><img decoding=\"async\" class=\"alignnone size-full\" src=\"http:\/\/wxnuohui.com\/wp-content\/uploads\/2025\/09\/detail_pic_5-382.jpg\" width=\"790\" alt=\"\"\/><\/p>\n<p><img decoding=\"async\" class=\"alignnone size-full\" src=\"http:\/\/wxnuohui.com\/wp-content\/uploads\/2025\/09\/detail_pic_6-293.jpg\" width=\"790\" alt=\"\"\/><\/p>\n<p><img decoding=\"async\" class=\"alignnone size-full\" src=\"http:\/\/wxnuohui.com\/wp-content\/uploads\/2025\/09\/detail_pic_7-221.jpg\" width=\"790\" alt=\"\"\/><\/p>\n<p><img decoding=\"async\" class=\"alignnone size-full\" src=\"http:\/\/wxnuohui.com\/wp-content\/uploads\/2025\/09\/detail_pic_8-213.jpg\" width=\"790\" alt=\"\"\/><\/p>\n<p><img decoding=\"async\" class=\"alignnone size-full\" src=\"http:\/\/wxnuohui.com\/wp-content\/uploads\/2025\/09\/detail_pic_9-224.jpg\" width=\"790\" alt=\"\"\/><\/p>\n<p><img decoding=\"async\" class=\"alignnone size-full\" src=\"http:\/\/wxnuohui.com\/wp-content\/uploads\/2025\/09\/detail_pic_10-10.png\" width=\"790\" alt=\"\"\/><\/p>\n<p><img decoding=\"async\" class=\"alignnone size-full\" src=\"http:\/\/wxnuohui.com\/wp-content\/uploads\/2025\/09\/detail_pic_11-406.jpg\" width=\"790\" alt=\"\"\/><\/p>\n<p><img decoding=\"async\" class=\"alignnone size-full\" src=\"http:\/\/wxnuohui.com\/wp-content\/uploads\/2025\/09\/detail_pic_12-392.jpg\" width=\"790\" alt=\"\"\/><\/p>\n<p><img decoding=\"async\" class=\"alignnone size-full\" src=\"http:\/\/wxnuohui.com\/wp-content\/uploads\/2025\/09\/detail_pic_13-368.jpg\" width=\"790\" alt=\"\"\/><\/p>","protected":false},"excerpt":{"rendered":"<p>Nova moda \u017denske moda eno linijo ramenski trak seksi modra Jean Jumpsuit<\/p>","protected":false},"featured_media":12767,"template":"","meta":[],"product_brand":[],"product_cat":[24],"product_tag":[],"class_list":{"0":"post-12886","1":"product","2":"type-product","3":"status-publish","4":"has-post-thumbnail","6":"product_cat-casual-bodysuits","8":"first","9":"outofstock","10":"shipping-taxable","11":"product-type-variable"},"_links":{"self":[{"href":"https:\/\/wxnuohui.com\/sl\/wp-json\/wp\/v2\/product\/12886","targetHints":{"allow":["GET"]}}],"collection":[{"href":"https:\/\/wxnuohui.com\/sl\/wp-json\/wp\/v2\/product"}],"about":[{"href":"https:\/\/wxnuohui.com\/sl\/wp-json\/wp\/v2\/types\/product"}],"wp:featuredmedia":[{"embeddable":true,"href":"https:\/\/wxnuohui.com\/sl\/wp-json\/wp\/v2\/media\/12767"}],"wp:attachment":[{"href":"https:\/\/wxnuohui.com\/sl\/wp-json\/wp\/v2\/media?parent=12886"}],"wp:term":[{"taxonomy":"product_brand","embeddable":true,"href":"https:\/\/wxnuohui.com\/sl\/wp-json\/wp\/v2\/product_brand?post=12886"},{"taxonomy":"product_cat","embeddable":true,"href":"https:\/\/wxnuohui.com\/sl\/wp-json\/wp\/v2\/product_cat?post=12886"},{"taxonomy":"product_tag","embeddable":true,"href":"https:\/\/wxnuohui.com\/sl\/wp-json\/wp\/v2\/product_tag?post=12886"}],"curies":[{"name":"wp","href":"https:\/\/api.w.org\/{rel}","templated":true}]}}