{"id":12386,"date":"2025-09-13T10:55:27","date_gmt":"2025-09-13T10:55:27","guid":{"rendered":"https:\/\/wxnuohui.com\/product\/custom-blank-full-face-zip-street-wear-drawstring-sports-oversized-hoodie-for-unisex\/"},"modified":"2025-09-13T10:55:27","modified_gmt":"2025-09-13T10:55:27","slug":"custom-blank-full-face-zip-street-wear-drawstring-sports-oversized-hoodie-for-unisex","status":"publish","type":"product","link":"https:\/\/wxnuohui.com\/sl\/product\/custom-blank-full-face-zip-street-wear-drawstring-sports-oversized-hoodie-for-unisex\/","title":{"rendered":"Custom Blank Full Face Zip Street Wear Drawstring \u0161portne prevelike Hoodie za Unisex"},"content":{"rendered":"<p>7 dni \u010dasa za izvedbo naro\u010dila vzorca: Podpora<br \/>\nOblikovanje: podlo\u017eeno<br \/>\nSlog rokavov: Redno<br \/>\nZaznavanje igle: Da<br \/>\nMetoda tkanja: tkano<br \/>\nVrsta vzorca: tiskanje<br \/>\nTe\u017ea tkanine: 400 gramov<br \/>\nMetode tiskanja: sitotisk<br \/>\nVrsta:Pulover<br \/>\nTip kroja: Regular Fit<br \/>\nDol\u017eina: redna<br \/>\nVrsta dobave: Oem storitev<br \/>\nTehnike: natisnjene<br \/>\nOvratnik: s kapuco<br \/>\nSlog: zadrga-up<br \/>\nSezona: Zima<br \/>\nZna\u010dilnosti: proti gubam, proti pordeljevanju, dihanje, odporen na veter, proti kr\u010denju<br \/>\nVrsta tkanine: frotir<br \/>\nMaterial: Spandex \/ bomba\u017e<br \/>\nPolo\u017eaj logotipa: spredaj<br \/>\nSpol: mo\u0161ki<br \/>\n\u0160tevilka modela: Custom Hoodies<br \/>\nKraj izvora: Jiangsu, Kitajska<br \/>\nIme blagovne znamke: NH<br \/>\nProdajne enote: en kos<br \/>\nVelikost posameznega paketa: 20X13X16 cm<br \/>\nEnotna bruto te\u017ea: 0,800 kg<\/p>\n<p><img decoding=\"async\" class=\"alignnone size-full\" src=\"http:\/\/wxnuohui.com\/wp-content\/uploads\/2025\/09\/detail_pic_0-219.jpg\" width=\"790\" alt=\"\"\/><\/p>\n<p><img decoding=\"async\" class=\"alignnone size-full\" src=\"http:\/\/wxnuohui.com\/wp-content\/uploads\/2025\/09\/detail_pic_1-223.jpg\" width=\"790\" alt=\"\"\/><\/p>\n<p><img decoding=\"async\" class=\"alignnone size-full\" src=\"http:\/\/wxnuohui.com\/wp-content\/uploads\/2025\/09\/detail_pic_2-230.jpg\" width=\"790\" alt=\"\"\/><\/p>\n<p><img decoding=\"async\" class=\"alignnone size-full\" src=\"http:\/\/wxnuohui.com\/wp-content\/uploads\/2025\/09\/detail_pic_3-266.jpg\" width=\"790\" alt=\"\"\/><\/p>\n<p><img decoding=\"async\" class=\"alignnone size-full\" src=\"http:\/\/wxnuohui.com\/wp-content\/uploads\/2025\/09\/detail_pic_4-268.jpg\" width=\"790\" alt=\"\"\/><\/p>\n<p><img decoding=\"async\" class=\"alignnone size-full\" src=\"http:\/\/wxnuohui.com\/wp-content\/uploads\/2025\/09\/detail_pic_5-318.jpg\" width=\"790\" alt=\"\"\/><\/p>\n<p><img decoding=\"async\" class=\"alignnone size-full\" src=\"http:\/\/wxnuohui.com\/wp-content\/uploads\/2025\/09\/detail_pic_6-237.jpg\" width=\"790\" alt=\"\"\/><\/p>\n<p><img decoding=\"async\" class=\"alignnone size-full\" src=\"http:\/\/wxnuohui.com\/wp-content\/uploads\/2025\/09\/detail_pic_7-160.png\" width=\"790\" alt=\"\"\/><\/p>\n<p><img decoding=\"async\" class=\"alignnone size-full\" src=\"http:\/\/wxnuohui.com\/wp-content\/uploads\/2025\/09\/detail_pic_8-166.png\" width=\"790\" alt=\"\"\/><\/p>\n<p><img decoding=\"async\" class=\"alignnone size-full\" src=\"http:\/\/wxnuohui.com\/wp-content\/uploads\/2025\/09\/detail_pic_9-153.png\" width=\"790\" alt=\"\"\/><\/p>\n<p><img decoding=\"async\" class=\"alignnone size-full\" src=\"http:\/\/wxnuohui.com\/wp-content\/uploads\/2025\/09\/detail_pic_10-348.jpg\" width=\"790\" alt=\"\"\/><\/p>\n<p><img decoding=\"async\" class=\"alignnone size-full\" src=\"http:\/\/wxnuohui.com\/wp-content\/uploads\/2025\/09\/detail_pic_11-342.jpg\" width=\"790\" alt=\"\"\/><\/p>\n<p><img decoding=\"async\" class=\"alignnone size-full\" src=\"http:\/\/wxnuohui.com\/wp-content\/uploads\/2025\/09\/detail_pic_12-330.jpg\" width=\"790\" alt=\"\"\/><\/p>\n<p><img decoding=\"async\" class=\"alignnone size-full\" src=\"http:\/\/wxnuohui.com\/wp-content\/uploads\/2025\/09\/detail_pic_13-313.jpg\" width=\"790\" alt=\"\"\/><\/p>\n<p><img decoding=\"async\" class=\"alignnone size-full\" src=\"http:\/\/wxnuohui.com\/wp-content\/uploads\/2025\/09\/detail_pic_14-127.png\" width=\"790\" alt=\"\"\/><\/p>\n<p><img decoding=\"async\" class=\"alignnone size-full\" src=\"http:\/\/wxnuohui.com\/wp-content\/uploads\/2025\/09\/detail_pic_15-308.jpg\" width=\"790\" alt=\"\"\/><\/p>\n<p><img decoding=\"async\" class=\"alignnone size-full\" src=\"http:\/\/wxnuohui.com\/wp-content\/uploads\/2025\/09\/detail_pic_16-258.jpg\" width=\"790\" alt=\"\"\/><\/p>\n<p><img decoding=\"async\" class=\"alignnone size-full\" src=\"http:\/\/wxnuohui.com\/wp-content\/uploads\/2025\/09\/detail_pic_17-252.jpg\" width=\"790\" alt=\"\"\/><\/p>","protected":false},"excerpt":{"rendered":"<p>Custom Blank Full Face Zip Street Wear Drawstring \u0161portne prevelike Hoodie za Unisex<\/p>","protected":false},"featured_media":11048,"template":"","meta":[],"product_brand":[],"product_cat":[27],"product_tag":[],"class_list":{"0":"post-12386","1":"product","2":"type-product","3":"status-publish","4":"has-post-thumbnail","6":"product_cat-hoodie","8":"first","9":"outofstock","10":"shipping-taxable","11":"product-type-variable"},"_links":{"self":[{"href":"https:\/\/wxnuohui.com\/sl\/wp-json\/wp\/v2\/product\/12386","targetHints":{"allow":["GET"]}}],"collection":[{"href":"https:\/\/wxnuohui.com\/sl\/wp-json\/wp\/v2\/product"}],"about":[{"href":"https:\/\/wxnuohui.com\/sl\/wp-json\/wp\/v2\/types\/product"}],"wp:featuredmedia":[{"embeddable":true,"href":"https:\/\/wxnuohui.com\/sl\/wp-json\/wp\/v2\/media\/11048"}],"wp:attachment":[{"href":"https:\/\/wxnuohui.com\/sl\/wp-json\/wp\/v2\/media?parent=12386"}],"wp:term":[{"taxonomy":"product_brand","embeddable":true,"href":"https:\/\/wxnuohui.com\/sl\/wp-json\/wp\/v2\/product_brand?post=12386"},{"taxonomy":"product_cat","embeddable":true,"href":"https:\/\/wxnuohui.com\/sl\/wp-json\/wp\/v2\/product_cat?post=12386"},{"taxonomy":"product_tag","embeddable":true,"href":"https:\/\/wxnuohui.com\/sl\/wp-json\/wp\/v2\/product_tag?post=12386"}],"curies":[{"name":"wp","href":"https:\/\/api.w.org\/{rel}","templated":true}]}}