{"id":12363,"date":"2025-09-13T10:55:07","date_gmt":"2025-09-13T10:55:07","guid":{"rendered":"https:\/\/wxnuohui.com\/product\/custom-printing-embroidery-logo-pullover-330-gsm-fleece-jogging-tracksuit-sweatpants-hoodie-and-jogger-set-for-men\/"},"modified":"2025-09-13T10:55:08","modified_gmt":"2025-09-13T10:55:08","slug":"custom-printing-embroidery-logo-pullover-330-gsm-fleece-jogging-tracksuit-sweatpants-hoodie-and-jogger-set-for-men","status":"publish","type":"product","link":"https:\/\/wxnuohui.com\/sl\/product\/custom-printing-embroidery-logo-pullover-330-gsm-fleece-jogging-tracksuit-sweatpants-hoodie-and-jogger-set-for-men\/","title":{"rendered":"Tiskanje po meri Vezenje logotipa Pullover 330 GSM Fleece Jogging Tracksuit Sweatpants Hoodie in Jogger Set za mo\u0161ke"},"content":{"rendered":"<p>7 dni \u010dasa za izvedbo naro\u010dila vzorca: Podpora<br \/>\nOblikovanje: brez podloge<br \/>\nSlog rokavov: Redno<br \/>\nZaznavanje igle: Da<br \/>\nMetoda tkanja: pletena<br \/>\nVrsta vzorca: Solid<br \/>\nTe\u017ea tkanine: 330<br \/>\nMetode tiskanja: ni<br \/>\nVrsta:Pulover<br \/>\nTip kroja: Regular Fit<br \/>\nDol\u017eina: redna<br \/>\nVrsta dobave: Oem storitev<br \/>\nTehnike: navadno obarvane<br \/>\nOvratnik: O-Neck<br \/>\nSlog:Pulover<br \/>\nSezona: Jesen<br \/>\nZna\u010dilnosti: proti gubam, proti pilingu, dihanje, proti kr\u010denju<br \/>\nVrsta tkanine: Jersey<br \/>\nMaterial: 100% bomba\u017e<br \/>\nPolo\u017eaj logotipa: spredaj<br \/>\nSpol: mo\u0161ki<br \/>\n\u0160tevilka modela: Hoodie in Jogger Set za mo\u0161ke<br \/>\nKraj izvora: Jiangsu, Kitajska<br \/>\nIme blagovne znamke: NH-650093392523<br \/>\nProdajne enote: en kos<br \/>\nVelikost posameznega paketa: 26X15X18 cm<br \/>\nEnotna bruto te\u017ea: 1.200 kg<\/p>\n<p><img decoding=\"async\" class=\"alignnone size-full\" src=\"http:\/\/wxnuohui.com\/wp-content\/uploads\/2025\/09\/detail_pic_0-207.jpg\" width=\"790\" alt=\"\"\/><\/p>\n<p><img decoding=\"async\" class=\"alignnone size-full\" src=\"http:\/\/wxnuohui.com\/wp-content\/uploads\/2025\/09\/detail_pic_1-212.jpg\" width=\"790\" alt=\"\"\/><\/p>\n<p><img decoding=\"async\" class=\"alignnone size-full\" src=\"http:\/\/wxnuohui.com\/wp-content\/uploads\/2025\/09\/detail_pic_2-220.jpg\" width=\"790\" alt=\"\"\/><\/p>\n<p><img decoding=\"async\" class=\"alignnone size-full\" src=\"http:\/\/wxnuohui.com\/wp-content\/uploads\/2025\/09\/detail_pic_3-254.jpg\" width=\"790\" alt=\"\"\/><\/p>\n<p><img decoding=\"async\" class=\"alignnone size-full\" src=\"http:\/\/wxnuohui.com\/wp-content\/uploads\/2025\/09\/detail_pic_4-74.png\" width=\"790\" alt=\"\"\/><\/p>\n<p><img decoding=\"async\" class=\"alignnone size-full\" src=\"http:\/\/wxnuohui.com\/wp-content\/uploads\/2025\/09\/detail_pic_5-33.png\" width=\"790\" alt=\"\"\/><\/p>\n<p><img decoding=\"async\" class=\"alignnone size-full\" src=\"http:\/\/wxnuohui.com\/wp-content\/uploads\/2025\/09\/detail_pic_6-113.png\" width=\"790\" alt=\"\"\/><\/p>\n<p><img decoding=\"async\" class=\"alignnone size-full\" src=\"http:\/\/wxnuohui.com\/wp-content\/uploads\/2025\/09\/detail_pic_7-185.jpg\" width=\"790\" alt=\"\"\/><\/p>\n<p><img decoding=\"async\" class=\"alignnone size-full\" src=\"http:\/\/wxnuohui.com\/wp-content\/uploads\/2025\/09\/detail_pic_8-180.jpg\" width=\"790\" alt=\"\"\/><\/p>\n<p><img decoding=\"async\" class=\"alignnone size-full\" src=\"http:\/\/wxnuohui.com\/wp-content\/uploads\/2025\/09\/detail_pic_9-196.jpg\" width=\"790\" alt=\"\"\/><\/p>\n<p><img decoding=\"async\" class=\"alignnone size-full\" src=\"http:\/\/wxnuohui.com\/wp-content\/uploads\/2025\/09\/detail_pic_10-325.jpg\" width=\"790\" alt=\"\"\/><\/p>\n<p><img decoding=\"async\" class=\"alignnone size-full\" src=\"http:\/\/wxnuohui.com\/wp-content\/uploads\/2025\/09\/detail_pic_11-13.png\" width=\"790\" alt=\"\"\/><\/p>\n<p><img decoding=\"async\" class=\"alignnone size-full\" src=\"http:\/\/wxnuohui.com\/wp-content\/uploads\/2025\/09\/detail_pic_12-308.jpg\" width=\"790\" alt=\"\"\/><\/p>\n<p><img decoding=\"async\" class=\"alignnone size-full\" src=\"http:\/\/wxnuohui.com\/wp-content\/uploads\/2025\/09\/detail_pic_13-291.jpg\" width=\"790\" alt=\"\"\/><\/p>\n<p><img decoding=\"async\" class=\"alignnone size-full\" src=\"http:\/\/wxnuohui.com\/wp-content\/uploads\/2025\/09\/detail_pic_14-196.jpg\" width=\"790\" alt=\"\"\/><\/p>","protected":false},"excerpt":{"rendered":"<p>Tiskanje po meri Vezenje logotipa Pullover 330 GSM Fleece Jogging Tracksuit Sweatpants Hoodie in Jogger Set za mo\u0161ke<\/p>","protected":false},"featured_media":10489,"template":"","meta":[],"product_brand":[],"product_cat":[27],"product_tag":[],"class_list":{"0":"post-12363","1":"product","2":"type-product","3":"status-publish","4":"has-post-thumbnail","6":"product_cat-hoodie","8":"first","9":"outofstock","10":"shipping-taxable","11":"product-type-variable"},"_links":{"self":[{"href":"https:\/\/wxnuohui.com\/sl\/wp-json\/wp\/v2\/product\/12363","targetHints":{"allow":["GET"]}}],"collection":[{"href":"https:\/\/wxnuohui.com\/sl\/wp-json\/wp\/v2\/product"}],"about":[{"href":"https:\/\/wxnuohui.com\/sl\/wp-json\/wp\/v2\/types\/product"}],"wp:featuredmedia":[{"embeddable":true,"href":"https:\/\/wxnuohui.com\/sl\/wp-json\/wp\/v2\/media\/10489"}],"wp:attachment":[{"href":"https:\/\/wxnuohui.com\/sl\/wp-json\/wp\/v2\/media?parent=12363"}],"wp:term":[{"taxonomy":"product_brand","embeddable":true,"href":"https:\/\/wxnuohui.com\/sl\/wp-json\/wp\/v2\/product_brand?post=12363"},{"taxonomy":"product_cat","embeddable":true,"href":"https:\/\/wxnuohui.com\/sl\/wp-json\/wp\/v2\/product_cat?post=12363"},{"taxonomy":"product_tag","embeddable":true,"href":"https:\/\/wxnuohui.com\/sl\/wp-json\/wp\/v2\/product_tag?post=12363"}],"curies":[{"name":"wp","href":"https:\/\/api.w.org\/{rel}","templated":true}]}}