{"id":12338,"date":"2025-09-13T10:54:46","date_gmt":"2025-09-13T10:54:46","guid":{"rendered":"https:\/\/wxnuohui.com\/product\/wholesale-hoodies-for-men-cheap-blank-polyester-cotton-unisex-custom-hoodie-printing\/"},"modified":"2025-09-13T10:54:47","modified_gmt":"2025-09-13T10:54:47","slug":"wholesale-hoodies-for-men-cheap-blank-polyester-cotton-unisex-custom-hoodie-printing","status":"publish","type":"product","link":"https:\/\/wxnuohui.com\/sl\/product\/wholesale-hoodies-for-men-cheap-blank-polyester-cotton-unisex-custom-hoodie-printing\/","title":{"rendered":"Trgovina na debelo Hoodies za mo\u0161ke Poceni prazen poliester bomba\u017e Unisex po meri Hoodie tiskanje"},"content":{"rendered":"<p>7 dni \u010dasa za izvedbo naro\u010dila vzorca: Podpora<br \/>\nOblikovanje: brez podloge<br \/>\nSlog rokavov: Redno<br \/>\nZaznavanje igle: Da<br \/>\nMetoda tkanja: pletena<br \/>\nVrsta vzorca: Solid<br \/>\nTe\u017ea tkanine: 360 gramov<br \/>\nMetode tiskanja: drugo<br \/>\nVrsta:Pulover<br \/>\nTip kroja: Regular Fit<br \/>\nDol\u017eina: redna<br \/>\nVrsta dobave: Oem storitev<br \/>\nTehnike: navadno obarvane<br \/>\nOvratnik: O-Neck<br \/>\nSlog:Pulover<br \/>\nSezona: Jesen<br \/>\nFunkcija: proti gubam, proti kr\u010denju<br \/>\nVrsta tkanine: Jersey<br \/>\nMaterial: Poliester \/ bomba\u017e<br \/>\nPolo\u017eaj logotipa: spredaj<br \/>\nSpol: mo\u0161ki<br \/>\n\u0160tevilka modela: kapuco tiskanje<br \/>\nKraj izvora: Jiangsu, Kitajska<br \/>\nIme blagovne znamke: NH<br \/>\nProdajne enote: en kos<br \/>\nVelikost posameznega paketa: 23X13X14 cm<br \/>\nEnotna bruto te\u017ea: 0,600 kg<\/p>\n<p><img decoding=\"async\" class=\"alignnone size-full\" src=\"http:\/\/wxnuohui.com\/wp-content\/uploads\/2025\/09\/detail_pic_0-183.jpg\" width=\"790\" alt=\"\"\/><\/p>\n<p><img decoding=\"async\" class=\"alignnone size-full\" src=\"http:\/\/wxnuohui.com\/wp-content\/uploads\/2025\/09\/detail_pic_1-115.png\" width=\"790\" alt=\"\"\/><\/p>\n<p><img decoding=\"async\" class=\"alignnone size-full\" src=\"http:\/\/wxnuohui.com\/wp-content\/uploads\/2025\/09\/detail_pic_2-106.png\" width=\"790\" alt=\"\"\/><\/p>\n<p><img decoding=\"async\" class=\"alignnone size-full\" src=\"http:\/\/wxnuohui.com\/wp-content\/uploads\/2025\/09\/detail_pic_3-70.png\" width=\"790\" alt=\"\"\/><\/p>\n<p><img decoding=\"async\" class=\"alignnone size-full\" src=\"http:\/\/wxnuohui.com\/wp-content\/uploads\/2025\/09\/detail_pic_4-233.jpg\" width=\"790\" alt=\"\"\/><\/p>\n<p><img decoding=\"async\" class=\"alignnone size-full\" src=\"http:\/\/wxnuohui.com\/wp-content\/uploads\/2025\/09\/detail_pic_5-275.jpg\" width=\"790\" alt=\"\"\/><\/p>\n<p><img decoding=\"async\" class=\"alignnone size-full\" src=\"http:\/\/wxnuohui.com\/wp-content\/uploads\/2025\/09\/detail_pic_6-197.jpg\" width=\"790\" alt=\"\"\/><\/p>\n<p><img decoding=\"async\" class=\"alignnone size-full\" src=\"http:\/\/wxnuohui.com\/wp-content\/uploads\/2025\/09\/detail_pic_7-165.jpg\" width=\"790\" alt=\"\"\/><\/p>\n<p><img decoding=\"async\" class=\"alignnone size-full\" src=\"http:\/\/wxnuohui.com\/wp-content\/uploads\/2025\/09\/detail_pic_8-132.png\" width=\"790\" alt=\"\"\/><\/p>\n<p><img decoding=\"async\" class=\"alignnone size-full\" src=\"http:\/\/wxnuohui.com\/wp-content\/uploads\/2025\/09\/detail_pic_9-182.jpg\" width=\"790\" alt=\"\"\/><\/p>\n<p><img decoding=\"async\" class=\"alignnone size-full\" src=\"http:\/\/wxnuohui.com\/wp-content\/uploads\/2025\/09\/detail_pic_10-300.jpg\" width=\"790\" alt=\"\"\/><\/p>\n<p><img decoding=\"async\" class=\"alignnone size-full\" src=\"http:\/\/wxnuohui.com\/wp-content\/uploads\/2025\/09\/detail_pic_11-297.jpg\" width=\"790\" alt=\"\"\/><\/p>","protected":false},"excerpt":{"rendered":"<p>Trgovina na debelo Hoodies za mo\u0161ke Poceni prazen poliester bomba\u017e Unisex po meri Hoodie tiskanje<\/p>","protected":false},"featured_media":9923,"template":"","meta":[],"product_brand":[],"product_cat":[27],"product_tag":[],"class_list":{"0":"post-12338","1":"product","2":"type-product","3":"status-publish","4":"has-post-thumbnail","6":"product_cat-hoodie","8":"first","9":"outofstock","10":"shipping-taxable","11":"product-type-variable"},"_links":{"self":[{"href":"https:\/\/wxnuohui.com\/sl\/wp-json\/wp\/v2\/product\/12338","targetHints":{"allow":["GET"]}}],"collection":[{"href":"https:\/\/wxnuohui.com\/sl\/wp-json\/wp\/v2\/product"}],"about":[{"href":"https:\/\/wxnuohui.com\/sl\/wp-json\/wp\/v2\/types\/product"}],"wp:featuredmedia":[{"embeddable":true,"href":"https:\/\/wxnuohui.com\/sl\/wp-json\/wp\/v2\/media\/9923"}],"wp:attachment":[{"href":"https:\/\/wxnuohui.com\/sl\/wp-json\/wp\/v2\/media?parent=12338"}],"wp:term":[{"taxonomy":"product_brand","embeddable":true,"href":"https:\/\/wxnuohui.com\/sl\/wp-json\/wp\/v2\/product_brand?post=12338"},{"taxonomy":"product_cat","embeddable":true,"href":"https:\/\/wxnuohui.com\/sl\/wp-json\/wp\/v2\/product_cat?post=12338"},{"taxonomy":"product_tag","embeddable":true,"href":"https:\/\/wxnuohui.com\/sl\/wp-json\/wp\/v2\/product_tag?post=12338"}],"curies":[{"name":"wp","href":"https:\/\/api.w.org\/{rel}","templated":true}]}}