{"id":12334,"date":"2025-09-13T10:54:43","date_gmt":"2025-09-13T10:54:43","guid":{"rendered":"https:\/\/wxnuohui.com\/product\/sports-fitness-polyester-cotton-embroidered-hoodies-long-sleeve-embroidery-mens-custom-hoodie\/"},"modified":"2025-09-13T10:54:44","modified_gmt":"2025-09-13T10:54:44","slug":"sports-fitness-polyester-cotton-embroidered-hoodies-long-sleeve-embroidery-mens-custom-hoodie","status":"publish","type":"product","link":"https:\/\/wxnuohui.com\/sl\/product\/sports-fitness-polyester-cotton-embroidered-hoodies-long-sleeve-embroidery-mens-custom-hoodie\/","title":{"rendered":"\u0160portni fitnes Poliester Bomba\u017e Vezene Hoodies Dolgimi rokavi Vezenje Mo\u0161ki po meri Hoodie"},"content":{"rendered":"<p>7 dni \u010dasa za izvedbo naro\u010dila vzorca: Podpora<br \/>\nOblikovanje: brez podloge<br \/>\nSlog rokavov: Redno<br \/>\nZaznavanje igle: Da<br \/>\nMetoda tkanja: pletena<br \/>\nVrsta vzorca: Solid<br \/>\nTe\u017ea tkanine: 360 gramov<br \/>\nMetode tiskanja: ni<br \/>\nVrsta:Pulover<br \/>\nTip kroja: Regular Fit<br \/>\nDol\u017eina: redna<br \/>\nVrsta dobave: Oem storitev<br \/>\nTehnike: navadno obarvane<br \/>\nOvratnik: O-Neck<br \/>\nSlog:Pulover<br \/>\nSezona: Jesen<br \/>\nFunkcija: proti gubam, proti kr\u010denju<br \/>\nVrsta tkanine: Jersey<br \/>\nMaterial: Poliester \/ bomba\u017e<br \/>\nPolo\u017eaj logotipa: spredaj<br \/>\nSpol: mo\u0161ki<br \/>\n\u0160tevilka modela: Custom Hoodie<br \/>\nKraj izvora: Jiangsu, Kitajska<br \/>\nIme blagovne znamke: NH<br \/>\nProdajne enote: en kos<br \/>\nVelikost posameznega paketa: 23X13X16 cm<br \/>\nEnotna bruto te\u017ea: 0,700 kg<\/p>\n<p><img decoding=\"async\" class=\"alignnone size-full\" src=\"http:\/\/wxnuohui.com\/wp-content\/uploads\/2025\/09\/detail_pic_0-179.jpg\" width=\"790\" alt=\"\"\/><\/p>\n<p><img decoding=\"async\" class=\"alignnone size-full\" src=\"http:\/\/wxnuohui.com\/wp-content\/uploads\/2025\/09\/detail_pic_1-111.png\" width=\"790\" alt=\"\"\/><\/p>\n<p><img decoding=\"async\" class=\"alignnone size-full\" src=\"http:\/\/wxnuohui.com\/wp-content\/uploads\/2025\/09\/detail_pic_2-102.png\" width=\"790\" alt=\"\"\/><\/p>\n<p><img decoding=\"async\" class=\"alignnone size-full\" src=\"http:\/\/wxnuohui.com\/wp-content\/uploads\/2025\/09\/detail_pic_3-66.png\" width=\"790\" alt=\"\"\/><\/p>\n<p><img decoding=\"async\" class=\"alignnone size-full\" src=\"http:\/\/wxnuohui.com\/wp-content\/uploads\/2025\/09\/detail_pic_4-229.jpg\" width=\"790\" alt=\"\"\/><\/p>\n<p><img decoding=\"async\" class=\"alignnone size-full\" src=\"http:\/\/wxnuohui.com\/wp-content\/uploads\/2025\/09\/detail_pic_5-271.jpg\" width=\"790\" alt=\"\"\/><\/p>\n<p><img decoding=\"async\" class=\"alignnone size-full\" src=\"http:\/\/wxnuohui.com\/wp-content\/uploads\/2025\/09\/detail_pic_6-193.jpg\" width=\"790\" alt=\"\"\/><\/p>\n<p><img decoding=\"async\" class=\"alignnone size-full\" src=\"http:\/\/wxnuohui.com\/wp-content\/uploads\/2025\/09\/detail_pic_7-161.jpg\" width=\"790\" alt=\"\"\/><\/p>\n<p><img decoding=\"async\" class=\"alignnone size-full\" src=\"http:\/\/wxnuohui.com\/wp-content\/uploads\/2025\/09\/detail_pic_8-128.png\" width=\"790\" alt=\"\"\/><\/p>\n<p><img decoding=\"async\" class=\"alignnone size-full\" src=\"http:\/\/wxnuohui.com\/wp-content\/uploads\/2025\/09\/detail_pic_9-178.jpg\" width=\"790\" alt=\"\"\/><\/p>\n<p><img decoding=\"async\" class=\"alignnone size-full\" src=\"http:\/\/wxnuohui.com\/wp-content\/uploads\/2025\/09\/detail_pic_10-296.jpg\" width=\"790\" alt=\"\"\/><\/p>\n<p><img decoding=\"async\" class=\"alignnone size-full\" src=\"http:\/\/wxnuohui.com\/wp-content\/uploads\/2025\/09\/detail_pic_11-293.jpg\" width=\"790\" alt=\"\"\/><\/p>","protected":false},"excerpt":{"rendered":"<p>\u0160portni fitnes Poliester Bomba\u017e Vezene Hoodies Dolgimi rokavi Vezenje Mo\u0161ki po meri Hoodie<\/p>","protected":false},"featured_media":9847,"template":"","meta":[],"product_brand":[],"product_cat":[27],"product_tag":[],"class_list":{"0":"post-12334","1":"product","2":"type-product","3":"status-publish","4":"has-post-thumbnail","6":"product_cat-hoodie","8":"first","9":"outofstock","10":"shipping-taxable","11":"product-type-variable"},"_links":{"self":[{"href":"https:\/\/wxnuohui.com\/sl\/wp-json\/wp\/v2\/product\/12334","targetHints":{"allow":["GET"]}}],"collection":[{"href":"https:\/\/wxnuohui.com\/sl\/wp-json\/wp\/v2\/product"}],"about":[{"href":"https:\/\/wxnuohui.com\/sl\/wp-json\/wp\/v2\/types\/product"}],"wp:featuredmedia":[{"embeddable":true,"href":"https:\/\/wxnuohui.com\/sl\/wp-json\/wp\/v2\/media\/9847"}],"wp:attachment":[{"href":"https:\/\/wxnuohui.com\/sl\/wp-json\/wp\/v2\/media?parent=12334"}],"wp:term":[{"taxonomy":"product_brand","embeddable":true,"href":"https:\/\/wxnuohui.com\/sl\/wp-json\/wp\/v2\/product_brand?post=12334"},{"taxonomy":"product_cat","embeddable":true,"href":"https:\/\/wxnuohui.com\/sl\/wp-json\/wp\/v2\/product_cat?post=12334"},{"taxonomy":"product_tag","embeddable":true,"href":"https:\/\/wxnuohui.com\/sl\/wp-json\/wp\/v2\/product_tag?post=12334"}],"curies":[{"name":"wp","href":"https:\/\/api.w.org\/{rel}","templated":true}]}}