{"id":12317,"date":"2025-09-13T10:54:29","date_gmt":"2025-09-13T10:54:29","guid":{"rendered":"https:\/\/wxnuohui.com\/product\/new-arrivals-winter-wholesale-dress-plus-size-women-clothing-elegant-casual-hoodie-dress-long-sleeve-with-pockets-casual-dresses\/"},"modified":"2025-09-13T10:54:30","modified_gmt":"2025-09-13T10:54:30","slug":"new-arrivals-winter-wholesale-dress-plus-size-women-clothing-elegant-casual-hoodie-dress-long-sleeve-with-pockets-casual-dresses","status":"publish","type":"product","link":"https:\/\/wxnuohui.com\/sl\/product\/new-arrivals-winter-wholesale-dress-plus-size-women-clothing-elegant-casual-hoodie-dress-long-sleeve-with-pockets-casual-dresses\/","title":{"rendered":"Novi prihodi Zimska trgovina na debelo obleko Plus velikost \u017eenske obla\u010dila Elegantno prilo\u017enostne Hoodie obleko z dolgimi rokavi z \u017eepi prilo\u017enostne obleke"},"content":{"rendered":"<p>Vrsta tkanine: Jersey<br \/>\nMaterial: Poliester \/ bomba\u017e<br \/>\nTe\u017ea tkanine: 300 gramov, 320 gramov, 340 gramov<br \/>\nVrsta vzorca: Solid<br \/>\nDol\u017eina rokava: polno<br \/>\nOvratnik: O-Neck<br \/>\nSlog: Prilo\u017enostno<br \/>\nOblikovanje: brez podloge<br \/>\nSezona: Jesen<br \/>\nSlog rokavov: Redno<br \/>\nDol\u017eina obla\u010dil: dolga<br \/>\nZna\u010dilnosti: proti gubam, proti pilingu, dihanje, okolju prijazno<br \/>\nSpol: \u017eenske<br \/>\nPolo\u017eaj logotipa: spredaj, zadaj, levi rokav, desni rokav, zadnji vrat<br \/>\nLogotip\/grafi\u010dno oblikovanje: sitotisk, digitalno tiskanje, tiskanje s toplotnim prenosom, vezenje, tiskanje s puhom<br \/>\nDekoracija: \u017eepi, vrvice<br \/>\nVrsta dobave: Oem storitev<br \/>\n7 dni \u010dasa za izvedbo naro\u010dila vzorca: Podpora<br \/>\nTehnike: navadno obarvane<br \/>\nMetoda tkanja: pletena<br \/>\n\u0160tevilka modela: Hoodie obleka z \u017eepi<br \/>\nKraj izvora: Jiangsu, Kitajska<br \/>\nIme blagovne znamke: NH<br \/>\nTe\u017ea tkanine: 300 gramov<br \/>\nIme izdelka: Dolgimi rokavi ohlapno Hoodie obleko<br \/>\nKlju\u010dne besede:Hoodie obleka z \u017eepi<br \/>\nPla\u010dilo: zagotovilo o trgovini<br \/>\n\u010cas dostave: 7-15 dni<br \/>\nPakiranje: 1pc\/Opp vre\u010dko<br \/>\nStoritev: 24 ur na spletu<br \/>\n\u010cas vzor\u010denja: 5 ~ 7 dni<br \/>\nPO\u0160ILJKA: DHL FEDEX UPS EMS TNT<br \/>\nVzorec: Vzorec je na voljo<br \/>\nTiskanje: tiskanje po meri<br \/>\nProdajne enote: en kos<br \/>\nVelikost posameznega paketa: 23X13X16 cm<br \/>\nEnotna bruto te\u017ea: 0,800 kg<\/p>\n<p><img decoding=\"async\" class=\"alignnone size-full\" src=\"http:\/\/wxnuohui.com\/wp-content\/uploads\/2025\/09\/detail_pic_0-162.jpg\" width=\"790\" alt=\"\"\/><\/p>\n<p><img decoding=\"async\" class=\"alignnone size-full\" src=\"http:\/\/wxnuohui.com\/wp-content\/uploads\/2025\/09\/detail_pic_1-180.jpg\" width=\"790\" alt=\"\"\/><\/p>\n<p><img decoding=\"async\" class=\"alignnone size-full\" src=\"http:\/\/wxnuohui.com\/wp-content\/uploads\/2025\/09\/detail_pic_2-188.jpg\" width=\"790\" alt=\"\"\/><\/p>\n<p><img decoding=\"async\" class=\"alignnone size-full\" src=\"http:\/\/wxnuohui.com\/wp-content\/uploads\/2025\/09\/detail_pic_3-222.jpg\" width=\"790\" alt=\"\"\/><\/p>\n<p><img decoding=\"async\" class=\"alignnone size-full\" src=\"http:\/\/wxnuohui.com\/wp-content\/uploads\/2025\/09\/detail_pic_4-213.jpg\" width=\"790\" alt=\"\"\/><\/p>\n<p><img decoding=\"async\" class=\"alignnone size-full\" src=\"http:\/\/wxnuohui.com\/wp-content\/uploads\/2025\/09\/detail_pic_5-256.jpg\" width=\"790\" alt=\"\"\/><\/p>\n<p><img decoding=\"async\" class=\"alignnone size-full\" src=\"http:\/\/wxnuohui.com\/wp-content\/uploads\/2025\/09\/detail_pic_6-179.jpg\" width=\"790\" alt=\"\"\/><\/p>\n<p><img decoding=\"async\" class=\"alignnone size-full\" src=\"http:\/\/wxnuohui.com\/wp-content\/uploads\/2025\/09\/detail_pic_7-146.jpg\" width=\"790\" alt=\"\"\/><\/p>\n<p><img decoding=\"async\" class=\"alignnone size-full\" src=\"http:\/\/wxnuohui.com\/wp-content\/uploads\/2025\/09\/detail_pic_8-159.jpg\" width=\"790\" alt=\"\"\/><\/p>\n<p><img decoding=\"async\" class=\"alignnone size-full\" src=\"http:\/\/wxnuohui.com\/wp-content\/uploads\/2025\/09\/detail_pic_9-164.jpg\" width=\"790\" alt=\"\"\/><\/p>\n<p><img decoding=\"async\" class=\"alignnone size-full\" src=\"http:\/\/wxnuohui.com\/wp-content\/uploads\/2025\/09\/detail_pic_10-6.png\" width=\"790\" alt=\"\"\/><\/p>\n<p><img decoding=\"async\" class=\"alignnone size-full\" src=\"http:\/\/wxnuohui.com\/wp-content\/uploads\/2025\/09\/detail_pic_11-279.jpg\" width=\"790\" alt=\"\"\/><\/p>\n<p><img decoding=\"async\" class=\"alignnone size-full\" src=\"http:\/\/wxnuohui.com\/wp-content\/uploads\/2025\/09\/detail_pic_12-277.jpg\" width=\"790\" alt=\"\"\/><\/p>\n<p><img decoding=\"async\" class=\"alignnone size-full\" src=\"http:\/\/wxnuohui.com\/wp-content\/uploads\/2025\/09\/detail_pic_13-261.jpg\" width=\"790\" alt=\"\"\/><\/p>","protected":false},"excerpt":{"rendered":"<p>Novi prihodi Zimska trgovina na debelo obleko Plus velikost \u017eenske obla\u010dila Elegantno prilo\u017enostne Hoodie obleko z dolgimi rokavi z \u017eepi prilo\u017enostne obleke<\/p>","protected":false},"featured_media":9453,"template":"","meta":[],"product_brand":[],"product_cat":[27],"product_tag":[],"class_list":{"0":"post-12317","1":"product","2":"type-product","3":"status-publish","4":"has-post-thumbnail","6":"product_cat-hoodie","8":"first","9":"outofstock","10":"shipping-taxable","11":"product-type-variable"},"_links":{"self":[{"href":"https:\/\/wxnuohui.com\/sl\/wp-json\/wp\/v2\/product\/12317","targetHints":{"allow":["GET"]}}],"collection":[{"href":"https:\/\/wxnuohui.com\/sl\/wp-json\/wp\/v2\/product"}],"about":[{"href":"https:\/\/wxnuohui.com\/sl\/wp-json\/wp\/v2\/types\/product"}],"wp:featuredmedia":[{"embeddable":true,"href":"https:\/\/wxnuohui.com\/sl\/wp-json\/wp\/v2\/media\/9453"}],"wp:attachment":[{"href":"https:\/\/wxnuohui.com\/sl\/wp-json\/wp\/v2\/media?parent=12317"}],"wp:term":[{"taxonomy":"product_brand","embeddable":true,"href":"https:\/\/wxnuohui.com\/sl\/wp-json\/wp\/v2\/product_brand?post=12317"},{"taxonomy":"product_cat","embeddable":true,"href":"https:\/\/wxnuohui.com\/sl\/wp-json\/wp\/v2\/product_cat?post=12317"},{"taxonomy":"product_tag","embeddable":true,"href":"https:\/\/wxnuohui.com\/sl\/wp-json\/wp\/v2\/product_tag?post=12317"}],"curies":[{"name":"wp","href":"https:\/\/api.w.org\/{rel}","templated":true}]}}