{"id":9209,"date":"2025-09-13T06:21:09","date_gmt":"2025-09-13T06:21:09","guid":{"rendered":"https:\/\/wxnuohui.com\/product\/enyen-summer-spring-casual-bodycon-plaid-print-playsuit-women-slip-one-piece-sleeveless-square-collar-sexy-jumpsuit-for-women\/"},"modified":"2025-09-13T06:21:09","modified_gmt":"2025-09-13T06:21:09","slug":"enyen-summer-spring-casual-bodycon-plaid-print-playsuit-women-slip-one-piece-sleeveless-square-collar-sexy-jumpsuit-for-women","status":"publish","type":"product","link":"https:\/\/wxnuohui.com\/ro\/product\/enyen-summer-spring-casual-bodycon-plaid-print-playsuit-women-slip-one-piece-sleeveless-square-collar-sexy-jumpsuit-for-women\/","title":{"rendered":"Enyen Summer Spring Casual Bodycon Plaid Print Playsuit Women Slip One-piece Sleeveless Square Collar Sexy Jumpsuit pentru femei"},"content":{"rendered":"<p>Tip de potrivire:Regular<br \/>\nStil:Casual<br \/>\nSezonul:Vara<br \/>\nGuler: O-Neck<br \/>\nMaterial: Spandex \/ Poliester<br \/>\nMetode de imprimare: Imprimare cu ecran de m\u0103tase<br \/>\nTip:salopet\u0103 yoga<br \/>\nOcazie:ClubWear<br \/>\nLungimea m\u00e2necii (cm): f\u0103r\u0103 m\u00e2neci<br \/>\nLinia taliei: talie \u00eenalt\u0103<br \/>\nDetectarea acului: Da<br \/>\nTip aprovizionare: Oem Service<br \/>\nCaracteristic\u0103: Anti-Pilling, Respirabil, Eco-Friendly<br \/>\nModel:Imprimare<br \/>\nMetoda de \u021besut: tricotat<br \/>\nGen:Femei<br \/>\nLungime:Midi<br \/>\nTehnici: Imprimate<br \/>\nDecora\u021biune: dung\u0103 lateral\u0103, imprimat\u0103<br \/>\nTip \u021bes\u0103tur\u0103:Poliester<br \/>\nGreutatea \u021bes\u0103turii: 260 grame<br \/>\nStil m\u00e2nec\u0103:nu<br \/>\nLocul de origine: Jiangsu, China<br \/>\nNum\u0103r model:Salopeta pentru femei-664289389257<br \/>\nNume de marc\u0103: NH-669831915287<br \/>\nUnit\u0103\u021bi de v\u00e2nzare: Articol unic<br \/>\nDimensiunea pachetului unic: 18X13X14 cm<br \/>\nGreutate brut\u0103 unic\u0103: 0,400 kg<\/p>\n<p><img decoding=\"async\" class=\"alignnone size-full\" src=\"http:\/\/wxnuohui.com\/wp-content\/uploads\/2025\/09\/detail_pic_0-138.jpg\" width=\"790\" alt=\"\"\/><\/p>\n<p><img decoding=\"async\" class=\"alignnone size-full\" src=\"http:\/\/wxnuohui.com\/wp-content\/uploads\/2025\/09\/detail_pic_1-157.jpg\" width=\"790\" alt=\"\"\/><\/p>\n<p><img decoding=\"async\" class=\"alignnone size-full\" src=\"http:\/\/wxnuohui.com\/wp-content\/uploads\/2025\/09\/detail_pic_2-163.jpg\" width=\"790\" alt=\"\"\/><\/p>\n<p><img decoding=\"async\" class=\"alignnone size-full\" src=\"http:\/\/wxnuohui.com\/wp-content\/uploads\/2025\/09\/detail_pic_3-198.jpg\" width=\"790\" alt=\"\"\/><\/p>\n<p><img decoding=\"async\" class=\"alignnone size-full\" src=\"http:\/\/wxnuohui.com\/wp-content\/uploads\/2025\/09\/detail_pic_4-189.jpg\" width=\"790\" alt=\"\"\/><\/p>\n<p><img decoding=\"async\" class=\"alignnone size-full\" src=\"http:\/\/wxnuohui.com\/wp-content\/uploads\/2025\/09\/detail_pic_5-232.jpg\" width=\"790\" alt=\"\"\/><\/p>\n<p><img decoding=\"async\" class=\"alignnone size-full\" src=\"http:\/\/wxnuohui.com\/wp-content\/uploads\/2025\/09\/detail_pic_6-154.jpg\" width=\"790\" alt=\"\"\/><\/p>\n<p><img decoding=\"async\" class=\"alignnone size-full\" src=\"http:\/\/wxnuohui.com\/wp-content\/uploads\/2025\/09\/detail_pic_7-124.jpg\" width=\"790\" alt=\"\"\/><\/p>\n<p><img decoding=\"async\" class=\"alignnone size-full\" src=\"http:\/\/wxnuohui.com\/wp-content\/uploads\/2025\/09\/detail_pic_8-136.jpg\" width=\"790\" alt=\"\"\/><\/p>\n<p><img decoding=\"async\" class=\"alignnone size-full\" src=\"http:\/\/wxnuohui.com\/wp-content\/uploads\/2025\/09\/detail_pic_9-105.png\" width=\"790\" alt=\"\"\/><\/p>\n<p><img decoding=\"async\" class=\"alignnone size-full\" src=\"http:\/\/wxnuohui.com\/wp-content\/uploads\/2025\/09\/detail_pic_10-259.jpg\" width=\"790\" alt=\"\"\/><\/p>\n<p><img decoding=\"async\" class=\"alignnone size-full\" src=\"http:\/\/wxnuohui.com\/wp-content\/uploads\/2025\/09\/detail_pic_11-254.jpg\" width=\"790\" alt=\"\"\/><\/p>\n<p><img decoding=\"async\" class=\"alignnone size-full\" src=\"http:\/\/wxnuohui.com\/wp-content\/uploads\/2025\/09\/detail_pic_12-252.jpg\" width=\"790\" alt=\"\"\/><\/p>\n<p><img decoding=\"async\" class=\"alignnone size-full\" src=\"http:\/\/wxnuohui.com\/wp-content\/uploads\/2025\/09\/detail_pic_13-239.jpg\" width=\"790\" alt=\"\"\/><\/p>\n<p><img decoding=\"async\" class=\"alignnone size-full\" src=\"http:\/\/wxnuohui.com\/wp-content\/uploads\/2025\/09\/detail_pic_14-69.png\" width=\"790\" alt=\"\"\/><\/p>\n<p><img decoding=\"async\" class=\"alignnone size-full\" src=\"http:\/\/wxnuohui.com\/wp-content\/uploads\/2025\/09\/detail_pic_15-242.jpg\" width=\"790\" alt=\"\"\/><\/p>\n<p><img decoding=\"async\" class=\"alignnone size-full\" src=\"http:\/\/wxnuohui.com\/wp-content\/uploads\/2025\/09\/detail_pic_16-195.jpg\" width=\"790\" alt=\"\"\/><\/p>\n<p><img decoding=\"async\" class=\"alignnone size-full\" src=\"http:\/\/wxnuohui.com\/wp-content\/uploads\/2025\/09\/detail_pic_17-194.jpg\" width=\"790\" alt=\"\"\/><\/p>","protected":false},"excerpt":{"rendered":"<p>Enyen Summer Spring Casual Bodycon Plaid Print Playsuit Women Slip One-piece Sleeveless Square Collar Sexy Jumpsuit pentru femei<\/p>","protected":false},"featured_media":8689,"template":"","meta":[],"product_brand":[],"product_cat":[22],"product_tag":[],"class_list":{"0":"post-9209","1":"product","2":"type-product","3":"status-publish","4":"has-post-thumbnail","6":"product_cat-women-set","8":"first","9":"outofstock","10":"shipping-taxable","11":"product-type-variable"},"_links":{"self":[{"href":"https:\/\/wxnuohui.com\/ro\/wp-json\/wp\/v2\/product\/9209","targetHints":{"allow":["GET"]}}],"collection":[{"href":"https:\/\/wxnuohui.com\/ro\/wp-json\/wp\/v2\/product"}],"about":[{"href":"https:\/\/wxnuohui.com\/ro\/wp-json\/wp\/v2\/types\/product"}],"wp:featuredmedia":[{"embeddable":true,"href":"https:\/\/wxnuohui.com\/ro\/wp-json\/wp\/v2\/media\/8689"}],"wp:attachment":[{"href":"https:\/\/wxnuohui.com\/ro\/wp-json\/wp\/v2\/media?parent=9209"}],"wp:term":[{"taxonomy":"product_brand","embeddable":true,"href":"https:\/\/wxnuohui.com\/ro\/wp-json\/wp\/v2\/product_brand?post=9209"},{"taxonomy":"product_cat","embeddable":true,"href":"https:\/\/wxnuohui.com\/ro\/wp-json\/wp\/v2\/product_cat?post=9209"},{"taxonomy":"product_tag","embeddable":true,"href":"https:\/\/wxnuohui.com\/ro\/wp-json\/wp\/v2\/product_tag?post=9209"}],"curies":[{"name":"wp","href":"https:\/\/api.w.org\/{rel}","templated":true}]}}