{"id":9204,"date":"2025-09-13T06:21:06","date_gmt":"2025-09-13T06:21:06","guid":{"rendered":"https:\/\/wxnuohui.com\/product\/women-spring-summer-plaid-print-playsuit-sleeveless-square-collar-plus-size-cami-jumpsuit\/"},"modified":"2025-09-13T06:21:06","modified_gmt":"2025-09-13T06:21:06","slug":"women-spring-summer-plaid-print-playsuit-sleeveless-square-collar-plus-size-cami-jumpsuit","status":"publish","type":"product","link":"https:\/\/wxnuohui.com\/ro\/product\/women-spring-summer-plaid-print-playsuit-sleeveless-square-collar-plus-size-cami-jumpsuit\/","title":{"rendered":"Femei de prim\u0103var\u0103 de var\u0103 Plaid Print Playsuit f\u0103r\u0103 m\u00e2neci Square Collar Plus Dimensiune Cami Jumpsuit"},"content":{"rendered":"<p>Tip de potrivire:Regular<br \/>\nStil:Casual<br \/>\nSezonul:Vara<br \/>\nGuler: O-Neck<br \/>\nMaterial: Spandex \/ Poliester<br \/>\nMetode de imprimare: Imprimare cu ecran de m\u0103tase<br \/>\nTip:salopet\u0103 yoga<br \/>\nOcazie:ClubWear<br \/>\nLungimea m\u00e2necii (cm): f\u0103r\u0103 m\u00e2neci<br \/>\nLinia taliei: talie \u00eenalt\u0103<br \/>\nDetectarea acului: Da<br \/>\nTip aprovizionare: Oem Service<br \/>\nCaracteristic\u0103: Anti-Pilling, Respirabil, Eco-Friendly<br \/>\nModel:Imprimare<br \/>\nMetoda de \u021besut: tricotat<br \/>\nGen:Femei<br \/>\nLungime:Midi<br \/>\nTehnici: Imprimate<br \/>\nDecora\u021biune: dung\u0103 lateral\u0103, imprimat\u0103<br \/>\nTip \u021bes\u0103tur\u0103:Poliester<br \/>\nGreutatea \u021bes\u0103turii: 260 grame<br \/>\nStilul man\u0219onului:NU<br \/>\nLocul de origine: Jiangsu, China<br \/>\nNum\u0103r model:Cami Jumpsuit-664289389257<br \/>\nNume de marc\u0103: NH-669831915287<br \/>\nUnit\u0103\u021bi de v\u00e2nzare: Articol unic<br \/>\nDimensiunea pachetului unic: 18X13X14 cm<br \/>\nGreutate brut\u0103 unic\u0103: 0,400 kg<\/p>\n<p><img decoding=\"async\" class=\"alignnone size-full\" src=\"http:\/\/wxnuohui.com\/wp-content\/uploads\/2025\/09\/detail_pic_0-133.jpg\" width=\"790\" alt=\"\"\/><\/p>\n<p><img decoding=\"async\" class=\"alignnone size-full\" src=\"http:\/\/wxnuohui.com\/wp-content\/uploads\/2025\/09\/detail_pic_1-152.jpg\" width=\"790\" alt=\"\"\/><\/p>\n<p><img decoding=\"async\" class=\"alignnone size-full\" src=\"http:\/\/wxnuohui.com\/wp-content\/uploads\/2025\/09\/detail_pic_2-158.jpg\" width=\"790\" alt=\"\"\/><\/p>\n<p><img decoding=\"async\" class=\"alignnone size-full\" src=\"http:\/\/wxnuohui.com\/wp-content\/uploads\/2025\/09\/detail_pic_3-193.jpg\" width=\"790\" alt=\"\"\/><\/p>\n<p><img decoding=\"async\" class=\"alignnone size-full\" src=\"http:\/\/wxnuohui.com\/wp-content\/uploads\/2025\/09\/detail_pic_4-184.jpg\" width=\"790\" alt=\"\"\/><\/p>\n<p><img decoding=\"async\" class=\"alignnone size-full\" src=\"http:\/\/wxnuohui.com\/wp-content\/uploads\/2025\/09\/detail_pic_5-227.jpg\" width=\"790\" alt=\"\"\/><\/p>\n<p><img decoding=\"async\" class=\"alignnone size-full\" src=\"http:\/\/wxnuohui.com\/wp-content\/uploads\/2025\/09\/detail_pic_6-149.jpg\" width=\"790\" alt=\"\"\/><\/p>\n<p><img decoding=\"async\" class=\"alignnone size-full\" src=\"http:\/\/wxnuohui.com\/wp-content\/uploads\/2025\/09\/detail_pic_7-119.jpg\" width=\"790\" alt=\"\"\/><\/p>\n<p><img decoding=\"async\" class=\"alignnone size-full\" src=\"http:\/\/wxnuohui.com\/wp-content\/uploads\/2025\/09\/detail_pic_8-131.jpg\" width=\"790\" alt=\"\"\/><\/p>\n<p><img decoding=\"async\" class=\"alignnone size-full\" src=\"http:\/\/wxnuohui.com\/wp-content\/uploads\/2025\/09\/detail_pic_9-100.png\" width=\"790\" alt=\"\"\/><\/p>\n<p><img decoding=\"async\" class=\"alignnone size-full\" src=\"http:\/\/wxnuohui.com\/wp-content\/uploads\/2025\/09\/detail_pic_10-254.jpg\" width=\"790\" alt=\"\"\/><\/p>\n<p><img decoding=\"async\" class=\"alignnone size-full\" src=\"http:\/\/wxnuohui.com\/wp-content\/uploads\/2025\/09\/detail_pic_11-249.jpg\" width=\"790\" alt=\"\"\/><\/p>\n<p><img decoding=\"async\" class=\"alignnone size-full\" src=\"http:\/\/wxnuohui.com\/wp-content\/uploads\/2025\/09\/detail_pic_12-247.jpg\" width=\"790\" alt=\"\"\/><\/p>\n<p><img decoding=\"async\" class=\"alignnone size-full\" src=\"http:\/\/wxnuohui.com\/wp-content\/uploads\/2025\/09\/detail_pic_13-234.jpg\" width=\"790\" alt=\"\"\/><\/p>\n<p><img decoding=\"async\" class=\"alignnone size-full\" src=\"http:\/\/wxnuohui.com\/wp-content\/uploads\/2025\/09\/detail_pic_14-64.png\" width=\"790\" alt=\"\"\/><\/p>\n<p><img decoding=\"async\" class=\"alignnone size-full\" src=\"http:\/\/wxnuohui.com\/wp-content\/uploads\/2025\/09\/detail_pic_15-237.jpg\" width=\"790\" alt=\"\"\/><\/p>\n<p><img decoding=\"async\" class=\"alignnone size-full\" src=\"http:\/\/wxnuohui.com\/wp-content\/uploads\/2025\/09\/detail_pic_16-190.jpg\" width=\"790\" alt=\"\"\/><\/p>\n<p><img decoding=\"async\" class=\"alignnone size-full\" src=\"http:\/\/wxnuohui.com\/wp-content\/uploads\/2025\/09\/detail_pic_17-189.jpg\" width=\"790\" alt=\"\"\/><\/p>","protected":false},"excerpt":{"rendered":"<p>Femei de prim\u0103var\u0103 de var\u0103 Plaid Print Playsuit f\u0103r\u0103 m\u00e2neci Square Collar Plus Dimensiune Cami Jumpsuit<\/p>","protected":false},"featured_media":8564,"template":"","meta":[],"product_brand":[],"product_cat":[22],"product_tag":[],"class_list":{"0":"post-9204","1":"product","2":"type-product","3":"status-publish","4":"has-post-thumbnail","6":"product_cat-women-set","8":"first","9":"outofstock","10":"shipping-taxable","11":"product-type-variable"},"_links":{"self":[{"href":"https:\/\/wxnuohui.com\/ro\/wp-json\/wp\/v2\/product\/9204","targetHints":{"allow":["GET"]}}],"collection":[{"href":"https:\/\/wxnuohui.com\/ro\/wp-json\/wp\/v2\/product"}],"about":[{"href":"https:\/\/wxnuohui.com\/ro\/wp-json\/wp\/v2\/types\/product"}],"wp:featuredmedia":[{"embeddable":true,"href":"https:\/\/wxnuohui.com\/ro\/wp-json\/wp\/v2\/media\/8564"}],"wp:attachment":[{"href":"https:\/\/wxnuohui.com\/ro\/wp-json\/wp\/v2\/media?parent=9204"}],"wp:term":[{"taxonomy":"product_brand","embeddable":true,"href":"https:\/\/wxnuohui.com\/ro\/wp-json\/wp\/v2\/product_brand?post=9204"},{"taxonomy":"product_cat","embeddable":true,"href":"https:\/\/wxnuohui.com\/ro\/wp-json\/wp\/v2\/product_cat?post=9204"},{"taxonomy":"product_tag","embeddable":true,"href":"https:\/\/wxnuohui.com\/ro\/wp-json\/wp\/v2\/product_tag?post=9204"}],"curies":[{"name":"wp","href":"https:\/\/api.w.org\/{rel}","templated":true}]}}