{"id":9180,"date":"2025-09-13T06:20:50","date_gmt":"2025-09-13T06:20:50","guid":{"rendered":"https:\/\/wxnuohui.com\/product\/wholesale-custom-logo-fashion-womens-2-piece-crop-top-sweatpants-and-hoodies-set\/"},"modified":"2025-09-13T06:20:51","modified_gmt":"2025-09-13T06:20:51","slug":"wholesale-custom-logo-fashion-womens-2-piece-crop-top-sweatpants-and-hoodies-set","status":"publish","type":"product","link":"https:\/\/wxnuohui.com\/ro\/product\/wholesale-custom-logo-fashion-womens-2-piece-crop-top-sweatpants-and-hoodies-set\/","title":{"rendered":"Comer\u021b cu ridicata Logo personalizat Moda Womens 2 Piece Crop Top Sweatpants \u0219i Hoodies Set"},"content":{"rendered":"<p>Tip \u021bes\u0103tur\u0103: Bumbac \/ Poliester<br \/>\nMaterial: Bumbac\/ Poliester<br \/>\nGreutatea \u021bes\u0103turii: 260 grame<br \/>\nTip model:Solid<br \/>\nLungime maneca: Complet<br \/>\nGuler:Stand<br \/>\nStil:Casual<br \/>\nDesign:F\u0103r\u0103 c\u0103ptu\u0219eal\u0103<br \/>\nSezonul:Toamna<br \/>\nStil de maneca:Regular<br \/>\nLungime \u00eembr\u0103c\u0103minte:Scurt<br \/>\nCaracteristic\u0103: Anti-rid, Anti-Pilling, Respirabil, Eco-Friendly, Anti-Shrink<br \/>\nGen:Femei<br \/>\nPozi\u021bia logo-ului: fa\u021b\u0103, spate, m\u00e2neca st\u00e2ng\u0103, m\u00e2neca dreapt\u0103, tivul inferior, spatele g\u00e2tului<br \/>\nLogo \/ design grafic: serigrafie de m\u0103tase, imprimare digital\u0103, imprimare prin transfer de c\u0103ldur\u0103, brodat, imprimare puf<br \/>\nDecora\u021biuni: buzunare<br \/>\nTip aprovizionare: Oem Service<br \/>\n7 zile e\u0219antion de comand\u0103 timp de plumb: Suport<br \/>\nTehnici: Plain Dyed<br \/>\nMetode de imprimare:Niciuna<br \/>\nMetoda de \u021besut: tricotat<br \/>\nDetectarea acului: Da<br \/>\nNum\u0103r model: Hoodies Set<br \/>\nLocul de origine: Jiangsu, China<br \/>\nNume de marc\u0103: NH-660315556640<br \/>\nGreutatea \u021bes\u0103turii: 260 grame<br \/>\nUnit\u0103\u021bi de v\u00e2nzare: Articol unic<br \/>\nDimensiunea pachetului unic: 26X15X18 cm<br \/>\nGreutate brut\u0103 unic\u0103: 0,800 kg<\/p>\n<p><img decoding=\"async\" class=\"alignnone size-full\" src=\"http:\/\/wxnuohui.com\/wp-content\/uploads\/2025\/09\/detail_pic_0-110.jpg\" width=\"790\" alt=\"\"\/><\/p>\n<p><img decoding=\"async\" class=\"alignnone size-full\" src=\"http:\/\/wxnuohui.com\/wp-content\/uploads\/2025\/09\/detail_pic_1-130.jpg\" width=\"790\" alt=\"\"\/><\/p>\n<p><img decoding=\"async\" class=\"alignnone size-full\" src=\"http:\/\/wxnuohui.com\/wp-content\/uploads\/2025\/09\/detail_pic_2-136.jpg\" width=\"790\" alt=\"\"\/><\/p>\n<p><img decoding=\"async\" class=\"alignnone size-full\" src=\"http:\/\/wxnuohui.com\/wp-content\/uploads\/2025\/09\/detail_pic_3-171.jpg\" width=\"790\" alt=\"\"\/><\/p>\n<p><img decoding=\"async\" class=\"alignnone size-full\" src=\"http:\/\/wxnuohui.com\/wp-content\/uploads\/2025\/09\/detail_pic_4-162.jpg\" width=\"790\" alt=\"\"\/><\/p>\n<p><img decoding=\"async\" class=\"alignnone size-full\" src=\"http:\/\/wxnuohui.com\/wp-content\/uploads\/2025\/09\/detail_pic_5-204.jpg\" width=\"790\" alt=\"\"\/><\/p>\n<p><img decoding=\"async\" class=\"alignnone size-full\" src=\"http:\/\/wxnuohui.com\/wp-content\/uploads\/2025\/09\/detail_pic_6-134.jpg\" width=\"790\" alt=\"\"\/><\/p>\n<p><img decoding=\"async\" class=\"alignnone size-full\" src=\"http:\/\/wxnuohui.com\/wp-content\/uploads\/2025\/09\/detail_pic_7-121.png\" width=\"790\" alt=\"\"\/><\/p>\n<p><img decoding=\"async\" class=\"alignnone size-full\" src=\"http:\/\/wxnuohui.com\/wp-content\/uploads\/2025\/09\/detail_pic_8-103.png\" width=\"790\" alt=\"\"\/><\/p>\n<p><img decoding=\"async\" class=\"alignnone size-full\" src=\"http:\/\/wxnuohui.com\/wp-content\/uploads\/2025\/09\/detail_pic_9-84.png\" width=\"790\" alt=\"\"\/><\/p>\n<p><img decoding=\"async\" class=\"alignnone size-full\" src=\"http:\/\/wxnuohui.com\/wp-content\/uploads\/2025\/09\/detail_pic_10-230.jpg\" width=\"790\" alt=\"\"\/><\/p>\n<p><img decoding=\"async\" class=\"alignnone size-full\" src=\"http:\/\/wxnuohui.com\/wp-content\/uploads\/2025\/09\/detail_pic_11-225.jpg\" width=\"790\" alt=\"\"\/><\/p>\n<p><img decoding=\"async\" class=\"alignnone size-full\" src=\"http:\/\/wxnuohui.com\/wp-content\/uploads\/2025\/09\/detail_pic_12-223.jpg\" width=\"790\" alt=\"\"\/><\/p>\n<p><img decoding=\"async\" class=\"alignnone size-full\" src=\"http:\/\/wxnuohui.com\/wp-content\/uploads\/2025\/09\/detail_pic_13-219.jpg\" width=\"790\" alt=\"\"\/><\/p>\n<p><img decoding=\"async\" class=\"alignnone size-full\" src=\"http:\/\/wxnuohui.com\/wp-content\/uploads\/2025\/09\/detail_pic_14-49.png\" width=\"790\" alt=\"\"\/><\/p>\n<p><img decoding=\"async\" class=\"alignnone size-full\" src=\"http:\/\/wxnuohui.com\/wp-content\/uploads\/2025\/09\/detail_pic_15-214.jpg\" width=\"790\" alt=\"\"\/><\/p>\n<p><img decoding=\"async\" class=\"alignnone size-full\" src=\"http:\/\/wxnuohui.com\/wp-content\/uploads\/2025\/09\/detail_pic_16-167.jpg\" width=\"790\" alt=\"\"\/><\/p>\n<p><img decoding=\"async\" class=\"alignnone size-full\" src=\"http:\/\/wxnuohui.com\/wp-content\/uploads\/2025\/09\/detail_pic_17-174.jpg\" width=\"790\" alt=\"\"\/><\/p>","protected":false},"excerpt":{"rendered":"<p>Comer\u021b cu ridicata Logo personalizat Moda Womens 2 Piece Crop Top Sweatpants \u0219i Hoodies Set<\/p>","protected":false},"featured_media":7977,"template":"","meta":[],"product_brand":[],"product_cat":[22],"product_tag":[],"class_list":{"0":"post-9180","1":"product","2":"type-product","3":"status-publish","4":"has-post-thumbnail","6":"product_cat-women-set","8":"first","9":"outofstock","10":"shipping-taxable","11":"product-type-variable"},"_links":{"self":[{"href":"https:\/\/wxnuohui.com\/ro\/wp-json\/wp\/v2\/product\/9180","targetHints":{"allow":["GET"]}}],"collection":[{"href":"https:\/\/wxnuohui.com\/ro\/wp-json\/wp\/v2\/product"}],"about":[{"href":"https:\/\/wxnuohui.com\/ro\/wp-json\/wp\/v2\/types\/product"}],"wp:featuredmedia":[{"embeddable":true,"href":"https:\/\/wxnuohui.com\/ro\/wp-json\/wp\/v2\/media\/7977"}],"wp:attachment":[{"href":"https:\/\/wxnuohui.com\/ro\/wp-json\/wp\/v2\/media?parent=9180"}],"wp:term":[{"taxonomy":"product_brand","embeddable":true,"href":"https:\/\/wxnuohui.com\/ro\/wp-json\/wp\/v2\/product_brand?post=9180"},{"taxonomy":"product_cat","embeddable":true,"href":"https:\/\/wxnuohui.com\/ro\/wp-json\/wp\/v2\/product_cat?post=9180"},{"taxonomy":"product_tag","embeddable":true,"href":"https:\/\/wxnuohui.com\/ro\/wp-json\/wp\/v2\/product_tag?post=9180"}],"curies":[{"name":"wp","href":"https:\/\/api.w.org\/{rel}","templated":true}]}}