{"id":9171,"date":"2025-09-13T06:20:39","date_gmt":"2025-09-13T06:20:39","guid":{"rendered":"https:\/\/wxnuohui.com\/product\/fall-autumn-ladies-clothing-casual-solid-hoodie-jogger-suit-womens-sweat-pocket-crop-sweatsuit-2-piece-pants-sets\/"},"modified":"2025-09-13T06:20:47","modified_gmt":"2025-09-13T06:20:47","slug":"fall-autumn-ladies-clothing-casual-solid-hoodie-jogger-suit-womens-sweat-pocket-crop-sweatsuit-2-piece-pants-sets","status":"publish","type":"product","link":"https:\/\/wxnuohui.com\/ro\/product\/fall-autumn-ladies-clothing-casual-solid-hoodie-jogger-suit-womens-sweat-pocket-crop-sweatsuit-2-piece-pants-sets\/","title":{"rendered":"Toamna Toamna Doamnelor \u00cembr\u0103c\u0103minte Casual Solid Hoodie Jogger Suit Womens Sweat Pocket Crop Sweatsuit 2 Piece Pants Sets"},"content":{"rendered":"<p>Gen:Femei<br \/>\nSezonul:Toamna<br \/>\nDecora\u021biuni: buzunare<br \/>\nTip \u021bes\u0103tur\u0103: tricotat<br \/>\nMaterial: Poliester \/ Bumbac<br \/>\nTip: Set lung din 2 piese<br \/>\nLungime topuri: Regular<br \/>\nMetode de imprimare:Niciuna<br \/>\nTip model:Solid<br \/>\nLungime maneca: Complet<br \/>\nTip top:Top<br \/>\n7 zile e\u0219antion de comand\u0103 timp de plumb: Suport<br \/>\nCaracteristic\u0103: Respirabil, Eco-Friendly<br \/>\nLungime: deasupra genunchiului<br \/>\nTip aprovizionare: Oem Service<br \/>\nTip de potrivire:Regular<br \/>\nTehnici: Plain Dyed<br \/>\nMetoda de \u021besut: tricotat<br \/>\nGuler: O-Neck<br \/>\nStil:Casual<br \/>\nGreutate \u021bes\u0103tur\u0103: 280 grame<br \/>\nNum\u0103r model: Seturi de pantaloni din 2 piese<br \/>\nLocul de origine: Jiangsu, China<br \/>\nNume de marc\u0103: NH<br \/>\nNumele produsului: Womens Sweat Pocket Crop Sweatsuit<br \/>\nCuvinte cheie:Set de pantaloni 2 piese<br \/>\nServiciu: 24 de ore online<br \/>\nPlat\u0103: Trade Assurance<br \/>\nImprimare:Proiecte personalizate de imprimare<br \/>\nMostr\u0103: 3-5 zile<br \/>\nAmbalare: 1 buc \/ polybag<br \/>\nTimp de livrare: 7 ~ 15 zile<br \/>\nEtichet\u0103 \u0219i logo: Accpet personalizat<br \/>\nTransport: DHLEMSUPSFEDEXprin Seaby Air<br \/>\nUnit\u0103\u021bi de v\u00e2nzare: Articol unic<br \/>\nDimensiunea pachetului unic: 23X13X16 cm<br \/>\nGreutate brut\u0103 unic\u0103: 0,800 kg<\/p>\n<p><img decoding=\"async\" class=\"alignnone size-full\" src=\"http:\/\/wxnuohui.com\/wp-content\/uploads\/2025\/09\/detail_pic_0-114.png\" width=\"790\" alt=\"\"\/><\/p>\n<p><img decoding=\"async\" class=\"alignnone size-full\" src=\"http:\/\/wxnuohui.com\/wp-content\/uploads\/2025\/09\/detail_pic_1-125.jpg\" width=\"790\" alt=\"\"\/><\/p>\n<p><img decoding=\"async\" class=\"alignnone size-full\" src=\"http:\/\/wxnuohui.com\/wp-content\/uploads\/2025\/09\/detail_pic_2-131.jpg\" width=\"790\" alt=\"\"\/><\/p>\n<p><img decoding=\"async\" class=\"alignnone size-full\" src=\"http:\/\/wxnuohui.com\/wp-content\/uploads\/2025\/09\/detail_pic_3-166.jpg\" width=\"790\" alt=\"\"\/><\/p>\n<p><img decoding=\"async\" class=\"alignnone size-full\" src=\"http:\/\/wxnuohui.com\/wp-content\/uploads\/2025\/09\/detail_pic_4-157.jpg\" width=\"790\" alt=\"\"\/><\/p>\n<p><img decoding=\"async\" class=\"alignnone size-full\" src=\"http:\/\/wxnuohui.com\/wp-content\/uploads\/2025\/09\/detail_pic_5-200.jpg\" width=\"790\" alt=\"\"\/><\/p>\n<p><img decoding=\"async\" class=\"alignnone size-full\" src=\"http:\/\/wxnuohui.com\/wp-content\/uploads\/2025\/09\/detail_pic_6-131.jpg\" width=\"790\" alt=\"\"\/><\/p>\n<p><img decoding=\"async\" class=\"alignnone size-full\" src=\"http:\/\/wxnuohui.com\/wp-content\/uploads\/2025\/09\/detail_pic_7-116.png\" width=\"790\" alt=\"\"\/><\/p>\n<p><img decoding=\"async\" class=\"alignnone size-full\" src=\"http:\/\/wxnuohui.com\/wp-content\/uploads\/2025\/09\/detail_pic_8-99.png\" width=\"790\" alt=\"\"\/><\/p>\n<p><img decoding=\"async\" class=\"alignnone size-full\" src=\"http:\/\/wxnuohui.com\/wp-content\/uploads\/2025\/09\/detail_pic_9-80.png\" width=\"790\" alt=\"\"\/><\/p>\n<p><img decoding=\"async\" class=\"alignnone size-full\" src=\"http:\/\/wxnuohui.com\/wp-content\/uploads\/2025\/09\/detail_pic_10-224.jpg\" width=\"790\" alt=\"\"\/><\/p>\n<p><img decoding=\"async\" class=\"alignnone size-full\" src=\"http:\/\/wxnuohui.com\/wp-content\/uploads\/2025\/09\/detail_pic_11-219.jpg\" width=\"790\" alt=\"\"\/><\/p>\n<p><img decoding=\"async\" class=\"alignnone size-full\" src=\"http:\/\/wxnuohui.com\/wp-content\/uploads\/2025\/09\/detail_pic_12-218.jpg\" width=\"790\" alt=\"\"\/><\/p>\n<p><img decoding=\"async\" class=\"alignnone size-full\" src=\"http:\/\/wxnuohui.com\/wp-content\/uploads\/2025\/09\/detail_pic_13-213.jpg\" width=\"790\" alt=\"\"\/><\/p>\n<p><img decoding=\"async\" class=\"alignnone size-full\" src=\"http:\/\/wxnuohui.com\/wp-content\/uploads\/2025\/09\/detail_pic_14-44.png\" width=\"790\" alt=\"\"\/><\/p>\n<p><img decoding=\"async\" class=\"alignnone size-full\" src=\"http:\/\/wxnuohui.com\/wp-content\/uploads\/2025\/09\/detail_pic_15-208.jpg\" width=\"790\" alt=\"\"\/><\/p>\n<p><img decoding=\"async\" class=\"alignnone size-full\" src=\"http:\/\/wxnuohui.com\/wp-content\/uploads\/2025\/09\/detail_pic_16-162.jpg\" width=\"790\" alt=\"\"\/><\/p>\n<p><img decoding=\"async\" class=\"alignnone size-full\" src=\"http:\/\/wxnuohui.com\/wp-content\/uploads\/2025\/09\/detail_pic_17-169.jpg\" width=\"790\" alt=\"\"\/><\/p>","protected":false},"excerpt":{"rendered":"<p>Toamna Toamna Doamnelor \u00cembr\u0103c\u0103minte Casual Solid Hoodie Jogger Suit Womens Sweat Pocket Crop Sweatsuit 2 Piece Pants Sets<\/p>","protected":false},"featured_media":7829,"template":"","meta":[],"product_brand":[],"product_cat":[22],"product_tag":[],"class_list":{"0":"post-9171","1":"product","2":"type-product","3":"status-publish","4":"has-post-thumbnail","6":"product_cat-women-set","8":"first","9":"outofstock","10":"shipping-taxable","11":"product-type-variable"},"_links":{"self":[{"href":"https:\/\/wxnuohui.com\/ro\/wp-json\/wp\/v2\/product\/9171","targetHints":{"allow":["GET"]}}],"collection":[{"href":"https:\/\/wxnuohui.com\/ro\/wp-json\/wp\/v2\/product"}],"about":[{"href":"https:\/\/wxnuohui.com\/ro\/wp-json\/wp\/v2\/types\/product"}],"wp:featuredmedia":[{"embeddable":true,"href":"https:\/\/wxnuohui.com\/ro\/wp-json\/wp\/v2\/media\/7829"}],"wp:attachment":[{"href":"https:\/\/wxnuohui.com\/ro\/wp-json\/wp\/v2\/media?parent=9171"}],"wp:term":[{"taxonomy":"product_brand","embeddable":true,"href":"https:\/\/wxnuohui.com\/ro\/wp-json\/wp\/v2\/product_brand?post=9171"},{"taxonomy":"product_cat","embeddable":true,"href":"https:\/\/wxnuohui.com\/ro\/wp-json\/wp\/v2\/product_cat?post=9171"},{"taxonomy":"product_tag","embeddable":true,"href":"https:\/\/wxnuohui.com\/ro\/wp-json\/wp\/v2\/product_tag?post=9171"}],"curies":[{"name":"wp","href":"https:\/\/api.w.org\/{rel}","templated":true}]}}