{"id":9168,"date":"2025-09-13T06:20:37","date_gmt":"2025-09-13T06:20:37","guid":{"rendered":"https:\/\/wxnuohui.com\/product\/wholesale-sexy-women-summer-satin-vest-top-leisure-wear-drawstring-lingerie-shorts-sleepwear-two-piece-pajama-sets\/"},"modified":"2025-09-13T06:20:37","modified_gmt":"2025-09-13T06:20:37","slug":"wholesale-sexy-women-summer-satin-vest-top-leisure-wear-drawstring-lingerie-shorts-sleepwear-two-piece-pajama-sets","status":"publish","type":"product","link":"https:\/\/wxnuohui.com\/ro\/product\/wholesale-sexy-women-summer-satin-vest-top-leisure-wear-drawstring-lingerie-shorts-sleepwear-two-piece-pajama-sets\/","title":{"rendered":"Comer\u021b cu ridicata Sexy femei de var\u0103 Satin Vest Top petrecere a timpului liber purta cordon lenjerie Shorts Sleepwear dou\u0103 piese seturi de pijamale"},"content":{"rendered":"<p>Material:100% Poliester<br \/>\nTip \u021bes\u0103tur\u0103:Poliester<br \/>\nTip articol:Pijamale<br \/>\nDecolteu:Decolteu \u00een V<br \/>\nModel:Solid<br \/>\nSezon: var\u0103, prim\u0103var\u0103<br \/>\nLungime:Pantaloni scur\u021bi<br \/>\nTip \u00eenchidere:Buton Fly<br \/>\nCaracteristic\u0103:Respirabil, Uscare rapid\u0103, Termic<br \/>\nNum\u0103r de buc\u0103\u021bi:1<br \/>\nMetoda de \u021besut: tricotat<br \/>\nTehnic\u0103:Imprimat<br \/>\nTip de aprovizionare: ODM<br \/>\nLungime maneca:F\u0103r\u0103 m\u00e2neci<br \/>\nDetectarea acului: Da<br \/>\nNum\u0103r de model: Summer Pajama<br \/>\n7 zile e\u0219antion de comand\u0103 timp de plumb: Suport<br \/>\nMetoda de imprimare:Niciuna<br \/>\nGen:Femei<br \/>\nGreutate \u021bes\u0103tur\u0103: 140 grame<br \/>\nLocul de origine: Jiangsu, China<br \/>\nNume de marc\u0103: NH-629264355059<br \/>\nNumele produsului: Set de pijamale din dou\u0103 piese<br \/>\nCuvinte cheie:Summer Pajama<br \/>\nServiciu: 24 de ore online<br \/>\nPlat\u0103: Trade Assurance<br \/>\nImprimare:Proiecte personalizate de imprimare<br \/>\nMostr\u0103: 3-5 zile<br \/>\nAmbalare: 1 buc \/ polybag<br \/>\nTimp de livrare: 7 ~ 15 zile<br \/>\nEtichet\u0103 \u0219i logo: Accpet personalizat<br \/>\nTransport: DHLEMSUPSFEDEXprin Seaby Air<br \/>\nUnit\u0103\u021bi de v\u00e2nzare: Articol unic<br \/>\nDimensiunea pachetului unic: 18X13X14 cm<br \/>\nGreutate brut\u0103 unic\u0103: 0,400 kg<\/p>\n<p><img decoding=\"async\" class=\"alignnone size-full\" src=\"http:\/\/wxnuohui.com\/wp-content\/uploads\/2025\/09\/detail_pic_0-106.jpg\" width=\"790\" alt=\"\"\/><\/p>\n<p><img decoding=\"async\" class=\"alignnone size-full\" src=\"http:\/\/wxnuohui.com\/wp-content\/uploads\/2025\/09\/detail_pic_1-122.jpg\" width=\"790\" alt=\"\"\/><\/p>\n<p><img decoding=\"async\" class=\"alignnone size-full\" src=\"http:\/\/wxnuohui.com\/wp-content\/uploads\/2025\/09\/detail_pic_2-128.jpg\" width=\"790\" alt=\"\"\/><\/p>\n<p><img decoding=\"async\" class=\"alignnone size-full\" src=\"http:\/\/wxnuohui.com\/wp-content\/uploads\/2025\/09\/detail_pic_3-163.jpg\" width=\"790\" alt=\"\"\/><\/p>\n<p><img decoding=\"async\" class=\"alignnone size-full\" src=\"http:\/\/wxnuohui.com\/wp-content\/uploads\/2025\/09\/detail_pic_4-154.jpg\" width=\"790\" alt=\"\"\/><\/p>\n<p><img decoding=\"async\" class=\"alignnone size-full\" src=\"http:\/\/wxnuohui.com\/wp-content\/uploads\/2025\/09\/detail_pic_5-197.jpg\" width=\"790\" alt=\"\"\/><\/p>\n<p><img decoding=\"async\" class=\"alignnone size-full\" src=\"http:\/\/wxnuohui.com\/wp-content\/uploads\/2025\/09\/detail_pic_6-129.jpg\" width=\"790\" alt=\"\"\/><\/p>\n<p><img decoding=\"async\" class=\"alignnone size-full\" src=\"http:\/\/wxnuohui.com\/wp-content\/uploads\/2025\/09\/detail_pic_7-108.jpg\" width=\"790\" alt=\"\"\/><\/p>\n<p><img decoding=\"async\" class=\"alignnone size-full\" src=\"http:\/\/wxnuohui.com\/wp-content\/uploads\/2025\/09\/detail_pic_8-125.jpg\" width=\"790\" alt=\"\"\/><\/p>\n<p><img decoding=\"async\" class=\"alignnone size-full\" src=\"http:\/\/wxnuohui.com\/wp-content\/uploads\/2025\/09\/detail_pic_9-143.jpg\" width=\"790\" alt=\"\"\/><\/p>\n<p><img decoding=\"async\" class=\"alignnone size-full\" src=\"http:\/\/wxnuohui.com\/wp-content\/uploads\/2025\/09\/detail_pic_10-221.jpg\" width=\"790\" alt=\"\"\/><\/p>\n<p><img decoding=\"async\" class=\"alignnone size-full\" src=\"http:\/\/wxnuohui.com\/wp-content\/uploads\/2025\/09\/detail_pic_11-7.png\" width=\"790\" alt=\"\"\/><\/p>\n<p><img decoding=\"async\" class=\"alignnone size-full\" src=\"http:\/\/wxnuohui.com\/wp-content\/uploads\/2025\/09\/detail_pic_12-215.jpg\" width=\"790\" alt=\"\"\/><\/p>\n<p><img decoding=\"async\" class=\"alignnone size-full\" src=\"http:\/\/wxnuohui.com\/wp-content\/uploads\/2025\/09\/detail_pic_13-211.jpg\" width=\"790\" alt=\"\"\/><\/p>\n<p><img decoding=\"async\" class=\"alignnone size-full\" src=\"http:\/\/wxnuohui.com\/wp-content\/uploads\/2025\/09\/detail_pic_14-174.jpg\" width=\"790\" alt=\"\"\/><\/p>","protected":false},"excerpt":{"rendered":"<p>Comer\u021b cu ridicata Sexy femei de var\u0103 Satin Vest Top petrecere a timpului liber purta cordon lenjerie Shorts Sleepwear dou\u0103 piese seturi de pijamale<\/p>","protected":false},"featured_media":7758,"template":"","meta":[],"product_brand":[],"product_cat":[22],"product_tag":[],"class_list":{"0":"post-9168","1":"product","2":"type-product","3":"status-publish","4":"has-post-thumbnail","6":"product_cat-women-set","8":"first","9":"outofstock","10":"shipping-taxable","11":"product-type-variable"},"_links":{"self":[{"href":"https:\/\/wxnuohui.com\/ro\/wp-json\/wp\/v2\/product\/9168","targetHints":{"allow":["GET"]}}],"collection":[{"href":"https:\/\/wxnuohui.com\/ro\/wp-json\/wp\/v2\/product"}],"about":[{"href":"https:\/\/wxnuohui.com\/ro\/wp-json\/wp\/v2\/types\/product"}],"wp:featuredmedia":[{"embeddable":true,"href":"https:\/\/wxnuohui.com\/ro\/wp-json\/wp\/v2\/media\/7758"}],"wp:attachment":[{"href":"https:\/\/wxnuohui.com\/ro\/wp-json\/wp\/v2\/media?parent=9168"}],"wp:term":[{"taxonomy":"product_brand","embeddable":true,"href":"https:\/\/wxnuohui.com\/ro\/wp-json\/wp\/v2\/product_brand?post=9168"},{"taxonomy":"product_cat","embeddable":true,"href":"https:\/\/wxnuohui.com\/ro\/wp-json\/wp\/v2\/product_cat?post=9168"},{"taxonomy":"product_tag","embeddable":true,"href":"https:\/\/wxnuohui.com\/ro\/wp-json\/wp\/v2\/product_tag?post=9168"}],"curies":[{"name":"wp","href":"https:\/\/api.w.org\/{rel}","templated":true}]}}