{"id":9106,"date":"2025-09-13T06:19:58","date_gmt":"2025-09-13T06:19:58","guid":{"rendered":"https:\/\/wxnuohui.com\/product\/womens-solid-color-drawstring-pants-crop-top-jumpsuit-clothing-casual-two-piece-set\/"},"modified":"2025-09-13T06:19:58","modified_gmt":"2025-09-13T06:19:58","slug":"womens-solid-color-drawstring-pants-crop-top-jumpsuit-clothing-casual-two-piece-set","status":"publish","type":"product","link":"https:\/\/wxnuohui.com\/ro\/product\/womens-solid-color-drawstring-pants-crop-top-jumpsuit-clothing-casual-two-piece-set\/","title":{"rendered":"Culoare solid\u0103 femei cordon pantaloni Crop Top Jumpsuit \u00cembr\u0103c\u0103minte Casual Set din dou\u0103 piese"},"content":{"rendered":"<p>Gen:Femei<br \/>\nSezonul:Vara<br \/>\nDecora\u021biune: cordon<br \/>\nTip \u021bes\u0103tur\u0103: tricotat<br \/>\nMaterial: Poliester \/ Bumbac<br \/>\nTip: Set lung din 2 piese<br \/>\nLungime topuri: Regular<br \/>\nMetode de imprimare:Niciuna<br \/>\nTip model:Solid<br \/>\nLungime maneca: Complet<br \/>\nTip top:Top<br \/>\n7 zile e\u0219antion de comand\u0103 timp de plumb: Suport<br \/>\nCaracteristic\u0103: Respirabil, Eco-Friendly<br \/>\nLungime: deasupra genunchiului<br \/>\nTip aprovizionare: Oem Service<br \/>\nTip de potrivire:Regular<br \/>\nTehnici: Plain Dyed<br \/>\nMetoda de \u021besut: tricotat<br \/>\nGuler: O-Neck<br \/>\nStil:Casual<br \/>\nGreutate \u021bes\u0103tur\u0103: 280 grame<br \/>\nDetectarea acului: Da<br \/>\nNum\u0103r model: Set casual din dou\u0103 piese<br \/>\nLocul de origine: Jiangsu, China<br \/>\nNume de marc\u0103: NH<br \/>\nUnit\u0103\u021bi de v\u00e2nzare: Articol unic<br \/>\nDimensiunea pachetului unic: 23X13X16 cm<br \/>\nGreutate brut\u0103 unic\u0103: 0,800 kg<\/p>\n<p><img decoding=\"async\" class=\"alignnone size-full\" src=\"http:\/\/wxnuohui.com\/wp-content\/uploads\/2025\/09\/detail_pic_0-60.jpg\" width=\"790\" alt=\"\"\/><\/p>\n<p><img decoding=\"async\" class=\"alignnone size-full\" src=\"http:\/\/wxnuohui.com\/wp-content\/uploads\/2025\/09\/detail_pic_1-65.jpg\" width=\"790\" alt=\"\"\/><\/p>\n<p><img decoding=\"async\" class=\"alignnone size-full\" src=\"http:\/\/wxnuohui.com\/wp-content\/uploads\/2025\/09\/detail_pic_2-71.jpg\" width=\"790\" alt=\"\"\/><\/p>\n<p><img decoding=\"async\" class=\"alignnone size-full\" src=\"http:\/\/wxnuohui.com\/wp-content\/uploads\/2025\/09\/detail_pic_3-108.jpg\" width=\"790\" alt=\"\"\/><\/p>\n<p><img decoding=\"async\" class=\"alignnone size-full\" src=\"http:\/\/wxnuohui.com\/wp-content\/uploads\/2025\/09\/detail_pic_4-98.jpg\" width=\"790\" alt=\"\"\/><\/p>\n<p><img decoding=\"async\" class=\"alignnone size-full\" src=\"http:\/\/wxnuohui.com\/wp-content\/uploads\/2025\/09\/detail_pic_5-139.jpg\" width=\"790\" alt=\"\"\/><\/p>\n<p><img decoding=\"async\" class=\"alignnone size-full\" src=\"http:\/\/wxnuohui.com\/wp-content\/uploads\/2025\/09\/detail_pic_6-76.jpg\" width=\"790\" alt=\"\"\/><\/p>\n<p><img decoding=\"async\" class=\"alignnone size-full\" src=\"http:\/\/wxnuohui.com\/wp-content\/uploads\/2025\/09\/detail_pic_7-57.jpg\" width=\"790\" alt=\"\"\/><\/p>\n<p><img decoding=\"async\" class=\"alignnone size-full\" src=\"http:\/\/wxnuohui.com\/wp-content\/uploads\/2025\/09\/detail_pic_8-85.jpg\" width=\"790\" alt=\"\"\/><\/p>\n<p><img decoding=\"async\" class=\"alignnone size-full\" src=\"http:\/\/wxnuohui.com\/wp-content\/uploads\/2025\/09\/detail_pic_9-105.jpg\" width=\"790\" alt=\"\"\/><\/p>\n<p><img decoding=\"async\" class=\"alignnone size-full\" src=\"http:\/\/wxnuohui.com\/wp-content\/uploads\/2025\/09\/detail_pic_10.png\" width=\"790\" alt=\"\"\/><\/p>\n<p><img decoding=\"async\" class=\"alignnone size-full\" src=\"http:\/\/wxnuohui.com\/wp-content\/uploads\/2025\/09\/detail_pic_11-158.jpg\" width=\"790\" alt=\"\"\/><\/p>\n<p><img decoding=\"async\" class=\"alignnone size-full\" src=\"http:\/\/wxnuohui.com\/wp-content\/uploads\/2025\/09\/detail_pic_12-160.jpg\" width=\"790\" alt=\"\"\/><\/p>\n<p><img decoding=\"async\" class=\"alignnone size-full\" src=\"http:\/\/wxnuohui.com\/wp-content\/uploads\/2025\/09\/detail_pic_13-161.jpg\" width=\"790\" alt=\"\"\/><\/p>","protected":false},"excerpt":{"rendered":"<p>Culoare solid\u0103 femei cordon pantaloni Crop Top Jumpsuit \u00cembr\u0103c\u0103minte Casual Set din dou\u0103 piese<\/p>","protected":false},"featured_media":6302,"template":"","meta":[],"product_brand":[],"product_cat":[22],"product_tag":[],"class_list":{"0":"post-9106","1":"product","2":"type-product","3":"status-publish","4":"has-post-thumbnail","6":"product_cat-women-set","8":"first","9":"outofstock","10":"shipping-taxable","11":"product-type-variable"},"_links":{"self":[{"href":"https:\/\/wxnuohui.com\/ro\/wp-json\/wp\/v2\/product\/9106","targetHints":{"allow":["GET"]}}],"collection":[{"href":"https:\/\/wxnuohui.com\/ro\/wp-json\/wp\/v2\/product"}],"about":[{"href":"https:\/\/wxnuohui.com\/ro\/wp-json\/wp\/v2\/types\/product"}],"wp:featuredmedia":[{"embeddable":true,"href":"https:\/\/wxnuohui.com\/ro\/wp-json\/wp\/v2\/media\/6302"}],"wp:attachment":[{"href":"https:\/\/wxnuohui.com\/ro\/wp-json\/wp\/v2\/media?parent=9106"}],"wp:term":[{"taxonomy":"product_brand","embeddable":true,"href":"https:\/\/wxnuohui.com\/ro\/wp-json\/wp\/v2\/product_brand?post=9106"},{"taxonomy":"product_cat","embeddable":true,"href":"https:\/\/wxnuohui.com\/ro\/wp-json\/wp\/v2\/product_cat?post=9106"},{"taxonomy":"product_tag","embeddable":true,"href":"https:\/\/wxnuohui.com\/ro\/wp-json\/wp\/v2\/product_tag?post=9106"}],"curies":[{"name":"wp","href":"https:\/\/api.w.org\/{rel}","templated":true}]}}