{"id":15499,"date":"2025-09-14T03:12:24","date_gmt":"2025-09-14T03:12:24","guid":{"rendered":"https:\/\/wxnuohui.com\/product\/wholesale-oem-blank-t-shirt-custom-printing-logo-design-100-cotton-plain-mens-polo-t-shirts\/"},"modified":"2025-09-14T03:12:24","modified_gmt":"2025-09-14T03:12:24","slug":"wholesale-oem-blank-t-shirt-custom-printing-logo-design-100-cotton-plain-mens-polo-t-shirts","status":"publish","type":"product","link":"https:\/\/wxnuohui.com\/ro\/product\/wholesale-oem-blank-t-shirt-custom-printing-logo-design-100-cotton-plain-mens-polo-t-shirts\/","title":{"rendered":"Cu ridicata OEM Blank T-shirt Custom Printing Logo Design 100% Cotton Plain Mens Polo T Shirts"},"content":{"rendered":"<p>Tip \u021bes\u0103tur\u0103:Jersey<br \/>\nStil m\u00e2nec\u0103: m\u00e2nec\u0103 scurt\u0103<br \/>\nTip aprovizionare: Oem Service<br \/>\nCaracteristic\u0103: antirid<br \/>\nStil:Casual<br \/>\nMetoda de \u021besut: tricotat<br \/>\nDetectarea acului: Da<br \/>\nLungime:Regular<br \/>\nDesign:Buton<br \/>\n7 zile e\u0219antion de comand\u0103 timp de plumb: Suport<br \/>\nTehnici: Plain Dyed<br \/>\nMaterial:100% Bumbac<br \/>\nLogo \/ design grafic: Silk Screen Printing<br \/>\nPozi\u021bia logo-ului: fa\u021b\u0103<br \/>\nTip model:Solid<br \/>\nGreutatea \u021bes\u0103turii: 180 grame<br \/>\nGen:B\u0103rba\u021bi<br \/>\nNum\u0103r de model: Polo T Shirts<br \/>\nLocul de origine: Jiangsu, China<br \/>\nNume de marc\u0103: NH<br \/>\nUnit\u0103\u021bi de v\u00e2nzare: Articol unic<br \/>\nDimensiunea pachetului unic: 18X10X11 cm<br \/>\nGreutate brut\u0103 unic\u0103: 0,300 kg<\/p>\n<p><img decoding=\"async\" class=\"alignnone size-full\" src=\"http:\/\/wxnuohui.com\/wp-content\/uploads\/2025\/09\/detail_pic_0-135.png\" width=\"790\" alt=\"\"\/><\/p>\n<p><img decoding=\"async\" class=\"alignnone size-full\" src=\"http:\/\/wxnuohui.com\/wp-content\/uploads\/2025\/09\/detail_pic_1-132.png\" width=\"790\" alt=\"\"\/><\/p>\n<p><img decoding=\"async\" class=\"alignnone size-full\" src=\"http:\/\/wxnuohui.com\/wp-content\/uploads\/2025\/09\/detail_pic_2-126.png\" width=\"790\" alt=\"\"\/><\/p>\n<p><img decoding=\"async\" class=\"alignnone size-full\" src=\"http:\/\/wxnuohui.com\/wp-content\/uploads\/2025\/09\/detail_pic_3-89.png\" width=\"790\" alt=\"\"\/><\/p>\n<p><img decoding=\"async\" class=\"alignnone size-full\" src=\"http:\/\/wxnuohui.com\/wp-content\/uploads\/2025\/09\/detail_pic_4-85.png\" width=\"790\" alt=\"\"\/><\/p>\n<p><img decoding=\"async\" class=\"alignnone size-full\" src=\"http:\/\/wxnuohui.com\/wp-content\/uploads\/2025\/09\/detail_pic_5-424.jpg\" width=\"790\" alt=\"\"\/><\/p>\n<p><img decoding=\"async\" class=\"alignnone size-full\" src=\"http:\/\/wxnuohui.com\/wp-content\/uploads\/2025\/09\/detail_pic_6-337.jpg\" width=\"790\" alt=\"\"\/><\/p>\n<p><img decoding=\"async\" class=\"alignnone size-full\" src=\"http:\/\/wxnuohui.com\/wp-content\/uploads\/2025\/09\/detail_pic_7-259.jpg\" width=\"790\" alt=\"\"\/><\/p>\n<p><img decoding=\"async\" class=\"alignnone size-full\" src=\"http:\/\/wxnuohui.com\/wp-content\/uploads\/2025\/09\/detail_pic_8-239.jpg\" width=\"790\" alt=\"\"\/><\/p>\n<p><img decoding=\"async\" class=\"alignnone size-full\" src=\"http:\/\/wxnuohui.com\/wp-content\/uploads\/2025\/09\/detail_pic_9-225.png\" width=\"790\" alt=\"\"\/><\/p>\n<p><img decoding=\"async\" class=\"alignnone size-full\" src=\"http:\/\/wxnuohui.com\/wp-content\/uploads\/2025\/09\/detail_pic_10-454.jpg\" width=\"790\" alt=\"\"\/><\/p>\n<p><img decoding=\"async\" class=\"alignnone size-full\" src=\"http:\/\/wxnuohui.com\/wp-content\/uploads\/2025\/09\/detail_pic_11-449.jpg\" width=\"790\" alt=\"\"\/><\/p>\n<p><img decoding=\"async\" class=\"alignnone size-full\" src=\"http:\/\/wxnuohui.com\/wp-content\/uploads\/2025\/09\/detail_pic_12-435.jpg\" width=\"790\" alt=\"\"\/><\/p>","protected":false},"excerpt":{"rendered":"<p>Cu ridicata OEM Blank T-shirt Custom Printing Logo Design 100% Cotton Plain Mens Polo T Shirts<\/p>","protected":false},"featured_media":13971,"template":"","meta":[],"product_brand":[],"product_cat":[26],"product_tag":[],"class_list":{"0":"post-15499","1":"product","2":"type-product","3":"status-publish","4":"has-post-thumbnail","6":"product_cat-polo-t-shirt","8":"first","9":"outofstock","10":"shipping-taxable","11":"product-type-variable"},"_links":{"self":[{"href":"https:\/\/wxnuohui.com\/ro\/wp-json\/wp\/v2\/product\/15499","targetHints":{"allow":["GET"]}}],"collection":[{"href":"https:\/\/wxnuohui.com\/ro\/wp-json\/wp\/v2\/product"}],"about":[{"href":"https:\/\/wxnuohui.com\/ro\/wp-json\/wp\/v2\/types\/product"}],"wp:featuredmedia":[{"embeddable":true,"href":"https:\/\/wxnuohui.com\/ro\/wp-json\/wp\/v2\/media\/13971"}],"wp:attachment":[{"href":"https:\/\/wxnuohui.com\/ro\/wp-json\/wp\/v2\/media?parent=15499"}],"wp:term":[{"taxonomy":"product_brand","embeddable":true,"href":"https:\/\/wxnuohui.com\/ro\/wp-json\/wp\/v2\/product_brand?post=15499"},{"taxonomy":"product_cat","embeddable":true,"href":"https:\/\/wxnuohui.com\/ro\/wp-json\/wp\/v2\/product_cat?post=15499"},{"taxonomy":"product_tag","embeddable":true,"href":"https:\/\/wxnuohui.com\/ro\/wp-json\/wp\/v2\/product_tag?post=15499"}],"curies":[{"name":"wp","href":"https:\/\/api.w.org\/{rel}","templated":true}]}}