{"id":13882,"date":"2025-09-13T13:50:36","date_gmt":"2025-09-13T13:50:36","guid":{"rendered":"https:\/\/wxnuohui.com\/product\/custom-spring-blank-mens-jackets-jogger-sets-printing-two-piece-tracksuits\/"},"modified":"2025-09-13T13:50:36","modified_gmt":"2025-09-13T13:50:36","slug":"custom-spring-blank-mens-jackets-jogger-sets-printing-two-piece-tracksuits","status":"publish","type":"product","link":"https:\/\/wxnuohui.com\/ro\/product\/custom-spring-blank-mens-jackets-jogger-sets-printing-two-piece-tracksuits\/","title":{"rendered":"Personalizat de prim\u0103var\u0103 Blank Mens jachete Jogger Seturi de imprimare dou\u0103 piese Tracksuits"},"content":{"rendered":"<p>Caracteristic\u0103: Respirabil, Eco-Friendly, Anti-Static, Sweat-Wicking<br \/>\nGrupa de v\u00e2rst\u0103:Adul\u021bi<br \/>\nSezonul:Toamna<br \/>\nLungime: Lungime complet\u0103<br \/>\nLungime m\u00e2nec\u0103 (cm):Full<br \/>\nMetode de imprimare:Niciuna<br \/>\nTip de potrivire:Regular<br \/>\nTip \u00eenchidere: cordon<br \/>\nGrosime:Greutate medie<br \/>\nTip model:Solid<br \/>\nStil:Seturi<br \/>\nTip aprovizionare: Oem Service<br \/>\nMaterial:100% Poliester<br \/>\n7 zile e\u0219antion de comand\u0103 timp de plumb: Suport<br \/>\nGen:B\u0103rba\u021bi<br \/>\nTehnici:Niciuna<br \/>\nGreutate \u021bes\u0103tur\u0103: 380 grame<br \/>\nCantitate disponibil\u0103:50000<br \/>\nDetectarea acului: Da<br \/>\nNum\u0103r de model: Jogging Suit Mens<br \/>\nLocul de origine: Jiangsu, China<br \/>\nNume de marc\u0103: NH-625976636093<br \/>\nDesign: simplu<br \/>\nGuler: g\u00e2t rotund<br \/>\nBuzunare:Buzunare laterale<br \/>\nUnit\u0103\u021bi de v\u00e2nzare: Articol unic<br \/>\nDimensiunea pachetului unic: 26X15X18 cm<br \/>\nGreutate brut\u0103 unic\u0103: 1.000 kg<\/p>\n<p><img decoding=\"async\" class=\"alignnone size-full\" src=\"http:\/\/wxnuohui.com\/wp-content\/uploads\/2025\/09\/detail_pic_0-313.jpg\" width=\"790\" alt=\"\"\/><\/p>\n<p><img decoding=\"async\" class=\"alignnone size-full\" src=\"http:\/\/wxnuohui.com\/wp-content\/uploads\/2025\/09\/detail_pic_1-319.jpg\" width=\"790\" alt=\"\"\/><\/p>\n<p><img decoding=\"async\" class=\"alignnone size-full\" src=\"http:\/\/wxnuohui.com\/wp-content\/uploads\/2025\/09\/detail_pic_2-326.jpg\" width=\"790\" alt=\"\"\/><\/p>\n<p><img decoding=\"async\" class=\"alignnone size-full\" src=\"http:\/\/wxnuohui.com\/wp-content\/uploads\/2025\/09\/detail_pic_3-83.png\" width=\"790\" alt=\"\"\/><\/p>\n<p><img decoding=\"async\" class=\"alignnone size-full\" src=\"http:\/\/wxnuohui.com\/wp-content\/uploads\/2025\/09\/detail_pic_4-79.png\" width=\"790\" alt=\"\"\/><\/p>\n<p><img decoding=\"async\" class=\"alignnone size-full\" src=\"http:\/\/wxnuohui.com\/wp-content\/uploads\/2025\/09\/detail_pic_5-413.jpg\" width=\"790\" alt=\"\"\/><\/p>\n<p><img decoding=\"async\" class=\"alignnone size-full\" src=\"http:\/\/wxnuohui.com\/wp-content\/uploads\/2025\/09\/detail_pic_6-325.jpg\" width=\"790\" alt=\"\"\/><\/p>\n<p><img decoding=\"async\" class=\"alignnone size-full\" src=\"http:\/\/wxnuohui.com\/wp-content\/uploads\/2025\/09\/detail_pic_7-249.jpg\" width=\"790\" alt=\"\"\/><\/p>\n<p><img decoding=\"async\" class=\"alignnone size-full\" src=\"http:\/\/wxnuohui.com\/wp-content\/uploads\/2025\/09\/detail_pic_8-229.jpg\" width=\"790\" alt=\"\"\/><\/p>\n<p><img decoding=\"async\" class=\"alignnone size-full\" src=\"http:\/\/wxnuohui.com\/wp-content\/uploads\/2025\/09\/detail_pic_9-217.png\" width=\"790\" alt=\"\"\/><\/p>\n<p><img decoding=\"async\" class=\"alignnone size-full\" src=\"http:\/\/wxnuohui.com\/wp-content\/uploads\/2025\/09\/detail_pic_10-442.jpg\" width=\"790\" alt=\"\"\/><\/p>\n<p><img decoding=\"async\" class=\"alignnone size-full\" src=\"http:\/\/wxnuohui.com\/wp-content\/uploads\/2025\/09\/detail_pic_11-435.jpg\" width=\"790\" alt=\"\"\/><\/p>\n<p><img decoding=\"async\" class=\"alignnone size-full\" src=\"http:\/\/wxnuohui.com\/wp-content\/uploads\/2025\/09\/detail_pic_12-423.jpg\" width=\"790\" alt=\"\"\/><\/p>","protected":false},"excerpt":{"rendered":"<p>Personalizat de prim\u0103var\u0103 Blank Mens jachete Jogger Seturi de imprimare dou\u0103 piese Tracksuits<\/p>","protected":false},"featured_media":13608,"template":"","meta":[],"product_brand":[],"product_cat":[25],"product_tag":[],"class_list":{"0":"post-13882","1":"product","2":"type-product","3":"status-publish","4":"has-post-thumbnail","6":"product_cat-jogging-suits-tracksuits","8":"first","9":"outofstock","10":"shipping-taxable","11":"product-type-variable"},"_links":{"self":[{"href":"https:\/\/wxnuohui.com\/ro\/wp-json\/wp\/v2\/product\/13882","targetHints":{"allow":["GET"]}}],"collection":[{"href":"https:\/\/wxnuohui.com\/ro\/wp-json\/wp\/v2\/product"}],"about":[{"href":"https:\/\/wxnuohui.com\/ro\/wp-json\/wp\/v2\/types\/product"}],"wp:featuredmedia":[{"embeddable":true,"href":"https:\/\/wxnuohui.com\/ro\/wp-json\/wp\/v2\/media\/13608"}],"wp:attachment":[{"href":"https:\/\/wxnuohui.com\/ro\/wp-json\/wp\/v2\/media?parent=13882"}],"wp:term":[{"taxonomy":"product_brand","embeddable":true,"href":"https:\/\/wxnuohui.com\/ro\/wp-json\/wp\/v2\/product_brand?post=13882"},{"taxonomy":"product_cat","embeddable":true,"href":"https:\/\/wxnuohui.com\/ro\/wp-json\/wp\/v2\/product_cat?post=13882"},{"taxonomy":"product_tag","embeddable":true,"href":"https:\/\/wxnuohui.com\/ro\/wp-json\/wp\/v2\/product_tag?post=13882"}],"curies":[{"name":"wp","href":"https:\/\/api.w.org\/{rel}","templated":true}]}}