{"id":13855,"date":"2025-09-13T13:50:11","date_gmt":"2025-09-13T13:50:11","guid":{"rendered":"https:\/\/wxnuohui.com\/product\/wholesale-hot-sale-high-quality-famous-brand-men-casual-custom-logo-sports-sweat-suit-tracksuits\/"},"modified":"2025-09-13T13:50:12","modified_gmt":"2025-09-13T13:50:12","slug":"wholesale-hot-sale-high-quality-famous-brand-men-casual-custom-logo-sports-sweat-suit-tracksuits","status":"publish","type":"product","link":"https:\/\/wxnuohui.com\/ro\/product\/wholesale-hot-sale-high-quality-famous-brand-men-casual-custom-logo-sports-sweat-suit-tracksuits\/","title":{"rendered":"V\u00e2nzare cu ridicata fierbinte de \u00eenalt\u0103 calitate Famous Brand Men Casual Logo personalizat Sport Sweat Suit Tracksuits"},"content":{"rendered":"<p>Caracteristic\u0103: respirabil, ecologic, rezistent la v\u00e2nt, antistatic<br \/>\nGrupa de v\u00e2rst\u0103:Adul\u021bi<br \/>\nSezonul:Toamna<br \/>\nLungime: Lungime complet\u0103<br \/>\nLungime m\u00e2nec\u0103 (cm):Full<br \/>\nMetode de imprimare:Niciuna<br \/>\nTip de potrivire:Regular<br \/>\nTip \u00eenchidere: cordon<br \/>\nGrosime:Greutate medie<br \/>\nStil:Seturi<br \/>\nTip aprovizionare: Oem Service<br \/>\nMaterial:100% Poliester<br \/>\n7 zile e\u0219antion de comand\u0103 timp de plumb: Suport<br \/>\nGen:B\u0103rba\u021bi<br \/>\nTehnici:Altele<br \/>\nGreutate \u021bes\u0103tur\u0103: 320 grame<br \/>\nCantitate disponibil\u0103:5000<br \/>\nNum\u0103r de model: Costume de sport personalizate-664373556739<br \/>\nLocul de origine: Jiangsu, China<br \/>\nNume de marc\u0103: NH-659800095149<br \/>\nNumele produsului: B\u0103rba\u021bi Casual Custom Logo Sport Sweat Suit Tracksuits<br \/>\nCuvinte cheie:Treninguri personalizate<br \/>\nServiciu: 24 de ore online<br \/>\nPlat\u0103: Trade Assurance<br \/>\nImprimare:Proiecte personalizate de imprimare<br \/>\nMostr\u0103: 3-5 zile<br \/>\nAmbalare: 1 buc \/ polybag<br \/>\nTimp de livrare: 7 ~ 15 zile<br \/>\nEtichet\u0103 \u0219i logo: Accpet personalizat<br \/>\nTransport: DHLEMSUPSFEDEXprin Seaby Air<br \/>\nUnit\u0103\u021bi de v\u00e2nzare: Articol unic<br \/>\nDimensiunea pachetului unic: 26X15X18 cm<br \/>\nGreutate brut\u0103 unic\u0103: 1.200 kg<\/p>\n<p><img decoding=\"async\" class=\"alignnone size-full\" src=\"http:\/\/wxnuohui.com\/wp-content\/uploads\/2025\/09\/detail_pic_0-290.jpg\" width=\"790\" alt=\"\"\/><\/p>\n<p><img decoding=\"async\" class=\"alignnone size-full\" src=\"http:\/\/wxnuohui.com\/wp-content\/uploads\/2025\/09\/detail_pic_1-296.jpg\" width=\"790\" alt=\"\"\/><\/p>\n<p><img decoding=\"async\" class=\"alignnone size-full\" src=\"http:\/\/wxnuohui.com\/wp-content\/uploads\/2025\/09\/detail_pic_2-303.jpg\" width=\"790\" alt=\"\"\/><\/p>\n<p><img decoding=\"async\" class=\"alignnone size-full\" src=\"http:\/\/wxnuohui.com\/wp-content\/uploads\/2025\/09\/detail_pic_3-338.jpg\" width=\"790\" alt=\"\"\/><\/p>\n<p><img decoding=\"async\" class=\"alignnone size-full\" src=\"http:\/\/wxnuohui.com\/wp-content\/uploads\/2025\/09\/detail_pic_4-341.jpg\" width=\"790\" alt=\"\"\/><\/p>\n<p><img decoding=\"async\" class=\"alignnone size-full\" src=\"http:\/\/wxnuohui.com\/wp-content\/uploads\/2025\/09\/detail_pic_5-391.jpg\" width=\"790\" alt=\"\"\/><\/p>\n<p><img decoding=\"async\" class=\"alignnone size-full\" src=\"http:\/\/wxnuohui.com\/wp-content\/uploads\/2025\/09\/detail_pic_6-302.jpg\" width=\"790\" alt=\"\"\/><\/p>\n<p><img decoding=\"async\" class=\"alignnone size-full\" src=\"http:\/\/wxnuohui.com\/wp-content\/uploads\/2025\/09\/detail_pic_7-229.jpg\" width=\"790\" alt=\"\"\/><\/p>\n<p><img decoding=\"async\" class=\"alignnone size-full\" src=\"http:\/\/wxnuohui.com\/wp-content\/uploads\/2025\/09\/detail_pic_8-209.png\" width=\"790\" alt=\"\"\/><\/p>\n<p><img decoding=\"async\" class=\"alignnone size-full\" src=\"http:\/\/wxnuohui.com\/wp-content\/uploads\/2025\/09\/detail_pic_9-199.png\" width=\"790\" alt=\"\"\/><\/p>\n<p><img decoding=\"async\" class=\"alignnone size-full\" src=\"http:\/\/wxnuohui.com\/wp-content\/uploads\/2025\/09\/detail_pic_10-417.jpg\" width=\"790\" alt=\"\"\/><\/p>\n<p><img decoding=\"async\" class=\"alignnone size-full\" src=\"http:\/\/wxnuohui.com\/wp-content\/uploads\/2025\/09\/detail_pic_11-415.jpg\" width=\"790\" alt=\"\"\/><\/p>\n<p><img decoding=\"async\" class=\"alignnone size-full\" src=\"http:\/\/wxnuohui.com\/wp-content\/uploads\/2025\/09\/detail_pic_12-401.jpg\" width=\"790\" alt=\"\"\/><\/p>\n<p><img decoding=\"async\" class=\"alignnone size-full\" src=\"http:\/\/wxnuohui.com\/wp-content\/uploads\/2025\/09\/detail_pic_13-376.jpg\" width=\"790\" alt=\"\"\/><\/p>\n<p><img decoding=\"async\" class=\"alignnone size-full\" src=\"http:\/\/wxnuohui.com\/wp-content\/uploads\/2025\/09\/detail_pic_14-180.png\" width=\"790\" alt=\"\"\/><\/p>\n<p><img decoding=\"async\" class=\"alignnone size-full\" src=\"http:\/\/wxnuohui.com\/wp-content\/uploads\/2025\/09\/detail_pic_15-374.jpg\" width=\"790\" alt=\"\"\/><\/p>\n<p><img decoding=\"async\" class=\"alignnone size-full\" src=\"http:\/\/wxnuohui.com\/wp-content\/uploads\/2025\/09\/detail_pic_16-321.jpg\" width=\"790\" alt=\"\"\/><\/p>\n<p><img decoding=\"async\" class=\"alignnone size-full\" src=\"http:\/\/wxnuohui.com\/wp-content\/uploads\/2025\/09\/detail_pic_17-305.jpg\" width=\"790\" alt=\"\"\/><\/p>","protected":false},"excerpt":{"rendered":"<p>V\u00e2nzare cu ridicata fierbinte de \u00eenalt\u0103 calitate Famous Brand Men Casual Logo personalizat Sport Sweat Suit Tracksuits<\/p>","protected":false},"featured_media":12991,"template":"","meta":[],"product_brand":[],"product_cat":[25],"product_tag":[],"class_list":{"0":"post-13855","1":"product","2":"type-product","3":"status-publish","4":"has-post-thumbnail","6":"product_cat-jogging-suits-tracksuits","8":"first","9":"outofstock","10":"shipping-taxable","11":"product-type-variable"},"_links":{"self":[{"href":"https:\/\/wxnuohui.com\/ro\/wp-json\/wp\/v2\/product\/13855","targetHints":{"allow":["GET"]}}],"collection":[{"href":"https:\/\/wxnuohui.com\/ro\/wp-json\/wp\/v2\/product"}],"about":[{"href":"https:\/\/wxnuohui.com\/ro\/wp-json\/wp\/v2\/types\/product"}],"wp:featuredmedia":[{"embeddable":true,"href":"https:\/\/wxnuohui.com\/ro\/wp-json\/wp\/v2\/media\/12991"}],"wp:attachment":[{"href":"https:\/\/wxnuohui.com\/ro\/wp-json\/wp\/v2\/media?parent=13855"}],"wp:term":[{"taxonomy":"product_brand","embeddable":true,"href":"https:\/\/wxnuohui.com\/ro\/wp-json\/wp\/v2\/product_brand?post=13855"},{"taxonomy":"product_cat","embeddable":true,"href":"https:\/\/wxnuohui.com\/ro\/wp-json\/wp\/v2\/product_cat?post=13855"},{"taxonomy":"product_tag","embeddable":true,"href":"https:\/\/wxnuohui.com\/ro\/wp-json\/wp\/v2\/product_tag?post=13855"}],"curies":[{"name":"wp","href":"https:\/\/api.w.org\/{rel}","templated":true}]}}