{"id":13852,"date":"2025-09-13T13:50:09","date_gmt":"2025-09-13T13:50:09","guid":{"rendered":"https:\/\/wxnuohui.com\/product\/private-sweatsuit-dropshipping-custom-logo-polyester-long-sleeve-zip-up-hoodie-pants-2-piece-set-jogging-suit-mens-track-suits\/"},"modified":"2025-09-13T13:50:09","modified_gmt":"2025-09-13T13:50:09","slug":"private-sweatsuit-dropshipping-custom-logo-polyester-long-sleeve-zip-up-hoodie-pants-2-piece-set-jogging-suit-mens-track-suits","status":"publish","type":"product","link":"https:\/\/wxnuohui.com\/ro\/product\/private-sweatsuit-dropshipping-custom-logo-polyester-long-sleeve-zip-up-hoodie-pants-2-piece-set-jogging-suit-mens-track-suits\/","title":{"rendered":"Private Sweatsuit Dropshipping Logo personalizat Poliester cu m\u00e2nec\u0103 lung\u0103 Zip p\u00e2n\u0103 Hoodie pantaloni 2 Piece Set Jogging Suit Mens Track Suits"},"content":{"rendered":"<p>Caracteristic\u0103: respirabil, ecologic, rezistent la v\u00e2nt, antistatic<br \/>\nGrupa de v\u00e2rst\u0103:Adul\u021bi<br \/>\nSezonul:Toamna<br \/>\nLungime: Lungime complet\u0103<br \/>\nLungime m\u00e2nec\u0103 (cm):Full<br \/>\nMetode de imprimare:Niciuna<br \/>\nTip de potrivire:Regular<br \/>\nTip \u00eenchidere: cordon<br \/>\nGrosime:Greutate medie<br \/>\nStil:Seturi<br \/>\nTip aprovizionare: Oem Service<br \/>\nMaterial: 100%poliester<br \/>\n7 zile e\u0219antion de comand\u0103 timp de plumb: Suport<br \/>\nGen:B\u0103rba\u021bi<br \/>\nTehnici:Niciuna<br \/>\nGreutatea \u021bes\u0103turii: 300 grame<br \/>\nCantitate disponibil\u0103:5000<br \/>\nNum\u0103r model: Mens Track Suits<br \/>\nLocul de origine: Jiangsu, China<br \/>\nNume de marc\u0103: HN-544985419126<br \/>\nNumele produsului: 2 Piece Set Jogging Suit<br \/>\nCuvinte cheie:Mens Tracksuit<br \/>\nServiciu: 24 de ore online<br \/>\nPlat\u0103: Trade Assurance<br \/>\nImprimare:Proiecte personalizate de imprimare<br \/>\nMostr\u0103: 3-5 zile<br \/>\nAmbalare: 1 buc \/ polybag<br \/>\nTimp de livrare: 7 ~ 15 zile<br \/>\nEtichet\u0103 \u0219i logo: Accpet personalizat<br \/>\nTransport: DHLEMSUPSFEDEXprin Seaby Air<br \/>\nUnit\u0103\u021bi de v\u00e2nzare: Articol unic<br \/>\nDimensiunea pachetului unic: 23X13X16 cm<br \/>\nGreutate brut\u0103 unic\u0103: 0,700 kg<\/p>\n<p><img decoding=\"async\" class=\"alignnone size-full\" src=\"http:\/\/wxnuohui.com\/wp-content\/uploads\/2025\/09\/detail_pic_0-287.jpg\" width=\"790\" alt=\"\"\/><\/p>\n<p><img decoding=\"async\" class=\"alignnone size-full\" src=\"http:\/\/wxnuohui.com\/wp-content\/uploads\/2025\/09\/detail_pic_1-293.jpg\" width=\"790\" alt=\"\"\/><\/p>\n<p><img decoding=\"async\" class=\"alignnone size-full\" src=\"http:\/\/wxnuohui.com\/wp-content\/uploads\/2025\/09\/detail_pic_2-300.jpg\" width=\"790\" alt=\"\"\/><\/p>\n<p><img decoding=\"async\" class=\"alignnone size-full\" src=\"http:\/\/wxnuohui.com\/wp-content\/uploads\/2025\/09\/detail_pic_3-335.jpg\" width=\"790\" alt=\"\"\/><\/p>\n<p><img decoding=\"async\" class=\"alignnone size-full\" src=\"http:\/\/wxnuohui.com\/wp-content\/uploads\/2025\/09\/detail_pic_4-338.jpg\" width=\"790\" alt=\"\"\/><\/p>\n<p><img decoding=\"async\" class=\"alignnone size-full\" src=\"http:\/\/wxnuohui.com\/wp-content\/uploads\/2025\/09\/detail_pic_5-388.jpg\" width=\"790\" alt=\"\"\/><\/p>\n<p><img decoding=\"async\" class=\"alignnone size-full\" src=\"http:\/\/wxnuohui.com\/wp-content\/uploads\/2025\/09\/detail_pic_6-299.jpg\" width=\"790\" alt=\"\"\/><\/p>\n<p><img decoding=\"async\" class=\"alignnone size-full\" src=\"http:\/\/wxnuohui.com\/wp-content\/uploads\/2025\/09\/detail_pic_7-227.jpg\" width=\"790\" alt=\"\"\/><\/p>\n<p><img decoding=\"async\" class=\"alignnone size-full\" src=\"http:\/\/wxnuohui.com\/wp-content\/uploads\/2025\/09\/detail_pic_8-206.png\" width=\"790\" alt=\"\"\/><\/p>\n<p><img decoding=\"async\" class=\"alignnone size-full\" src=\"http:\/\/wxnuohui.com\/wp-content\/uploads\/2025\/09\/detail_pic_9-196.png\" width=\"790\" alt=\"\"\/><\/p>\n<p><img decoding=\"async\" class=\"alignnone size-full\" src=\"http:\/\/wxnuohui.com\/wp-content\/uploads\/2025\/09\/detail_pic_10-414.jpg\" width=\"790\" alt=\"\"\/><\/p>\n<p><img decoding=\"async\" class=\"alignnone size-full\" src=\"http:\/\/wxnuohui.com\/wp-content\/uploads\/2025\/09\/detail_pic_11-412.jpg\" width=\"790\" alt=\"\"\/><\/p>\n<p><img decoding=\"async\" class=\"alignnone size-full\" src=\"http:\/\/wxnuohui.com\/wp-content\/uploads\/2025\/09\/detail_pic_12-398.jpg\" width=\"790\" alt=\"\"\/><\/p>\n<p><img decoding=\"async\" class=\"alignnone size-full\" src=\"http:\/\/wxnuohui.com\/wp-content\/uploads\/2025\/09\/detail_pic_13-373.jpg\" width=\"790\" alt=\"\"\/><\/p>\n<p><img decoding=\"async\" class=\"alignnone size-full\" src=\"http:\/\/wxnuohui.com\/wp-content\/uploads\/2025\/09\/detail_pic_14-177.png\" width=\"790\" alt=\"\"\/><\/p>\n<p><img decoding=\"async\" class=\"alignnone size-full\" src=\"http:\/\/wxnuohui.com\/wp-content\/uploads\/2025\/09\/detail_pic_15-371.jpg\" width=\"790\" alt=\"\"\/><\/p>\n<p><img decoding=\"async\" class=\"alignnone size-full\" src=\"http:\/\/wxnuohui.com\/wp-content\/uploads\/2025\/09\/detail_pic_16-318.jpg\" width=\"790\" alt=\"\"\/><\/p>\n<p><img decoding=\"async\" class=\"alignnone size-full\" src=\"http:\/\/wxnuohui.com\/wp-content\/uploads\/2025\/09\/detail_pic_17-302.jpg\" width=\"790\" alt=\"\"\/><\/p>","protected":false},"excerpt":{"rendered":"<p>Private Sweatsuit Dropshipping Logo personalizat Poliester cu m\u00e2nec\u0103 lung\u0103 Zip p\u00e2n\u0103 Hoodie pantaloni 2 Piece Set Jogging Suit Mens Track Suits<\/p>","protected":false},"featured_media":12916,"template":"","meta":[],"product_brand":[],"product_cat":[25],"product_tag":[],"class_list":{"0":"post-13852","1":"product","2":"type-product","3":"status-publish","4":"has-post-thumbnail","6":"product_cat-jogging-suits-tracksuits","8":"first","9":"outofstock","10":"shipping-taxable","11":"product-type-variable"},"_links":{"self":[{"href":"https:\/\/wxnuohui.com\/ro\/wp-json\/wp\/v2\/product\/13852","targetHints":{"allow":["GET"]}}],"collection":[{"href":"https:\/\/wxnuohui.com\/ro\/wp-json\/wp\/v2\/product"}],"about":[{"href":"https:\/\/wxnuohui.com\/ro\/wp-json\/wp\/v2\/types\/product"}],"wp:featuredmedia":[{"embeddable":true,"href":"https:\/\/wxnuohui.com\/ro\/wp-json\/wp\/v2\/media\/12916"}],"wp:attachment":[{"href":"https:\/\/wxnuohui.com\/ro\/wp-json\/wp\/v2\/media?parent=13852"}],"wp:term":[{"taxonomy":"product_brand","embeddable":true,"href":"https:\/\/wxnuohui.com\/ro\/wp-json\/wp\/v2\/product_brand?post=13852"},{"taxonomy":"product_cat","embeddable":true,"href":"https:\/\/wxnuohui.com\/ro\/wp-json\/wp\/v2\/product_cat?post=13852"},{"taxonomy":"product_tag","embeddable":true,"href":"https:\/\/wxnuohui.com\/ro\/wp-json\/wp\/v2\/product_tag?post=13852"}],"curies":[{"name":"wp","href":"https:\/\/api.w.org\/{rel}","templated":true}]}}