{"id":12890,"date":"2025-09-13T11:42:06","date_gmt":"2025-09-13T11:42:06","guid":{"rendered":"https:\/\/wxnuohui.com\/product\/women-summer-new-products-candy-color-solid-suspender-jumpsuit-bodysuit\/"},"modified":"2025-09-13T11:42:06","modified_gmt":"2025-09-13T11:42:06","slug":"women-summer-new-products-candy-color-solid-suspender-jumpsuit-bodysuit","status":"publish","type":"product","link":"https:\/\/wxnuohui.com\/ro\/product\/women-summer-new-products-candy-color-solid-suspender-jumpsuit-bodysuit\/","title":{"rendered":"Femei Vara Produse noi Candy Color Solid Suspender Jumpsuit Bodysuit"},"content":{"rendered":"<p>Caracteristic\u0103: Uscare rapid\u0103, respirabil, Eco-Friendly<br \/>\nLungime: deasupra genunchiului<br \/>\nSezonul:Vara<br \/>\nLungimea m\u00e2necii (cm): f\u0103r\u0103 m\u00e2neci<br \/>\nStil:Casual<br \/>\nMaterial: Poliester \/ Bumbac<br \/>\nMetode de imprimare: Imprimare cu ecran de m\u0103tase<br \/>\nDecora\u021biune: dungi<br \/>\nTip produs:tanktop<br \/>\nTip model:Solid<br \/>\nTip aprovizionare:Articole \u00een stoc<br \/>\n7 zile e\u0219antion de comand\u0103 timp de plumb: Suport<br \/>\nTehnici: Plain Dyed<br \/>\nTip de potrivire:Regular<br \/>\nGen:Femei<br \/>\nMetoda de \u021besut: tricotat<br \/>\nTip de \u021bes\u0103tur\u0103:Chiffon<br \/>\nTip:Altele<br \/>\nGreutatea \u021bes\u0103turii: 180 grame<br \/>\nG\u00e2t:altele<br \/>\nDetectarea acului: Da<br \/>\nLocul de origine: Jiangsu, China<br \/>\nNume de marc\u0103: NH<br \/>\nNum\u0103r model: Femeile Suspender Jumpsuit<br \/>\nUnit\u0103\u021bi de v\u00e2nzare: Articol unic<br \/>\nDimensiune pachet unic: 18X10X13 cm<br \/>\nGreutate brut\u0103 unic\u0103: 0,400 kg<\/p>\n<p><img decoding=\"async\" class=\"alignnone size-full\" src=\"http:\/\/wxnuohui.com\/wp-content\/uploads\/2025\/09\/detail_pic_0-285.jpg\" width=\"790\" alt=\"\"\/><\/p>\n<p><img decoding=\"async\" class=\"alignnone size-full\" src=\"http:\/\/wxnuohui.com\/wp-content\/uploads\/2025\/09\/detail_pic_1-291.jpg\" width=\"790\" alt=\"\"\/><\/p>\n<p><img decoding=\"async\" class=\"alignnone size-full\" src=\"http:\/\/wxnuohui.com\/wp-content\/uploads\/2025\/09\/detail_pic_2-298.jpg\" width=\"790\" alt=\"\"\/><\/p>\n<p><img decoding=\"async\" class=\"alignnone size-full\" src=\"http:\/\/wxnuohui.com\/wp-content\/uploads\/2025\/09\/detail_pic_3-333.jpg\" width=\"790\" alt=\"\"\/><\/p>\n<p><img decoding=\"async\" class=\"alignnone size-full\" src=\"http:\/\/wxnuohui.com\/wp-content\/uploads\/2025\/09\/detail_pic_4-336.jpg\" width=\"790\" alt=\"\"\/><\/p>\n<p><img decoding=\"async\" class=\"alignnone size-full\" src=\"http:\/\/wxnuohui.com\/wp-content\/uploads\/2025\/09\/detail_pic_5-386.jpg\" width=\"790\" alt=\"\"\/><\/p>\n<p><img decoding=\"async\" class=\"alignnone size-full\" src=\"http:\/\/wxnuohui.com\/wp-content\/uploads\/2025\/09\/detail_pic_6-297.jpg\" width=\"790\" alt=\"\"\/><\/p>\n<p><img decoding=\"async\" class=\"alignnone size-full\" src=\"http:\/\/wxnuohui.com\/wp-content\/uploads\/2025\/09\/detail_pic_7-225.jpg\" width=\"790\" alt=\"\"\/><\/p>\n<p><img decoding=\"async\" class=\"alignnone size-full\" src=\"http:\/\/wxnuohui.com\/wp-content\/uploads\/2025\/09\/detail_pic_8-217.jpg\" width=\"790\" alt=\"\"\/><\/p>\n<p><img decoding=\"async\" class=\"alignnone size-full\" src=\"http:\/\/wxnuohui.com\/wp-content\/uploads\/2025\/09\/detail_pic_9-227.jpg\" width=\"790\" alt=\"\"\/><\/p>\n<p><img decoding=\"async\" class=\"alignnone size-full\" src=\"http:\/\/wxnuohui.com\/wp-content\/uploads\/2025\/09\/detail_pic_10-13.png\" width=\"790\" alt=\"\"\/><\/p>\n<p><img decoding=\"async\" class=\"alignnone size-full\" src=\"http:\/\/wxnuohui.com\/wp-content\/uploads\/2025\/09\/detail_pic_11-410.jpg\" width=\"790\" alt=\"\"\/><\/p>\n<p><img decoding=\"async\" class=\"alignnone size-full\" src=\"http:\/\/wxnuohui.com\/wp-content\/uploads\/2025\/09\/detail_pic_12-396.jpg\" width=\"790\" alt=\"\"\/><\/p>\n<p><img decoding=\"async\" class=\"alignnone size-full\" src=\"http:\/\/wxnuohui.com\/wp-content\/uploads\/2025\/09\/detail_pic_13-371.jpg\" width=\"790\" alt=\"\"\/><\/p>","protected":false},"excerpt":{"rendered":"<p>Femei Vara Produse noi Candy Color Solid Suspender Jumpsuit Bodysuit<\/p>","protected":false},"featured_media":12850,"template":"","meta":[],"product_brand":[],"product_cat":[24],"product_tag":[],"class_list":{"0":"post-12890","1":"product","2":"type-product","3":"status-publish","4":"has-post-thumbnail","6":"product_cat-casual-bodysuits","8":"first","9":"outofstock","10":"shipping-taxable","11":"product-type-variable"},"_links":{"self":[{"href":"https:\/\/wxnuohui.com\/ro\/wp-json\/wp\/v2\/product\/12890","targetHints":{"allow":["GET"]}}],"collection":[{"href":"https:\/\/wxnuohui.com\/ro\/wp-json\/wp\/v2\/product"}],"about":[{"href":"https:\/\/wxnuohui.com\/ro\/wp-json\/wp\/v2\/types\/product"}],"wp:featuredmedia":[{"embeddable":true,"href":"https:\/\/wxnuohui.com\/ro\/wp-json\/wp\/v2\/media\/12850"}],"wp:attachment":[{"href":"https:\/\/wxnuohui.com\/ro\/wp-json\/wp\/v2\/media?parent=12890"}],"wp:term":[{"taxonomy":"product_brand","embeddable":true,"href":"https:\/\/wxnuohui.com\/ro\/wp-json\/wp\/v2\/product_brand?post=12890"},{"taxonomy":"product_cat","embeddable":true,"href":"https:\/\/wxnuohui.com\/ro\/wp-json\/wp\/v2\/product_cat?post=12890"},{"taxonomy":"product_tag","embeddable":true,"href":"https:\/\/wxnuohui.com\/ro\/wp-json\/wp\/v2\/product_tag?post=12890"}],"curies":[{"name":"wp","href":"https:\/\/api.w.org\/{rel}","templated":true}]}}