{"id":12421,"date":"2025-09-13T10:55:54","date_gmt":"2025-09-13T10:55:54","guid":{"rendered":"https:\/\/wxnuohui.com\/product\/high-quality-350gsm-100-cotton-drop-shoulder-unisex-oversized-sweatshirt-crew-neck-sweat-shirt\/"},"modified":"2025-09-13T10:55:55","modified_gmt":"2025-09-13T10:55:55","slug":"high-quality-350gsm-100-cotton-drop-shoulder-unisex-oversized-sweatshirt-crew-neck-sweat-shirt","status":"publish","type":"product","link":"https:\/\/wxnuohui.com\/ro\/product\/high-quality-350gsm-100-cotton-drop-shoulder-unisex-oversized-sweatshirt-crew-neck-sweat-shirt\/","title":{"rendered":"De \u00eenalt\u0103 calitate 350gsm 100% bumbac pic\u0103tur\u0103 um\u0103r Unisex Oversized Sweatshirt Crew Neck Sweat Shirt"},"content":{"rendered":"<p>7 zile e\u0219antion de comand\u0103 timp de plumb: Suport<br \/>\nDesign:F\u0103r\u0103 c\u0103ptu\u0219eal\u0103<br \/>\nStil de maneca:Regular<br \/>\nDetectarea acului: Da<br \/>\nMetoda de \u021besut: tricotat<br \/>\nTip model:Imprimare<br \/>\nGreutate \u021bes\u0103tur\u0103: 350<br \/>\nTip de potrivire: Regular Fit<br \/>\nLungime:Regular<br \/>\nTip aprovizionare: Oem Service<br \/>\nTehnici: Plain Dyed<br \/>\nGuler: O-Neck<br \/>\nStil:Pulover<br \/>\nSezonul:Iarna<br \/>\nCaracteristic\u0103: Anti-rid, Anti-Pilling, Respirabil, Windproof, Anti-Shrink<br \/>\nTip \u021bes\u0103tur\u0103:Fleece<br \/>\nMaterial:100% Bumbac<br \/>\nPozi\u021bia logo-ului: fa\u021b\u0103<br \/>\nLogo \/ design grafic: Silk Screen Printing<br \/>\nGen:B\u0103rba\u021bi<br \/>\nNum\u0103r Model: Crew Neck Sweat Shirt<br \/>\nLocul de origine: Jiangsu, China<br \/>\nNume de marc\u0103: NH-687982480022<br \/>\nNumele produsului: 100% Bumbac Drop Shoulder Sweat Shirt<br \/>\nCuvinte cheie:Crew Neck Sweat Shirt<br \/>\nServiciu: 24 de ore online<br \/>\nPlat\u0103: Trade Assurance<br \/>\nImprimare:Proiecte personalizate de imprimare<br \/>\nMostr\u0103: 3-5 zile<br \/>\nAmbalare: 1 buc \/ polybag<br \/>\nTimp de livrare: 7 ~ 15 zile<br \/>\nEtichet\u0103 \u0219i logo: Accpet personalizat<br \/>\nTransport: DHLEMSUPSFEDEXprin Seaby Air<br \/>\nUnit\u0103\u021bi de v\u00e2nzare: Articol unic<br \/>\nDimensiunea pachetului unic: 23X13X16 cm<br \/>\nGreutate brut\u0103 unic\u0103: 0,600 kg<\/p>\n<p><img decoding=\"async\" class=\"alignnone size-full\" src=\"http:\/\/wxnuohui.com\/wp-content\/uploads\/2025\/09\/detail_pic_0-253.jpg\" width=\"790\" alt=\"\"\/><\/p>\n<p><img decoding=\"async\" class=\"alignnone size-full\" src=\"http:\/\/wxnuohui.com\/wp-content\/uploads\/2025\/09\/detail_pic_1-258.jpg\" width=\"790\" alt=\"\"\/><\/p>\n<p><img decoding=\"async\" class=\"alignnone size-full\" src=\"http:\/\/wxnuohui.com\/wp-content\/uploads\/2025\/09\/detail_pic_2-265.jpg\" width=\"790\" alt=\"\"\/><\/p>\n<p><img decoding=\"async\" class=\"alignnone size-full\" src=\"http:\/\/wxnuohui.com\/wp-content\/uploads\/2025\/09\/detail_pic_3-300.jpg\" width=\"790\" alt=\"\"\/><\/p>\n<p><img decoding=\"async\" class=\"alignnone size-full\" src=\"http:\/\/wxnuohui.com\/wp-content\/uploads\/2025\/09\/detail_pic_4-303.jpg\" width=\"790\" alt=\"\"\/><\/p>\n<p><img decoding=\"async\" class=\"alignnone size-full\" src=\"http:\/\/wxnuohui.com\/wp-content\/uploads\/2025\/09\/detail_pic_5-353.jpg\" width=\"790\" alt=\"\"\/><\/p>\n<p><img decoding=\"async\" class=\"alignnone size-full\" src=\"http:\/\/wxnuohui.com\/wp-content\/uploads\/2025\/09\/detail_pic_6-264.jpg\" width=\"790\" alt=\"\"\/><\/p>\n<p><img decoding=\"async\" class=\"alignnone size-full\" src=\"http:\/\/wxnuohui.com\/wp-content\/uploads\/2025\/09\/detail_pic_7-195.jpg\" width=\"790\" alt=\"\"\/><\/p>\n<p><img decoding=\"async\" class=\"alignnone size-full\" src=\"http:\/\/wxnuohui.com\/wp-content\/uploads\/2025\/09\/detail_pic_8-199.png\" width=\"790\" alt=\"\"\/><\/p>\n<p><img decoding=\"async\" class=\"alignnone size-full\" src=\"http:\/\/wxnuohui.com\/wp-content\/uploads\/2025\/09\/detail_pic_9-180.png\" width=\"790\" alt=\"\"\/><\/p>\n<p><img decoding=\"async\" class=\"alignnone size-full\" src=\"http:\/\/wxnuohui.com\/wp-content\/uploads\/2025\/09\/detail_pic_10-383.jpg\" width=\"790\" alt=\"\"\/><\/p>\n<p><img decoding=\"async\" class=\"alignnone size-full\" src=\"http:\/\/wxnuohui.com\/wp-content\/uploads\/2025\/09\/detail_pic_11-377.jpg\" width=\"790\" alt=\"\"\/><\/p>\n<p><img decoding=\"async\" class=\"alignnone size-full\" src=\"http:\/\/wxnuohui.com\/wp-content\/uploads\/2025\/09\/detail_pic_12-365.jpg\" width=\"790\" alt=\"\"\/><\/p>\n<p><img decoding=\"async\" class=\"alignnone size-full\" src=\"http:\/\/wxnuohui.com\/wp-content\/uploads\/2025\/09\/detail_pic_13-340.jpg\" width=\"790\" alt=\"\"\/><\/p>\n<p><img decoding=\"async\" class=\"alignnone size-full\" src=\"http:\/\/wxnuohui.com\/wp-content\/uploads\/2025\/09\/detail_pic_14-154.png\" width=\"790\" alt=\"\"\/><\/p>\n<p><img decoding=\"async\" class=\"alignnone size-full\" src=\"http:\/\/wxnuohui.com\/wp-content\/uploads\/2025\/09\/detail_pic_15-343.jpg\" width=\"790\" alt=\"\"\/><\/p>\n<p><img decoding=\"async\" class=\"alignnone size-full\" src=\"http:\/\/wxnuohui.com\/wp-content\/uploads\/2025\/09\/detail_pic_16-293.jpg\" width=\"790\" alt=\"\"\/><\/p>\n<p><img decoding=\"async\" class=\"alignnone size-full\" src=\"http:\/\/wxnuohui.com\/wp-content\/uploads\/2025\/09\/detail_pic_17-279.jpg\" width=\"790\" alt=\"\"\/><\/p>","protected":false},"excerpt":{"rendered":"<p>De \u00eenalt\u0103 calitate 350gsm 100% bumbac pic\u0103tur\u0103 um\u0103r Unisex Oversized Sweatshirt Crew Neck Sweat Shirt<\/p>","protected":false},"featured_media":11911,"template":"","meta":[],"product_brand":[],"product_cat":[27],"product_tag":[],"class_list":{"0":"post-12421","1":"product","2":"type-product","3":"status-publish","4":"has-post-thumbnail","6":"product_cat-hoodie","8":"first","9":"outofstock","10":"shipping-taxable","11":"product-type-variable"},"_links":{"self":[{"href":"https:\/\/wxnuohui.com\/ro\/wp-json\/wp\/v2\/product\/12421","targetHints":{"allow":["GET"]}}],"collection":[{"href":"https:\/\/wxnuohui.com\/ro\/wp-json\/wp\/v2\/product"}],"about":[{"href":"https:\/\/wxnuohui.com\/ro\/wp-json\/wp\/v2\/types\/product"}],"wp:featuredmedia":[{"embeddable":true,"href":"https:\/\/wxnuohui.com\/ro\/wp-json\/wp\/v2\/media\/11911"}],"wp:attachment":[{"href":"https:\/\/wxnuohui.com\/ro\/wp-json\/wp\/v2\/media?parent=12421"}],"wp:term":[{"taxonomy":"product_brand","embeddable":true,"href":"https:\/\/wxnuohui.com\/ro\/wp-json\/wp\/v2\/product_brand?post=12421"},{"taxonomy":"product_cat","embeddable":true,"href":"https:\/\/wxnuohui.com\/ro\/wp-json\/wp\/v2\/product_cat?post=12421"},{"taxonomy":"product_tag","embeddable":true,"href":"https:\/\/wxnuohui.com\/ro\/wp-json\/wp\/v2\/product_tag?post=12421"}],"curies":[{"name":"wp","href":"https:\/\/api.w.org\/{rel}","templated":true}]}}