{"id":12322,"date":"2025-09-13T10:54:33","date_gmt":"2025-09-13T10:54:33","guid":{"rendered":"https:\/\/wxnuohui.com\/product\/mens-hoodies-sweatshirts-new-pullover-100-cotton-sweaters-hoodie-blank-plain-sweatshirts\/"},"modified":"2025-09-13T10:54:34","modified_gmt":"2025-09-13T10:54:34","slug":"mens-hoodies-sweatshirts-new-pullover-100-cotton-sweaters-hoodie-blank-plain-sweatshirts","status":"publish","type":"product","link":"https:\/\/wxnuohui.com\/ro\/product\/mens-hoodies-sweatshirts-new-pullover-100-cotton-sweaters-hoodie-blank-plain-sweatshirts\/","title":{"rendered":"B\u0103rba\u021bi Hoodies Sweatshirts New Pullover 100% Bumbac Pulovere Hoodie Blank Plain Sweatshirts"},"content":{"rendered":"<p>7 zile e\u0219antion de comand\u0103 timp de plumb: Suport<br \/>\nDesign:F\u0103r\u0103 c\u0103ptu\u0219eal\u0103<br \/>\nStil de maneca:Regular<br \/>\nDetectarea acului: Da<br \/>\nMetoda de \u021besut: tricotat<br \/>\nTip model:Solid<br \/>\nGreutatea \u021bes\u0103turii: 300 grame<br \/>\nMetode de imprimare:Altele<br \/>\nTip:Pulover<br \/>\nTip de potrivire: Regular Fit<br \/>\nLungime:Regular<br \/>\nTip aprovizionare: Oem Service<br \/>\nTehnici: Plain Dyed<br \/>\nGuler: O-Neck<br \/>\nStil:Pulover<br \/>\nSezonul:Toamna<br \/>\nCaracteristic\u0103: anti-rid, anti-str\u00e2ngere<br \/>\nTip \u021bes\u0103tur\u0103:Jersey<br \/>\nMaterial:100% Bumbac<br \/>\nPozi\u021bia logo-ului: fa\u021b\u0103<br \/>\nGen:B\u0103rba\u021bi<br \/>\nNum\u0103r de model: Hanorace pentru b\u0103rba\u021bi Sweatshirts<br \/>\nLocul de origine: Jiangsu, China<br \/>\nNume de marc\u0103: NH<br \/>\nUnit\u0103\u021bi de v\u00e2nzare: Articol unic<br \/>\nDimensiunea pachetului unic: 23X13X16 cm<br \/>\nGreutate brut\u0103 unic\u0103: 0,700 kg<\/p>\n<p><img decoding=\"async\" class=\"alignnone size-full\" src=\"http:\/\/wxnuohui.com\/wp-content\/uploads\/2025\/09\/detail_pic_0-167.jpg\" width=\"790\" alt=\"\"\/><\/p>\n<p><img decoding=\"async\" class=\"alignnone size-full\" src=\"http:\/\/wxnuohui.com\/wp-content\/uploads\/2025\/09\/detail_pic_1-185.jpg\" width=\"790\" alt=\"\"\/><\/p>\n<p><img decoding=\"async\" class=\"alignnone size-full\" src=\"http:\/\/wxnuohui.com\/wp-content\/uploads\/2025\/09\/detail_pic_2-193.jpg\" width=\"790\" alt=\"\"\/><\/p>\n<p><img decoding=\"async\" class=\"alignnone size-full\" src=\"http:\/\/wxnuohui.com\/wp-content\/uploads\/2025\/09\/detail_pic_3-227.jpg\" width=\"790\" alt=\"\"\/><\/p>\n<p><img decoding=\"async\" class=\"alignnone size-full\" src=\"http:\/\/wxnuohui.com\/wp-content\/uploads\/2025\/09\/detail_pic_4-218.jpg\" width=\"790\" alt=\"\"\/><\/p>\n<p><img decoding=\"async\" class=\"alignnone size-full\" src=\"http:\/\/wxnuohui.com\/wp-content\/uploads\/2025\/09\/detail_pic_5-261.jpg\" width=\"790\" alt=\"\"\/><\/p>\n<p><img decoding=\"async\" class=\"alignnone size-full\" src=\"http:\/\/wxnuohui.com\/wp-content\/uploads\/2025\/09\/detail_pic_6-183.jpg\" width=\"790\" alt=\"\"\/><\/p>\n<p><img decoding=\"async\" class=\"alignnone size-full\" src=\"http:\/\/wxnuohui.com\/wp-content\/uploads\/2025\/09\/detail_pic_7-150.jpg\" width=\"790\" alt=\"\"\/><\/p>\n<p><img decoding=\"async\" class=\"alignnone size-full\" src=\"http:\/\/wxnuohui.com\/wp-content\/uploads\/2025\/09\/detail_pic_8-164.jpg\" width=\"790\" alt=\"\"\/><\/p>\n<p><img decoding=\"async\" class=\"alignnone size-full\" src=\"http:\/\/wxnuohui.com\/wp-content\/uploads\/2025\/09\/detail_pic_9-168.jpg\" width=\"790\" alt=\"\"\/><\/p>\n<p><img decoding=\"async\" class=\"alignnone size-full\" src=\"http:\/\/wxnuohui.com\/wp-content\/uploads\/2025\/09\/detail_pic_10-286.jpg\" width=\"790\" alt=\"\"\/><\/p>\n<p><img decoding=\"async\" class=\"alignnone size-full\" src=\"http:\/\/wxnuohui.com\/wp-content\/uploads\/2025\/09\/detail_pic_11-282.jpg\" width=\"790\" alt=\"\"\/><\/p>\n<p><img decoding=\"async\" class=\"alignnone size-full\" src=\"http:\/\/wxnuohui.com\/wp-content\/uploads\/2025\/09\/detail_pic_12-282.jpg\" width=\"790\" alt=\"\"\/><\/p>\n<p><img decoding=\"async\" class=\"alignnone size-full\" src=\"http:\/\/wxnuohui.com\/wp-content\/uploads\/2025\/09\/detail_pic_13-265.jpg\" width=\"790\" alt=\"\"\/><\/p>\n<p><img decoding=\"async\" class=\"alignnone size-full\" src=\"http:\/\/wxnuohui.com\/wp-content\/uploads\/2025\/09\/detail_pic_14-87.png\" width=\"790\" alt=\"\"\/><\/p>\n<p><img decoding=\"async\" class=\"alignnone size-full\" src=\"http:\/\/wxnuohui.com\/wp-content\/uploads\/2025\/09\/detail_pic_15-264.jpg\" width=\"790\" alt=\"\"\/><\/p>\n<p><img decoding=\"async\" class=\"alignnone size-full\" src=\"http:\/\/wxnuohui.com\/wp-content\/uploads\/2025\/09\/detail_pic_16-216.jpg\" width=\"790\" alt=\"\"\/><\/p>\n<p><img decoding=\"async\" class=\"alignnone size-full\" src=\"http:\/\/wxnuohui.com\/wp-content\/uploads\/2025\/09\/detail_pic_17-212.jpg\" width=\"790\" alt=\"\"\/><\/p>","protected":false},"excerpt":{"rendered":"<p>B\u0103rba\u021bi Hoodies Sweatshirts New Pullover 100% Bumbac Pulovere Hoodie Blank Plain Sweatshirts<\/p>","protected":false},"featured_media":9566,"template":"","meta":[],"product_brand":[],"product_cat":[27],"product_tag":[],"class_list":{"0":"post-12322","1":"product","2":"type-product","3":"status-publish","4":"has-post-thumbnail","6":"product_cat-hoodie","8":"first","9":"outofstock","10":"shipping-taxable","11":"product-type-variable"},"_links":{"self":[{"href":"https:\/\/wxnuohui.com\/ro\/wp-json\/wp\/v2\/product\/12322","targetHints":{"allow":["GET"]}}],"collection":[{"href":"https:\/\/wxnuohui.com\/ro\/wp-json\/wp\/v2\/product"}],"about":[{"href":"https:\/\/wxnuohui.com\/ro\/wp-json\/wp\/v2\/types\/product"}],"wp:featuredmedia":[{"embeddable":true,"href":"https:\/\/wxnuohui.com\/ro\/wp-json\/wp\/v2\/media\/9566"}],"wp:attachment":[{"href":"https:\/\/wxnuohui.com\/ro\/wp-json\/wp\/v2\/media?parent=12322"}],"wp:term":[{"taxonomy":"product_brand","embeddable":true,"href":"https:\/\/wxnuohui.com\/ro\/wp-json\/wp\/v2\/product_brand?post=12322"},{"taxonomy":"product_cat","embeddable":true,"href":"https:\/\/wxnuohui.com\/ro\/wp-json\/wp\/v2\/product_cat?post=12322"},{"taxonomy":"product_tag","embeddable":true,"href":"https:\/\/wxnuohui.com\/ro\/wp-json\/wp\/v2\/product_tag?post=12322"}],"curies":[{"name":"wp","href":"https:\/\/api.w.org\/{rel}","templated":true}]}}