{"id":12313,"date":"2025-09-13T10:54:26","date_gmt":"2025-09-13T10:54:26","guid":{"rendered":"https:\/\/wxnuohui.com\/product\/high-quality-custom-logo-printing-casual-fashion-long-sleeve-plain-crop-top-hoodie-for-women\/"},"modified":"2025-09-13T10:54:27","modified_gmt":"2025-09-13T10:54:27","slug":"high-quality-custom-logo-printing-casual-fashion-long-sleeve-plain-crop-top-hoodie-for-women","status":"publish","type":"product","link":"https:\/\/wxnuohui.com\/ro\/product\/high-quality-custom-logo-printing-casual-fashion-long-sleeve-plain-crop-top-hoodie-for-women\/","title":{"rendered":"De \u00eenalt\u0103 calitate Logo personalizat de imprimare Casual Fashion Long Sleeve Plain Crop Top Hoodie pentru femei"},"content":{"rendered":"<p>Tip \u021bes\u0103tur\u0103:Jersey<br \/>\nMaterial: Poliester \/ Bumbac<br \/>\nGreutatea \u021bes\u0103turii: 260 grame<br \/>\nTip model:Solid<br \/>\nLungime maneca: Complet<br \/>\nGuler: O-Neck<br \/>\nStil:Casual<br \/>\nDesign:F\u0103r\u0103 c\u0103ptu\u0219eal\u0103<br \/>\nSezon:Prim\u0103var\u0103<br \/>\nStil de maneca:Regular<br \/>\nLungime \u00eembr\u0103c\u0103minte:Scurt<br \/>\nCaracteristic\u0103: Anti-rid, Anti-Pilling, Respirabil, Eco-Friendly<br \/>\nGen:Femei<br \/>\nPozi\u021bia logo-ului: fa\u021b\u0103, spate, m\u00e2neca st\u00e2ng\u0103, m\u00e2neca dreapt\u0103, spatele g\u00e2tului<br \/>\nLogo \/ design grafic: serigrafie de m\u0103tase, imprimare digital\u0103, imprimare prin transfer de c\u0103ldur\u0103, brodat, imprimare puf<br \/>\nDecora\u021biuni: buzunare<br \/>\nTip aprovizionare: Oem Service<br \/>\n7 zile e\u0219antion de comand\u0103 timp de plumb: Suport<br \/>\nTehnici: Plain Dyed<br \/>\nMetoda de \u021besut: tricotat<br \/>\nNum\u0103r model: Plain Crop Top Hoodie<br \/>\nLocul de origine: Jiangsu, China<br \/>\nNume de marc\u0103: NH<br \/>\nGreutatea \u021bes\u0103turii: 260 grame<br \/>\nNume produs:Logo personalizat Crop Top Hoodie<br \/>\nCuvinte cheie:Plain Crop Top Hoodie<br \/>\nPlat\u0103: Trade Assurance<br \/>\nTimp de livrare: 7-15 zile<br \/>\nAmbalare: 1 buc \/ Opp Bag<br \/>\nServiciu: 24 de ore online<br \/>\nTimp de e\u0219antionare: 5 ~ 7 zile<br \/>\nEXPEDIERE:DHL FEDEX UPS EMS TNT<br \/>\nMostr\u0103: Mostr\u0103 disponibil\u0103<br \/>\nImprimare:Proiecte personalizate de imprimare<br \/>\nUnit\u0103\u021bi de v\u00e2nzare: Articol unic<br \/>\nDimensiunea pachetului unic: 20X11X10 cm<br \/>\nGreutate brut\u0103 unic\u0103: 0.500 kg<\/p>\n<p><img decoding=\"async\" class=\"alignnone size-full\" src=\"http:\/\/wxnuohui.com\/wp-content\/uploads\/2025\/09\/detail_pic_0-158.jpg\" width=\"790\" alt=\"\"\/><\/p>\n<p><img decoding=\"async\" class=\"alignnone size-full\" src=\"http:\/\/wxnuohui.com\/wp-content\/uploads\/2025\/09\/detail_pic_1-176.jpg\" width=\"790\" alt=\"\"\/><\/p>\n<p><img decoding=\"async\" class=\"alignnone size-full\" src=\"http:\/\/wxnuohui.com\/wp-content\/uploads\/2025\/09\/detail_pic_2-184.jpg\" width=\"790\" alt=\"\"\/><\/p>\n<p><img decoding=\"async\" class=\"alignnone size-full\" src=\"http:\/\/wxnuohui.com\/wp-content\/uploads\/2025\/09\/detail_pic_3-218.jpg\" width=\"790\" alt=\"\"\/><\/p>\n<p><img decoding=\"async\" class=\"alignnone size-full\" src=\"http:\/\/wxnuohui.com\/wp-content\/uploads\/2025\/09\/detail_pic_4-209.jpg\" width=\"790\" alt=\"\"\/><\/p>\n<p><img decoding=\"async\" class=\"alignnone size-full\" src=\"http:\/\/wxnuohui.com\/wp-content\/uploads\/2025\/09\/detail_pic_5-252.jpg\" width=\"790\" alt=\"\"\/><\/p>\n<p><img decoding=\"async\" class=\"alignnone size-full\" src=\"http:\/\/wxnuohui.com\/wp-content\/uploads\/2025\/09\/detail_pic_6-175.jpg\" width=\"790\" alt=\"\"\/><\/p>\n<p><img decoding=\"async\" class=\"alignnone size-full\" src=\"http:\/\/wxnuohui.com\/wp-content\/uploads\/2025\/09\/detail_pic_7-143.jpg\" width=\"790\" alt=\"\"\/><\/p>\n<p><img decoding=\"async\" class=\"alignnone size-full\" src=\"http:\/\/wxnuohui.com\/wp-content\/uploads\/2025\/09\/detail_pic_8-155.jpg\" width=\"790\" alt=\"\"\/><\/p>\n<p><img decoding=\"async\" class=\"alignnone size-full\" src=\"http:\/\/wxnuohui.com\/wp-content\/uploads\/2025\/09\/detail_pic_9-161.jpg\" width=\"790\" alt=\"\"\/><\/p>\n<p><img decoding=\"async\" class=\"alignnone size-full\" src=\"http:\/\/wxnuohui.com\/wp-content\/uploads\/2025\/09\/detail_pic_10-279.jpg\" width=\"790\" alt=\"\"\/><\/p>\n<p><img decoding=\"async\" class=\"alignnone size-full\" src=\"http:\/\/wxnuohui.com\/wp-content\/uploads\/2025\/09\/detail_pic_11-276.jpg\" width=\"790\" alt=\"\"\/><\/p>\n<p><img decoding=\"async\" class=\"alignnone size-full\" src=\"http:\/\/wxnuohui.com\/wp-content\/uploads\/2025\/09\/detail_pic_12-273.jpg\" width=\"790\" alt=\"\"\/><\/p>\n<p><img decoding=\"async\" class=\"alignnone size-full\" src=\"http:\/\/wxnuohui.com\/wp-content\/uploads\/2025\/09\/detail_pic_13-19.png\" width=\"790\" alt=\"\"\/><\/p>\n<p><img decoding=\"async\" class=\"alignnone size-full\" src=\"http:\/\/wxnuohui.com\/wp-content\/uploads\/2025\/09\/detail_pic_14-187.jpg\" width=\"790\" alt=\"\"\/><\/p>\n<p><img decoding=\"async\" class=\"alignnone size-full\" src=\"http:\/\/wxnuohui.com\/wp-content\/uploads\/2025\/09\/detail_pic_15-260.jpg\" width=\"790\" alt=\"\"\/><\/p>\n<p><img decoding=\"async\" class=\"alignnone size-full\" src=\"http:\/\/wxnuohui.com\/wp-content\/uploads\/2025\/09\/detail_pic_16-212.jpg\" width=\"790\" alt=\"\"\/><\/p>","protected":false},"excerpt":{"rendered":"<p>De \u00eenalt\u0103 calitate Logo personalizat de imprimare Casual Fashion Long Sleeve Plain Crop Top Hoodie pentru femei<\/p>","protected":false},"featured_media":9362,"template":"","meta":[],"product_brand":[],"product_cat":[27],"product_tag":[],"class_list":{"0":"post-12313","1":"product","2":"type-product","3":"status-publish","4":"has-post-thumbnail","6":"product_cat-hoodie","8":"first","9":"outofstock","10":"shipping-taxable","11":"product-type-variable"},"_links":{"self":[{"href":"https:\/\/wxnuohui.com\/ro\/wp-json\/wp\/v2\/product\/12313","targetHints":{"allow":["GET"]}}],"collection":[{"href":"https:\/\/wxnuohui.com\/ro\/wp-json\/wp\/v2\/product"}],"about":[{"href":"https:\/\/wxnuohui.com\/ro\/wp-json\/wp\/v2\/types\/product"}],"wp:featuredmedia":[{"embeddable":true,"href":"https:\/\/wxnuohui.com\/ro\/wp-json\/wp\/v2\/media\/9362"}],"wp:attachment":[{"href":"https:\/\/wxnuohui.com\/ro\/wp-json\/wp\/v2\/media?parent=12313"}],"wp:term":[{"taxonomy":"product_brand","embeddable":true,"href":"https:\/\/wxnuohui.com\/ro\/wp-json\/wp\/v2\/product_brand?post=12313"},{"taxonomy":"product_cat","embeddable":true,"href":"https:\/\/wxnuohui.com\/ro\/wp-json\/wp\/v2\/product_cat?post=12313"},{"taxonomy":"product_tag","embeddable":true,"href":"https:\/\/wxnuohui.com\/ro\/wp-json\/wp\/v2\/product_tag?post=12313"}],"curies":[{"name":"wp","href":"https:\/\/api.w.org\/{rel}","templated":true}]}}