{"id":9219,"date":"2025-09-13T06:21:16","date_gmt":"2025-09-13T06:21:16","guid":{"rendered":"https:\/\/wxnuohui.com\/product\/ladies-pant-cotton-blend-trouser-sweat-joggers-plus-size-3d-pocket-pants-sweatpants-women\/"},"modified":"2025-09-13T06:21:16","modified_gmt":"2025-09-13T06:21:16","slug":"ladies-pant-cotton-blend-trouser-sweat-joggers-plus-size-3d-pocket-pants-sweatpants-women","status":"publish","type":"product","link":"https:\/\/wxnuohui.com\/pt\/product\/ladies-pant-cotton-blend-trouser-sweat-joggers-plus-size-3d-pocket-pants-sweatpants-women\/","title":{"rendered":"Cal\u00e7as de senhora Cal\u00e7as de algod\u00e3o com suor Joggers Plus Size 3d Pocket Pants Cal\u00e7as de treino Mulheres"},"content":{"rendered":"<p>7 dias de tempo de execu\u00e7\u00e3o da ordem da amostra:Suporte<br \/>\nT\u00e9cnica:Impresso<br \/>\nEstilo:Casual<br \/>\nCarater\u00edsticas:Secagem r\u00e1pida, Imperme\u00e1vel, Anti-bolinhas, Respir\u00e1vel, Ecol\u00f3gico<br \/>\nEstilo das cal\u00e7as:Cal\u00e7as cargo<br \/>\nM\u00e9todo de tecelagem:Tricotado<br \/>\nMaterial:Algod\u00e3o 100%<br \/>\nLavagem:Ligeira<br \/>\nTipo de tecido:Malha<br \/>\nM\u00e9todos de impress\u00e3o:Impress\u00e3o digital<br \/>\nComprimento:Cal\u00e7as at\u00e9 ao tornozelo<br \/>\nEsta\u00e7\u00e3o:primavera<br \/>\nTipo de padr\u00e3o:S\u00f3lido<br \/>\nTipo de fornecimento:Servi\u00e7o Oem<br \/>\nTipo de cintura:Alta<br \/>\nTipo de ajuste:Regular<br \/>\nDecora\u00e7\u00e3o:Vintage, Bolsos, Bordado, Plissado, Bolso 3D<br \/>\nEstilo da frente:Plano<br \/>\nLocal de origem:Jiangsu, China<br \/>\nNome da marca:NH<br \/>\nDetalhes da embalagem: 1. para a amostra, uma pe\u00e7a por saco poli. 2. para a produ\u00e7\u00e3o em massa, nossa embalagem regular \u00e9 Carton. 3. tamb\u00e9m se aplicam a exig\u00eancia dos clientes.<br \/>\nPorto de expedi\u00e7\u00e3o:Shanghai<br \/>\nUnidades de venda:Artigo \u00fanico<br \/>\nTamanho da embalagem individual:20X11X14 cm<br \/>\nPeso bruto \u00fanico: 0,600 kg<br \/>\nExemplos de embalagens:<br \/>\nCapacidade de fornecimento:5000 pe\u00e7as por m\u00eas Vestido de mulher<\/p>\n<p><img decoding=\"async\" class=\"alignnone size-full\" src=\"http:\/\/wxnuohui.com\/wp-content\/uploads\/2025\/09\/detail_pic_0-118.png\" width=\"790\" alt=\"\"\/><\/p>\n<p><img decoding=\"async\" class=\"alignnone size-full\" src=\"http:\/\/wxnuohui.com\/wp-content\/uploads\/2025\/09\/detail_pic_1-106.png\" width=\"790\" alt=\"\"\/><\/p>\n<p><img decoding=\"async\" class=\"alignnone size-full\" src=\"http:\/\/wxnuohui.com\/wp-content\/uploads\/2025\/09\/detail_pic_2-173.jpg\" width=\"790\" alt=\"\"\/><\/p>\n<p><img decoding=\"async\" class=\"alignnone size-full\" src=\"http:\/\/wxnuohui.com\/wp-content\/uploads\/2025\/09\/detail_pic_3-208.jpg\" width=\"790\" alt=\"\"\/><\/p>\n<p><img decoding=\"async\" class=\"alignnone size-full\" src=\"http:\/\/wxnuohui.com\/wp-content\/uploads\/2025\/09\/detail_pic_4-199.jpg\" width=\"790\" alt=\"\"\/><\/p>\n<p><img decoding=\"async\" class=\"alignnone size-full\" src=\"http:\/\/wxnuohui.com\/wp-content\/uploads\/2025\/09\/detail_pic_5-242.jpg\" width=\"790\" alt=\"\"\/><\/p>\n<p><img decoding=\"async\" class=\"alignnone size-full\" src=\"http:\/\/wxnuohui.com\/wp-content\/uploads\/2025\/09\/detail_pic_6-163.jpg\" width=\"790\" alt=\"\"\/><\/p>\n<p><img decoding=\"async\" class=\"alignnone size-full\" src=\"http:\/\/wxnuohui.com\/wp-content\/uploads\/2025\/09\/detail_pic_7-133.jpg\" width=\"790\" alt=\"\"\/><\/p>\n<p><img decoding=\"async\" class=\"alignnone size-full\" src=\"http:\/\/wxnuohui.com\/wp-content\/uploads\/2025\/09\/detail_pic_8-144.jpg\" width=\"790\" alt=\"\"\/><\/p>\n<p><img decoding=\"async\" class=\"alignnone size-full\" src=\"http:\/\/wxnuohui.com\/wp-content\/uploads\/2025\/09\/detail_pic_9-155.jpg\" width=\"790\" alt=\"\"\/><\/p>\n<p><img decoding=\"async\" class=\"alignnone size-full\" src=\"http:\/\/wxnuohui.com\/wp-content\/uploads\/2025\/09\/detail_pic_10-269.jpg\" width=\"790\" alt=\"\"\/><\/p>\n<p><img decoding=\"async\" class=\"alignnone size-full\" src=\"http:\/\/wxnuohui.com\/wp-content\/uploads\/2025\/09\/detail_pic_11-264.jpg\" width=\"790\" alt=\"\"\/><\/p>\n<p><img decoding=\"async\" class=\"alignnone size-full\" src=\"http:\/\/wxnuohui.com\/wp-content\/uploads\/2025\/09\/detail_pic_12-262.jpg\" width=\"790\" alt=\"\"\/><\/p>\n<p><img decoding=\"async\" class=\"alignnone size-full\" src=\"http:\/\/wxnuohui.com\/wp-content\/uploads\/2025\/09\/detail_pic_13-18.png\" width=\"790\" alt=\"\"\/><\/p>\n<p><img decoding=\"async\" class=\"alignnone size-full\" src=\"http:\/\/wxnuohui.com\/wp-content\/uploads\/2025\/09\/detail_pic_14-185.jpg\" width=\"790\" alt=\"\"\/><\/p>\n<p><img decoding=\"async\" class=\"alignnone size-full\" src=\"http:\/\/wxnuohui.com\/wp-content\/uploads\/2025\/09\/detail_pic_15-252.jpg\" width=\"790\" alt=\"\"\/><\/p>\n<p><img decoding=\"async\" class=\"alignnone size-full\" src=\"http:\/\/wxnuohui.com\/wp-content\/uploads\/2025\/09\/detail_pic_16-205.jpg\" width=\"790\" alt=\"\"\/><\/p>","protected":false},"excerpt":{"rendered":"<p>Cal\u00e7as de senhora Cal\u00e7as de algod\u00e3o com suor Joggers Plus Size 3d Pocket Pants Cal\u00e7as de treino Mulheres<\/p>","protected":false},"featured_media":8939,"template":"","meta":[],"product_brand":[],"product_cat":[22],"product_tag":[],"class_list":{"0":"post-9219","1":"product","2":"type-product","3":"status-publish","4":"has-post-thumbnail","6":"product_cat-women-set","8":"first","9":"outofstock","10":"shipping-taxable","11":"product-type-variable"},"_links":{"self":[{"href":"https:\/\/wxnuohui.com\/pt\/wp-json\/wp\/v2\/product\/9219","targetHints":{"allow":["GET"]}}],"collection":[{"href":"https:\/\/wxnuohui.com\/pt\/wp-json\/wp\/v2\/product"}],"about":[{"href":"https:\/\/wxnuohui.com\/pt\/wp-json\/wp\/v2\/types\/product"}],"wp:featuredmedia":[{"embeddable":true,"href":"https:\/\/wxnuohui.com\/pt\/wp-json\/wp\/v2\/media\/8939"}],"wp:attachment":[{"href":"https:\/\/wxnuohui.com\/pt\/wp-json\/wp\/v2\/media?parent=9219"}],"wp:term":[{"taxonomy":"product_brand","embeddable":true,"href":"https:\/\/wxnuohui.com\/pt\/wp-json\/wp\/v2\/product_brand?post=9219"},{"taxonomy":"product_cat","embeddable":true,"href":"https:\/\/wxnuohui.com\/pt\/wp-json\/wp\/v2\/product_cat?post=9219"},{"taxonomy":"product_tag","embeddable":true,"href":"https:\/\/wxnuohui.com\/pt\/wp-json\/wp\/v2\/product_tag?post=9219"}],"curies":[{"name":"wp","href":"https:\/\/api.w.org\/{rel}","templated":true}]}}