{"id":9212,"date":"2025-09-13T06:21:12","date_gmt":"2025-09-13T06:21:12","guid":{"rendered":"https:\/\/wxnuohui.com\/product\/casual-fall-two-piece-set-womens-clothing-plain-loose-polyester-wide-leg-pants-set-women\/"},"modified":"2025-09-13T06:21:12","modified_gmt":"2025-09-13T06:21:12","slug":"casual-fall-two-piece-set-womens-clothing-plain-loose-polyester-wide-leg-pants-set-women","status":"publish","type":"product","link":"https:\/\/wxnuohui.com\/pt\/product\/casual-fall-two-piece-set-womens-clothing-plain-loose-polyester-wide-leg-pants-set-women\/","title":{"rendered":"Conjunto casual de duas pe\u00e7as de outono para mulher Roupa simples e solta Cal\u00e7as de perna larga de poli\u00e9ster Conjunto para mulher"},"content":{"rendered":"<p>G\u00e9nero:Mulher<br \/>\nEsta\u00e7\u00e3o:outono<br \/>\nDecora\u00e7\u00e3o:Bolsos<br \/>\nTipo de tecido:Malha<br \/>\nMaterial:Poli\u00e9ster \/ Algod\u00e3o<br \/>\nTipo:conjunto de senhora<br \/>\nComprimento dos tops:Regular<br \/>\nM\u00e9todos de impress\u00e3o:Impress\u00e3o serigr\u00e1fica<br \/>\nTipo de padr\u00e3o:S\u00f3lido<br \/>\nComprimento da manga:Completa<br \/>\nTop Type:camisa<br \/>\n7 dias de tempo de execu\u00e7\u00e3o da ordem da amostra:Suporte<br \/>\nCarater\u00edstica:Secagem r\u00e1pida, respir\u00e1vel, amigo do ambiente<br \/>\nComprimento:Acima do joelho<br \/>\nTipo de fornecimento:Servi\u00e7o Oem<br \/>\nTipo de ajuste:Regular<br \/>\nT\u00e9cnicas:Tingimento simples<br \/>\nM\u00e9todo de tecelagem:Tricotado<br \/>\nColarinho:Gola O<br \/>\nEstilo:Casual<br \/>\nPeso do tecido: 260 gramas<br \/>\nN\u00famero do modelo:Conjunto de duas pe\u00e7as -714607361612<br \/>\nLocal de origem:Jiangsu, China<br \/>\nNome da marca:NH-714219636442<br \/>\nNome de produto:Conjunto de duas pe\u00e7as para mulher<br \/>\nPalavras-chave:Conjunto Cal\u00e7as Mulher<br \/>\nServi\u00e7o:24 horas online<br \/>\nPagamento:Garantia comercial<br \/>\nImpress\u00e3o:Impress\u00e3o de desenhos personalizados<br \/>\nAmostra:3-5 dias<br \/>\nEmbalagem:1pc\/saco de polietileno<br \/>\nPrazo de entrega:7~15 dias<br \/>\nR\u00f3tulo e log\u00f3tipo:Personalizado de acordo com as especifica\u00e7\u00f5es<br \/>\nExpedi\u00e7\u00e3o:DHLEMSUPSFEDEXpor Seaby Air<br \/>\nUnidades de venda:Artigo \u00fanico<br \/>\nTamanho da embalagem individual:20X11X14 cm<br \/>\nPeso bruto \u00fanico: 0,600 kg<\/p>\n<p><img decoding=\"async\" class=\"alignnone size-full\" src=\"http:\/\/wxnuohui.com\/wp-content\/uploads\/2025\/09\/detail_pic_0-117.png\" width=\"790\" alt=\"\"\/><\/p>\n<p><img decoding=\"async\" class=\"alignnone size-full\" src=\"http:\/\/wxnuohui.com\/wp-content\/uploads\/2025\/09\/detail_pic_1-159.jpg\" width=\"790\" alt=\"\"\/><\/p>\n<p><img decoding=\"async\" class=\"alignnone size-full\" src=\"http:\/\/wxnuohui.com\/wp-content\/uploads\/2025\/09\/detail_pic_2-166.jpg\" width=\"790\" alt=\"\"\/><\/p>\n<p><img decoding=\"async\" class=\"alignnone size-full\" src=\"http:\/\/wxnuohui.com\/wp-content\/uploads\/2025\/09\/detail_pic_3-201.jpg\" width=\"790\" alt=\"\"\/><\/p>\n<p><img decoding=\"async\" class=\"alignnone size-full\" src=\"http:\/\/wxnuohui.com\/wp-content\/uploads\/2025\/09\/detail_pic_4-192.jpg\" width=\"790\" alt=\"\"\/><\/p>\n<p><img decoding=\"async\" class=\"alignnone size-full\" src=\"http:\/\/wxnuohui.com\/wp-content\/uploads\/2025\/09\/detail_pic_5-235.jpg\" width=\"790\" alt=\"\"\/><\/p>\n<p><img decoding=\"async\" class=\"alignnone size-full\" src=\"http:\/\/wxnuohui.com\/wp-content\/uploads\/2025\/09\/detail_pic_6-157.jpg\" width=\"790\" alt=\"\"\/><\/p>\n<p><img decoding=\"async\" class=\"alignnone size-full\" src=\"http:\/\/wxnuohui.com\/wp-content\/uploads\/2025\/09\/detail_pic_7-127.jpg\" width=\"790\" alt=\"\"\/><\/p>\n<p><img decoding=\"async\" class=\"alignnone size-full\" src=\"http:\/\/wxnuohui.com\/wp-content\/uploads\/2025\/09\/detail_pic_8-139.jpg\" width=\"790\" alt=\"\"\/><\/p>\n<p><img decoding=\"async\" class=\"alignnone size-full\" src=\"http:\/\/wxnuohui.com\/wp-content\/uploads\/2025\/09\/detail_pic_9-108.png\" width=\"790\" alt=\"\"\/><\/p>\n<p><img decoding=\"async\" class=\"alignnone size-full\" src=\"http:\/\/wxnuohui.com\/wp-content\/uploads\/2025\/09\/detail_pic_10-262.jpg\" width=\"790\" alt=\"\"\/><\/p>\n<p><img decoding=\"async\" class=\"alignnone size-full\" src=\"http:\/\/wxnuohui.com\/wp-content\/uploads\/2025\/09\/detail_pic_11-257.jpg\" width=\"790\" alt=\"\"\/><\/p>\n<p><img decoding=\"async\" class=\"alignnone size-full\" src=\"http:\/\/wxnuohui.com\/wp-content\/uploads\/2025\/09\/detail_pic_12-255.jpg\" width=\"790\" alt=\"\"\/><\/p>\n<p><img decoding=\"async\" class=\"alignnone size-full\" src=\"http:\/\/wxnuohui.com\/wp-content\/uploads\/2025\/09\/detail_pic_13-242.jpg\" width=\"790\" alt=\"\"\/><\/p>\n<p><img decoding=\"async\" class=\"alignnone size-full\" src=\"http:\/\/wxnuohui.com\/wp-content\/uploads\/2025\/09\/detail_pic_14-72.png\" width=\"790\" alt=\"\"\/><\/p>\n<p><img decoding=\"async\" class=\"alignnone size-full\" src=\"http:\/\/wxnuohui.com\/wp-content\/uploads\/2025\/09\/detail_pic_15-245.jpg\" width=\"790\" alt=\"\"\/><\/p>\n<p><img decoding=\"async\" class=\"alignnone size-full\" src=\"http:\/\/wxnuohui.com\/wp-content\/uploads\/2025\/09\/detail_pic_16-198.jpg\" width=\"790\" alt=\"\"\/><\/p>\n<p><img decoding=\"async\" class=\"alignnone size-full\" src=\"http:\/\/wxnuohui.com\/wp-content\/uploads\/2025\/09\/detail_pic_17-197.jpg\" width=\"790\" alt=\"\"\/><\/p>","protected":false},"excerpt":{"rendered":"<p>Conjunto casual de duas pe\u00e7as de outono para mulher Roupa simples e solta Cal\u00e7as de perna larga de poli\u00e9ster Conjunto para mulher<\/p>","protected":false},"featured_media":8764,"template":"","meta":[],"product_brand":[],"product_cat":[22],"product_tag":[],"class_list":{"0":"post-9212","1":"product","2":"type-product","3":"status-publish","4":"has-post-thumbnail","6":"product_cat-women-set","8":"first","9":"outofstock","10":"shipping-taxable","11":"product-type-variable"},"_links":{"self":[{"href":"https:\/\/wxnuohui.com\/pt\/wp-json\/wp\/v2\/product\/9212","targetHints":{"allow":["GET"]}}],"collection":[{"href":"https:\/\/wxnuohui.com\/pt\/wp-json\/wp\/v2\/product"}],"about":[{"href":"https:\/\/wxnuohui.com\/pt\/wp-json\/wp\/v2\/types\/product"}],"wp:featuredmedia":[{"embeddable":true,"href":"https:\/\/wxnuohui.com\/pt\/wp-json\/wp\/v2\/media\/8764"}],"wp:attachment":[{"href":"https:\/\/wxnuohui.com\/pt\/wp-json\/wp\/v2\/media?parent=9212"}],"wp:term":[{"taxonomy":"product_brand","embeddable":true,"href":"https:\/\/wxnuohui.com\/pt\/wp-json\/wp\/v2\/product_brand?post=9212"},{"taxonomy":"product_cat","embeddable":true,"href":"https:\/\/wxnuohui.com\/pt\/wp-json\/wp\/v2\/product_cat?post=9212"},{"taxonomy":"product_tag","embeddable":true,"href":"https:\/\/wxnuohui.com\/pt\/wp-json\/wp\/v2\/product_tag?post=9212"}],"curies":[{"name":"wp","href":"https:\/\/api.w.org\/{rel}","templated":true}]}}