{"id":9207,"date":"2025-09-13T06:21:07","date_gmt":"2025-09-13T06:21:07","guid":{"rendered":"https:\/\/wxnuohui.com\/product\/hot-sale-wholesale-new-designs-clothes-for-women-jumpsuit-print-sleeveless-jumpsuits\/"},"modified":"2025-09-13T06:21:08","modified_gmt":"2025-09-13T06:21:08","slug":"hot-sale-wholesale-new-designs-clothes-for-women-jumpsuit-print-sleeveless-jumpsuits","status":"publish","type":"product","link":"https:\/\/wxnuohui.com\/pt\/product\/hot-sale-wholesale-new-designs-clothes-for-women-jumpsuit-print-sleeveless-jumpsuits\/","title":{"rendered":"Venda Quente Venda por atacado Novos Designs Roupas para Mulheres Macac\u00e3o Estampado Macac\u00e3o Sem Mangas"},"content":{"rendered":"<p>Tipo de ajuste:Regular<br \/>\nEstilo:Casual<br \/>\nEsta\u00e7\u00e3o:ver\u00e3o<br \/>\nColarinho:Gola O<br \/>\nMaterial:Spandex \/ Poli\u00e9ster<br \/>\nM\u00e9todos de impress\u00e3o:Impress\u00e3o serigr\u00e1fica<br \/>\nTipo:macac\u00e3o de ioga<br \/>\nOcasi\u00e3o:ClubWear<br \/>\nComprimento da manga (cm):Sem mangas<br \/>\nLinha da cintura:Cintura alta<br \/>\nDete\u00e7\u00e3o de agulhas:Sim<br \/>\nTipo de fornecimento:Servi\u00e7o Oem<br \/>\nCarater\u00edsticas:Anti-bolinhas, respir\u00e1vel, amigo do ambiente<br \/>\nPadr\u00e3o:Estampado<br \/>\nM\u00e9todo de tecelagem:Tricotado<br \/>\nG\u00e9nero:Mulher<br \/>\nComprimento:Midi<br \/>\nT\u00e9cnica:Impresso<br \/>\nDecora\u00e7\u00e3o:Risca lateral, estampado<br \/>\nTipo de tecido:Poli\u00e9ster<br \/>\nPeso do tecido: 260 gramas<br \/>\nEstilo da manga:N\u00e3o<br \/>\nLocal de origem:Jiangsu, China<br \/>\nN\u00famero do modelo:Macac\u00e3o sem mangas-664289389257<br \/>\nNome da marca:NH-669831915287<br \/>\nUnidades de venda:Artigo \u00fanico<br \/>\nTamanho da embalagem individual: 18X13X14 cm<br \/>\nPeso bruto \u00fanico: 0,400 kg<\/p>\n<p><img decoding=\"async\" class=\"alignnone size-full\" src=\"http:\/\/wxnuohui.com\/wp-content\/uploads\/2025\/09\/detail_pic_0-136.jpg\" width=\"790\" alt=\"\"\/><\/p>\n<p><img decoding=\"async\" class=\"alignnone size-full\" src=\"http:\/\/wxnuohui.com\/wp-content\/uploads\/2025\/09\/detail_pic_1-155.jpg\" width=\"790\" alt=\"\"\/><\/p>\n<p><img decoding=\"async\" class=\"alignnone size-full\" src=\"http:\/\/wxnuohui.com\/wp-content\/uploads\/2025\/09\/detail_pic_2-161.jpg\" width=\"790\" alt=\"\"\/><\/p>\n<p><img decoding=\"async\" class=\"alignnone size-full\" src=\"http:\/\/wxnuohui.com\/wp-content\/uploads\/2025\/09\/detail_pic_3-196.jpg\" width=\"790\" alt=\"\"\/><\/p>\n<p><img decoding=\"async\" class=\"alignnone size-full\" src=\"http:\/\/wxnuohui.com\/wp-content\/uploads\/2025\/09\/detail_pic_4-187.jpg\" width=\"790\" alt=\"\"\/><\/p>\n<p><img decoding=\"async\" class=\"alignnone size-full\" src=\"http:\/\/wxnuohui.com\/wp-content\/uploads\/2025\/09\/detail_pic_5-230.jpg\" width=\"790\" alt=\"\"\/><\/p>\n<p><img decoding=\"async\" class=\"alignnone size-full\" src=\"http:\/\/wxnuohui.com\/wp-content\/uploads\/2025\/09\/detail_pic_6-152.jpg\" width=\"790\" alt=\"\"\/><\/p>\n<p><img decoding=\"async\" class=\"alignnone size-full\" src=\"http:\/\/wxnuohui.com\/wp-content\/uploads\/2025\/09\/detail_pic_7-122.jpg\" width=\"790\" alt=\"\"\/><\/p>\n<p><img decoding=\"async\" class=\"alignnone size-full\" src=\"http:\/\/wxnuohui.com\/wp-content\/uploads\/2025\/09\/detail_pic_8-134.jpg\" width=\"790\" alt=\"\"\/><\/p>\n<p><img decoding=\"async\" class=\"alignnone size-full\" src=\"http:\/\/wxnuohui.com\/wp-content\/uploads\/2025\/09\/detail_pic_9-103.png\" width=\"790\" alt=\"\"\/><\/p>\n<p><img decoding=\"async\" class=\"alignnone size-full\" src=\"http:\/\/wxnuohui.com\/wp-content\/uploads\/2025\/09\/detail_pic_10-257.jpg\" width=\"790\" alt=\"\"\/><\/p>\n<p><img decoding=\"async\" class=\"alignnone size-full\" src=\"http:\/\/wxnuohui.com\/wp-content\/uploads\/2025\/09\/detail_pic_11-252.jpg\" width=\"790\" alt=\"\"\/><\/p>\n<p><img decoding=\"async\" class=\"alignnone size-full\" src=\"http:\/\/wxnuohui.com\/wp-content\/uploads\/2025\/09\/detail_pic_12-250.jpg\" width=\"790\" alt=\"\"\/><\/p>\n<p><img decoding=\"async\" class=\"alignnone size-full\" src=\"http:\/\/wxnuohui.com\/wp-content\/uploads\/2025\/09\/detail_pic_13-237.jpg\" width=\"790\" alt=\"\"\/><\/p>\n<p><img decoding=\"async\" class=\"alignnone size-full\" src=\"http:\/\/wxnuohui.com\/wp-content\/uploads\/2025\/09\/detail_pic_14-67.png\" width=\"790\" alt=\"\"\/><\/p>\n<p><img decoding=\"async\" class=\"alignnone size-full\" src=\"http:\/\/wxnuohui.com\/wp-content\/uploads\/2025\/09\/detail_pic_15-240.jpg\" width=\"790\" alt=\"\"\/><\/p>\n<p><img decoding=\"async\" class=\"alignnone size-full\" src=\"http:\/\/wxnuohui.com\/wp-content\/uploads\/2025\/09\/detail_pic_16-193.jpg\" width=\"790\" alt=\"\"\/><\/p>\n<p><img decoding=\"async\" class=\"alignnone size-full\" src=\"http:\/\/wxnuohui.com\/wp-content\/uploads\/2025\/09\/detail_pic_17-192.jpg\" width=\"790\" alt=\"\"\/><\/p>","protected":false},"excerpt":{"rendered":"<p>Venda Quente Venda por atacado Novos Designs Roupas para Mulheres Macac\u00e3o Estampado Macac\u00e3o Sem Mangas<\/p>","protected":false},"featured_media":8639,"template":"","meta":[],"product_brand":[],"product_cat":[22],"product_tag":[],"class_list":{"0":"post-9207","1":"product","2":"type-product","3":"status-publish","4":"has-post-thumbnail","6":"product_cat-women-set","8":"first","9":"outofstock","10":"shipping-taxable","11":"product-type-variable"},"_links":{"self":[{"href":"https:\/\/wxnuohui.com\/pt\/wp-json\/wp\/v2\/product\/9207","targetHints":{"allow":["GET"]}}],"collection":[{"href":"https:\/\/wxnuohui.com\/pt\/wp-json\/wp\/v2\/product"}],"about":[{"href":"https:\/\/wxnuohui.com\/pt\/wp-json\/wp\/v2\/types\/product"}],"wp:featuredmedia":[{"embeddable":true,"href":"https:\/\/wxnuohui.com\/pt\/wp-json\/wp\/v2\/media\/8639"}],"wp:attachment":[{"href":"https:\/\/wxnuohui.com\/pt\/wp-json\/wp\/v2\/media?parent=9207"}],"wp:term":[{"taxonomy":"product_brand","embeddable":true,"href":"https:\/\/wxnuohui.com\/pt\/wp-json\/wp\/v2\/product_brand?post=9207"},{"taxonomy":"product_cat","embeddable":true,"href":"https:\/\/wxnuohui.com\/pt\/wp-json\/wp\/v2\/product_cat?post=9207"},{"taxonomy":"product_tag","embeddable":true,"href":"https:\/\/wxnuohui.com\/pt\/wp-json\/wp\/v2\/product_tag?post=9207"}],"curies":[{"name":"wp","href":"https:\/\/api.w.org\/{rel}","templated":true}]}}