{"id":9121,"date":"2025-09-13T06:20:07","date_gmt":"2025-09-13T06:20:07","guid":{"rendered":"https:\/\/wxnuohui.com\/product\/summer-womens-lace-set-sexy-casual-v-neck-top-with-long-pant-set-tracksuit-print-two-piece-set\/"},"modified":"2025-09-13T06:20:07","modified_gmt":"2025-09-13T06:20:07","slug":"summer-womens-lace-set-sexy-casual-v-neck-top-with-long-pant-set-tracksuit-print-two-piece-set","status":"publish","type":"product","link":"https:\/\/wxnuohui.com\/pt\/product\/summer-womens-lace-set-sexy-casual-v-neck-top-with-long-pant-set-tracksuit-print-two-piece-set\/","title":{"rendered":"Conjunto de renda para mulher no ver\u00e3o Conjunto casual sexy com decote em V e cal\u00e7as compridas Conjunto de duas pe\u00e7as com estampado de fato de treino"},"content":{"rendered":"<p>G\u00e9nero:Mulher<br \/>\nEsta\u00e7\u00e3o:ver\u00e3o<br \/>\nDecora\u00e7\u00e3o:Rendas, Flares bordados<br \/>\nTipo de tecido:Malha<br \/>\nMaterial:Poli\u00e9ster \/ Algod\u00e3o<br \/>\nM\u00e9todos de impress\u00e3o:Impress\u00e3o serigr\u00e1fica<br \/>\nTipo de padr\u00e3o:S\u00f3lido<br \/>\n7 dias de tempo de execu\u00e7\u00e3o da ordem da amostra:Suporte<br \/>\nCarater\u00edstica:Respir\u00e1vel, amigo do ambiente<br \/>\nComprimento:Acima do joelho<br \/>\nTipo de fornecimento:Servi\u00e7o Oem<br \/>\nTipo de ajuste:Regular<br \/>\nT\u00e9cnica:Impresso<br \/>\nM\u00e9todo de tecelagem:Tricotado<br \/>\nColarinho:Gola O<br \/>\nEstilo:Casual<br \/>\nN\u00famero do modelo:Conjunto de duas pe\u00e7as com estampado<br \/>\nLocal de origem:Jiangsu, China<br \/>\nNome da marca:NH<br \/>\nNome de produto:Top com decote em V Conjunto de cal\u00e7as compridas Fato de treino<br \/>\nPalavras-chave:Conjunto de duas pe\u00e7as estampado<br \/>\nServi\u00e7o:24 horas online<br \/>\nPagamento:Garantia comercial<br \/>\nImpress\u00e3o:Impress\u00e3o de desenhos personalizados<br \/>\nAmostra:3-5 dias<br \/>\nEmbalagem:1pc\/saco de polietileno<br \/>\nPrazo de entrega:7~15 dias<br \/>\nR\u00f3tulo e log\u00f3tipo:Personalizado de acordo com as especifica\u00e7\u00f5es<br \/>\nExpedi\u00e7\u00e3o:DHLEMSUPSFEDEXpor Seaby Air<br \/>\nDetalhes da embalagem: 1. para a amostra, uma pe\u00e7a por saco poli. 2. para a produ\u00e7\u00e3o em massa, nossa embalagem regular \u00e9 Carton. 3. tamb\u00e9m se aplicam a exig\u00eancia dos clientes.<br \/>\nPorto de expedi\u00e7\u00e3o:ShangHai<br \/>\nUnidades de venda:Artigo \u00fanico<br \/>\nTamanho da embalagem individual:23X13X14 cm<br \/>\nPeso bruto \u00fanico: 0,500 kg<br \/>\nExemplos de embalagens:<br \/>\nCapacidade de fornecimento:5000 conjuntos por m\u00eas Conjunto de mulheres<\/p>\n<p><img decoding=\"async\" class=\"alignnone size-full\" src=\"http:\/\/wxnuohui.com\/wp-content\/uploads\/2025\/09\/detail_pic_0-67.jpg\" width=\"790\" alt=\"\"\/><\/p>\n<p><img decoding=\"async\" class=\"alignnone size-full\" src=\"http:\/\/wxnuohui.com\/wp-content\/uploads\/2025\/09\/detail_pic_1-78.jpg\" width=\"790\" alt=\"\"\/><\/p>\n<p><img decoding=\"async\" class=\"alignnone size-full\" src=\"http:\/\/wxnuohui.com\/wp-content\/uploads\/2025\/09\/detail_pic_2-82.jpg\" width=\"790\" alt=\"\"\/><\/p>\n<p><img decoding=\"async\" class=\"alignnone size-full\" src=\"http:\/\/wxnuohui.com\/wp-content\/uploads\/2025\/09\/detail_pic_3-118.jpg\" width=\"790\" alt=\"\"\/><\/p>\n<p><img decoding=\"async\" class=\"alignnone size-full\" src=\"http:\/\/wxnuohui.com\/wp-content\/uploads\/2025\/09\/detail_pic_4-108.jpg\" width=\"790\" alt=\"\"\/><\/p>\n<p><img decoding=\"async\" class=\"alignnone size-full\" src=\"http:\/\/wxnuohui.com\/wp-content\/uploads\/2025\/09\/detail_pic_5-151.jpg\" width=\"790\" alt=\"\"\/><\/p>\n<p><img decoding=\"async\" class=\"alignnone size-full\" src=\"http:\/\/wxnuohui.com\/wp-content\/uploads\/2025\/09\/detail_pic_6-86.jpg\" width=\"790\" alt=\"\"\/><\/p>\n<p><img decoding=\"async\" class=\"alignnone size-full\" src=\"http:\/\/wxnuohui.com\/wp-content\/uploads\/2025\/09\/detail_pic_7-67.jpg\" width=\"790\" alt=\"\"\/><\/p>\n<p><img decoding=\"async\" class=\"alignnone size-full\" src=\"http:\/\/wxnuohui.com\/wp-content\/uploads\/2025\/09\/detail_pic_8-94.jpg\" width=\"790\" alt=\"\"\/><\/p>\n<p><img decoding=\"async\" class=\"alignnone size-full\" src=\"http:\/\/wxnuohui.com\/wp-content\/uploads\/2025\/09\/detail_pic_9-113.jpg\" width=\"790\" alt=\"\"\/><\/p>\n<p><img decoding=\"async\" class=\"alignnone size-full\" src=\"http:\/\/wxnuohui.com\/wp-content\/uploads\/2025\/09\/detail_pic_10-176.jpg\" width=\"790\" alt=\"\"\/><\/p>\n<p><img decoding=\"async\" class=\"alignnone size-full\" src=\"http:\/\/wxnuohui.com\/wp-content\/uploads\/2025\/09\/detail_pic_11-172.jpg\" width=\"790\" alt=\"\"\/><\/p>\n<p><img decoding=\"async\" class=\"alignnone size-full\" src=\"http:\/\/wxnuohui.com\/wp-content\/uploads\/2025\/09\/detail_pic_12-172.jpg\" width=\"790\" alt=\"\"\/><\/p>\n<p><img decoding=\"async\" class=\"alignnone size-full\" src=\"http:\/\/wxnuohui.com\/wp-content\/uploads\/2025\/09\/detail_pic_13-172.jpg\" width=\"790\" alt=\"\"\/><\/p>\n<p><img decoding=\"async\" class=\"alignnone size-full\" src=\"http:\/\/wxnuohui.com\/wp-content\/uploads\/2025\/09\/detail_pic_14-11.png\" width=\"790\" alt=\"\"\/><\/p>\n<p><img decoding=\"async\" class=\"alignnone size-full\" src=\"http:\/\/wxnuohui.com\/wp-content\/uploads\/2025\/09\/detail_pic_15-166.jpg\" width=\"790\" alt=\"\"\/><\/p>\n<p><img decoding=\"async\" class=\"alignnone size-full\" src=\"http:\/\/wxnuohui.com\/wp-content\/uploads\/2025\/09\/detail_pic_16-123.jpg\" width=\"790\" alt=\"\"\/><\/p>\n<p><img decoding=\"async\" class=\"alignnone size-full\" src=\"http:\/\/wxnuohui.com\/wp-content\/uploads\/2025\/09\/detail_pic_17-136.jpg\" width=\"790\" alt=\"\"\/><\/p>","protected":false},"excerpt":{"rendered":"<p>Conjunto de renda para mulher no ver\u00e3o Conjunto casual sexy com decote em V e cal\u00e7as compridas Conjunto de duas pe\u00e7as com estampado de fato de treino<\/p>","protected":false},"featured_media":6641,"template":"","meta":[],"product_brand":[],"product_cat":[22],"product_tag":[],"class_list":{"0":"post-9121","1":"product","2":"type-product","3":"status-publish","4":"has-post-thumbnail","6":"product_cat-women-set","8":"first","9":"outofstock","10":"shipping-taxable","11":"product-type-variable"},"_links":{"self":[{"href":"https:\/\/wxnuohui.com\/pt\/wp-json\/wp\/v2\/product\/9121","targetHints":{"allow":["GET"]}}],"collection":[{"href":"https:\/\/wxnuohui.com\/pt\/wp-json\/wp\/v2\/product"}],"about":[{"href":"https:\/\/wxnuohui.com\/pt\/wp-json\/wp\/v2\/types\/product"}],"wp:featuredmedia":[{"embeddable":true,"href":"https:\/\/wxnuohui.com\/pt\/wp-json\/wp\/v2\/media\/6641"}],"wp:attachment":[{"href":"https:\/\/wxnuohui.com\/pt\/wp-json\/wp\/v2\/media?parent=9121"}],"wp:term":[{"taxonomy":"product_brand","embeddable":true,"href":"https:\/\/wxnuohui.com\/pt\/wp-json\/wp\/v2\/product_brand?post=9121"},{"taxonomy":"product_cat","embeddable":true,"href":"https:\/\/wxnuohui.com\/pt\/wp-json\/wp\/v2\/product_cat?post=9121"},{"taxonomy":"product_tag","embeddable":true,"href":"https:\/\/wxnuohui.com\/pt\/wp-json\/wp\/v2\/product_tag?post=9121"}],"curies":[{"name":"wp","href":"https:\/\/api.w.org\/{rel}","templated":true}]}}