{"id":9119,"date":"2025-09-13T06:20:06","date_gmt":"2025-09-13T06:20:06","guid":{"rendered":"https:\/\/wxnuohui.com\/product\/wholesale-custom-new-spring-ladies-sports-suits-fitness-tracksuits-women-two-pieces-jogger-sets\/"},"modified":"2025-09-13T06:20:06","modified_gmt":"2025-09-13T06:20:06","slug":"wholesale-custom-new-spring-ladies-sports-suits-fitness-tracksuits-women-two-pieces-jogger-sets","status":"publish","type":"product","link":"https:\/\/wxnuohui.com\/pt\/product\/wholesale-custom-new-spring-ladies-sports-suits-fitness-tracksuits-women-two-pieces-jogger-sets\/","title":{"rendered":"Fatos de treino de fitness para mulheres, conjuntos de duas pe\u00e7as"},"content":{"rendered":"<p>G\u00e9nero:Mulher<br \/>\nEsta\u00e7\u00e3o:primavera<br \/>\nDecora\u00e7\u00e3o:Cord\u00e3o<br \/>\nTipo de tecido:Malha<br \/>\nMaterial:Poli\u00e9ster \/ Algod\u00e3o<br \/>\nTipo:conjunto de senhora<br \/>\nComprimento dos tops:Regular<br \/>\nM\u00e9todos de impress\u00e3o:Impress\u00e3o por transfer\u00eancia t\u00e9rmica<br \/>\nTipo de padr\u00e3o:S\u00f3lido<br \/>\nComprimento da manga:Curto<br \/>\nTipo de topo:Topo<br \/>\n7 dias de tempo de execu\u00e7\u00e3o da ordem da amostra:Suporte<br \/>\nCarater\u00edstica:Respir\u00e1vel, amigo do ambiente<br \/>\nComprimento:Acima do joelho<br \/>\nTipo de fornecimento:Servi\u00e7o Oem<br \/>\nTipo de ajuste:Regular<br \/>\nT\u00e9cnicas:Tingimento simples<br \/>\nM\u00e9todo de tecelagem:Tricotado<br \/>\nColarinho:Gola O<br \/>\nEstilo:Casual<br \/>\nPeso do tecido: 160 gramas<br \/>\nDete\u00e7\u00e3o de agulhas:Sim<br \/>\nN\u00famero do modelo:Conjuntos de duas pe\u00e7as Jogger<br \/>\nLocal de origem:Jiangsu, China<br \/>\nNome da marca:NH-644269155895<br \/>\nUnidades de venda:Artigo \u00fanico<br \/>\nTamanho da embalagem individual: 18X13X14 cm<br \/>\nPeso bruto \u00fanico: 0,600 kg<\/p>\n<p><img decoding=\"async\" class=\"alignnone size-full\" src=\"http:\/\/wxnuohui.com\/wp-content\/uploads\/2025\/09\/detail_pic_0-65.jpg\" width=\"790\" alt=\"\"\/><\/p>\n<p><img decoding=\"async\" class=\"alignnone size-full\" src=\"http:\/\/wxnuohui.com\/wp-content\/uploads\/2025\/09\/detail_pic_1-76.jpg\" width=\"790\" alt=\"\"\/><\/p>\n<p><img decoding=\"async\" class=\"alignnone size-full\" src=\"http:\/\/wxnuohui.com\/wp-content\/uploads\/2025\/09\/detail_pic_2-80.jpg\" width=\"790\" alt=\"\"\/><\/p>\n<p><img decoding=\"async\" class=\"alignnone size-full\" src=\"http:\/\/wxnuohui.com\/wp-content\/uploads\/2025\/09\/detail_pic_3-116.jpg\" width=\"790\" alt=\"\"\/><\/p>\n<p><img decoding=\"async\" class=\"alignnone size-full\" src=\"http:\/\/wxnuohui.com\/wp-content\/uploads\/2025\/09\/detail_pic_4-106.jpg\" width=\"790\" alt=\"\"\/><\/p>\n<p><img decoding=\"async\" class=\"alignnone size-full\" src=\"http:\/\/wxnuohui.com\/wp-content\/uploads\/2025\/09\/detail_pic_5-149.jpg\" width=\"790\" alt=\"\"\/><\/p>\n<p><img decoding=\"async\" class=\"alignnone size-full\" src=\"http:\/\/wxnuohui.com\/wp-content\/uploads\/2025\/09\/detail_pic_6-84.jpg\" width=\"790\" alt=\"\"\/><\/p>\n<p><img decoding=\"async\" class=\"alignnone size-full\" src=\"http:\/\/wxnuohui.com\/wp-content\/uploads\/2025\/09\/detail_pic_7-65.jpg\" width=\"790\" alt=\"\"\/><\/p>\n<p><img decoding=\"async\" class=\"alignnone size-full\" src=\"http:\/\/wxnuohui.com\/wp-content\/uploads\/2025\/09\/detail_pic_8-80.png\" width=\"790\" alt=\"\"\/><\/p>\n<p><img decoding=\"async\" class=\"alignnone size-full\" src=\"http:\/\/wxnuohui.com\/wp-content\/uploads\/2025\/09\/detail_pic_9-61.png\" width=\"790\" alt=\"\"\/><\/p>\n<p><img decoding=\"async\" class=\"alignnone size-full\" src=\"http:\/\/wxnuohui.com\/wp-content\/uploads\/2025\/09\/detail_pic_10-174.jpg\" width=\"790\" alt=\"\"\/><\/p>\n<p><img decoding=\"async\" class=\"alignnone size-full\" src=\"http:\/\/wxnuohui.com\/wp-content\/uploads\/2025\/09\/detail_pic_11-170.jpg\" width=\"790\" alt=\"\"\/><\/p>\n<p><img decoding=\"async\" class=\"alignnone size-full\" src=\"http:\/\/wxnuohui.com\/wp-content\/uploads\/2025\/09\/detail_pic_12-171.jpg\" width=\"790\" alt=\"\"\/><\/p>\n<p><img decoding=\"async\" class=\"alignnone size-full\" src=\"http:\/\/wxnuohui.com\/wp-content\/uploads\/2025\/09\/detail_pic_13-170.jpg\" width=\"790\" alt=\"\"\/><\/p>\n<p><img decoding=\"async\" class=\"alignnone size-full\" src=\"http:\/\/wxnuohui.com\/wp-content\/uploads\/2025\/09\/detail_pic_14-10.png\" width=\"790\" alt=\"\"\/><\/p>\n<p><img decoding=\"async\" class=\"alignnone size-full\" src=\"http:\/\/wxnuohui.com\/wp-content\/uploads\/2025\/09\/detail_pic_15-164.jpg\" width=\"790\" alt=\"\"\/><\/p>\n<p><img decoding=\"async\" class=\"alignnone size-full\" src=\"http:\/\/wxnuohui.com\/wp-content\/uploads\/2025\/09\/detail_pic_16-122.jpg\" width=\"790\" alt=\"\"\/><\/p>\n<p><img decoding=\"async\" class=\"alignnone size-full\" src=\"http:\/\/wxnuohui.com\/wp-content\/uploads\/2025\/09\/detail_pic_17-135.jpg\" width=\"790\" alt=\"\"\/><\/p>","protected":false},"excerpt":{"rendered":"<p>Fatos de treino de fitness para mulheres, conjuntos de duas pe\u00e7as<\/p>","protected":false},"featured_media":6595,"template":"","meta":[],"product_brand":[],"product_cat":[22],"product_tag":[],"class_list":{"0":"post-9119","1":"product","2":"type-product","3":"status-publish","4":"has-post-thumbnail","6":"product_cat-women-set","8":"first","9":"outofstock","10":"shipping-taxable","11":"product-type-variable"},"_links":{"self":[{"href":"https:\/\/wxnuohui.com\/pt\/wp-json\/wp\/v2\/product\/9119","targetHints":{"allow":["GET"]}}],"collection":[{"href":"https:\/\/wxnuohui.com\/pt\/wp-json\/wp\/v2\/product"}],"about":[{"href":"https:\/\/wxnuohui.com\/pt\/wp-json\/wp\/v2\/types\/product"}],"wp:featuredmedia":[{"embeddable":true,"href":"https:\/\/wxnuohui.com\/pt\/wp-json\/wp\/v2\/media\/6595"}],"wp:attachment":[{"href":"https:\/\/wxnuohui.com\/pt\/wp-json\/wp\/v2\/media?parent=9119"}],"wp:term":[{"taxonomy":"product_brand","embeddable":true,"href":"https:\/\/wxnuohui.com\/pt\/wp-json\/wp\/v2\/product_brand?post=9119"},{"taxonomy":"product_cat","embeddable":true,"href":"https:\/\/wxnuohui.com\/pt\/wp-json\/wp\/v2\/product_cat?post=9119"},{"taxonomy":"product_tag","embeddable":true,"href":"https:\/\/wxnuohui.com\/pt\/wp-json\/wp\/v2\/product_tag?post=9119"}],"curies":[{"name":"wp","href":"https:\/\/api.w.org\/{rel}","templated":true}]}}