{"id":15525,"date":"2025-09-14T03:12:50","date_gmt":"2025-09-14T03:12:50","guid":{"rendered":"https:\/\/wxnuohui.com\/product\/wholesale-cheap-blank-custom-design-logo-100-polyester-men-polo-shirt\/"},"modified":"2025-09-14T03:12:51","modified_gmt":"2025-09-14T03:12:51","slug":"wholesale-cheap-blank-custom-design-logo-100-polyester-men-polo-shirt","status":"publish","type":"product","link":"https:\/\/wxnuohui.com\/pt\/product\/wholesale-cheap-blank-custom-design-logo-100-polyester-men-polo-shirt\/","title":{"rendered":"Atacado barato em branco logotipo de design personalizado 100% poli\u00e9ster homens camisa polo"},"content":{"rendered":"<p>Tipo de tecido:Malha<br \/>\nEstilo da manga:Manga curta<br \/>\nTipo de fornecimento:Servi\u00e7o Oem<br \/>\nCarater\u00edstica:Antirrugas<br \/>\nEstilo:Casual<br \/>\nM\u00e9todo de tecelagem:Tricotado<br \/>\nDete\u00e7\u00e3o de agulhas:Sim<br \/>\nComprimento:Regular<br \/>\nDesign:Bot\u00e3o<br \/>\n7 dias de tempo de execu\u00e7\u00e3o da ordem da amostra:Suporte<br \/>\nT\u00e9cnicas:Tingimento simples<br \/>\nMaterial:100%Poli\u00e9ster<br \/>\nLog\u00f3tipo\/desenho gr\u00e1fico:Impress\u00e3o serigr\u00e1fica<br \/>\nPosi\u00e7\u00e3o do log\u00f3tipo:Frente<br \/>\nTipo de padr\u00e3o:S\u00f3lido<br \/>\nPeso do tecido: 180 gramas<br \/>\nG\u00e9nero:Homens<br \/>\nN\u00famero do modelo:Camisa p\u00f3lo<br \/>\nLocal de origem:Jiangsu, China<br \/>\nNome da marca:NH<br \/>\nUnidades de venda:Artigo \u00fanico<br \/>\nTamanho da embalagem individual:18X10X11 cm<br \/>\nPeso bruto \u00fanico: 0,300 kg<\/p>\n<p><img decoding=\"async\" class=\"alignnone size-full\" src=\"http:\/\/wxnuohui.com\/wp-content\/uploads\/2025\/09\/detail_pic_0-328.jpg\" width=\"790\" alt=\"\"\/><\/p>\n<p><img decoding=\"async\" class=\"alignnone size-full\" src=\"http:\/\/wxnuohui.com\/wp-content\/uploads\/2025\/09\/detail_pic_1-158.png\" width=\"790\" alt=\"\"\/><\/p>\n<p><img decoding=\"async\" class=\"alignnone size-full\" src=\"http:\/\/wxnuohui.com\/wp-content\/uploads\/2025\/09\/detail_pic_2-152.png\" width=\"790\" alt=\"\"\/><\/p>\n<p><img decoding=\"async\" class=\"alignnone size-full\" src=\"http:\/\/wxnuohui.com\/wp-content\/uploads\/2025\/09\/detail_pic_3-115.png\" width=\"790\" alt=\"\"\/><\/p>\n<p><img decoding=\"async\" class=\"alignnone size-full\" src=\"http:\/\/wxnuohui.com\/wp-content\/uploads\/2025\/09\/detail_pic_4-110.png\" width=\"790\" alt=\"\"\/><\/p>\n<p><img decoding=\"async\" class=\"alignnone size-full\" src=\"http:\/\/wxnuohui.com\/wp-content\/uploads\/2025\/09\/detail_pic_5-450.jpg\" width=\"790\" alt=\"\"\/><\/p>\n<p><img decoding=\"async\" class=\"alignnone size-full\" src=\"http:\/\/wxnuohui.com\/wp-content\/uploads\/2025\/09\/detail_pic_6-363.jpg\" width=\"790\" alt=\"\"\/><\/p>\n<p><img decoding=\"async\" class=\"alignnone size-full\" src=\"http:\/\/wxnuohui.com\/wp-content\/uploads\/2025\/09\/detail_pic_7-285.jpg\" width=\"790\" alt=\"\"\/><\/p>\n<p><img decoding=\"async\" class=\"alignnone size-full\" src=\"http:\/\/wxnuohui.com\/wp-content\/uploads\/2025\/09\/detail_pic_8-264.jpg\" width=\"790\" alt=\"\"\/><\/p>\n<p><img decoding=\"async\" class=\"alignnone size-full\" src=\"http:\/\/wxnuohui.com\/wp-content\/uploads\/2025\/09\/detail_pic_9-250.png\" width=\"790\" alt=\"\"\/><\/p>\n<p><img decoding=\"async\" class=\"alignnone size-full\" src=\"http:\/\/wxnuohui.com\/wp-content\/uploads\/2025\/09\/detail_pic_10-480.jpg\" width=\"790\" alt=\"\"\/><\/p>\n<p><img decoding=\"async\" class=\"alignnone size-full\" src=\"http:\/\/wxnuohui.com\/wp-content\/uploads\/2025\/09\/detail_pic_11-475.jpg\" width=\"790\" alt=\"\"\/><\/p>\n<p><img decoding=\"async\" class=\"alignnone size-full\" src=\"http:\/\/wxnuohui.com\/wp-content\/uploads\/2025\/09\/detail_pic_12-460.jpg\" width=\"790\" alt=\"\"\/><\/p>","protected":false},"excerpt":{"rendered":"<p>Atacado barato em branco logotipo de design personalizado 100% poli\u00e9ster homens camisa polo<\/p>","protected":false},"featured_media":14490,"template":"","meta":[],"product_brand":[],"product_cat":[26],"product_tag":[],"class_list":{"0":"post-15525","1":"product","2":"type-product","3":"status-publish","4":"has-post-thumbnail","6":"product_cat-polo-t-shirt","8":"first","9":"outofstock","10":"shipping-taxable","11":"product-type-variable"},"_links":{"self":[{"href":"https:\/\/wxnuohui.com\/pt\/wp-json\/wp\/v2\/product\/15525","targetHints":{"allow":["GET"]}}],"collection":[{"href":"https:\/\/wxnuohui.com\/pt\/wp-json\/wp\/v2\/product"}],"about":[{"href":"https:\/\/wxnuohui.com\/pt\/wp-json\/wp\/v2\/types\/product"}],"wp:featuredmedia":[{"embeddable":true,"href":"https:\/\/wxnuohui.com\/pt\/wp-json\/wp\/v2\/media\/14490"}],"wp:attachment":[{"href":"https:\/\/wxnuohui.com\/pt\/wp-json\/wp\/v2\/media?parent=15525"}],"wp:term":[{"taxonomy":"product_brand","embeddable":true,"href":"https:\/\/wxnuohui.com\/pt\/wp-json\/wp\/v2\/product_brand?post=15525"},{"taxonomy":"product_cat","embeddable":true,"href":"https:\/\/wxnuohui.com\/pt\/wp-json\/wp\/v2\/product_cat?post=15525"},{"taxonomy":"product_tag","embeddable":true,"href":"https:\/\/wxnuohui.com\/pt\/wp-json\/wp\/v2\/product_tag?post=15525"}],"curies":[{"name":"wp","href":"https:\/\/api.w.org\/{rel}","templated":true}]}}