{"id":15524,"date":"2025-09-14T03:12:49","date_gmt":"2025-09-14T03:12:49","guid":{"rendered":"https:\/\/wxnuohui.com\/product\/top-quality-breathable-sports-casual-mens-summer-cotton-polo-shirt\/"},"modified":"2025-09-14T03:12:50","modified_gmt":"2025-09-14T03:12:50","slug":"top-quality-breathable-sports-casual-mens-summer-cotton-polo-shirt","status":"publish","type":"product","link":"https:\/\/wxnuohui.com\/pt\/product\/top-quality-breathable-sports-casual-mens-summer-cotton-polo-shirt\/","title":{"rendered":"Camisa p\u00f3lo de algod\u00e3o de ver\u00e3o para homem, desportiva, respir\u00e1vel e de qualidade superior"},"content":{"rendered":"<p>Tipo de tecido:Jersey<br \/>\nEstilo da manga:Manga curta<br \/>\nTipo de fornecimento:Servi\u00e7o Oem<br \/>\nCarater\u00edstica:Antirrugas<br \/>\nEstilo:Casual<br \/>\nM\u00e9todo de tecelagem:Tricotado<br \/>\nDete\u00e7\u00e3o de agulhas:Sim<br \/>\nComprimento:Regular<br \/>\nDesign:Bot\u00e3o<br \/>\n7 dias de tempo de execu\u00e7\u00e3o da ordem da amostra:Suporte<br \/>\nT\u00e9cnicas:Tingimento simples<br \/>\nMaterial:Poli\u00e9ster \/ Algod\u00e3o<br \/>\nTipo de padr\u00e3o:S\u00f3lido<br \/>\nPeso do tecido: 180 gramas<br \/>\nG\u00e9nero:Homens<br \/>\nN\u00famero do modelo:Camiseta polo<br \/>\nM\u00e9todos de impress\u00e3o:Impress\u00e3o serigr\u00e1fica<br \/>\nLocal de origem:Jiangsu, China<br \/>\nNome da marca:NH<br \/>\nNome de produto:Camisa p\u00f3lo de algod\u00e3o de ver\u00e3o para homem<br \/>\nPalavras-chave:Camisa p\u00f3lo de algod\u00e3o<br \/>\nPagamento:Garantia comercial<br \/>\nPrazo de entrega: 7-15 dias<br \/>\nEmbalagem:1pc\/Saco Opp<br \/>\nServi\u00e7o:24 horas online<br \/>\nTempo de amostragem:5~7 dias<br \/>\nENVIO:DHL FEDEX UPS EMS TNT<br \/>\nAmostra:Amostra dispon\u00edvel<br \/>\nImpress\u00e3o:Impress\u00e3o de desenhos personalizados<br \/>\nUnidades de venda:Artigo \u00fanico<br \/>\nTamanho da embalagem individual:18X10X11 cm<br \/>\nPeso bruto \u00fanico: 0,300 kg<\/p>\n<p><img decoding=\"async\" class=\"alignnone size-full\" src=\"http:\/\/wxnuohui.com\/wp-content\/uploads\/2025\/09\/detail_pic_0-155.png\" width=\"790\" alt=\"\"\/><\/p>\n<p><img decoding=\"async\" class=\"alignnone size-full\" src=\"http:\/\/wxnuohui.com\/wp-content\/uploads\/2025\/09\/detail_pic_1-157.png\" width=\"790\" alt=\"\"\/><\/p>\n<p><img decoding=\"async\" class=\"alignnone size-full\" src=\"http:\/\/wxnuohui.com\/wp-content\/uploads\/2025\/09\/detail_pic_2-151.png\" width=\"790\" alt=\"\"\/><\/p>\n<p><img decoding=\"async\" class=\"alignnone size-full\" src=\"http:\/\/wxnuohui.com\/wp-content\/uploads\/2025\/09\/detail_pic_3-114.png\" width=\"790\" alt=\"\"\/><\/p>\n<p><img decoding=\"async\" class=\"alignnone size-full\" src=\"http:\/\/wxnuohui.com\/wp-content\/uploads\/2025\/09\/detail_pic_4-109.png\" width=\"790\" alt=\"\"\/><\/p>\n<p><img decoding=\"async\" class=\"alignnone size-full\" src=\"http:\/\/wxnuohui.com\/wp-content\/uploads\/2025\/09\/detail_pic_5-449.jpg\" width=\"790\" alt=\"\"\/><\/p>\n<p><img decoding=\"async\" class=\"alignnone size-full\" src=\"http:\/\/wxnuohui.com\/wp-content\/uploads\/2025\/09\/detail_pic_6-362.jpg\" width=\"790\" alt=\"\"\/><\/p>\n<p><img decoding=\"async\" class=\"alignnone size-full\" src=\"http:\/\/wxnuohui.com\/wp-content\/uploads\/2025\/09\/detail_pic_7-284.jpg\" width=\"790\" alt=\"\"\/><\/p>\n<p><img decoding=\"async\" class=\"alignnone size-full\" src=\"http:\/\/wxnuohui.com\/wp-content\/uploads\/2025\/09\/detail_pic_8-263.jpg\" width=\"790\" alt=\"\"\/><\/p>\n<p><img decoding=\"async\" class=\"alignnone size-full\" src=\"http:\/\/wxnuohui.com\/wp-content\/uploads\/2025\/09\/detail_pic_9-249.png\" width=\"790\" alt=\"\"\/><\/p>\n<p><img decoding=\"async\" class=\"alignnone size-full\" src=\"http:\/\/wxnuohui.com\/wp-content\/uploads\/2025\/09\/detail_pic_10-479.jpg\" width=\"790\" alt=\"\"\/><\/p>\n<p><img decoding=\"async\" class=\"alignnone size-full\" src=\"http:\/\/wxnuohui.com\/wp-content\/uploads\/2025\/09\/detail_pic_11-474.jpg\" width=\"790\" alt=\"\"\/><\/p>\n<p><img decoding=\"async\" class=\"alignnone size-full\" src=\"http:\/\/wxnuohui.com\/wp-content\/uploads\/2025\/09\/detail_pic_12-459.jpg\" width=\"790\" alt=\"\"\/><\/p>","protected":false},"excerpt":{"rendered":"<p>Camisa p\u00f3lo de algod\u00e3o de ver\u00e3o para homem, desportiva, respir\u00e1vel e de qualidade superior<\/p>","protected":false},"featured_media":14470,"template":"","meta":[],"product_brand":[],"product_cat":[26],"product_tag":[],"class_list":{"0":"post-15524","1":"product","2":"type-product","3":"status-publish","4":"has-post-thumbnail","6":"product_cat-polo-t-shirt","8":"first","9":"outofstock","10":"shipping-taxable","11":"product-type-variable"},"_links":{"self":[{"href":"https:\/\/wxnuohui.com\/pt\/wp-json\/wp\/v2\/product\/15524","targetHints":{"allow":["GET"]}}],"collection":[{"href":"https:\/\/wxnuohui.com\/pt\/wp-json\/wp\/v2\/product"}],"about":[{"href":"https:\/\/wxnuohui.com\/pt\/wp-json\/wp\/v2\/types\/product"}],"wp:featuredmedia":[{"embeddable":true,"href":"https:\/\/wxnuohui.com\/pt\/wp-json\/wp\/v2\/media\/14470"}],"wp:attachment":[{"href":"https:\/\/wxnuohui.com\/pt\/wp-json\/wp\/v2\/media?parent=15524"}],"wp:term":[{"taxonomy":"product_brand","embeddable":true,"href":"https:\/\/wxnuohui.com\/pt\/wp-json\/wp\/v2\/product_brand?post=15524"},{"taxonomy":"product_cat","embeddable":true,"href":"https:\/\/wxnuohui.com\/pt\/wp-json\/wp\/v2\/product_cat?post=15524"},{"taxonomy":"product_tag","embeddable":true,"href":"https:\/\/wxnuohui.com\/pt\/wp-json\/wp\/v2\/product_tag?post=15524"}],"curies":[{"name":"wp","href":"https:\/\/api.w.org\/{rel}","templated":true}]}}