{"id":13880,"date":"2025-09-13T13:50:34","date_gmt":"2025-09-13T13:50:34","guid":{"rendered":"https:\/\/wxnuohui.com\/product\/wholesale-custom-blank-plain-zipper-sweatsuit-sets-polyester-jogger-sets-sports-men-tracksuits\/"},"modified":"2025-09-13T13:50:35","modified_gmt":"2025-09-13T13:50:35","slug":"wholesale-custom-blank-plain-zipper-sweatsuit-sets-polyester-jogger-sets-sports-men-tracksuits","status":"publish","type":"product","link":"https:\/\/wxnuohui.com\/pt\/product\/wholesale-custom-blank-plain-zipper-sweatsuit-sets-polyester-jogger-sets-sports-men-tracksuits\/","title":{"rendered":"Fatos de treino de desporto para homem com fecho de correr em poli\u00e9ster"},"content":{"rendered":"<p>Carater\u00edstica:Respir\u00e1vel, amigo do ambiente, \u00e0 prova de vento, anti-est\u00e1tico<br \/>\nGrupo et\u00e1rio:Adultos<br \/>\nEsta\u00e7\u00e3o:outono<br \/>\nComprimento:Comprimento total<br \/>\nComprimento da manga (cm):Completa<br \/>\nM\u00e9todos de impress\u00e3o:Nenhum<br \/>\nTipo de ajuste:Regular<br \/>\nTipo de fecho:Cord\u00e3o<br \/>\nEspessura:Velo<br \/>\nEstilo:Conjuntos<br \/>\nTipo de fornecimento:Servi\u00e7o Oem<br \/>\nMaterial:100% Poli\u00e9ster<br \/>\n7 dias de tempo de execu\u00e7\u00e3o da ordem da amostra:Suporte<br \/>\nG\u00e9nero:Homens<br \/>\nT\u00e9cnicas:Tingimento simples<br \/>\nPeso do tecido: 300 gramas<br \/>\nQuantidade dispon\u00edvel:5000<br \/>\nN\u00famero do modelo:Fatos de treino para homem<br \/>\nLocal de origem:Jiangsu, China<br \/>\nNome da marca:NH<br \/>\nNome de produto:Conjuntos de fato de treino com fecho de correr em branco e personalizado<br \/>\nPalavras-chave:Fatos de treino para homem<br \/>\nServi\u00e7o:24 horas online<br \/>\nPagamento:Garantia comercial<br \/>\nImpress\u00e3o:Impress\u00e3o de desenhos personalizados<br \/>\nAmostra:3-5 dias<br \/>\nEmbalagem:1pc\/saco de polietileno<br \/>\nPrazo de entrega:7~15 dias<br \/>\nR\u00f3tulo e log\u00f3tipo:Personalizado de acordo com as especifica\u00e7\u00f5es<br \/>\nExpedi\u00e7\u00e3o:DHLEMSUPSFEDEXpor Seaby Air<br \/>\nUnidades de venda:Artigo \u00fanico<br \/>\nTamanho da embalagem individual:26X15X18 cm<br \/>\nPeso bruto \u00fanico: 0,800 kg<\/p>\n<p><img decoding=\"async\" class=\"alignnone size-full\" src=\"http:\/\/wxnuohui.com\/wp-content\/uploads\/2025\/09\/detail_pic_0-311.jpg\" width=\"790\" alt=\"\"\/><\/p>\n<p><img decoding=\"async\" class=\"alignnone size-full\" src=\"http:\/\/wxnuohui.com\/wp-content\/uploads\/2025\/09\/detail_pic_1-317.jpg\" width=\"790\" alt=\"\"\/><\/p>\n<p><img decoding=\"async\" class=\"alignnone size-full\" src=\"http:\/\/wxnuohui.com\/wp-content\/uploads\/2025\/09\/detail_pic_2-324.jpg\" width=\"790\" alt=\"\"\/><\/p>\n<p><img decoding=\"async\" class=\"alignnone size-full\" src=\"http:\/\/wxnuohui.com\/wp-content\/uploads\/2025\/09\/detail_pic_3-82.png\" width=\"790\" alt=\"\"\/><\/p>\n<p><img decoding=\"async\" class=\"alignnone size-full\" src=\"http:\/\/wxnuohui.com\/wp-content\/uploads\/2025\/09\/detail_pic_4-78.png\" width=\"790\" alt=\"\"\/><\/p>\n<p><img decoding=\"async\" class=\"alignnone size-full\" src=\"http:\/\/wxnuohui.com\/wp-content\/uploads\/2025\/09\/detail_pic_5-411.jpg\" width=\"790\" alt=\"\"\/><\/p>\n<p><img decoding=\"async\" class=\"alignnone size-full\" src=\"http:\/\/wxnuohui.com\/wp-content\/uploads\/2025\/09\/detail_pic_6-323.jpg\" width=\"790\" alt=\"\"\/><\/p>\n<p><img decoding=\"async\" class=\"alignnone size-full\" src=\"http:\/\/wxnuohui.com\/wp-content\/uploads\/2025\/09\/detail_pic_7-247.jpg\" width=\"790\" alt=\"\"\/><\/p>\n<p><img decoding=\"async\" class=\"alignnone size-full\" src=\"http:\/\/wxnuohui.com\/wp-content\/uploads\/2025\/09\/detail_pic_8-228.jpg\" width=\"790\" alt=\"\"\/><\/p>\n<p><img decoding=\"async\" class=\"alignnone size-full\" src=\"http:\/\/wxnuohui.com\/wp-content\/uploads\/2025\/09\/detail_pic_9-215.png\" width=\"790\" alt=\"\"\/><\/p>\n<p><img decoding=\"async\" class=\"alignnone size-full\" src=\"http:\/\/wxnuohui.com\/wp-content\/uploads\/2025\/09\/detail_pic_10-440.jpg\" width=\"790\" alt=\"\"\/><\/p>\n<p><img decoding=\"async\" class=\"alignnone size-full\" src=\"http:\/\/wxnuohui.com\/wp-content\/uploads\/2025\/09\/detail_pic_11-433.jpg\" width=\"790\" alt=\"\"\/><\/p>\n<p><img decoding=\"async\" class=\"alignnone size-full\" src=\"http:\/\/wxnuohui.com\/wp-content\/uploads\/2025\/09\/detail_pic_12-421.jpg\" width=\"790\" alt=\"\"\/><\/p>","protected":false},"excerpt":{"rendered":"<p>Fatos de treino de desporto para homem com fecho de correr em poli\u00e9ster<\/p>","protected":false},"featured_media":13563,"template":"","meta":[],"product_brand":[],"product_cat":[25],"product_tag":[],"class_list":{"0":"post-13880","1":"product","2":"type-product","3":"status-publish","4":"has-post-thumbnail","6":"product_cat-jogging-suits-tracksuits","8":"first","9":"outofstock","10":"shipping-taxable","11":"product-type-variable"},"_links":{"self":[{"href":"https:\/\/wxnuohui.com\/pt\/wp-json\/wp\/v2\/product\/13880","targetHints":{"allow":["GET"]}}],"collection":[{"href":"https:\/\/wxnuohui.com\/pt\/wp-json\/wp\/v2\/product"}],"about":[{"href":"https:\/\/wxnuohui.com\/pt\/wp-json\/wp\/v2\/types\/product"}],"wp:featuredmedia":[{"embeddable":true,"href":"https:\/\/wxnuohui.com\/pt\/wp-json\/wp\/v2\/media\/13563"}],"wp:attachment":[{"href":"https:\/\/wxnuohui.com\/pt\/wp-json\/wp\/v2\/media?parent=13880"}],"wp:term":[{"taxonomy":"product_brand","embeddable":true,"href":"https:\/\/wxnuohui.com\/pt\/wp-json\/wp\/v2\/product_brand?post=13880"},{"taxonomy":"product_cat","embeddable":true,"href":"https:\/\/wxnuohui.com\/pt\/wp-json\/wp\/v2\/product_cat?post=13880"},{"taxonomy":"product_tag","embeddable":true,"href":"https:\/\/wxnuohui.com\/pt\/wp-json\/wp\/v2\/product_tag?post=13880"}],"curies":[{"name":"wp","href":"https:\/\/api.w.org\/{rel}","templated":true}]}}