{"id":13877,"date":"2025-09-13T13:50:31","date_gmt":"2025-09-13T13:50:31","guid":{"rendered":"https:\/\/wxnuohui.com\/product\/oem-wholesale-men-sportswear-suits-2-pieces-sets-custom-polyester-tracksuits\/"},"modified":"2025-09-13T13:50:32","modified_gmt":"2025-09-13T13:50:32","slug":"oem-wholesale-men-sportswear-suits-2-pieces-sets-custom-polyester-tracksuits","status":"publish","type":"product","link":"https:\/\/wxnuohui.com\/pt\/product\/oem-wholesale-men-sportswear-suits-2-pieces-sets-custom-polyester-tracksuits\/","title":{"rendered":"Fatos de desporto para homem por atacado OEM Conjuntos de 2 pe\u00e7as Fatos de treino de poli\u00e9ster personalizados"},"content":{"rendered":"<p>Carater\u00edstica:Respir\u00e1vel, amigo do ambiente, \u00e0 prova de vento, anti-est\u00e1tico<br \/>\nGrupo et\u00e1rio:Adultos<br \/>\nEsta\u00e7\u00e3o:outono<br \/>\nComprimento:Comprimento total<br \/>\nComprimento da manga (cm):Completa<br \/>\nM\u00e9todos de impress\u00e3o:Outros<br \/>\nTipo de ajuste:Regular<br \/>\nTipo de fecho:Cord\u00e3o<br \/>\nEspessura:Peso m\u00e9dio<br \/>\nEstilo:Conjuntos<br \/>\nTipo de fornecimento:Servi\u00e7o Oem<br \/>\nMaterial:100% Poli\u00e9ster<br \/>\n7 dias de tempo de execu\u00e7\u00e3o da ordem da amostra:Suporte<br \/>\nG\u00e9nero:Homens<br \/>\nT\u00e9cnicas:Outras<br \/>\nPeso do tecido: 280 gramas<br \/>\nQuantidade dispon\u00edvel:5000<br \/>\nDete\u00e7\u00e3o de agulhas:Sim<br \/>\nN\u00famero do modelo:Fatos de treino de poli\u00e9ster<br \/>\nLocal de origem:Jiangsu, China<br \/>\nNome da marca:NH-604324562188<br \/>\nUnidades de venda:Artigo \u00fanico<br \/>\nTamanho da embalagem individual:26X15X18 cm<br \/>\nPeso bruto \u00fanico: 1.200 kg<\/p>\n<p><img decoding=\"async\" class=\"alignnone size-full\" src=\"http:\/\/wxnuohui.com\/wp-content\/uploads\/2025\/09\/detail_pic_0-308.jpg\" width=\"790\" alt=\"\"\/><\/p>\n<p><img decoding=\"async\" class=\"alignnone size-full\" src=\"http:\/\/wxnuohui.com\/wp-content\/uploads\/2025\/09\/detail_pic_1-314.jpg\" width=\"790\" alt=\"\"\/><\/p>\n<p><img decoding=\"async\" class=\"alignnone size-full\" src=\"http:\/\/wxnuohui.com\/wp-content\/uploads\/2025\/09\/detail_pic_2-321.jpg\" width=\"790\" alt=\"\"\/><\/p>\n<p><img decoding=\"async\" class=\"alignnone size-full\" src=\"http:\/\/wxnuohui.com\/wp-content\/uploads\/2025\/09\/detail_pic_3-356.jpg\" width=\"790\" alt=\"\"\/><\/p>\n<p><img decoding=\"async\" class=\"alignnone size-full\" src=\"http:\/\/wxnuohui.com\/wp-content\/uploads\/2025\/09\/detail_pic_4-359.jpg\" width=\"790\" alt=\"\"\/><\/p>\n<p><img decoding=\"async\" class=\"alignnone size-full\" src=\"http:\/\/wxnuohui.com\/wp-content\/uploads\/2025\/09\/detail_pic_5-409.jpg\" width=\"790\" alt=\"\"\/><\/p>\n<p><img decoding=\"async\" class=\"alignnone size-full\" src=\"http:\/\/wxnuohui.com\/wp-content\/uploads\/2025\/09\/detail_pic_6-320.jpg\" width=\"790\" alt=\"\"\/><\/p>\n<p><img decoding=\"async\" class=\"alignnone size-full\" src=\"http:\/\/wxnuohui.com\/wp-content\/uploads\/2025\/09\/detail_pic_7-244.jpg\" width=\"790\" alt=\"\"\/><\/p>\n<p><img decoding=\"async\" class=\"alignnone size-full\" src=\"http:\/\/wxnuohui.com\/wp-content\/uploads\/2025\/09\/detail_pic_8-220.png\" width=\"790\" alt=\"\"\/><\/p>\n<p><img decoding=\"async\" class=\"alignnone size-full\" src=\"http:\/\/wxnuohui.com\/wp-content\/uploads\/2025\/09\/detail_pic_9-212.png\" width=\"790\" alt=\"\"\/><\/p>\n<p><img decoding=\"async\" class=\"alignnone size-full\" src=\"http:\/\/wxnuohui.com\/wp-content\/uploads\/2025\/09\/detail_pic_10-437.jpg\" width=\"790\" alt=\"\"\/><\/p>\n<p><img decoding=\"async\" class=\"alignnone size-full\" src=\"http:\/\/wxnuohui.com\/wp-content\/uploads\/2025\/09\/detail_pic_11-430.jpg\" width=\"790\" alt=\"\"\/><\/p>\n<p><img decoding=\"async\" class=\"alignnone size-full\" src=\"http:\/\/wxnuohui.com\/wp-content\/uploads\/2025\/09\/detail_pic_12-418.jpg\" width=\"790\" alt=\"\"\/><\/p>\n<p><img decoding=\"async\" class=\"alignnone size-full\" src=\"http:\/\/wxnuohui.com\/wp-content\/uploads\/2025\/09\/detail_pic_13-395.jpg\" width=\"790\" alt=\"\"\/><\/p>\n<p><img decoding=\"async\" class=\"alignnone size-full\" src=\"http:\/\/wxnuohui.com\/wp-content\/uploads\/2025\/09\/detail_pic_14-193.png\" width=\"790\" alt=\"\"\/><\/p>\n<p><img decoding=\"async\" class=\"alignnone size-full\" src=\"http:\/\/wxnuohui.com\/wp-content\/uploads\/2025\/09\/detail_pic_15-389.jpg\" width=\"790\" alt=\"\"\/><\/p>\n<p><img decoding=\"async\" class=\"alignnone size-full\" src=\"http:\/\/wxnuohui.com\/wp-content\/uploads\/2025\/09\/detail_pic_16-334.jpg\" width=\"790\" alt=\"\"\/><\/p>\n<p><img decoding=\"async\" class=\"alignnone size-full\" src=\"http:\/\/wxnuohui.com\/wp-content\/uploads\/2025\/09\/detail_pic_17-318.jpg\" width=\"790\" alt=\"\"\/><\/p>","protected":false},"excerpt":{"rendered":"<p>Fatos de desporto para homem por atacado OEM Conjuntos de 2 pe\u00e7as Fatos de treino de poli\u00e9ster personalizados<\/p>","protected":false},"featured_media":13488,"template":"","meta":[],"product_brand":[],"product_cat":[25],"product_tag":[],"class_list":{"0":"post-13877","1":"product","2":"type-product","3":"status-publish","4":"has-post-thumbnail","6":"product_cat-jogging-suits-tracksuits","8":"first","9":"outofstock","10":"shipping-taxable","11":"product-type-variable"},"_links":{"self":[{"href":"https:\/\/wxnuohui.com\/pt\/wp-json\/wp\/v2\/product\/13877","targetHints":{"allow":["GET"]}}],"collection":[{"href":"https:\/\/wxnuohui.com\/pt\/wp-json\/wp\/v2\/product"}],"about":[{"href":"https:\/\/wxnuohui.com\/pt\/wp-json\/wp\/v2\/types\/product"}],"wp:featuredmedia":[{"embeddable":true,"href":"https:\/\/wxnuohui.com\/pt\/wp-json\/wp\/v2\/media\/13488"}],"wp:attachment":[{"href":"https:\/\/wxnuohui.com\/pt\/wp-json\/wp\/v2\/media?parent=13877"}],"wp:term":[{"taxonomy":"product_brand","embeddable":true,"href":"https:\/\/wxnuohui.com\/pt\/wp-json\/wp\/v2\/product_brand?post=13877"},{"taxonomy":"product_cat","embeddable":true,"href":"https:\/\/wxnuohui.com\/pt\/wp-json\/wp\/v2\/product_cat?post=13877"},{"taxonomy":"product_tag","embeddable":true,"href":"https:\/\/wxnuohui.com\/pt\/wp-json\/wp\/v2\/product_tag?post=13877"}],"curies":[{"name":"wp","href":"https:\/\/api.w.org\/{rel}","templated":true}]}}