{"id":13866,"date":"2025-09-13T13:50:20","date_gmt":"2025-09-13T13:50:20","guid":{"rendered":"https:\/\/wxnuohui.com\/product\/high-quality-cotton-plain-slim-fit-sport-hoodie-clothing-exercise-eco-friendly-men-running-tracksuit\/"},"modified":"2025-09-13T13:50:21","modified_gmt":"2025-09-13T13:50:21","slug":"high-quality-cotton-plain-slim-fit-sport-hoodie-clothing-exercise-eco-friendly-men-running-tracksuit","status":"publish","type":"product","link":"https:\/\/wxnuohui.com\/pt\/product\/high-quality-cotton-plain-slim-fit-sport-hoodie-clothing-exercise-eco-friendly-men-running-tracksuit\/","title":{"rendered":"Roupa com capuz desportiva de alta qualidade em algod\u00e3o liso de ajuste fino para homens de corrida"},"content":{"rendered":"<p>Material:65lgod\u00e3o35%Poli\u00e9ster<br \/>\nEstilo:Conjuntos<br \/>\nCarater\u00edsticas:Respir\u00e1vel, Amigo do ambiente, Anti-est\u00e1tico<br \/>\nEsta\u00e7\u00e3o:outono<br \/>\nTipo de fornecimento:Servi\u00e7o Oem<br \/>\nN\u00famero do modelo:Fato de treino de algod\u00e3o<br \/>\n7 dias de tempo de execu\u00e7\u00e3o da ordem da amostra:Suporte<br \/>\nGrupo et\u00e1rio:Adultos<br \/>\nG\u00e9nero:Homens<br \/>\nLocal de origem:Jiangsu, China<br \/>\nNome da marca:NH<br \/>\nQuantidade dispon\u00edvel:50000<br \/>\nNome de produto:Fato de treino de corrida ecol\u00f3gico para homem<br \/>\nPalavras-chave:Fato de treino de algod\u00e3o<br \/>\nServi\u00e7o:24 horas online<br \/>\nPagamento:Garantia comercial<br \/>\nImpress\u00e3o:Impress\u00e3o de desenhos personalizados<br \/>\nAmostra:3-5 dias<br \/>\nEmbalagem:1pc\/saco de polietileno<br \/>\nPrazo de entrega:7~15 dias<br \/>\nR\u00f3tulo e log\u00f3tipo:Personalizado de acordo com as especifica\u00e7\u00f5es<br \/>\nExpedi\u00e7\u00e3o:DHLEMSUPSFEDEXpor Seaby Air<br \/>\nDetalhes da embalagem: Alta Qualidade Algod\u00e3o Liso Slim Fit Esporte Hoodie Roupas Exerc\u00edcio Eco Friendly Homens Correndo Tracksuit: 1. para a amostra, uma pe\u00e7a por saco poli. 2. para a produ\u00e7\u00e3o em massa, nossa embalagem regular \u00e9 caixa. 3. tamb\u00e9m se aplicam a exig\u00eancia dos clientes.<br \/>\nUnidades de venda:Artigo \u00fanico<br \/>\nTamanho da embalagem individual:10X10X3 cm<br \/>\nPeso bruto \u00fanico: 0,500 kg<br \/>\nExemplos de embalagens:<\/p>\n<p><img decoding=\"async\" class=\"alignnone size-full\" src=\"http:\/\/wxnuohui.com\/wp-content\/uploads\/2025\/09\/detail_pic_0-298.jpg\" width=\"790\" alt=\"\"\/><\/p>\n<p><img decoding=\"async\" class=\"alignnone size-full\" src=\"http:\/\/wxnuohui.com\/wp-content\/uploads\/2025\/09\/detail_pic_1-304.jpg\" width=\"790\" alt=\"\"\/><\/p>\n<p><img decoding=\"async\" class=\"alignnone size-full\" src=\"http:\/\/wxnuohui.com\/wp-content\/uploads\/2025\/09\/detail_pic_2-311.jpg\" width=\"790\" alt=\"\"\/><\/p>\n<p><img decoding=\"async\" class=\"alignnone size-full\" src=\"http:\/\/wxnuohui.com\/wp-content\/uploads\/2025\/09\/detail_pic_3-346.jpg\" width=\"790\" alt=\"\"\/><\/p>\n<p><img decoding=\"async\" class=\"alignnone size-full\" src=\"http:\/\/wxnuohui.com\/wp-content\/uploads\/2025\/09\/detail_pic_4-349.jpg\" width=\"790\" alt=\"\"\/><\/p>\n<p><img decoding=\"async\" class=\"alignnone size-full\" src=\"http:\/\/wxnuohui.com\/wp-content\/uploads\/2025\/09\/detail_pic_5-399.jpg\" width=\"790\" alt=\"\"\/><\/p>\n<p><img decoding=\"async\" class=\"alignnone size-full\" src=\"http:\/\/wxnuohui.com\/wp-content\/uploads\/2025\/09\/detail_pic_6-310.jpg\" width=\"790\" alt=\"\"\/><\/p>\n<p><img decoding=\"async\" class=\"alignnone size-full\" src=\"http:\/\/wxnuohui.com\/wp-content\/uploads\/2025\/09\/detail_pic_7-235.jpg\" width=\"790\" alt=\"\"\/><\/p>","protected":false},"excerpt":{"rendered":"<p>Roupa com capuz desportiva de alta qualidade em algod\u00e3o liso de ajuste fino para homens de corrida<\/p>","protected":false},"featured_media":13235,"template":"","meta":[],"product_brand":[],"product_cat":[25],"product_tag":[],"class_list":{"0":"post-13866","1":"product","2":"type-product","3":"status-publish","4":"has-post-thumbnail","6":"product_cat-jogging-suits-tracksuits","8":"first","9":"outofstock","10":"shipping-taxable","11":"product-type-variable"},"_links":{"self":[{"href":"https:\/\/wxnuohui.com\/pt\/wp-json\/wp\/v2\/product\/13866","targetHints":{"allow":["GET"]}}],"collection":[{"href":"https:\/\/wxnuohui.com\/pt\/wp-json\/wp\/v2\/product"}],"about":[{"href":"https:\/\/wxnuohui.com\/pt\/wp-json\/wp\/v2\/types\/product"}],"wp:featuredmedia":[{"embeddable":true,"href":"https:\/\/wxnuohui.com\/pt\/wp-json\/wp\/v2\/media\/13235"}],"wp:attachment":[{"href":"https:\/\/wxnuohui.com\/pt\/wp-json\/wp\/v2\/media?parent=13866"}],"wp:term":[{"taxonomy":"product_brand","embeddable":true,"href":"https:\/\/wxnuohui.com\/pt\/wp-json\/wp\/v2\/product_brand?post=13866"},{"taxonomy":"product_cat","embeddable":true,"href":"https:\/\/wxnuohui.com\/pt\/wp-json\/wp\/v2\/product_cat?post=13866"},{"taxonomy":"product_tag","embeddable":true,"href":"https:\/\/wxnuohui.com\/pt\/wp-json\/wp\/v2\/product_tag?post=13866"}],"curies":[{"name":"wp","href":"https:\/\/api.w.org\/{rel}","templated":true}]}}