{"id":13862,"date":"2025-09-13T13:50:17","date_gmt":"2025-09-13T13:50:17","guid":{"rendered":"https:\/\/wxnuohui.com\/product\/wholesale-custom-logo-sports-sweat-suits-mens-unisex-blank-hoodie-no-strings-jogger-set\/"},"modified":"2025-09-13T13:50:18","modified_gmt":"2025-09-13T13:50:18","slug":"wholesale-custom-logo-sports-sweat-suits-mens-unisex-blank-hoodie-no-strings-jogger-set","status":"publish","type":"product","link":"https:\/\/wxnuohui.com\/pt\/product\/wholesale-custom-logo-sports-sweat-suits-mens-unisex-blank-hoodie-no-strings-jogger-set\/","title":{"rendered":"Fatos de treino desportivos com log\u00f3tipo personalizado por grosso Conjunto de camisola com capuz sem cordas unissexo para homem"},"content":{"rendered":"<p>Carater\u00edstica:Respir\u00e1vel, amigo do ambiente, \u00e0 prova de vento, anti-est\u00e1tico<br \/>\nGrupo et\u00e1rio:Adultos<br \/>\nEsta\u00e7\u00e3o:outono<br \/>\nComprimento:Comprimento total<br \/>\nComprimento da manga (cm):Completa<br \/>\nM\u00e9todos de impress\u00e3o:Impress\u00e3o serigr\u00e1fica<br \/>\nTipo de ajuste:Regular<br \/>\nTipo de fecho:Cord\u00e3o<br \/>\nEspessura:Velo<br \/>\nTipo de padr\u00e3o:S\u00f3lido<br \/>\nEstilo:Conjuntos<br \/>\nTipo de fornecimento:Servi\u00e7o Oem<br \/>\nMaterial:100% Poli\u00e9ster<br \/>\n7 dias de tempo de execu\u00e7\u00e3o da ordem da amostra:Suporte<br \/>\nG\u00e9nero:Homens<br \/>\nT\u00e9cnicas:Nenhuma<br \/>\nPeso do tecido: 400 gramas<br \/>\nQuantidade dispon\u00edvel:5000<br \/>\nDete\u00e7\u00e3o de agulhas:Sim<br \/>\nN\u00famero do modelo:Conjunto Jogger<br \/>\nLocal de origem:Jiangsu, China<br \/>\nNome da marca:NH-682215152156<br \/>\nDesign:Simples<br \/>\nGola:Gola redonda<br \/>\nBolsos:Bolsos laterais<br \/>\nPosi\u00e7\u00e3o do log\u00f3tipo:Frente, costas<br \/>\nUnidades de venda:Artigo \u00fanico<br \/>\nTamanho da embalagem individual:26X15X18 cm<br \/>\nPeso bruto \u00fanico: 1.000 kg<\/p>\n<p><img decoding=\"async\" class=\"alignnone size-full\" src=\"http:\/\/wxnuohui.com\/wp-content\/uploads\/2025\/09\/detail_pic_0-294.jpg\" width=\"790\" alt=\"\"\/><\/p>\n<p><img decoding=\"async\" class=\"alignnone size-full\" src=\"http:\/\/wxnuohui.com\/wp-content\/uploads\/2025\/09\/detail_pic_1-300.jpg\" width=\"790\" alt=\"\"\/><\/p>\n<p><img decoding=\"async\" class=\"alignnone size-full\" src=\"http:\/\/wxnuohui.com\/wp-content\/uploads\/2025\/09\/detail_pic_2-307.jpg\" width=\"790\" alt=\"\"\/><\/p>\n<p><img decoding=\"async\" class=\"alignnone size-full\" src=\"http:\/\/wxnuohui.com\/wp-content\/uploads\/2025\/09\/detail_pic_3-342.jpg\" width=\"790\" alt=\"\"\/><\/p>\n<p><img decoding=\"async\" class=\"alignnone size-full\" src=\"http:\/\/wxnuohui.com\/wp-content\/uploads\/2025\/09\/detail_pic_4-345.jpg\" width=\"790\" alt=\"\"\/><\/p>\n<p><img decoding=\"async\" class=\"alignnone size-full\" src=\"http:\/\/wxnuohui.com\/wp-content\/uploads\/2025\/09\/detail_pic_5-395.jpg\" width=\"790\" alt=\"\"\/><\/p>\n<p><img decoding=\"async\" class=\"alignnone size-full\" src=\"http:\/\/wxnuohui.com\/wp-content\/uploads\/2025\/09\/detail_pic_6-306.jpg\" width=\"790\" alt=\"\"\/><\/p>\n<p><img decoding=\"async\" class=\"alignnone size-full\" src=\"http:\/\/wxnuohui.com\/wp-content\/uploads\/2025\/09\/detail_pic_7-200.png\" width=\"790\" alt=\"\"\/><\/p>\n<p><img decoding=\"async\" class=\"alignnone size-full\" src=\"http:\/\/wxnuohui.com\/wp-content\/uploads\/2025\/09\/detail_pic_8-213.png\" width=\"790\" alt=\"\"\/><\/p>\n<p><img decoding=\"async\" class=\"alignnone size-full\" src=\"http:\/\/wxnuohui.com\/wp-content\/uploads\/2025\/09\/detail_pic_9-203.png\" width=\"790\" alt=\"\"\/><\/p>\n<p><img decoding=\"async\" class=\"alignnone size-full\" src=\"http:\/\/wxnuohui.com\/wp-content\/uploads\/2025\/09\/detail_pic_10-423.jpg\" width=\"790\" alt=\"\"\/><\/p>\n<p><img decoding=\"async\" class=\"alignnone size-full\" src=\"http:\/\/wxnuohui.com\/wp-content\/uploads\/2025\/09\/detail_pic_11-419.jpg\" width=\"790\" alt=\"\"\/><\/p>\n<p><img decoding=\"async\" class=\"alignnone size-full\" src=\"http:\/\/wxnuohui.com\/wp-content\/uploads\/2025\/09\/detail_pic_12-406.jpg\" width=\"790\" alt=\"\"\/><\/p>\n<p><img decoding=\"async\" class=\"alignnone size-full\" src=\"http:\/\/wxnuohui.com\/wp-content\/uploads\/2025\/09\/detail_pic_13-381.jpg\" width=\"790\" alt=\"\"\/><\/p>\n<p><img decoding=\"async\" class=\"alignnone size-full\" src=\"http:\/\/wxnuohui.com\/wp-content\/uploads\/2025\/09\/detail_pic_14-184.png\" width=\"790\" alt=\"\"\/><\/p>\n<p><img decoding=\"async\" class=\"alignnone size-full\" src=\"http:\/\/wxnuohui.com\/wp-content\/uploads\/2025\/09\/detail_pic_15-378.jpg\" width=\"790\" alt=\"\"\/><\/p>\n<p><img decoding=\"async\" class=\"alignnone size-full\" src=\"http:\/\/wxnuohui.com\/wp-content\/uploads\/2025\/09\/detail_pic_16-325.jpg\" width=\"790\" alt=\"\"\/><\/p>\n<p><img decoding=\"async\" class=\"alignnone size-full\" src=\"http:\/\/wxnuohui.com\/wp-content\/uploads\/2025\/09\/detail_pic_17-309.jpg\" width=\"790\" alt=\"\"\/><\/p>","protected":false},"excerpt":{"rendered":"<p>Fatos de treino desportivos com log\u00f3tipo personalizado por grosso Conjunto de camisola com capuz sem cordas unissexo para homem<\/p>","protected":false},"featured_media":13139,"template":"","meta":[],"product_brand":[],"product_cat":[25],"product_tag":[],"class_list":{"0":"post-13862","1":"product","2":"type-product","3":"status-publish","4":"has-post-thumbnail","6":"product_cat-jogging-suits-tracksuits","8":"first","9":"outofstock","10":"shipping-taxable","11":"product-type-variable"},"_links":{"self":[{"href":"https:\/\/wxnuohui.com\/pt\/wp-json\/wp\/v2\/product\/13862","targetHints":{"allow":["GET"]}}],"collection":[{"href":"https:\/\/wxnuohui.com\/pt\/wp-json\/wp\/v2\/product"}],"about":[{"href":"https:\/\/wxnuohui.com\/pt\/wp-json\/wp\/v2\/types\/product"}],"wp:featuredmedia":[{"embeddable":true,"href":"https:\/\/wxnuohui.com\/pt\/wp-json\/wp\/v2\/media\/13139"}],"wp:attachment":[{"href":"https:\/\/wxnuohui.com\/pt\/wp-json\/wp\/v2\/media?parent=13862"}],"wp:term":[{"taxonomy":"product_brand","embeddable":true,"href":"https:\/\/wxnuohui.com\/pt\/wp-json\/wp\/v2\/product_brand?post=13862"},{"taxonomy":"product_cat","embeddable":true,"href":"https:\/\/wxnuohui.com\/pt\/wp-json\/wp\/v2\/product_cat?post=13862"},{"taxonomy":"product_tag","embeddable":true,"href":"https:\/\/wxnuohui.com\/pt\/wp-json\/wp\/v2\/product_tag?post=13862"}],"curies":[{"name":"wp","href":"https:\/\/api.w.org\/{rel}","templated":true}]}}