{"id":13852,"date":"2025-09-13T13:50:09","date_gmt":"2025-09-13T13:50:09","guid":{"rendered":"https:\/\/wxnuohui.com\/product\/private-sweatsuit-dropshipping-custom-logo-polyester-long-sleeve-zip-up-hoodie-pants-2-piece-set-jogging-suit-mens-track-suits\/"},"modified":"2025-09-13T13:50:09","modified_gmt":"2025-09-13T13:50:09","slug":"private-sweatsuit-dropshipping-custom-logo-polyester-long-sleeve-zip-up-hoodie-pants-2-piece-set-jogging-suit-mens-track-suits","status":"publish","type":"product","link":"https:\/\/wxnuohui.com\/pt\/product\/private-sweatsuit-dropshipping-custom-logo-polyester-long-sleeve-zip-up-hoodie-pants-2-piece-set-jogging-suit-mens-track-suits\/","title":{"rendered":"Fato de treino privado Dropshipping Logotipo personalizado Poli\u00e9ster Manga comprida com capuz Cal\u00e7as com capuz Conjunto de 2 pe\u00e7as Fato de treino para homem Fatos de treino"},"content":{"rendered":"<p>Carater\u00edstica:Respir\u00e1vel, amigo do ambiente, \u00e0 prova de vento, anti-est\u00e1tico<br \/>\nGrupo et\u00e1rio:Adultos<br \/>\nEsta\u00e7\u00e3o:outono<br \/>\nComprimento:Comprimento total<br \/>\nComprimento da manga (cm):Completa<br \/>\nM\u00e9todos de impress\u00e3o:Nenhum<br \/>\nTipo de ajuste:Regular<br \/>\nTipo de fecho:Cord\u00e3o<br \/>\nEspessura:Peso m\u00e9dio<br \/>\nEstilo:Conjuntos<br \/>\nTipo de fornecimento:Servi\u00e7o Oem<br \/>\nMaterial:100% poli\u00e9ster<br \/>\n7 dias de tempo de execu\u00e7\u00e3o da ordem da amostra:Suporte<br \/>\nG\u00e9nero:Homens<br \/>\nT\u00e9cnicas:Nenhuma<br \/>\nPeso do tecido: 300 gramas<br \/>\nQuantidade dispon\u00edvel:5000<br \/>\nN\u00famero do modelo:Fatos de treino para homem<br \/>\nLocal de origem:Jiangsu, China<br \/>\nNome da marca:HN-544985419126<br \/>\nNome de produto:Fato de treino de 2 pe\u00e7as<br \/>\nPalavras-chave:Fato de treino para homem<br \/>\nServi\u00e7o:24 horas online<br \/>\nPagamento:Garantia comercial<br \/>\nImpress\u00e3o:Impress\u00e3o de desenhos personalizados<br \/>\nAmostra:3-5 dias<br \/>\nEmbalagem:1pc\/saco de polietileno<br \/>\nPrazo de entrega:7~15 dias<br \/>\nR\u00f3tulo e log\u00f3tipo:Personalizado de acordo com as especifica\u00e7\u00f5es<br \/>\nExpedi\u00e7\u00e3o:DHLEMSUPSFEDEXpor Seaby Air<br \/>\nUnidades de venda:Artigo \u00fanico<br \/>\nTamanho da embalagem individual:23X13X16 cm<br \/>\nPeso bruto \u00fanico: 0,700 kg<\/p>\n<p><img decoding=\"async\" class=\"alignnone size-full\" src=\"http:\/\/wxnuohui.com\/wp-content\/uploads\/2025\/09\/detail_pic_0-287.jpg\" width=\"790\" alt=\"\"\/><\/p>\n<p><img decoding=\"async\" class=\"alignnone size-full\" src=\"http:\/\/wxnuohui.com\/wp-content\/uploads\/2025\/09\/detail_pic_1-293.jpg\" width=\"790\" alt=\"\"\/><\/p>\n<p><img decoding=\"async\" class=\"alignnone size-full\" src=\"http:\/\/wxnuohui.com\/wp-content\/uploads\/2025\/09\/detail_pic_2-300.jpg\" width=\"790\" alt=\"\"\/><\/p>\n<p><img decoding=\"async\" class=\"alignnone size-full\" src=\"http:\/\/wxnuohui.com\/wp-content\/uploads\/2025\/09\/detail_pic_3-335.jpg\" width=\"790\" alt=\"\"\/><\/p>\n<p><img decoding=\"async\" class=\"alignnone size-full\" src=\"http:\/\/wxnuohui.com\/wp-content\/uploads\/2025\/09\/detail_pic_4-338.jpg\" width=\"790\" alt=\"\"\/><\/p>\n<p><img decoding=\"async\" class=\"alignnone size-full\" src=\"http:\/\/wxnuohui.com\/wp-content\/uploads\/2025\/09\/detail_pic_5-388.jpg\" width=\"790\" alt=\"\"\/><\/p>\n<p><img decoding=\"async\" class=\"alignnone size-full\" src=\"http:\/\/wxnuohui.com\/wp-content\/uploads\/2025\/09\/detail_pic_6-299.jpg\" width=\"790\" alt=\"\"\/><\/p>\n<p><img decoding=\"async\" class=\"alignnone size-full\" src=\"http:\/\/wxnuohui.com\/wp-content\/uploads\/2025\/09\/detail_pic_7-227.jpg\" width=\"790\" alt=\"\"\/><\/p>\n<p><img decoding=\"async\" class=\"alignnone size-full\" src=\"http:\/\/wxnuohui.com\/wp-content\/uploads\/2025\/09\/detail_pic_8-206.png\" width=\"790\" alt=\"\"\/><\/p>\n<p><img decoding=\"async\" class=\"alignnone size-full\" src=\"http:\/\/wxnuohui.com\/wp-content\/uploads\/2025\/09\/detail_pic_9-196.png\" width=\"790\" alt=\"\"\/><\/p>\n<p><img decoding=\"async\" class=\"alignnone size-full\" src=\"http:\/\/wxnuohui.com\/wp-content\/uploads\/2025\/09\/detail_pic_10-414.jpg\" width=\"790\" alt=\"\"\/><\/p>\n<p><img decoding=\"async\" class=\"alignnone size-full\" src=\"http:\/\/wxnuohui.com\/wp-content\/uploads\/2025\/09\/detail_pic_11-412.jpg\" width=\"790\" alt=\"\"\/><\/p>\n<p><img decoding=\"async\" class=\"alignnone size-full\" src=\"http:\/\/wxnuohui.com\/wp-content\/uploads\/2025\/09\/detail_pic_12-398.jpg\" width=\"790\" alt=\"\"\/><\/p>\n<p><img decoding=\"async\" class=\"alignnone size-full\" src=\"http:\/\/wxnuohui.com\/wp-content\/uploads\/2025\/09\/detail_pic_13-373.jpg\" width=\"790\" alt=\"\"\/><\/p>\n<p><img decoding=\"async\" class=\"alignnone size-full\" src=\"http:\/\/wxnuohui.com\/wp-content\/uploads\/2025\/09\/detail_pic_14-177.png\" width=\"790\" alt=\"\"\/><\/p>\n<p><img decoding=\"async\" class=\"alignnone size-full\" src=\"http:\/\/wxnuohui.com\/wp-content\/uploads\/2025\/09\/detail_pic_15-371.jpg\" width=\"790\" alt=\"\"\/><\/p>\n<p><img decoding=\"async\" class=\"alignnone size-full\" src=\"http:\/\/wxnuohui.com\/wp-content\/uploads\/2025\/09\/detail_pic_16-318.jpg\" width=\"790\" alt=\"\"\/><\/p>\n<p><img decoding=\"async\" class=\"alignnone size-full\" src=\"http:\/\/wxnuohui.com\/wp-content\/uploads\/2025\/09\/detail_pic_17-302.jpg\" width=\"790\" alt=\"\"\/><\/p>","protected":false},"excerpt":{"rendered":"<p>Fato de treino privado Dropshipping Logotipo personalizado Poli\u00e9ster Manga comprida com capuz Cal\u00e7as com capuz Conjunto de 2 pe\u00e7as Fato de treino para homem Fatos de treino<\/p>","protected":false},"featured_media":12916,"template":"","meta":[],"product_brand":[],"product_cat":[25],"product_tag":[],"class_list":{"0":"post-13852","1":"product","2":"type-product","3":"status-publish","4":"has-post-thumbnail","6":"product_cat-jogging-suits-tracksuits","8":"first","9":"outofstock","10":"shipping-taxable","11":"product-type-variable"},"_links":{"self":[{"href":"https:\/\/wxnuohui.com\/pt\/wp-json\/wp\/v2\/product\/13852","targetHints":{"allow":["GET"]}}],"collection":[{"href":"https:\/\/wxnuohui.com\/pt\/wp-json\/wp\/v2\/product"}],"about":[{"href":"https:\/\/wxnuohui.com\/pt\/wp-json\/wp\/v2\/types\/product"}],"wp:featuredmedia":[{"embeddable":true,"href":"https:\/\/wxnuohui.com\/pt\/wp-json\/wp\/v2\/media\/12916"}],"wp:attachment":[{"href":"https:\/\/wxnuohui.com\/pt\/wp-json\/wp\/v2\/media?parent=13852"}],"wp:term":[{"taxonomy":"product_brand","embeddable":true,"href":"https:\/\/wxnuohui.com\/pt\/wp-json\/wp\/v2\/product_brand?post=13852"},{"taxonomy":"product_cat","embeddable":true,"href":"https:\/\/wxnuohui.com\/pt\/wp-json\/wp\/v2\/product_cat?post=13852"},{"taxonomy":"product_tag","embeddable":true,"href":"https:\/\/wxnuohui.com\/pt\/wp-json\/wp\/v2\/product_tag?post=13852"}],"curies":[{"name":"wp","href":"https:\/\/api.w.org\/{rel}","templated":true}]}}