{"id":12884,"date":"2025-09-13T11:42:01","date_gmt":"2025-09-13T11:42:01","guid":{"rendered":"https:\/\/wxnuohui.com\/product\/autumn-v-neck-solid-color-jumpsuit-long-sleeved-slim-sexy-tethered-ties-hollow-trousers-womens-jumpsuit\/"},"modified":"2025-09-13T11:42:02","modified_gmt":"2025-09-13T11:42:02","slug":"autumn-v-neck-solid-color-jumpsuit-long-sleeved-slim-sexy-tethered-ties-hollow-trousers-womens-jumpsuit","status":"publish","type":"product","link":"https:\/\/wxnuohui.com\/pt\/product\/autumn-v-neck-solid-color-jumpsuit-long-sleeved-slim-sexy-tethered-ties-hollow-trousers-womens-jumpsuit\/","title":{"rendered":"Macac\u00e3o de outono com decote em V de cor s\u00f3lida Macac\u00e3o de manga comprida Slim Sexy Tethered Ties Hollow Trousers Feminino"},"content":{"rendered":"<p>Tipo de ajuste:Regular<br \/>\nEstilo:Casual<br \/>\nEsta\u00e7\u00e3o:outono<br \/>\nColarinho:Decote em V<br \/>\nMaterial:Poli\u00e9ster \/ Algod\u00e3o<br \/>\nM\u00e9todos de impress\u00e3o:Impress\u00e3o serigr\u00e1fica<br \/>\nTipo:macac\u00e3o de ioga<br \/>\nOcasi\u00e3o:YOGA<br \/>\nComprimento da manga (cm):Manga comprida<br \/>\nLinha da cintura:Cintura alta<br \/>\nDete\u00e7\u00e3o de agulhas:Sim<br \/>\nTipo de fornecimento:Artigos em stock<br \/>\nCarater\u00edstica:Secagem r\u00e1pida, respir\u00e1vel, amigo do ambiente<br \/>\nPadr\u00e3o:S\u00f3lido<br \/>\nM\u00e9todo de tecelagem:Tricotado<br \/>\nG\u00e9nero:Mulher<br \/>\nComprimento:Acima do joelho<br \/>\nT\u00e9cnicas:Tingimento simples<br \/>\nDecora\u00e7\u00e3o: oca<br \/>\nTipo de tecido:Chiffon<br \/>\nPeso do tecido: 180 gramas<br \/>\nEstilo da manga:Al\u00e7a esparguete<br \/>\nLocal de origem:Jiangsu, China<br \/>\nN\u00famero do modelo:Macac\u00e3o sexy de uma pe\u00e7a<br \/>\nNome da marca:NH<br \/>\nUnidades de venda:Artigo \u00fanico<br \/>\nTamanho da embalagem individual:18X10X11 cm<br \/>\nPeso bruto \u00fanico: 0,300 kg<\/p>\n<p><img decoding=\"async\" class=\"alignnone size-full\" src=\"http:\/\/wxnuohui.com\/wp-content\/uploads\/2025\/09\/detail_pic_0-279.jpg\" width=\"790\" alt=\"\"\/><\/p>\n<p><img decoding=\"async\" class=\"alignnone size-full\" src=\"http:\/\/wxnuohui.com\/wp-content\/uploads\/2025\/09\/detail_pic_1-285.jpg\" width=\"790\" alt=\"\"\/><\/p>\n<p><img decoding=\"async\" class=\"alignnone size-full\" src=\"http:\/\/wxnuohui.com\/wp-content\/uploads\/2025\/09\/detail_pic_2-292.jpg\" width=\"790\" alt=\"\"\/><\/p>\n<p><img decoding=\"async\" class=\"alignnone size-full\" src=\"http:\/\/wxnuohui.com\/wp-content\/uploads\/2025\/09\/detail_pic_3-327.jpg\" width=\"790\" alt=\"\"\/><\/p>\n<p><img decoding=\"async\" class=\"alignnone size-full\" src=\"http:\/\/wxnuohui.com\/wp-content\/uploads\/2025\/09\/detail_pic_4-330.jpg\" width=\"790\" alt=\"\"\/><\/p>\n<p><img decoding=\"async\" class=\"alignnone size-full\" src=\"http:\/\/wxnuohui.com\/wp-content\/uploads\/2025\/09\/detail_pic_5-380.jpg\" width=\"790\" alt=\"\"\/><\/p>\n<p><img decoding=\"async\" class=\"alignnone size-full\" src=\"http:\/\/wxnuohui.com\/wp-content\/uploads\/2025\/09\/detail_pic_6-291.jpg\" width=\"790\" alt=\"\"\/><\/p>\n<p><img decoding=\"async\" class=\"alignnone size-full\" src=\"http:\/\/wxnuohui.com\/wp-content\/uploads\/2025\/09\/detail_pic_7-219.jpg\" width=\"790\" alt=\"\"\/><\/p>\n<p><img decoding=\"async\" class=\"alignnone size-full\" src=\"http:\/\/wxnuohui.com\/wp-content\/uploads\/2025\/09\/detail_pic_8-211.jpg\" width=\"790\" alt=\"\"\/><\/p>\n<p><img decoding=\"async\" class=\"alignnone size-full\" src=\"http:\/\/wxnuohui.com\/wp-content\/uploads\/2025\/09\/detail_pic_9-222.jpg\" width=\"790\" alt=\"\"\/><\/p>\n<p><img decoding=\"async\" class=\"alignnone size-full\" src=\"http:\/\/wxnuohui.com\/wp-content\/uploads\/2025\/09\/detail_pic_10-410.jpg\" width=\"790\" alt=\"\"\/><\/p>\n<p><img decoding=\"async\" class=\"alignnone size-full\" src=\"http:\/\/wxnuohui.com\/wp-content\/uploads\/2025\/09\/detail_pic_11-404.jpg\" width=\"790\" alt=\"\"\/><\/p>\n<p><img decoding=\"async\" class=\"alignnone size-full\" src=\"http:\/\/wxnuohui.com\/wp-content\/uploads\/2025\/09\/detail_pic_12-391.jpg\" width=\"790\" alt=\"\"\/><\/p>\n<p><img decoding=\"async\" class=\"alignnone size-full\" src=\"http:\/\/wxnuohui.com\/wp-content\/uploads\/2025\/09\/detail_pic_13-32.png\" width=\"790\" alt=\"\"\/><\/p>\n<p><img decoding=\"async\" class=\"alignnone size-full\" src=\"http:\/\/wxnuohui.com\/wp-content\/uploads\/2025\/09\/detail_pic_14-213.jpg\" width=\"790\" alt=\"\"\/><\/p>\n<p><img decoding=\"async\" class=\"alignnone size-full\" src=\"http:\/\/wxnuohui.com\/wp-content\/uploads\/2025\/09\/detail_pic_15-368.jpg\" width=\"790\" alt=\"\"\/><\/p>\n<p><img decoding=\"async\" class=\"alignnone size-full\" src=\"http:\/\/wxnuohui.com\/wp-content\/uploads\/2025\/09\/detail_pic_16-316.jpg\" width=\"790\" alt=\"\"\/><\/p>","protected":false},"excerpt":{"rendered":"<p>Macac\u00e3o de outono com decote em V de cor s\u00f3lida Macac\u00e3o de manga comprida Slim Sexy Tethered Ties Hollow Trousers Feminino<\/p>","protected":false},"featured_media":12721,"template":"","meta":[],"product_brand":[],"product_cat":[24],"product_tag":[],"class_list":{"0":"post-12884","1":"product","2":"type-product","3":"status-publish","4":"has-post-thumbnail","6":"product_cat-casual-bodysuits","8":"first","9":"outofstock","10":"shipping-taxable","11":"product-type-variable"},"_links":{"self":[{"href":"https:\/\/wxnuohui.com\/pt\/wp-json\/wp\/v2\/product\/12884","targetHints":{"allow":["GET"]}}],"collection":[{"href":"https:\/\/wxnuohui.com\/pt\/wp-json\/wp\/v2\/product"}],"about":[{"href":"https:\/\/wxnuohui.com\/pt\/wp-json\/wp\/v2\/types\/product"}],"wp:featuredmedia":[{"embeddable":true,"href":"https:\/\/wxnuohui.com\/pt\/wp-json\/wp\/v2\/media\/12721"}],"wp:attachment":[{"href":"https:\/\/wxnuohui.com\/pt\/wp-json\/wp\/v2\/media?parent=12884"}],"wp:term":[{"taxonomy":"product_brand","embeddable":true,"href":"https:\/\/wxnuohui.com\/pt\/wp-json\/wp\/v2\/product_brand?post=12884"},{"taxonomy":"product_cat","embeddable":true,"href":"https:\/\/wxnuohui.com\/pt\/wp-json\/wp\/v2\/product_cat?post=12884"},{"taxonomy":"product_tag","embeddable":true,"href":"https:\/\/wxnuohui.com\/pt\/wp-json\/wp\/v2\/product_tag?post=12884"}],"curies":[{"name":"wp","href":"https:\/\/api.w.org\/{rel}","templated":true}]}}