{"id":12880,"date":"2025-09-13T11:41:58","date_gmt":"2025-09-13T11:41:58","guid":{"rendered":"https:\/\/wxnuohui.com\/product\/ready-to-ship-stock-women-short-sleeve-solid-color-bodysuit-zipper-jumpsuit-rompers\/"},"modified":"2025-09-13T11:41:58","modified_gmt":"2025-09-13T11:41:58","slug":"ready-to-ship-stock-women-short-sleeve-solid-color-bodysuit-zipper-jumpsuit-rompers","status":"publish","type":"product","link":"https:\/\/wxnuohui.com\/pt\/product\/ready-to-ship-stock-women-short-sleeve-solid-color-bodysuit-zipper-jumpsuit-rompers\/","title":{"rendered":"Pronto a enviar Stock Mulheres Manga Curta Cor S\u00f3lida Bodysuit Zipper Jumpsuit Rompers"},"content":{"rendered":"<p>Carater\u00edstica:Secagem r\u00e1pida, respir\u00e1vel, amigo do ambiente<br \/>\nComprimento:Acima do joelho<br \/>\nEsta\u00e7\u00e3o:ver\u00e3o<br \/>\nEstilo:Casual<br \/>\nMaterial:Poli\u00e9ster \/ Algod\u00e3o<br \/>\nM\u00e9todos de impress\u00e3o:Impress\u00e3o serigr\u00e1fica<br \/>\nDecora\u00e7\u00e3o: impressa<br \/>\nTipo de padr\u00e3o:S\u00f3lido<br \/>\nTipo de fornecimento:Artigos em stock<br \/>\n7 dias de tempo de execu\u00e7\u00e3o da ordem da amostra:Suporte<br \/>\nT\u00e9cnicas:Tingimento simples<br \/>\nTipo de ajuste:Regular<br \/>\nG\u00e9nero:Mulher<br \/>\nM\u00e9todo de tecelagem:Tricotado<br \/>\nTipo de tecido:Chiffon<br \/>\nLocal de origem:Jiangsu, China<br \/>\nNome da marca:NH<br \/>\nN\u00famero do modelo:Macac\u00e3o com estampado para mulher<br \/>\nNome do produto:Fato de treino desportivo sexy para mulher<br \/>\nPalavras-chave:Fato de treino estampado para mulher<br \/>\nServi\u00e7o:24 horas online<br \/>\nPagamento:Garantia comercial<br \/>\nImpress\u00e3o:Impress\u00e3o de desenhos personalizados<br \/>\nAmostra:3-5 dias<br \/>\nEmbalagem:1pc\/saco de polietileno<br \/>\nPrazo de entrega:7~15 dias<br \/>\nR\u00f3tulo e log\u00f3tipo:Personalizado de acordo com as especifica\u00e7\u00f5es<br \/>\nExpedi\u00e7\u00e3o:DHLEMSUPSFEDEXpor Seaby Air<br \/>\nDetalhes da embalagem: 1. para a amostra, uma pe\u00e7a por saco poli. 2. para a produ\u00e7\u00e3o em massa, nossa embalagem regular \u00e9 Carton. 3. tamb\u00e9m se aplicam a exig\u00eancia dos clientes.<br \/>\nUnidades de venda:Artigo \u00fanico<br \/>\nTamanho da embalagem individual:18X10X11 cm<br \/>\nPeso bruto \u00fanico: 0,400 kg<br \/>\nExemplos de embalagens:<\/p>\n<p><img decoding=\"async\" class=\"alignnone size-full\" src=\"http:\/\/wxnuohui.com\/wp-content\/uploads\/2025\/09\/detail_pic_0-275.jpg\" width=\"790\" alt=\"\"\/><\/p>\n<p><img decoding=\"async\" class=\"alignnone size-full\" src=\"http:\/\/wxnuohui.com\/wp-content\/uploads\/2025\/09\/detail_pic_1-281.jpg\" width=\"790\" alt=\"\"\/><\/p>\n<p><img decoding=\"async\" class=\"alignnone size-full\" src=\"http:\/\/wxnuohui.com\/wp-content\/uploads\/2025\/09\/detail_pic_2-288.jpg\" width=\"790\" alt=\"\"\/><\/p>\n<p><img decoding=\"async\" class=\"alignnone size-full\" src=\"http:\/\/wxnuohui.com\/wp-content\/uploads\/2025\/09\/detail_pic_3-323.jpg\" width=\"790\" alt=\"\"\/><\/p>\n<p><img decoding=\"async\" class=\"alignnone size-full\" src=\"http:\/\/wxnuohui.com\/wp-content\/uploads\/2025\/09\/detail_pic_4-326.jpg\" width=\"790\" alt=\"\"\/><\/p>\n<p><img decoding=\"async\" class=\"alignnone size-full\" src=\"http:\/\/wxnuohui.com\/wp-content\/uploads\/2025\/09\/detail_pic_5-376.jpg\" width=\"790\" alt=\"\"\/><\/p>\n<p><img decoding=\"async\" class=\"alignnone size-full\" src=\"http:\/\/wxnuohui.com\/wp-content\/uploads\/2025\/09\/detail_pic_6-287.jpg\" width=\"790\" alt=\"\"\/><\/p>\n<p><img decoding=\"async\" class=\"alignnone size-full\" src=\"http:\/\/wxnuohui.com\/wp-content\/uploads\/2025\/09\/detail_pic_7-215.jpg\" width=\"790\" alt=\"\"\/><\/p>\n<p><img decoding=\"async\" class=\"alignnone size-full\" src=\"http:\/\/wxnuohui.com\/wp-content\/uploads\/2025\/09\/detail_pic_8-207.jpg\" width=\"790\" alt=\"\"\/><\/p>\n<p><img decoding=\"async\" class=\"alignnone size-full\" src=\"http:\/\/wxnuohui.com\/wp-content\/uploads\/2025\/09\/detail_pic_9-218.jpg\" width=\"790\" alt=\"\"\/><\/p>\n<p><img decoding=\"async\" class=\"alignnone size-full\" src=\"http:\/\/wxnuohui.com\/wp-content\/uploads\/2025\/09\/detail_pic_10-9.png\" width=\"790\" alt=\"\"\/><\/p>\n<p><img decoding=\"async\" class=\"alignnone size-full\" src=\"http:\/\/wxnuohui.com\/wp-content\/uploads\/2025\/09\/detail_pic_11-400.jpg\" width=\"790\" alt=\"\"\/><\/p>\n<p><img decoding=\"async\" class=\"alignnone size-full\" src=\"http:\/\/wxnuohui.com\/wp-content\/uploads\/2025\/09\/detail_pic_12-387.jpg\" width=\"790\" alt=\"\"\/><\/p>\n<p><img decoding=\"async\" class=\"alignnone size-full\" src=\"http:\/\/wxnuohui.com\/wp-content\/uploads\/2025\/09\/detail_pic_13-363.jpg\" width=\"790\" alt=\"\"\/><\/p>","protected":false},"excerpt":{"rendered":"<p>Pronto a enviar Stock Mulheres Manga Curta Cor S\u00f3lida Bodysuit Zipper Jumpsuit Rompers<\/p>","protected":false},"featured_media":12625,"template":"","meta":[],"product_brand":[],"product_cat":[24],"product_tag":[],"class_list":{"0":"post-12880","1":"product","2":"type-product","3":"status-publish","4":"has-post-thumbnail","6":"product_cat-casual-bodysuits","8":"first","9":"outofstock","10":"shipping-taxable","11":"product-type-variable"},"_links":{"self":[{"href":"https:\/\/wxnuohui.com\/pt\/wp-json\/wp\/v2\/product\/12880","targetHints":{"allow":["GET"]}}],"collection":[{"href":"https:\/\/wxnuohui.com\/pt\/wp-json\/wp\/v2\/product"}],"about":[{"href":"https:\/\/wxnuohui.com\/pt\/wp-json\/wp\/v2\/types\/product"}],"wp:featuredmedia":[{"embeddable":true,"href":"https:\/\/wxnuohui.com\/pt\/wp-json\/wp\/v2\/media\/12625"}],"wp:attachment":[{"href":"https:\/\/wxnuohui.com\/pt\/wp-json\/wp\/v2\/media?parent=12880"}],"wp:term":[{"taxonomy":"product_brand","embeddable":true,"href":"https:\/\/wxnuohui.com\/pt\/wp-json\/wp\/v2\/product_brand?post=12880"},{"taxonomy":"product_cat","embeddable":true,"href":"https:\/\/wxnuohui.com\/pt\/wp-json\/wp\/v2\/product_cat?post=12880"},{"taxonomy":"product_tag","embeddable":true,"href":"https:\/\/wxnuohui.com\/pt\/wp-json\/wp\/v2\/product_tag?post=12880"}],"curies":[{"name":"wp","href":"https:\/\/api.w.org\/{rel}","templated":true}]}}