{"id":12407,"date":"2025-09-13T10:55:43","date_gmt":"2025-09-13T10:55:43","guid":{"rendered":"https:\/\/wxnuohui.com\/product\/round-neck-fleece-lining-sweatshirt-for-men-430g-heavyweight-coat-shoulder-drop-oversized-mens-hoodies-sweatshirts\/"},"modified":"2025-09-13T10:55:43","modified_gmt":"2025-09-13T10:55:43","slug":"round-neck-fleece-lining-sweatshirt-for-men-430g-heavyweight-coat-shoulder-drop-oversized-mens-hoodies-sweatshirts","status":"publish","type":"product","link":"https:\/\/wxnuohui.com\/pt\/product\/round-neck-fleece-lining-sweatshirt-for-men-430g-heavyweight-coat-shoulder-drop-oversized-mens-hoodies-sweatshirts\/","title":{"rendered":"Moletom com forro de l\u00e3 com gola redonda para homens 430g Pesado Casaco Ombro ca\u00eddo Oversized Moletons e blusas de moletom para homens"},"content":{"rendered":"<p>7 dias de tempo de execu\u00e7\u00e3o da ordem da amostra:Suporte<br \/>\nDesign:Sem forro<br \/>\nEstilo da manga:Regular<br \/>\nDete\u00e7\u00e3o de agulhas:Sim<br \/>\nM\u00e9todo de tecelagem:Tricotado<br \/>\nTipo de padr\u00e3o:Estampado<br \/>\nPeso do tecido: 420 gramas<br \/>\nM\u00e9todos de impress\u00e3o:Nenhum<br \/>\nTipo:Outro<br \/>\nTipo de ajuste:Regular Fit<br \/>\nComprimento:Regular<br \/>\nTipo de fornecimento:Servi\u00e7o Oem<br \/>\nT\u00e9cnicas:Tingimento simples<br \/>\nColarinho:Gola O<br \/>\nEstilo:Pullover<br \/>\nEsta\u00e7\u00e3o:inverno<br \/>\nCarater\u00edsticas:Antirrugas, anti-bolinhas, respir\u00e1vel, \u00e0 prova de vento, anti-encolhimento<br \/>\nTipo de tecido:Velo<br \/>\nMaterial:Algod\u00e3o 100%<br \/>\nPosi\u00e7\u00e3o do log\u00f3tipo:Frente<br \/>\nG\u00e9nero:Homens<br \/>\nN\u00famero do modelo:Camisola de l\u00e3-624082983388<br \/>\nLocal de origem:Jiangsu, China<br \/>\nNome da marca:NH-692577230303<br \/>\nUnidades de venda:Artigo \u00fanico<br \/>\nTamanho da embalagem individual:20X11X14 cm<br \/>\nPeso bruto \u00fanico: 0,600 kg<\/p>\n<p><img decoding=\"async\" class=\"alignnone size-full\" src=\"http:\/\/wxnuohui.com\/wp-content\/uploads\/2025\/09\/detail_pic_0-240.jpg\" width=\"790\" alt=\"\"\/><\/p>\n<p><img decoding=\"async\" class=\"alignnone size-full\" src=\"http:\/\/wxnuohui.com\/wp-content\/uploads\/2025\/09\/detail_pic_1-244.jpg\" width=\"790\" alt=\"\"\/><\/p>\n<p><img decoding=\"async\" class=\"alignnone size-full\" src=\"http:\/\/wxnuohui.com\/wp-content\/uploads\/2025\/09\/detail_pic_2-251.jpg\" width=\"790\" alt=\"\"\/><\/p>\n<p><img decoding=\"async\" class=\"alignnone size-full\" src=\"http:\/\/wxnuohui.com\/wp-content\/uploads\/2025\/09\/detail_pic_3-287.jpg\" width=\"790\" alt=\"\"\/><\/p>\n<p><img decoding=\"async\" class=\"alignnone size-full\" src=\"http:\/\/wxnuohui.com\/wp-content\/uploads\/2025\/09\/detail_pic_4-289.jpg\" width=\"790\" alt=\"\"\/><\/p>\n<p><img decoding=\"async\" class=\"alignnone size-full\" src=\"http:\/\/wxnuohui.com\/wp-content\/uploads\/2025\/09\/detail_pic_5-339.jpg\" width=\"790\" alt=\"\"\/><\/p>\n<p><img decoding=\"async\" class=\"alignnone size-full\" src=\"http:\/\/wxnuohui.com\/wp-content\/uploads\/2025\/09\/detail_pic_6-251.jpg\" width=\"790\" alt=\"\"\/><\/p>\n<p><img decoding=\"async\" class=\"alignnone size-full\" src=\"http:\/\/wxnuohui.com\/wp-content\/uploads\/2025\/09\/detail_pic_7-179.png\" width=\"790\" alt=\"\"\/><\/p>\n<p><img decoding=\"async\" class=\"alignnone size-full\" src=\"http:\/\/wxnuohui.com\/wp-content\/uploads\/2025\/09\/detail_pic_8-185.png\" width=\"790\" alt=\"\"\/><\/p>\n<p><img decoding=\"async\" class=\"alignnone size-full\" src=\"http:\/\/wxnuohui.com\/wp-content\/uploads\/2025\/09\/detail_pic_9-167.png\" width=\"790\" alt=\"\"\/><\/p>\n<p><img decoding=\"async\" class=\"alignnone size-full\" src=\"http:\/\/wxnuohui.com\/wp-content\/uploads\/2025\/09\/detail_pic_10-369.jpg\" width=\"790\" alt=\"\"\/><\/p>\n<p><img decoding=\"async\" class=\"alignnone size-full\" src=\"http:\/\/wxnuohui.com\/wp-content\/uploads\/2025\/09\/detail_pic_11-363.jpg\" width=\"790\" alt=\"\"\/><\/p>\n<p><img decoding=\"async\" class=\"alignnone size-full\" src=\"http:\/\/wxnuohui.com\/wp-content\/uploads\/2025\/09\/detail_pic_12-351.jpg\" width=\"790\" alt=\"\"\/><\/p>\n<p><img decoding=\"async\" class=\"alignnone size-full\" src=\"http:\/\/wxnuohui.com\/wp-content\/uploads\/2025\/09\/detail_pic_13-327.jpg\" width=\"790\" alt=\"\"\/><\/p>\n<p><img decoding=\"async\" class=\"alignnone size-full\" src=\"http:\/\/wxnuohui.com\/wp-content\/uploads\/2025\/09\/detail_pic_14-141.png\" width=\"790\" alt=\"\"\/><\/p>\n<p><img decoding=\"async\" class=\"alignnone size-full\" src=\"http:\/\/wxnuohui.com\/wp-content\/uploads\/2025\/09\/detail_pic_15-329.jpg\" width=\"790\" alt=\"\"\/><\/p>\n<p><img decoding=\"async\" class=\"alignnone size-full\" src=\"http:\/\/wxnuohui.com\/wp-content\/uploads\/2025\/09\/detail_pic_16-279.jpg\" width=\"790\" alt=\"\"\/><\/p>\n<p><img decoding=\"async\" class=\"alignnone size-full\" src=\"http:\/\/wxnuohui.com\/wp-content\/uploads\/2025\/09\/detail_pic_17-266.jpg\" width=\"790\" alt=\"\"\/><\/p>","protected":false},"excerpt":{"rendered":"<p>Moletom com forro de l\u00e3 com gola redonda para homens 430g Pesado Casaco Ombro ca\u00eddo Oversized Moletons e blusas de moletom para homens<\/p>","protected":false},"featured_media":11562,"template":"","meta":[],"product_brand":[],"product_cat":[27],"product_tag":[],"class_list":{"0":"post-12407","1":"product","2":"type-product","3":"status-publish","4":"has-post-thumbnail","6":"product_cat-hoodie","8":"first","9":"outofstock","10":"shipping-taxable","11":"product-type-variable"},"_links":{"self":[{"href":"https:\/\/wxnuohui.com\/pt\/wp-json\/wp\/v2\/product\/12407","targetHints":{"allow":["GET"]}}],"collection":[{"href":"https:\/\/wxnuohui.com\/pt\/wp-json\/wp\/v2\/product"}],"about":[{"href":"https:\/\/wxnuohui.com\/pt\/wp-json\/wp\/v2\/types\/product"}],"wp:featuredmedia":[{"embeddable":true,"href":"https:\/\/wxnuohui.com\/pt\/wp-json\/wp\/v2\/media\/11562"}],"wp:attachment":[{"href":"https:\/\/wxnuohui.com\/pt\/wp-json\/wp\/v2\/media?parent=12407"}],"wp:term":[{"taxonomy":"product_brand","embeddable":true,"href":"https:\/\/wxnuohui.com\/pt\/wp-json\/wp\/v2\/product_brand?post=12407"},{"taxonomy":"product_cat","embeddable":true,"href":"https:\/\/wxnuohui.com\/pt\/wp-json\/wp\/v2\/product_cat?post=12407"},{"taxonomy":"product_tag","embeddable":true,"href":"https:\/\/wxnuohui.com\/pt\/wp-json\/wp\/v2\/product_tag?post=12407"}],"curies":[{"name":"wp","href":"https:\/\/api.w.org\/{rel}","templated":true}]}}