{"id":12400,"date":"2025-09-13T10:55:37","date_gmt":"2025-09-13T10:55:37","guid":{"rendered":"https:\/\/wxnuohui.com\/product\/wholesale-custom-embroidery-streetwear-350gsm-cotton-unisex-oversized-crewneck-sweatshirts\/"},"modified":"2025-09-13T10:55:38","modified_gmt":"2025-09-13T10:55:38","slug":"wholesale-custom-embroidery-streetwear-350gsm-cotton-unisex-oversized-crewneck-sweatshirts","status":"publish","type":"product","link":"https:\/\/wxnuohui.com\/pt\/product\/wholesale-custom-embroidery-streetwear-350gsm-cotton-unisex-oversized-crewneck-sweatshirts\/","title":{"rendered":"Atacado bordado personalizado Streetwear 350gsm algod\u00e3o Unisex Oversized Crewneck Sweatshirts"},"content":{"rendered":"<p>7 dias de tempo de execu\u00e7\u00e3o da ordem da amostra:Suporte<br \/>\nDesign:Sem forro<br \/>\nEstilo da manga:Regular<br \/>\nDete\u00e7\u00e3o de agulhas:Sim<br \/>\nM\u00e9todo de tecelagem:Tricotado<br \/>\nTipo de padr\u00e3o:Estampado<br \/>\nPeso do tecido: 420 gramas<br \/>\nM\u00e9todos de impress\u00e3o:Outros<br \/>\nTipo:Outro<br \/>\nTipo de ajuste:Regular Fit<br \/>\nComprimento:Regular<br \/>\nTipo de fornecimento:Servi\u00e7o Oem<br \/>\nT\u00e9cnicas:Tingimento simples<br \/>\nColarinho:Gola O<br \/>\nEstilo:Pullover<br \/>\nEsta\u00e7\u00e3o:inverno<br \/>\nCarater\u00edsticas:Antirrugas, anti-bolinhas, respir\u00e1vel, \u00e0 prova de vento, anti-encolhimento<br \/>\nTipo de tecido:Terry<br \/>\nMaterial:Algod\u00e3o 100%<br \/>\nPosi\u00e7\u00e3o do log\u00f3tipo:Frente<br \/>\nG\u00e9nero:Homens<br \/>\nN\u00famero do modelo:Sweatshirt personalizada<br \/>\nLocal de origem:Jiangsu, China<br \/>\nNome da marca:NH<br \/>\nUnidades de venda:Artigo \u00fanico<br \/>\nTamanho da embalagem individual:23X13X16 cm<br \/>\nPeso bruto \u00fanico: 0,700 kg<\/p>\n<p><img decoding=\"async\" class=\"alignnone size-full\" src=\"http:\/\/wxnuohui.com\/wp-content\/uploads\/2025\/09\/detail_pic_0-233.jpg\" width=\"790\" alt=\"\"\/><\/p>\n<p><img decoding=\"async\" class=\"alignnone size-full\" src=\"http:\/\/wxnuohui.com\/wp-content\/uploads\/2025\/09\/detail_pic_1-237.jpg\" width=\"790\" alt=\"\"\/><\/p>\n<p><img decoding=\"async\" class=\"alignnone size-full\" src=\"http:\/\/wxnuohui.com\/wp-content\/uploads\/2025\/09\/detail_pic_2-244.jpg\" width=\"790\" alt=\"\"\/><\/p>\n<p><img decoding=\"async\" class=\"alignnone size-full\" src=\"http:\/\/wxnuohui.com\/wp-content\/uploads\/2025\/09\/detail_pic_3-280.jpg\" width=\"790\" alt=\"\"\/><\/p>\n<p><img decoding=\"async\" class=\"alignnone size-full\" src=\"http:\/\/wxnuohui.com\/wp-content\/uploads\/2025\/09\/detail_pic_4-282.jpg\" width=\"790\" alt=\"\"\/><\/p>\n<p><img decoding=\"async\" class=\"alignnone size-full\" src=\"http:\/\/wxnuohui.com\/wp-content\/uploads\/2025\/09\/detail_pic_5-332.jpg\" width=\"790\" alt=\"\"\/><\/p>\n<p><img decoding=\"async\" class=\"alignnone size-full\" src=\"http:\/\/wxnuohui.com\/wp-content\/uploads\/2025\/09\/detail_pic_6-248.jpg\" width=\"790\" alt=\"\"\/><\/p>\n<p><img decoding=\"async\" class=\"alignnone size-full\" src=\"http:\/\/wxnuohui.com\/wp-content\/uploads\/2025\/09\/detail_pic_7-172.png\" width=\"790\" alt=\"\"\/><\/p>\n<p><img decoding=\"async\" class=\"alignnone size-full\" src=\"http:\/\/wxnuohui.com\/wp-content\/uploads\/2025\/09\/detail_pic_8-178.png\" width=\"790\" alt=\"\"\/><\/p>\n<p><img decoding=\"async\" class=\"alignnone size-full\" src=\"http:\/\/wxnuohui.com\/wp-content\/uploads\/2025\/09\/detail_pic_9-164.png\" width=\"790\" alt=\"\"\/><\/p>\n<p><img decoding=\"async\" class=\"alignnone size-full\" src=\"http:\/\/wxnuohui.com\/wp-content\/uploads\/2025\/09\/detail_pic_10-362.jpg\" width=\"790\" alt=\"\"\/><\/p>\n<p><img decoding=\"async\" class=\"alignnone size-full\" src=\"http:\/\/wxnuohui.com\/wp-content\/uploads\/2025\/09\/detail_pic_11-356.jpg\" width=\"790\" alt=\"\"\/><\/p>\n<p><img decoding=\"async\" class=\"alignnone size-full\" src=\"http:\/\/wxnuohui.com\/wp-content\/uploads\/2025\/09\/detail_pic_12-344.jpg\" width=\"790\" alt=\"\"\/><\/p>\n<p><img decoding=\"async\" class=\"alignnone size-full\" src=\"http:\/\/wxnuohui.com\/wp-content\/uploads\/2025\/09\/detail_pic_13-324.jpg\" width=\"790\" alt=\"\"\/><\/p>\n<p><img decoding=\"async\" class=\"alignnone size-full\" src=\"http:\/\/wxnuohui.com\/wp-content\/uploads\/2025\/09\/detail_pic_14-138.png\" width=\"790\" alt=\"\"\/><\/p>\n<p><img decoding=\"async\" class=\"alignnone size-full\" src=\"http:\/\/wxnuohui.com\/wp-content\/uploads\/2025\/09\/detail_pic_15-322.jpg\" width=\"790\" alt=\"\"\/><\/p>\n<p><img decoding=\"async\" class=\"alignnone size-full\" src=\"http:\/\/wxnuohui.com\/wp-content\/uploads\/2025\/09\/detail_pic_16-272.jpg\" width=\"790\" alt=\"\"\/><\/p>\n<p><img decoding=\"async\" class=\"alignnone size-full\" src=\"http:\/\/wxnuohui.com\/wp-content\/uploads\/2025\/09\/detail_pic_17-263.jpg\" width=\"790\" alt=\"\"\/><\/p>","protected":false},"excerpt":{"rendered":"<p>Atacado bordado personalizado Streetwear 350gsm algod\u00e3o Unisex Oversized Crewneck Sweatshirts<\/p>","protected":false},"featured_media":11391,"template":"","meta":[],"product_brand":[],"product_cat":[27],"product_tag":[],"class_list":{"0":"post-12400","1":"product","2":"type-product","3":"status-publish","4":"has-post-thumbnail","6":"product_cat-hoodie","8":"first","9":"outofstock","10":"shipping-taxable","11":"product-type-variable"},"_links":{"self":[{"href":"https:\/\/wxnuohui.com\/pt\/wp-json\/wp\/v2\/product\/12400","targetHints":{"allow":["GET"]}}],"collection":[{"href":"https:\/\/wxnuohui.com\/pt\/wp-json\/wp\/v2\/product"}],"about":[{"href":"https:\/\/wxnuohui.com\/pt\/wp-json\/wp\/v2\/types\/product"}],"wp:featuredmedia":[{"embeddable":true,"href":"https:\/\/wxnuohui.com\/pt\/wp-json\/wp\/v2\/media\/11391"}],"wp:attachment":[{"href":"https:\/\/wxnuohui.com\/pt\/wp-json\/wp\/v2\/media?parent=12400"}],"wp:term":[{"taxonomy":"product_brand","embeddable":true,"href":"https:\/\/wxnuohui.com\/pt\/wp-json\/wp\/v2\/product_brand?post=12400"},{"taxonomy":"product_cat","embeddable":true,"href":"https:\/\/wxnuohui.com\/pt\/wp-json\/wp\/v2\/product_cat?post=12400"},{"taxonomy":"product_tag","embeddable":true,"href":"https:\/\/wxnuohui.com\/pt\/wp-json\/wp\/v2\/product_tag?post=12400"}],"curies":[{"name":"wp","href":"https:\/\/api.w.org\/{rel}","templated":true}]}}