{"id":12345,"date":"2025-09-13T10:54:52","date_gmt":"2025-09-13T10:54:52","guid":{"rendered":"https:\/\/wxnuohui.com\/product\/mens-100cotton-blank-thick-french-terry-luxury-quality-custom-print-logo-mens-hoodiessweatshirts\/"},"modified":"2025-09-13T10:54:52","modified_gmt":"2025-09-13T10:54:52","slug":"mens-100cotton-blank-thick-french-terry-luxury-quality-custom-print-logo-mens-hoodiessweatshirts","status":"publish","type":"product","link":"https:\/\/wxnuohui.com\/pt\/product\/mens-100cotton-blank-thick-french-terry-luxury-quality-custom-print-logo-mens-hoodiessweatshirts\/","title":{"rendered":"100%cotton Blank Thick French Terry Luxury Quality Custom Print logo Men's Hoodies&amp;sweatshirts"},"content":{"rendered":"<p>7 dias de tempo de execu\u00e7\u00e3o da ordem da amostra:Suporte<br \/>\nDesign:Sem forro<br \/>\nEstilo da manga:Regular<br \/>\nDete\u00e7\u00e3o de agulhas:Sim<br \/>\nM\u00e9todo de tecelagem:Tricotado<br \/>\nTipo de padr\u00e3o:S\u00f3lido<br \/>\nPeso do tecido: 360 gramas<br \/>\nM\u00e9todos de impress\u00e3o:Nenhum<br \/>\nTipo:Pullover<br \/>\nTipo de ajuste:Regular Fit<br \/>\nComprimento:Regular<br \/>\nTipo de fornecimento:Servi\u00e7o Oem<br \/>\nT\u00e9cnicas:Tingimento simples<br \/>\nColarinho:Gola O<br \/>\nEstilo:com fecho de correr<br \/>\nEsta\u00e7\u00e3o:outono<br \/>\nCarater\u00edstica:Antirrugas, anti-encolhimento<br \/>\nTipo de tecido:Jersey<br \/>\nMaterial:Poli\u00e9ster \/ Algod\u00e3o<br \/>\nPosi\u00e7\u00e3o do log\u00f3tipo:Frente<br \/>\nG\u00e9nero:Homens<br \/>\nN\u00famero do modelo:Casacos com capuz para desporto inverno<br \/>\nLocal de origem:Jiangsu, China<br \/>\nNome da marca:NH<br \/>\nUnidades de venda:Artigo \u00fanico<br \/>\nTamanho da embalagem individual:23X13X16 cm<br \/>\nPeso bruto \u00fanico: 0,600 kg<\/p>\n<p><img decoding=\"async\" class=\"alignnone size-full\" src=\"http:\/\/wxnuohui.com\/wp-content\/uploads\/2025\/09\/detail_pic_0-190.jpg\" width=\"790\" alt=\"\"\/><\/p>\n<p><img decoding=\"async\" class=\"alignnone size-full\" src=\"http:\/\/wxnuohui.com\/wp-content\/uploads\/2025\/09\/detail_pic_1-122.png\" width=\"790\" alt=\"\"\/><\/p>\n<p><img decoding=\"async\" class=\"alignnone size-full\" src=\"http:\/\/wxnuohui.com\/wp-content\/uploads\/2025\/09\/detail_pic_2-113.png\" width=\"790\" alt=\"\"\/><\/p>\n<p><img decoding=\"async\" class=\"alignnone size-full\" src=\"http:\/\/wxnuohui.com\/wp-content\/uploads\/2025\/09\/detail_pic_3-77.png\" width=\"790\" alt=\"\"\/><\/p>\n<p><img decoding=\"async\" class=\"alignnone size-full\" src=\"http:\/\/wxnuohui.com\/wp-content\/uploads\/2025\/09\/detail_pic_4-240.jpg\" width=\"790\" alt=\"\"\/><\/p>\n<p><img decoding=\"async\" class=\"alignnone size-full\" src=\"http:\/\/wxnuohui.com\/wp-content\/uploads\/2025\/09\/detail_pic_5-282.jpg\" width=\"790\" alt=\"\"\/><\/p>\n<p><img decoding=\"async\" class=\"alignnone size-full\" src=\"http:\/\/wxnuohui.com\/wp-content\/uploads\/2025\/09\/detail_pic_6-204.jpg\" width=\"790\" alt=\"\"\/><\/p>\n<p><img decoding=\"async\" class=\"alignnone size-full\" src=\"http:\/\/wxnuohui.com\/wp-content\/uploads\/2025\/09\/detail_pic_7-172.jpg\" width=\"790\" alt=\"\"\/><\/p>\n<p><img decoding=\"async\" class=\"alignnone size-full\" src=\"http:\/\/wxnuohui.com\/wp-content\/uploads\/2025\/09\/detail_pic_8-139.png\" width=\"790\" alt=\"\"\/><\/p>\n<p><img decoding=\"async\" class=\"alignnone size-full\" src=\"http:\/\/wxnuohui.com\/wp-content\/uploads\/2025\/09\/detail_pic_9-189.jpg\" width=\"790\" alt=\"\"\/><\/p>\n<p><img decoding=\"async\" class=\"alignnone size-full\" src=\"http:\/\/wxnuohui.com\/wp-content\/uploads\/2025\/09\/detail_pic_10-307.jpg\" width=\"790\" alt=\"\"\/><\/p>\n<p><img decoding=\"async\" class=\"alignnone size-full\" src=\"http:\/\/wxnuohui.com\/wp-content\/uploads\/2025\/09\/detail_pic_11-304.jpg\" width=\"790\" alt=\"\"\/><\/p>","protected":false},"excerpt":{"rendered":"<p>100%cotton Blank Thick French Terry Luxury Quality Custom Print logo Men's Hoodies&amp;sweatshirts<\/p>","protected":false},"featured_media":10056,"template":"","meta":[],"product_brand":[],"product_cat":[27],"product_tag":[],"class_list":{"0":"post-12345","1":"product","2":"type-product","3":"status-publish","4":"has-post-thumbnail","6":"product_cat-hoodie","8":"first","9":"outofstock","10":"shipping-taxable","11":"product-type-variable"},"_links":{"self":[{"href":"https:\/\/wxnuohui.com\/pt\/wp-json\/wp\/v2\/product\/12345","targetHints":{"allow":["GET"]}}],"collection":[{"href":"https:\/\/wxnuohui.com\/pt\/wp-json\/wp\/v2\/product"}],"about":[{"href":"https:\/\/wxnuohui.com\/pt\/wp-json\/wp\/v2\/types\/product"}],"wp:featuredmedia":[{"embeddable":true,"href":"https:\/\/wxnuohui.com\/pt\/wp-json\/wp\/v2\/media\/10056"}],"wp:attachment":[{"href":"https:\/\/wxnuohui.com\/pt\/wp-json\/wp\/v2\/media?parent=12345"}],"wp:term":[{"taxonomy":"product_brand","embeddable":true,"href":"https:\/\/wxnuohui.com\/pt\/wp-json\/wp\/v2\/product_brand?post=12345"},{"taxonomy":"product_cat","embeddable":true,"href":"https:\/\/wxnuohui.com\/pt\/wp-json\/wp\/v2\/product_cat?post=12345"},{"taxonomy":"product_tag","embeddable":true,"href":"https:\/\/wxnuohui.com\/pt\/wp-json\/wp\/v2\/product_tag?post=12345"}],"curies":[{"name":"wp","href":"https:\/\/api.w.org\/{rel}","templated":true}]}}