{"id":12326,"date":"2025-09-13T10:54:36","date_gmt":"2025-09-13T10:54:36","guid":{"rendered":"https:\/\/wxnuohui.com\/product\/wholesale-cotton-hoodies-for-men-cheap-blank-100-cotton-unisex-custom-hoodie-printing\/"},"modified":"2025-09-13T10:54:37","modified_gmt":"2025-09-13T10:54:37","slug":"wholesale-cotton-hoodies-for-men-cheap-blank-100-cotton-unisex-custom-hoodie-printing","status":"publish","type":"product","link":"https:\/\/wxnuohui.com\/pt\/product\/wholesale-cotton-hoodies-for-men-cheap-blank-100-cotton-unisex-custom-hoodie-printing\/","title":{"rendered":"Capuzes de algod\u00e3o por atacado para homens Impress\u00e3o em branco 100% Capuzes de algod\u00e3o unissexo personalizados"},"content":{"rendered":"<p>7 dias de tempo de execu\u00e7\u00e3o da ordem da amostra:Suporte<br \/>\nDesign:Sem forro<br \/>\nEstilo da manga:Regular<br \/>\nDete\u00e7\u00e3o de agulhas:Sim<br \/>\nM\u00e9todo de tecelagem:Tricotado<br \/>\nTipo de padr\u00e3o:S\u00f3lido<br \/>\nPeso do tecido: 300 gramas<br \/>\nM\u00e9todos de impress\u00e3o:Impress\u00e3o serigr\u00e1fica<br \/>\nTipo:Pullover<br \/>\nTipo de ajuste:Regular Fit<br \/>\nComprimento:Regular<br \/>\nTipo de fornecimento:Servi\u00e7o Oem<br \/>\nT\u00e9cnicas:Tingimento simples<br \/>\nColarinho:Gola O<br \/>\nEstilo:Pullover<br \/>\nEsta\u00e7\u00e3o:outono<br \/>\nCarater\u00edstica:Antirrugas, anti-encolhimento<br \/>\nTipo de tecido:Jersey<br \/>\nMaterial:100%Poli\u00e9ster<br \/>\nPosi\u00e7\u00e3o do log\u00f3tipo:Frente<br \/>\nG\u00e9nero:Homens<br \/>\nN\u00famero do modelo:Casaco com capuz de camuflagem personalizado<br \/>\nLocal de origem:Jiangsu, China<br \/>\nNome da marca:NH-556046376034<br \/>\nUnidades de venda:Artigo \u00fanico<br \/>\nTamanho da embalagem individual:20X13X16 cm<br \/>\nPeso bruto \u00fanico: 0,600 kg<\/p>\n<p><img decoding=\"async\" class=\"alignnone size-full\" src=\"http:\/\/wxnuohui.com\/wp-content\/uploads\/2025\/09\/detail_pic_0-171.jpg\" width=\"790\" alt=\"\"\/><\/p>\n<p><img decoding=\"async\" class=\"alignnone size-full\" src=\"http:\/\/wxnuohui.com\/wp-content\/uploads\/2025\/09\/detail_pic_1-189.jpg\" width=\"790\" alt=\"\"\/><\/p>\n<p><img decoding=\"async\" class=\"alignnone size-full\" src=\"http:\/\/wxnuohui.com\/wp-content\/uploads\/2025\/09\/detail_pic_2-197.jpg\" width=\"790\" alt=\"\"\/><\/p>\n<p><img decoding=\"async\" class=\"alignnone size-full\" src=\"http:\/\/wxnuohui.com\/wp-content\/uploads\/2025\/09\/detail_pic_3-231.jpg\" width=\"790\" alt=\"\"\/><\/p>\n<p><img decoding=\"async\" class=\"alignnone size-full\" src=\"http:\/\/wxnuohui.com\/wp-content\/uploads\/2025\/09\/detail_pic_4-222.jpg\" width=\"790\" alt=\"\"\/><\/p>\n<p><img decoding=\"async\" class=\"alignnone size-full\" src=\"http:\/\/wxnuohui.com\/wp-content\/uploads\/2025\/09\/detail_pic_5-265.jpg\" width=\"790\" alt=\"\"\/><\/p>\n<p><img decoding=\"async\" class=\"alignnone size-full\" src=\"http:\/\/wxnuohui.com\/wp-content\/uploads\/2025\/09\/detail_pic_6-187.jpg\" width=\"790\" alt=\"\"\/><\/p>\n<p><img decoding=\"async\" class=\"alignnone size-full\" src=\"http:\/\/wxnuohui.com\/wp-content\/uploads\/2025\/09\/detail_pic_7-154.jpg\" width=\"790\" alt=\"\"\/><\/p>\n<p><img decoding=\"async\" class=\"alignnone size-full\" src=\"http:\/\/wxnuohui.com\/wp-content\/uploads\/2025\/09\/detail_pic_8-168.jpg\" width=\"790\" alt=\"\"\/><\/p>\n<p><img decoding=\"async\" class=\"alignnone size-full\" src=\"http:\/\/wxnuohui.com\/wp-content\/uploads\/2025\/09\/detail_pic_9-172.jpg\" width=\"790\" alt=\"\"\/><\/p>\n<p><img decoding=\"async\" class=\"alignnone size-full\" src=\"http:\/\/wxnuohui.com\/wp-content\/uploads\/2025\/09\/detail_pic_10-7.png\" width=\"790\" alt=\"\"\/><\/p>\n<p><img decoding=\"async\" class=\"alignnone size-full\" src=\"http:\/\/wxnuohui.com\/wp-content\/uploads\/2025\/09\/detail_pic_11-286.jpg\" width=\"790\" alt=\"\"\/><\/p>\n<p><img decoding=\"async\" class=\"alignnone size-full\" src=\"http:\/\/wxnuohui.com\/wp-content\/uploads\/2025\/09\/detail_pic_12-286.jpg\" width=\"790\" alt=\"\"\/><\/p>\n<p><img decoding=\"async\" class=\"alignnone size-full\" src=\"http:\/\/wxnuohui.com\/wp-content\/uploads\/2025\/09\/detail_pic_13-269.jpg\" width=\"790\" alt=\"\"\/><\/p>","protected":false},"excerpt":{"rendered":"<p>Capuzes de algod\u00e3o por atacado para homens Impress\u00e3o em branco 100% Capuzes de algod\u00e3o unissexo personalizados<\/p>","protected":false},"featured_media":9666,"template":"","meta":[],"product_brand":[],"product_cat":[27],"product_tag":[],"class_list":{"0":"post-12326","1":"product","2":"type-product","3":"status-publish","4":"has-post-thumbnail","6":"product_cat-hoodie","8":"first","9":"outofstock","10":"shipping-taxable","11":"product-type-variable"},"_links":{"self":[{"href":"https:\/\/wxnuohui.com\/pt\/wp-json\/wp\/v2\/product\/12326","targetHints":{"allow":["GET"]}}],"collection":[{"href":"https:\/\/wxnuohui.com\/pt\/wp-json\/wp\/v2\/product"}],"about":[{"href":"https:\/\/wxnuohui.com\/pt\/wp-json\/wp\/v2\/types\/product"}],"wp:featuredmedia":[{"embeddable":true,"href":"https:\/\/wxnuohui.com\/pt\/wp-json\/wp\/v2\/media\/9666"}],"wp:attachment":[{"href":"https:\/\/wxnuohui.com\/pt\/wp-json\/wp\/v2\/media?parent=12326"}],"wp:term":[{"taxonomy":"product_brand","embeddable":true,"href":"https:\/\/wxnuohui.com\/pt\/wp-json\/wp\/v2\/product_brand?post=12326"},{"taxonomy":"product_cat","embeddable":true,"href":"https:\/\/wxnuohui.com\/pt\/wp-json\/wp\/v2\/product_cat?post=12326"},{"taxonomy":"product_tag","embeddable":true,"href":"https:\/\/wxnuohui.com\/pt\/wp-json\/wp\/v2\/product_tag?post=12326"}],"curies":[{"name":"wp","href":"https:\/\/api.w.org\/{rel}","templated":true}]}}