{"id":12322,"date":"2025-09-13T10:54:33","date_gmt":"2025-09-13T10:54:33","guid":{"rendered":"https:\/\/wxnuohui.com\/product\/mens-hoodies-sweatshirts-new-pullover-100-cotton-sweaters-hoodie-blank-plain-sweatshirts\/"},"modified":"2025-09-13T10:54:34","modified_gmt":"2025-09-13T10:54:34","slug":"mens-hoodies-sweatshirts-new-pullover-100-cotton-sweaters-hoodie-blank-plain-sweatshirts","status":"publish","type":"product","link":"https:\/\/wxnuohui.com\/pt\/product\/mens-hoodies-sweatshirts-new-pullover-100-cotton-sweaters-hoodie-blank-plain-sweatshirts\/","title":{"rendered":"Sweatshirts para homem Sweatshirts New Pullover 100% Camisolas de algod\u00e3o Hoodie Blank Plain Sweatshirts"},"content":{"rendered":"<p>7 dias de tempo de execu\u00e7\u00e3o da ordem da amostra:Suporte<br \/>\nDesign:Sem forro<br \/>\nEstilo da manga:Regular<br \/>\nDete\u00e7\u00e3o de agulhas:Sim<br \/>\nM\u00e9todo de tecelagem:Tricotado<br \/>\nTipo de padr\u00e3o:S\u00f3lido<br \/>\nPeso do tecido: 300 gramas<br \/>\nM\u00e9todos de impress\u00e3o:Outros<br \/>\nTipo:Pullover<br \/>\nTipo de ajuste:Regular Fit<br \/>\nComprimento:Regular<br \/>\nTipo de fornecimento:Servi\u00e7o Oem<br \/>\nT\u00e9cnicas:Tingimento simples<br \/>\nColarinho:Gola O<br \/>\nEstilo:Pullover<br \/>\nEsta\u00e7\u00e3o:outono<br \/>\nCarater\u00edstica:Antirrugas, anti-encolhimento<br \/>\nTipo de tecido:Jersey<br \/>\nMaterial:Algod\u00e3o 100%<br \/>\nPosi\u00e7\u00e3o do log\u00f3tipo:Frente<br \/>\nG\u00e9nero:Homens<br \/>\nN\u00famero do modelo:Moletom com capuz para homem<br \/>\nLocal de origem:Jiangsu, China<br \/>\nNome da marca:NH<br \/>\nUnidades de venda:Artigo \u00fanico<br \/>\nTamanho da embalagem individual:23X13X16 cm<br \/>\nPeso bruto \u00fanico: 0,700 kg<\/p>\n<p><img decoding=\"async\" class=\"alignnone size-full\" src=\"http:\/\/wxnuohui.com\/wp-content\/uploads\/2025\/09\/detail_pic_0-167.jpg\" width=\"790\" alt=\"\"\/><\/p>\n<p><img decoding=\"async\" class=\"alignnone size-full\" src=\"http:\/\/wxnuohui.com\/wp-content\/uploads\/2025\/09\/detail_pic_1-185.jpg\" width=\"790\" alt=\"\"\/><\/p>\n<p><img decoding=\"async\" class=\"alignnone size-full\" src=\"http:\/\/wxnuohui.com\/wp-content\/uploads\/2025\/09\/detail_pic_2-193.jpg\" width=\"790\" alt=\"\"\/><\/p>\n<p><img decoding=\"async\" class=\"alignnone size-full\" src=\"http:\/\/wxnuohui.com\/wp-content\/uploads\/2025\/09\/detail_pic_3-227.jpg\" width=\"790\" alt=\"\"\/><\/p>\n<p><img decoding=\"async\" class=\"alignnone size-full\" src=\"http:\/\/wxnuohui.com\/wp-content\/uploads\/2025\/09\/detail_pic_4-218.jpg\" width=\"790\" alt=\"\"\/><\/p>\n<p><img decoding=\"async\" class=\"alignnone size-full\" src=\"http:\/\/wxnuohui.com\/wp-content\/uploads\/2025\/09\/detail_pic_5-261.jpg\" width=\"790\" alt=\"\"\/><\/p>\n<p><img decoding=\"async\" class=\"alignnone size-full\" src=\"http:\/\/wxnuohui.com\/wp-content\/uploads\/2025\/09\/detail_pic_6-183.jpg\" width=\"790\" alt=\"\"\/><\/p>\n<p><img decoding=\"async\" class=\"alignnone size-full\" src=\"http:\/\/wxnuohui.com\/wp-content\/uploads\/2025\/09\/detail_pic_7-150.jpg\" width=\"790\" alt=\"\"\/><\/p>\n<p><img decoding=\"async\" class=\"alignnone size-full\" src=\"http:\/\/wxnuohui.com\/wp-content\/uploads\/2025\/09\/detail_pic_8-164.jpg\" width=\"790\" alt=\"\"\/><\/p>\n<p><img decoding=\"async\" class=\"alignnone size-full\" src=\"http:\/\/wxnuohui.com\/wp-content\/uploads\/2025\/09\/detail_pic_9-168.jpg\" width=\"790\" alt=\"\"\/><\/p>\n<p><img decoding=\"async\" class=\"alignnone size-full\" src=\"http:\/\/wxnuohui.com\/wp-content\/uploads\/2025\/09\/detail_pic_10-286.jpg\" width=\"790\" alt=\"\"\/><\/p>\n<p><img decoding=\"async\" class=\"alignnone size-full\" src=\"http:\/\/wxnuohui.com\/wp-content\/uploads\/2025\/09\/detail_pic_11-282.jpg\" width=\"790\" alt=\"\"\/><\/p>\n<p><img decoding=\"async\" class=\"alignnone size-full\" src=\"http:\/\/wxnuohui.com\/wp-content\/uploads\/2025\/09\/detail_pic_12-282.jpg\" width=\"790\" alt=\"\"\/><\/p>\n<p><img decoding=\"async\" class=\"alignnone size-full\" src=\"http:\/\/wxnuohui.com\/wp-content\/uploads\/2025\/09\/detail_pic_13-265.jpg\" width=\"790\" alt=\"\"\/><\/p>\n<p><img decoding=\"async\" class=\"alignnone size-full\" src=\"http:\/\/wxnuohui.com\/wp-content\/uploads\/2025\/09\/detail_pic_14-87.png\" width=\"790\" alt=\"\"\/><\/p>\n<p><img decoding=\"async\" class=\"alignnone size-full\" src=\"http:\/\/wxnuohui.com\/wp-content\/uploads\/2025\/09\/detail_pic_15-264.jpg\" width=\"790\" alt=\"\"\/><\/p>\n<p><img decoding=\"async\" class=\"alignnone size-full\" src=\"http:\/\/wxnuohui.com\/wp-content\/uploads\/2025\/09\/detail_pic_16-216.jpg\" width=\"790\" alt=\"\"\/><\/p>\n<p><img decoding=\"async\" class=\"alignnone size-full\" src=\"http:\/\/wxnuohui.com\/wp-content\/uploads\/2025\/09\/detail_pic_17-212.jpg\" width=\"790\" alt=\"\"\/><\/p>","protected":false},"excerpt":{"rendered":"<p>Sweatshirts para homem Sweatshirts New Pullover 100% Camisolas de algod\u00e3o Hoodie Blank Plain Sweatshirts<\/p>","protected":false},"featured_media":9566,"template":"","meta":[],"product_brand":[],"product_cat":[27],"product_tag":[],"class_list":{"0":"post-12322","1":"product","2":"type-product","3":"status-publish","4":"has-post-thumbnail","6":"product_cat-hoodie","8":"first","9":"outofstock","10":"shipping-taxable","11":"product-type-variable"},"_links":{"self":[{"href":"https:\/\/wxnuohui.com\/pt\/wp-json\/wp\/v2\/product\/12322","targetHints":{"allow":["GET"]}}],"collection":[{"href":"https:\/\/wxnuohui.com\/pt\/wp-json\/wp\/v2\/product"}],"about":[{"href":"https:\/\/wxnuohui.com\/pt\/wp-json\/wp\/v2\/types\/product"}],"wp:featuredmedia":[{"embeddable":true,"href":"https:\/\/wxnuohui.com\/pt\/wp-json\/wp\/v2\/media\/9566"}],"wp:attachment":[{"href":"https:\/\/wxnuohui.com\/pt\/wp-json\/wp\/v2\/media?parent=12322"}],"wp:term":[{"taxonomy":"product_brand","embeddable":true,"href":"https:\/\/wxnuohui.com\/pt\/wp-json\/wp\/v2\/product_brand?post=12322"},{"taxonomy":"product_cat","embeddable":true,"href":"https:\/\/wxnuohui.com\/pt\/wp-json\/wp\/v2\/product_cat?post=12322"},{"taxonomy":"product_tag","embeddable":true,"href":"https:\/\/wxnuohui.com\/pt\/wp-json\/wp\/v2\/product_tag?post=12322"}],"curies":[{"name":"wp","href":"https:\/\/api.w.org\/{rel}","templated":true}]}}