{"id":9206,"date":"2025-09-13T06:21:07","date_gmt":"2025-09-13T06:21:07","guid":{"rendered":"https:\/\/wxnuohui.com\/product\/spring-summer-plaid-print-playsuit-women-sleeveless-square-collar-plus-size-jumpsuit\/"},"modified":"2025-09-13T06:21:07","modified_gmt":"2025-09-13T06:21:07","slug":"spring-summer-plaid-print-playsuit-women-sleeveless-square-collar-plus-size-jumpsuit","status":"publish","type":"product","link":"https:\/\/wxnuohui.com\/lv\/product\/spring-summer-plaid-print-playsuit-women-sleeveless-square-collar-plus-size-jumpsuit\/","title":{"rendered":"Pavasara vasaras pleds druk\u0101t Playsuit sievietes bez piedurkn\u0113m kvadr\u0101tveida apkakles Plus izm\u0113ra Jumpsuit"},"content":{"rendered":"<p>Fit tips: regul\u0101rs<br \/>\nStils: Ikdieni\u0161\u0137s<br \/>\nSezona: Vasara<br \/>\nApkakle: O veida kakla apkakle<br \/>\nMateri\u0101ls: Spandekss \/ Poliesters<br \/>\nPoligr\u0101fijas metodes: Sietspiede<br \/>\nTips:jogas kombinezons<br \/>\nGad\u012bjums:ClubWear<br \/>\nPiedurk\u0146u garums (cm): bez piedurkn\u0113m<br \/>\nViduk\u013ca l\u012bnija: augsts viduklis<br \/>\nPieg\u0101des veids: OEM pakalpojums<br \/>\nFunkcija: Anti-Pilling, elpojo\u0161s, videi draudz\u012bgs<br \/>\nModelis: Print<br \/>\nAu\u0161anas metode: ad\u012bta<br \/>\nDzimums: sievietes<br \/>\nGarums: Midi<br \/>\nTehnolo\u0123ijas: druk\u0101tas<br \/>\nApdare: s\u0101nu sv\u012btra, iespiesta<br \/>\nAuduma veids: Poliesters<br \/>\nAuduma svars: 260 grami<br \/>\nUzmavas stils: N\u0113<br \/>\nIzcelsmes vieta: Jiangsu, \u0136\u012bna<br \/>\nMode\u013ca numurs:Skinny Jumpsuits-664289389257<br \/>\nZ\u012bmola nosaukums: NH-669831915287<br \/>\nProdukta nosaukums:Square Collar Plus Size Jumpsuit<br \/>\nAtsl\u0113gas v\u0101rdi:Izdilis Jumpsuits<br \/>\nPakalpojums: 24 stundas tie\u0161saist\u0113<br \/>\nMaks\u0101jums: tirdzniec\u012bbas nodro\u0161in\u0101\u0161ana<br \/>\nPoligr\u0101fija: Custom Designs Print<br \/>\nParaugs: 3-5 dienas<br \/>\nIepakojums: 1 gab\/polybag<br \/>\nPieg\u0101des laiks: 7 ~ 15 dienas<br \/>\nEti\u0137ete un logotips: Accpet Customized<br \/>\nPieg\u0101de: DHLEMSUPSFEDEX pa Seaby Air<br \/>\nP\u0101rdo\u0161anas vien\u012bbas: Viena vien\u012bba<br \/>\nViena iepakojuma izm\u0113rs: 18X13X14 cm<br \/>\nVienreiz\u0113jais bruto svars: 0,400 kg<\/p>\n<p><img decoding=\"async\" class=\"alignnone size-full\" src=\"http:\/\/wxnuohui.com\/wp-content\/uploads\/2025\/09\/detail_pic_0-135.jpg\" width=\"790\" alt=\"\"\/><\/p>\n<p><img decoding=\"async\" class=\"alignnone size-full\" src=\"http:\/\/wxnuohui.com\/wp-content\/uploads\/2025\/09\/detail_pic_1-154.jpg\" width=\"790\" alt=\"\"\/><\/p>\n<p><img decoding=\"async\" class=\"alignnone size-full\" src=\"http:\/\/wxnuohui.com\/wp-content\/uploads\/2025\/09\/detail_pic_2-160.jpg\" width=\"790\" alt=\"\"\/><\/p>\n<p><img decoding=\"async\" class=\"alignnone size-full\" src=\"http:\/\/wxnuohui.com\/wp-content\/uploads\/2025\/09\/detail_pic_3-195.jpg\" width=\"790\" alt=\"\"\/><\/p>\n<p><img decoding=\"async\" class=\"alignnone size-full\" src=\"http:\/\/wxnuohui.com\/wp-content\/uploads\/2025\/09\/detail_pic_4-186.jpg\" width=\"790\" alt=\"\"\/><\/p>\n<p><img decoding=\"async\" class=\"alignnone size-full\" src=\"http:\/\/wxnuohui.com\/wp-content\/uploads\/2025\/09\/detail_pic_5-229.jpg\" width=\"790\" alt=\"\"\/><\/p>\n<p><img decoding=\"async\" class=\"alignnone size-full\" src=\"http:\/\/wxnuohui.com\/wp-content\/uploads\/2025\/09\/detail_pic_6-151.jpg\" width=\"790\" alt=\"\"\/><\/p>\n<p><img decoding=\"async\" class=\"alignnone size-full\" src=\"http:\/\/wxnuohui.com\/wp-content\/uploads\/2025\/09\/detail_pic_7-121.jpg\" width=\"790\" alt=\"\"\/><\/p>\n<p><img decoding=\"async\" class=\"alignnone size-full\" src=\"http:\/\/wxnuohui.com\/wp-content\/uploads\/2025\/09\/detail_pic_8-133.jpg\" width=\"790\" alt=\"\"\/><\/p>\n<p><img decoding=\"async\" class=\"alignnone size-full\" src=\"http:\/\/wxnuohui.com\/wp-content\/uploads\/2025\/09\/detail_pic_9-102.png\" width=\"790\" alt=\"\"\/><\/p>\n<p><img decoding=\"async\" class=\"alignnone size-full\" src=\"http:\/\/wxnuohui.com\/wp-content\/uploads\/2025\/09\/detail_pic_10-256.jpg\" width=\"790\" alt=\"\"\/><\/p>\n<p><img decoding=\"async\" class=\"alignnone size-full\" src=\"http:\/\/wxnuohui.com\/wp-content\/uploads\/2025\/09\/detail_pic_11-251.jpg\" width=\"790\" alt=\"\"\/><\/p>\n<p><img decoding=\"async\" class=\"alignnone size-full\" src=\"http:\/\/wxnuohui.com\/wp-content\/uploads\/2025\/09\/detail_pic_12-249.jpg\" width=\"790\" alt=\"\"\/><\/p>\n<p><img decoding=\"async\" class=\"alignnone size-full\" src=\"http:\/\/wxnuohui.com\/wp-content\/uploads\/2025\/09\/detail_pic_13-236.jpg\" width=\"790\" alt=\"\"\/><\/p>\n<p><img decoding=\"async\" class=\"alignnone size-full\" src=\"http:\/\/wxnuohui.com\/wp-content\/uploads\/2025\/09\/detail_pic_14-66.png\" width=\"790\" alt=\"\"\/><\/p>\n<p><img decoding=\"async\" class=\"alignnone size-full\" src=\"http:\/\/wxnuohui.com\/wp-content\/uploads\/2025\/09\/detail_pic_15-239.jpg\" width=\"790\" alt=\"\"\/><\/p>\n<p><img decoding=\"async\" class=\"alignnone size-full\" src=\"http:\/\/wxnuohui.com\/wp-content\/uploads\/2025\/09\/detail_pic_16-192.jpg\" width=\"790\" alt=\"\"\/><\/p>\n<p><img decoding=\"async\" class=\"alignnone size-full\" src=\"http:\/\/wxnuohui.com\/wp-content\/uploads\/2025\/09\/detail_pic_17-191.jpg\" width=\"790\" alt=\"\"\/><\/p>","protected":false},"excerpt":{"rendered":"<p>Pavasara vasaras pleds druk\u0101t Playsuit sievietes bez piedurkn\u0113m kvadr\u0101tveida apkakles Plus izm\u0113ra Jumpsuit<\/p>","protected":false},"featured_media":8614,"template":"","meta":[],"product_brand":[],"product_cat":[22],"product_tag":[],"class_list":{"0":"post-9206","1":"product","2":"type-product","3":"status-publish","4":"has-post-thumbnail","6":"product_cat-women-set","8":"first","9":"outofstock","10":"shipping-taxable","11":"product-type-variable"},"_links":{"self":[{"href":"https:\/\/wxnuohui.com\/lv\/wp-json\/wp\/v2\/product\/9206","targetHints":{"allow":["GET"]}}],"collection":[{"href":"https:\/\/wxnuohui.com\/lv\/wp-json\/wp\/v2\/product"}],"about":[{"href":"https:\/\/wxnuohui.com\/lv\/wp-json\/wp\/v2\/types\/product"}],"wp:featuredmedia":[{"embeddable":true,"href":"https:\/\/wxnuohui.com\/lv\/wp-json\/wp\/v2\/media\/8614"}],"wp:attachment":[{"href":"https:\/\/wxnuohui.com\/lv\/wp-json\/wp\/v2\/media?parent=9206"}],"wp:term":[{"taxonomy":"product_brand","embeddable":true,"href":"https:\/\/wxnuohui.com\/lv\/wp-json\/wp\/v2\/product_brand?post=9206"},{"taxonomy":"product_cat","embeddable":true,"href":"https:\/\/wxnuohui.com\/lv\/wp-json\/wp\/v2\/product_cat?post=9206"},{"taxonomy":"product_tag","embeddable":true,"href":"https:\/\/wxnuohui.com\/lv\/wp-json\/wp\/v2\/product_tag?post=9206"}],"curies":[{"name":"wp","href":"https:\/\/api.w.org\/{rel}","templated":true}]}}