{"id":9197,"date":"2025-09-13T06:21:01","date_gmt":"2025-09-13T06:21:01","guid":{"rendered":"https:\/\/wxnuohui.com\/product\/wholesale-womens-tracksuit-two-piece-zip-up-hoodie-and-jogger-set-sweatsuit-for-women\/"},"modified":"2025-09-13T06:21:02","modified_gmt":"2025-09-13T06:21:02","slug":"wholesale-womens-tracksuit-two-piece-zip-up-hoodie-and-jogger-set-sweatsuit-for-women","status":"publish","type":"product","link":"https:\/\/wxnuohui.com\/lv\/product\/wholesale-womens-tracksuit-two-piece-zip-up-hoodie-and-jogger-set-sweatsuit-for-women\/","title":{"rendered":"Vairumtirdzniec\u012bba Sievie\u0161u Tracksuit divu gabalu Zip up Hoodie un Jogger komplekts treni\u0146t\u0113rps sieviet\u0113m"},"content":{"rendered":"<p>Dzimums: sievietes<br \/>\nSezona: Rudens<br \/>\nApdare:Kabatas, r\u0101v\u0113jsl\u0113dz\u0113js<br \/>\nAuduma veids: ad\u012bjumi<br \/>\nMateri\u0101ls: 100% Poliesters<br \/>\nTips: 2 gab. gar\u0161 komplekts<br \/>\nTopu garums: regul\u0101rs<br \/>\nPoligr\u0101fijas metodes: Sietspiede<br \/>\nModelis tips: ciets<br \/>\nPiedurk\u0146u garums: Pilns<br \/>\nTopa tips: Tops<br \/>\n7 dienu parauga pas\u016bt\u012bjuma sagatavo\u0161anas laiks: atbalsts<br \/>\nFunkcija: elpojo\u0161s, videi draudz\u012bgs<br \/>\nGarums: virs ce\u013ca<br \/>\nPieg\u0101des veids: OEM pakalpojums<br \/>\nFit tips: regul\u0101rs<br \/>\nTehnolo\u0123ijas: kr\u0101sotas ar vienk\u0101r\u0161u kr\u0101su<br \/>\nAu\u0161anas metode: ad\u012bta<br \/>\nApkakle: O veida kakla apkakle<br \/>\nStils: Ikdieni\u0161\u0137s<br \/>\nAuduma svars: 280 grami<br \/>\nAdatu noteik\u0161ana: J\u0101<br \/>\nMode\u013ca numurs:Sv\u012bteris sieviet\u0113m-689590955423<br \/>\nIzcelsmes vieta: Jiangsu, \u0136\u012bna<br \/>\nZ\u012bmola nosaukums: NH-651540784212<br \/>\nP\u0101rdo\u0161anas vien\u012bbas: Viena vien\u012bba<br \/>\nViena iepakojuma izm\u0113rs: 20X13X14 cm<br \/>\nVienreiz\u0113jais bruto svars: 0,800 kg<\/p>\n<p><img decoding=\"async\" class=\"alignnone size-full\" src=\"http:\/\/wxnuohui.com\/wp-content\/uploads\/2025\/09\/detail_pic_0-126.jpg\" width=\"790\" alt=\"\"\/><\/p>\n<p><img decoding=\"async\" class=\"alignnone size-full\" src=\"http:\/\/wxnuohui.com\/wp-content\/uploads\/2025\/09\/detail_pic_1-146.jpg\" width=\"790\" alt=\"\"\/><\/p>\n<p><img decoding=\"async\" class=\"alignnone size-full\" src=\"http:\/\/wxnuohui.com\/wp-content\/uploads\/2025\/09\/detail_pic_2-153.jpg\" width=\"790\" alt=\"\"\/><\/p>\n<p><img decoding=\"async\" class=\"alignnone size-full\" src=\"http:\/\/wxnuohui.com\/wp-content\/uploads\/2025\/09\/detail_pic_3-188.jpg\" width=\"790\" alt=\"\"\/><\/p>\n<p><img decoding=\"async\" class=\"alignnone size-full\" src=\"http:\/\/wxnuohui.com\/wp-content\/uploads\/2025\/09\/detail_pic_4-179.jpg\" width=\"790\" alt=\"\"\/><\/p>\n<p><img decoding=\"async\" class=\"alignnone size-full\" src=\"http:\/\/wxnuohui.com\/wp-content\/uploads\/2025\/09\/detail_pic_5-221.jpg\" width=\"790\" alt=\"\"\/><\/p>\n<p><img decoding=\"async\" class=\"alignnone size-full\" src=\"http:\/\/wxnuohui.com\/wp-content\/uploads\/2025\/09\/detail_pic_6-143.jpg\" width=\"790\" alt=\"\"\/><\/p>\n<p><img decoding=\"async\" class=\"alignnone size-full\" src=\"http:\/\/wxnuohui.com\/wp-content\/uploads\/2025\/09\/detail_pic_7-113.jpg\" width=\"790\" alt=\"\"\/><\/p>\n<p><img decoding=\"async\" class=\"alignnone size-full\" src=\"http:\/\/wxnuohui.com\/wp-content\/uploads\/2025\/09\/detail_pic_8-119.png\" width=\"790\" alt=\"\"\/><\/p>\n<p><img decoding=\"async\" class=\"alignnone size-full\" src=\"http:\/\/wxnuohui.com\/wp-content\/uploads\/2025\/09\/detail_pic_9-93.png\" width=\"790\" alt=\"\"\/><\/p>\n<p><img decoding=\"async\" class=\"alignnone size-full\" src=\"http:\/\/wxnuohui.com\/wp-content\/uploads\/2025\/09\/detail_pic_10-247.jpg\" width=\"790\" alt=\"\"\/><\/p>\n<p><img decoding=\"async\" class=\"alignnone size-full\" src=\"http:\/\/wxnuohui.com\/wp-content\/uploads\/2025\/09\/detail_pic_11-242.jpg\" width=\"790\" alt=\"\"\/><\/p>\n<p><img decoding=\"async\" class=\"alignnone size-full\" src=\"http:\/\/wxnuohui.com\/wp-content\/uploads\/2025\/09\/detail_pic_12-240.jpg\" width=\"790\" alt=\"\"\/><\/p>\n<p><img decoding=\"async\" class=\"alignnone size-full\" src=\"http:\/\/wxnuohui.com\/wp-content\/uploads\/2025\/09\/detail_pic_13-228.jpg\" width=\"790\" alt=\"\"\/><\/p>\n<p><img decoding=\"async\" class=\"alignnone size-full\" src=\"http:\/\/wxnuohui.com\/wp-content\/uploads\/2025\/09\/detail_pic_14-58.png\" width=\"790\" alt=\"\"\/><\/p>\n<p><img decoding=\"async\" class=\"alignnone size-full\" src=\"http:\/\/wxnuohui.com\/wp-content\/uploads\/2025\/09\/detail_pic_15-231.jpg\" width=\"790\" alt=\"\"\/><\/p>\n<p><img decoding=\"async\" class=\"alignnone size-full\" src=\"http:\/\/wxnuohui.com\/wp-content\/uploads\/2025\/09\/detail_pic_16-184.jpg\" width=\"790\" alt=\"\"\/><\/p>\n<p><img decoding=\"async\" class=\"alignnone size-full\" src=\"http:\/\/wxnuohui.com\/wp-content\/uploads\/2025\/09\/detail_pic_17-183.jpg\" width=\"790\" alt=\"\"\/><\/p>","protected":false},"excerpt":{"rendered":"<p>Vairumtirdzniec\u012bba Sievie\u0161u Tracksuit divu gabalu Zip up Hoodie un Jogger komplekts treni\u0146t\u0113rps sieviet\u0113m<\/p>","protected":false},"featured_media":8394,"template":"","meta":[],"product_brand":[],"product_cat":[22],"product_tag":[],"class_list":{"0":"post-9197","1":"product","2":"type-product","3":"status-publish","4":"has-post-thumbnail","6":"product_cat-women-set","8":"first","9":"outofstock","10":"shipping-taxable","11":"product-type-variable"},"_links":{"self":[{"href":"https:\/\/wxnuohui.com\/lv\/wp-json\/wp\/v2\/product\/9197","targetHints":{"allow":["GET"]}}],"collection":[{"href":"https:\/\/wxnuohui.com\/lv\/wp-json\/wp\/v2\/product"}],"about":[{"href":"https:\/\/wxnuohui.com\/lv\/wp-json\/wp\/v2\/types\/product"}],"wp:featuredmedia":[{"embeddable":true,"href":"https:\/\/wxnuohui.com\/lv\/wp-json\/wp\/v2\/media\/8394"}],"wp:attachment":[{"href":"https:\/\/wxnuohui.com\/lv\/wp-json\/wp\/v2\/media?parent=9197"}],"wp:term":[{"taxonomy":"product_brand","embeddable":true,"href":"https:\/\/wxnuohui.com\/lv\/wp-json\/wp\/v2\/product_brand?post=9197"},{"taxonomy":"product_cat","embeddable":true,"href":"https:\/\/wxnuohui.com\/lv\/wp-json\/wp\/v2\/product_cat?post=9197"},{"taxonomy":"product_tag","embeddable":true,"href":"https:\/\/wxnuohui.com\/lv\/wp-json\/wp\/v2\/product_tag?post=9197"}],"curies":[{"name":"wp","href":"https:\/\/api.w.org\/{rel}","templated":true}]}}