{"id":9189,"date":"2025-09-13T06:20:57","date_gmt":"2025-09-13T06:20:57","guid":{"rendered":"https:\/\/wxnuohui.com\/product\/new-arrival-woman-sweat-wicking-breathable-hip-hop-women-fleece-casual-pull-over-blank-crop-top-with-long-pant-hoodie-set\/"},"modified":"2025-09-13T06:20:57","modified_gmt":"2025-09-13T06:20:57","slug":"new-arrival-woman-sweat-wicking-breathable-hip-hop-women-fleece-casual-pull-over-blank-crop-top-with-long-pant-hoodie-set","status":"publish","type":"product","link":"https:\/\/wxnuohui.com\/lv\/product\/new-arrival-woman-sweat-wicking-breathable-hip-hop-women-fleece-casual-pull-over-blank-crop-top-with-long-pant-hoodie-set\/","title":{"rendered":"Jaunu iera\u0161an\u0101s sieviete sviedru novad\u012b\u0161anas elpojo\u0161s Hip Hop sievietes fl\u012bsa gad\u012bjuma velciet p\u0101ri tuk\u0161u Crop Top ar garu bikses Hoodie komplekts"},"content":{"rendered":"<p>Dzimums: sievietes<br \/>\nSezona: Rudens<br \/>\nApdare: kabatas, auklas<br \/>\nAuduma veids: ad\u012bjumi<br \/>\nMateri\u0101ls:35%Poliesters \/ 65%Cotton<br \/>\nTips: 2 gab. gar\u0161 komplekts<br \/>\nTopu garums: regul\u0101rs<br \/>\nPoligr\u0101fijas metodes: Sietspiede<br \/>\nModelis tips: ciets<br \/>\nPiedurk\u0146u garums: Pilns<br \/>\nTopa tips: Tops<br \/>\n7 dienu parauga pas\u016bt\u012bjuma sagatavo\u0161anas laiks: atbalsts<br \/>\nFunkcija: elpojo\u0161s, videi draudz\u012bgs<br \/>\nGarums: virs ce\u013ca<br \/>\nPieg\u0101des veids: OEM pakalpojums<br \/>\nFit tips: regul\u0101rs<br \/>\nTehnolo\u0123ijas: kr\u0101sotas ar vienk\u0101r\u0161u kr\u0101su<br \/>\nAu\u0161anas metode: ad\u012bta<br \/>\nApkakle: O veida kakla apkakle<br \/>\nStils: Ikdieni\u0161\u0137s<br \/>\nAuduma svars: 280 grami<br \/>\nAdatu noteik\u0161ana: J\u0101<br \/>\nMode\u013ca numurs:Blank Hoodie Set-680895795119<br \/>\nIzcelsmes vieta: Jiangsu, \u0136\u012bna<br \/>\nBrand Name:NH-650918742818-672182004597<br \/>\nP\u0101rdo\u0161anas vien\u012bbas: Viena vien\u012bba<br \/>\nViena iepakojuma izm\u0113rs: 23X13X16 cm<br \/>\nVienreiz\u0113jais bruto svars: 0,800 kg<\/p>\n<p><img decoding=\"async\" class=\"alignnone size-full\" src=\"http:\/\/wxnuohui.com\/wp-content\/uploads\/2025\/09\/detail_pic_0-119.jpg\" width=\"790\" alt=\"\"\/><\/p>\n<p><img decoding=\"async\" class=\"alignnone size-full\" src=\"http:\/\/wxnuohui.com\/wp-content\/uploads\/2025\/09\/detail_pic_1-139.jpg\" width=\"790\" alt=\"\"\/><\/p>\n<p><img decoding=\"async\" class=\"alignnone size-full\" src=\"http:\/\/wxnuohui.com\/wp-content\/uploads\/2025\/09\/detail_pic_2-145.jpg\" width=\"790\" alt=\"\"\/><\/p>\n<p><img decoding=\"async\" class=\"alignnone size-full\" src=\"http:\/\/wxnuohui.com\/wp-content\/uploads\/2025\/09\/detail_pic_3-180.jpg\" width=\"790\" alt=\"\"\/><\/p>\n<p><img decoding=\"async\" class=\"alignnone size-full\" src=\"http:\/\/wxnuohui.com\/wp-content\/uploads\/2025\/09\/detail_pic_4-171.jpg\" width=\"790\" alt=\"\"\/><\/p>\n<p><img decoding=\"async\" class=\"alignnone size-full\" src=\"http:\/\/wxnuohui.com\/wp-content\/uploads\/2025\/09\/detail_pic_5-213.jpg\" width=\"790\" alt=\"\"\/><\/p>\n<p><img decoding=\"async\" class=\"alignnone size-full\" src=\"http:\/\/wxnuohui.com\/wp-content\/uploads\/2025\/09\/detail_pic_6-103.png\" width=\"790\" alt=\"\"\/><\/p>\n<p><img decoding=\"async\" class=\"alignnone size-full\" src=\"http:\/\/wxnuohui.com\/wp-content\/uploads\/2025\/09\/detail_pic_7-130.png\" width=\"790\" alt=\"\"\/><\/p>\n<p><img decoding=\"async\" class=\"alignnone size-full\" src=\"http:\/\/wxnuohui.com\/wp-content\/uploads\/2025\/09\/detail_pic_8-112.png\" width=\"790\" alt=\"\"\/><\/p>\n<p><img decoding=\"async\" class=\"alignnone size-full\" src=\"http:\/\/wxnuohui.com\/wp-content\/uploads\/2025\/09\/detail_pic_9-153.jpg\" width=\"790\" alt=\"\"\/><\/p>\n<p><img decoding=\"async\" class=\"alignnone size-full\" src=\"http:\/\/wxnuohui.com\/wp-content\/uploads\/2025\/09\/detail_pic_10-239.jpg\" width=\"790\" alt=\"\"\/><\/p>\n<p><img decoding=\"async\" class=\"alignnone size-full\" src=\"http:\/\/wxnuohui.com\/wp-content\/uploads\/2025\/09\/detail_pic_11-234.jpg\" width=\"790\" alt=\"\"\/><\/p>\n<p><img decoding=\"async\" class=\"alignnone size-full\" src=\"http:\/\/wxnuohui.com\/wp-content\/uploads\/2025\/09\/detail_pic_12-232.jpg\" width=\"790\" alt=\"\"\/><\/p>\n<p><img decoding=\"async\" class=\"alignnone size-full\" src=\"http:\/\/wxnuohui.com\/wp-content\/uploads\/2025\/09\/detail_pic_13-17.png\" width=\"790\" alt=\"\"\/><\/p>\n<p><img decoding=\"async\" class=\"alignnone size-full\" src=\"http:\/\/wxnuohui.com\/wp-content\/uploads\/2025\/09\/detail_pic_14-184.jpg\" width=\"790\" alt=\"\"\/><\/p>\n<p><img decoding=\"async\" class=\"alignnone size-full\" src=\"http:\/\/wxnuohui.com\/wp-content\/uploads\/2025\/09\/detail_pic_15-223.jpg\" width=\"790\" alt=\"\"\/><\/p>\n<p><img decoding=\"async\" class=\"alignnone size-full\" src=\"http:\/\/wxnuohui.com\/wp-content\/uploads\/2025\/09\/detail_pic_16-176.jpg\" width=\"790\" alt=\"\"\/><\/p>","protected":false},"excerpt":{"rendered":"<p>Jaunu iera\u0161an\u0101s sieviete sviedru novad\u012b\u0161anas elpojo\u0161s Hip Hop sievietes fl\u012bsa gad\u012bjuma velciet p\u0101ri tuk\u0161u Crop Top ar garu bikses Hoodie komplekts<\/p>","protected":false},"featured_media":8195,"template":"","meta":[],"product_brand":[],"product_cat":[22],"product_tag":[],"class_list":{"0":"post-9189","1":"product","2":"type-product","3":"status-publish","4":"has-post-thumbnail","6":"product_cat-women-set","8":"first","9":"outofstock","10":"shipping-taxable","11":"product-type-variable"},"_links":{"self":[{"href":"https:\/\/wxnuohui.com\/lv\/wp-json\/wp\/v2\/product\/9189","targetHints":{"allow":["GET"]}}],"collection":[{"href":"https:\/\/wxnuohui.com\/lv\/wp-json\/wp\/v2\/product"}],"about":[{"href":"https:\/\/wxnuohui.com\/lv\/wp-json\/wp\/v2\/types\/product"}],"wp:featuredmedia":[{"embeddable":true,"href":"https:\/\/wxnuohui.com\/lv\/wp-json\/wp\/v2\/media\/8195"}],"wp:attachment":[{"href":"https:\/\/wxnuohui.com\/lv\/wp-json\/wp\/v2\/media?parent=9189"}],"wp:term":[{"taxonomy":"product_brand","embeddable":true,"href":"https:\/\/wxnuohui.com\/lv\/wp-json\/wp\/v2\/product_brand?post=9189"},{"taxonomy":"product_cat","embeddable":true,"href":"https:\/\/wxnuohui.com\/lv\/wp-json\/wp\/v2\/product_cat?post=9189"},{"taxonomy":"product_tag","embeddable":true,"href":"https:\/\/wxnuohui.com\/lv\/wp-json\/wp\/v2\/product_tag?post=9189"}],"curies":[{"name":"wp","href":"https:\/\/api.w.org\/{rel}","templated":true}]}}