{"id":9169,"date":"2025-09-13T06:20:38","date_gmt":"2025-09-13T06:20:38","guid":{"rendered":"https:\/\/wxnuohui.com\/product\/thick-fleece-2-piece-women-fall-winter-clothes-jogging-sweatpants-suit-cardigan-hoodie-women-sweatsuit-set-tracksuit-jogger-set\/"},"modified":"2025-09-13T06:20:38","modified_gmt":"2025-09-13T06:20:38","slug":"thick-fleece-2-piece-women-fall-winter-clothes-jogging-sweatpants-suit-cardigan-hoodie-women-sweatsuit-set-tracksuit-jogger-set","status":"publish","type":"product","link":"https:\/\/wxnuohui.com\/lv\/product\/thick-fleece-2-piece-women-fall-winter-clothes-jogging-sweatpants-suit-cardigan-hoodie-women-sweatsuit-set-tracksuit-jogger-set\/","title":{"rendered":"Bieza vilnas 2 gab sievie\u0161u rudens ziemas ap\u0123\u0113rbu Jogging Sweatpants uzvalks Cardigan Hoodie Hoodie sievie\u0161u treni\u0146t\u0113rps komplekts Tracksuit Jogger komplekts"},"content":{"rendered":"<p>Dzimums: sievietes<br \/>\nSezona: Rudens<br \/>\nApdare: nav<br \/>\nAuduma veids: ad\u012bjumi<br \/>\nMateri\u0101ls: Poliesters \/ kokvilna<br \/>\nTips: 2 gab. gar\u0161 komplekts<br \/>\nTopu garums: regul\u0101rs<br \/>\nDruk\u0101\u0161anas metodes:Nav<br \/>\nModelis tips: ciets<br \/>\nPiedurk\u0146u garums: Pilns<br \/>\nTopa tips: Tops<br \/>\n7 dienu parauga pas\u016bt\u012bjuma sagatavo\u0161anas laiks: atbalsts<br \/>\nFunkcija: elpojo\u0161s, videi draudz\u012bgs<br \/>\nGarums: virs ce\u013ca<br \/>\nPieg\u0101des veids: OEM pakalpojums<br \/>\nFit tips: regul\u0101rs<br \/>\nTehnolo\u0123ijas: kr\u0101sotas ar vienk\u0101r\u0161u kr\u0101su<br \/>\nAu\u0161anas metode: ad\u012bta<br \/>\nApkakle: O veida kakla apkakle<br \/>\nStils: Ikdieni\u0161\u0137s<br \/>\nAuduma svars: 280 grami<br \/>\nAdatu noteik\u0161ana: J\u0101<br \/>\nMode\u013ca numurs: Tracksuit Jogger komplekts<br \/>\nIzcelsmes vieta: Jiangsu, \u0136\u012bna<br \/>\nZ\u012bmola nosaukums: NH<br \/>\nP\u0101rdo\u0161anas vien\u012bbas: Viena vien\u012bba<br \/>\nViena iepakojuma izm\u0113rs: 23X13X16 cm<br \/>\nVienreiz\u0113jais bruto svars: 0,800 kg<\/p>\n<p><img decoding=\"async\" class=\"alignnone size-full\" src=\"http:\/\/wxnuohui.com\/wp-content\/uploads\/2025\/09\/detail_pic_0-112.png\" width=\"790\" alt=\"\"\/><\/p>\n<p><img decoding=\"async\" class=\"alignnone size-full\" src=\"http:\/\/wxnuohui.com\/wp-content\/uploads\/2025\/09\/detail_pic_1-123.jpg\" width=\"790\" alt=\"\"\/><\/p>\n<p><img decoding=\"async\" class=\"alignnone size-full\" src=\"http:\/\/wxnuohui.com\/wp-content\/uploads\/2025\/09\/detail_pic_2-129.jpg\" width=\"790\" alt=\"\"\/><\/p>\n<p><img decoding=\"async\" class=\"alignnone size-full\" src=\"http:\/\/wxnuohui.com\/wp-content\/uploads\/2025\/09\/detail_pic_3-164.jpg\" width=\"790\" alt=\"\"\/><\/p>\n<p><img decoding=\"async\" class=\"alignnone size-full\" src=\"http:\/\/wxnuohui.com\/wp-content\/uploads\/2025\/09\/detail_pic_4-155.jpg\" width=\"790\" alt=\"\"\/><\/p>\n<p><img decoding=\"async\" class=\"alignnone size-full\" src=\"http:\/\/wxnuohui.com\/wp-content\/uploads\/2025\/09\/detail_pic_5-198.jpg\" width=\"790\" alt=\"\"\/><\/p>\n<p><img decoding=\"async\" class=\"alignnone size-full\" src=\"http:\/\/wxnuohui.com\/wp-content\/uploads\/2025\/09\/detail_pic_6-93.png\" width=\"790\" alt=\"\"\/><\/p>\n<p><img decoding=\"async\" class=\"alignnone size-full\" src=\"http:\/\/wxnuohui.com\/wp-content\/uploads\/2025\/09\/detail_pic_7-114.png\" width=\"790\" alt=\"\"\/><\/p>\n<p><img decoding=\"async\" class=\"alignnone size-full\" src=\"http:\/\/wxnuohui.com\/wp-content\/uploads\/2025\/09\/detail_pic_8-97.png\" width=\"790\" alt=\"\"\/><\/p>\n<p><img decoding=\"async\" class=\"alignnone size-full\" src=\"http:\/\/wxnuohui.com\/wp-content\/uploads\/2025\/09\/detail_pic_9-144.jpg\" width=\"790\" alt=\"\"\/><\/p>\n<p><img decoding=\"async\" class=\"alignnone size-full\" src=\"http:\/\/wxnuohui.com\/wp-content\/uploads\/2025\/09\/detail_pic_10-222.jpg\" width=\"790\" alt=\"\"\/><\/p>\n<p><img decoding=\"async\" class=\"alignnone size-full\" src=\"http:\/\/wxnuohui.com\/wp-content\/uploads\/2025\/09\/detail_pic_11-217.jpg\" width=\"790\" alt=\"\"\/><\/p>\n<p><img decoding=\"async\" class=\"alignnone size-full\" src=\"http:\/\/wxnuohui.com\/wp-content\/uploads\/2025\/09\/detail_pic_12-216.jpg\" width=\"790\" alt=\"\"\/><\/p>\n<p><img decoding=\"async\" class=\"alignnone size-full\" src=\"http:\/\/wxnuohui.com\/wp-content\/uploads\/2025\/09\/detail_pic_13-9.png\" width=\"790\" alt=\"\"\/><\/p>\n<p><img decoding=\"async\" class=\"alignnone size-full\" src=\"http:\/\/wxnuohui.com\/wp-content\/uploads\/2025\/09\/detail_pic_14-175.jpg\" width=\"790\" alt=\"\"\/><\/p>\n<p><img decoding=\"async\" class=\"alignnone size-full\" src=\"http:\/\/wxnuohui.com\/wp-content\/uploads\/2025\/09\/detail_pic_15-206.jpg\" width=\"790\" alt=\"\"\/><\/p>\n<p><img decoding=\"async\" class=\"alignnone size-full\" src=\"http:\/\/wxnuohui.com\/wp-content\/uploads\/2025\/09\/detail_pic_16-160.jpg\" width=\"790\" alt=\"\"\/><\/p>","protected":false},"excerpt":{"rendered":"<p>Bieza vilnas 2 gab sievie\u0161u rudens ziemas ap\u0123\u0113rbu Jogging Sweatpants uzvalks Cardigan Hoodie Hoodie sievie\u0161u treni\u0146t\u0113rps komplekts Tracksuit Jogger komplekts<\/p>","protected":false},"featured_media":7780,"template":"","meta":[],"product_brand":[],"product_cat":[22],"product_tag":[],"class_list":{"0":"post-9169","1":"product","2":"type-product","3":"status-publish","4":"has-post-thumbnail","6":"product_cat-women-set","8":"first","9":"outofstock","10":"shipping-taxable","11":"product-type-variable"},"_links":{"self":[{"href":"https:\/\/wxnuohui.com\/lv\/wp-json\/wp\/v2\/product\/9169","targetHints":{"allow":["GET"]}}],"collection":[{"href":"https:\/\/wxnuohui.com\/lv\/wp-json\/wp\/v2\/product"}],"about":[{"href":"https:\/\/wxnuohui.com\/lv\/wp-json\/wp\/v2\/types\/product"}],"wp:featuredmedia":[{"embeddable":true,"href":"https:\/\/wxnuohui.com\/lv\/wp-json\/wp\/v2\/media\/7780"}],"wp:attachment":[{"href":"https:\/\/wxnuohui.com\/lv\/wp-json\/wp\/v2\/media?parent=9169"}],"wp:term":[{"taxonomy":"product_brand","embeddable":true,"href":"https:\/\/wxnuohui.com\/lv\/wp-json\/wp\/v2\/product_brand?post=9169"},{"taxonomy":"product_cat","embeddable":true,"href":"https:\/\/wxnuohui.com\/lv\/wp-json\/wp\/v2\/product_cat?post=9169"},{"taxonomy":"product_tag","embeddable":true,"href":"https:\/\/wxnuohui.com\/lv\/wp-json\/wp\/v2\/product_tag?post=9169"}],"curies":[{"name":"wp","href":"https:\/\/api.w.org\/{rel}","templated":true}]}}