{"id":9167,"date":"2025-09-13T06:20:36","date_gmt":"2025-09-13T06:20:36","guid":{"rendered":"https:\/\/wxnuohui.com\/product\/sexy-lace-sleeveless-v-neck-satin-sling-vest-top-and-shorts-sleepwear-nightwear-two-piece-pajama-sets-for-women\/"},"modified":"2025-09-13T06:20:37","modified_gmt":"2025-09-13T06:20:37","slug":"sexy-lace-sleeveless-v-neck-satin-sling-vest-top-and-shorts-sleepwear-nightwear-two-piece-pajama-sets-for-women","status":"publish","type":"product","link":"https:\/\/wxnuohui.com\/lv\/product\/sexy-lace-sleeveless-v-neck-satin-sling-vest-top-and-shorts-sleepwear-nightwear-two-piece-pajama-sets-for-women\/","title":{"rendered":"Seksu\u0101li me\u017e\u0123\u012b\u0146u bez piedurkn\u0113m V-veida kakla sat\u012bna slinga veste un \u0161orti naktsve\u013ca naktsve\u013ca divu gabalu pid\u017eamu komplekti sieviet\u0113m"},"content":{"rendered":"<p>Materi\u0101ls: 100% Poliesters<br \/>\nAuduma veids: Poliesters<br \/>\nPreces veids: pid\u017eamas<br \/>\nIzgriezums: O-veida kakla izgriezums<br \/>\nModelis: ciets<br \/>\nSezona: vasara, pavasaris, rudens<br \/>\nGarums:\u0160orti<br \/>\nSl\u0113g\u0161anas veids: aukli\u0146a<br \/>\n\u012apa\u0161\u012bba: elpojo\u0161s, \u0101tri \u017e\u016bst, siltuma<br \/>\nAu\u0161anas metode: ad\u012bta<br \/>\nTehnika: iespiests<br \/>\nPieg\u0101des veids: ODM, OEM pakalpojums, noliktav\u0101 eso\u0161ie priek\u0161meti<br \/>\nPiedurknes garums: bez piedurkn\u0113m<br \/>\nMode\u013ca numurs: Ziemas silt\u0101 pid\u017eama<br \/>\n7 dienu parauga pas\u016bt\u012bjuma sagatavo\u0161anas laiks: atbalsts<br \/>\nDzimums: sievietes<br \/>\nIzcelsmes vieta: Jiangsu, \u0136\u012bna<br \/>\nZ\u012bmola nosaukums: NH<br \/>\nProdukta nosaukums: Naktsve\u013ca naktsve\u013ca divda\u013c\u012bga<br \/>\nAtsl\u0113gas v\u0101rdi:Pajama komplekti sieviet\u0113m<br \/>\nPakalpojums: 24 stundas tie\u0161saist\u0113<br \/>\nMaks\u0101jums: tirdzniec\u012bbas nodro\u0161in\u0101\u0161ana<br \/>\nPoligr\u0101fija: Custom Designs Print<br \/>\nParaugs: 3-5 dienas<br \/>\nIepakojums: 1 gab\/polybag<br \/>\nPieg\u0101des laiks: 7 ~ 15 dienas<br \/>\nEti\u0137ete un logotips: Accpet Customized<br \/>\nPieg\u0101de: DHLEMSUPSFEDEX pa Seaby Air<br \/>\nIepakojuma deta\u013cas: 1.Paraugam, viens gabals vien\u0101 polietil\u0113na maisi\u0146\u0101. 2. masveida ra\u017eo\u0161anai, m\u016bsu regul\u0101rais iepakojums ir kartons. 3.<br \/>\nP\u0101rdo\u0161anas vien\u012bbas: Viena vien\u012bba<br \/>\nViena iepakojuma izm\u0113rs: 18X13X14 cm<br \/>\nVienreiz\u0113jais bruto svars: 0,400 kg<br \/>\nIepakojuma piem\u0113ri:<\/p>\n<p><img decoding=\"async\" class=\"alignnone size-full\" src=\"http:\/\/wxnuohui.com\/wp-content\/uploads\/2025\/09\/detail_pic_0-105.jpg\" width=\"790\" alt=\"\"\/><\/p>\n<p><img decoding=\"async\" class=\"alignnone size-full\" src=\"http:\/\/wxnuohui.com\/wp-content\/uploads\/2025\/09\/detail_pic_1-121.jpg\" width=\"790\" alt=\"\"\/><\/p>\n<p><img decoding=\"async\" class=\"alignnone size-full\" src=\"http:\/\/wxnuohui.com\/wp-content\/uploads\/2025\/09\/detail_pic_2-127.jpg\" width=\"790\" alt=\"\"\/><\/p>\n<p><img decoding=\"async\" class=\"alignnone size-full\" src=\"http:\/\/wxnuohui.com\/wp-content\/uploads\/2025\/09\/detail_pic_3-162.jpg\" width=\"790\" alt=\"\"\/><\/p>\n<p><img decoding=\"async\" class=\"alignnone size-full\" src=\"http:\/\/wxnuohui.com\/wp-content\/uploads\/2025\/09\/detail_pic_4-153.jpg\" width=\"790\" alt=\"\"\/><\/p>\n<p><img decoding=\"async\" class=\"alignnone size-full\" src=\"http:\/\/wxnuohui.com\/wp-content\/uploads\/2025\/09\/detail_pic_5-196.jpg\" width=\"790\" alt=\"\"\/><\/p>\n<p><img decoding=\"async\" class=\"alignnone size-full\" src=\"http:\/\/wxnuohui.com\/wp-content\/uploads\/2025\/09\/detail_pic_6-128.jpg\" width=\"790\" alt=\"\"\/><\/p>\n<p><img decoding=\"async\" class=\"alignnone size-full\" src=\"http:\/\/wxnuohui.com\/wp-content\/uploads\/2025\/09\/detail_pic_7-107.jpg\" width=\"790\" alt=\"\"\/><\/p>\n<p><img decoding=\"async\" class=\"alignnone size-full\" src=\"http:\/\/wxnuohui.com\/wp-content\/uploads\/2025\/09\/detail_pic_8-124.jpg\" width=\"790\" alt=\"\"\/><\/p>\n<p><img decoding=\"async\" class=\"alignnone size-full\" src=\"http:\/\/wxnuohui.com\/wp-content\/uploads\/2025\/09\/detail_pic_9-142.jpg\" width=\"790\" alt=\"\"\/><\/p>\n<p><img decoding=\"async\" class=\"alignnone size-full\" src=\"http:\/\/wxnuohui.com\/wp-content\/uploads\/2025\/09\/detail_pic_10-220.jpg\" width=\"790\" alt=\"\"\/><\/p>\n<p><img decoding=\"async\" class=\"alignnone size-full\" src=\"http:\/\/wxnuohui.com\/wp-content\/uploads\/2025\/09\/detail_pic_11-216.jpg\" width=\"790\" alt=\"\"\/><\/p>\n<p><img decoding=\"async\" class=\"alignnone size-full\" src=\"http:\/\/wxnuohui.com\/wp-content\/uploads\/2025\/09\/detail_pic_12-214.jpg\" width=\"790\" alt=\"\"\/><\/p>\n<p><img decoding=\"async\" class=\"alignnone size-full\" src=\"http:\/\/wxnuohui.com\/wp-content\/uploads\/2025\/09\/detail_pic_13-210.jpg\" width=\"790\" alt=\"\"\/><\/p>\n<p><img decoding=\"async\" class=\"alignnone size-full\" src=\"http:\/\/wxnuohui.com\/wp-content\/uploads\/2025\/09\/detail_pic_14-42.png\" width=\"790\" alt=\"\"\/><\/p>\n<p><img decoding=\"async\" class=\"alignnone size-full\" src=\"http:\/\/wxnuohui.com\/wp-content\/uploads\/2025\/09\/detail_pic_15-205.jpg\" width=\"790\" alt=\"\"\/><\/p>\n<p><img decoding=\"async\" class=\"alignnone size-full\" src=\"http:\/\/wxnuohui.com\/wp-content\/uploads\/2025\/09\/detail_pic_16-159.jpg\" width=\"790\" alt=\"\"\/><\/p>\n<p><img decoding=\"async\" class=\"alignnone size-full\" src=\"http:\/\/wxnuohui.com\/wp-content\/uploads\/2025\/09\/detail_pic_17-167.jpg\" width=\"790\" alt=\"\"\/><\/p>","protected":false},"excerpt":{"rendered":"<p>Seksu\u0101li me\u017e\u0123\u012b\u0146u bez piedurkn\u0113m V-veida kakla sat\u012bna slinga veste un \u0161orti naktsve\u013ca naktsve\u013ca divu gabalu pid\u017eamu komplekti sieviet\u0113m<\/p>","protected":false},"featured_media":7733,"template":"","meta":[],"product_brand":[],"product_cat":[22],"product_tag":[],"class_list":{"0":"post-9167","1":"product","2":"type-product","3":"status-publish","4":"has-post-thumbnail","6":"product_cat-women-set","8":"first","9":"outofstock","10":"shipping-taxable","11":"product-type-variable"},"_links":{"self":[{"href":"https:\/\/wxnuohui.com\/lv\/wp-json\/wp\/v2\/product\/9167","targetHints":{"allow":["GET"]}}],"collection":[{"href":"https:\/\/wxnuohui.com\/lv\/wp-json\/wp\/v2\/product"}],"about":[{"href":"https:\/\/wxnuohui.com\/lv\/wp-json\/wp\/v2\/types\/product"}],"wp:featuredmedia":[{"embeddable":true,"href":"https:\/\/wxnuohui.com\/lv\/wp-json\/wp\/v2\/media\/7733"}],"wp:attachment":[{"href":"https:\/\/wxnuohui.com\/lv\/wp-json\/wp\/v2\/media?parent=9167"}],"wp:term":[{"taxonomy":"product_brand","embeddable":true,"href":"https:\/\/wxnuohui.com\/lv\/wp-json\/wp\/v2\/product_brand?post=9167"},{"taxonomy":"product_cat","embeddable":true,"href":"https:\/\/wxnuohui.com\/lv\/wp-json\/wp\/v2\/product_cat?post=9167"},{"taxonomy":"product_tag","embeddable":true,"href":"https:\/\/wxnuohui.com\/lv\/wp-json\/wp\/v2\/product_tag?post=9167"}],"curies":[{"name":"wp","href":"https:\/\/api.w.org\/{rel}","templated":true}]}}